{"id":3995,"date":"2025-08-26T02:54:53","date_gmt":"2025-08-26T02:54:53","guid":{"rendered":"https:\/\/micterleather.com\/?post_type=product&#038;p=3995"},"modified":"2025-08-28T12:34:03","modified_gmt":"2025-08-28T12:34:03","slug":"patches-en-cuir-autocollants-4-pieces-20x28-cm","status":"publish","type":"product","link":"https:\/\/micterleather.com\/pl\/product\/uncategorized\/patches-en-cuir-autocollants-4-pieces-20x28-cm\/","title":{"rendered":"Naklejki na sk\u00f3r\u0119 \u2013 4 sztuki 20\u00d728 cm"},"content":{"rendered":"<p data-start=\"403\" data-end=\"726\"><strong data-start=\"403\" data-end=\"444\">Naprawa sk\u00f3ry wysokiej jako\u015bci :<\/strong><br data-start=\"444\" data-end=\"447\" \/>Wykonane z wysokiej jako\u015bci sk\u00f3ry syntetycznej, te naklejki naprawcze maj\u0105 klasyczne wzory i kolory. Ich g\u0142adka powierzchnia jest wodoodporna, \u0142atwa do czyszczenia i zaprojektowana tak, aby wytrzyma\u0107 zu\u017cycie, zarysowania i czas \u2014 zapewniaj\u0105c trwa\u0142\u0105 napraw\u0119.<\/p>\n<p data-start=\"728\" data-end=\"992\"><strong data-start=\"728\" data-end=\"758\">Wyj\u0105tkowa przyczepno\u015b\u0107 :<\/strong><br data-start=\"758\" data-end=\"761\" \/>Dzi\u0119ki profesjonalnemu podk\u0142adowi klejowemu, ta\u015bma naprawcza na sk\u00f3r\u0119 zapewnia mocne i niezawodne mocowanie. Po na\u0142o\u017ceniu, naklejka pozostaje dobrze na miejscu na ka\u017cdej g\u0142adkiej powierzchni, bez odklejania si\u0119 ani os\u0142abiania z czasem.<\/p>\n<p data-start=\"994\" data-end=\"1361\"><strong data-start=\"994\" data-end=\"1034\">Wszechstronne rozwi\u0105zanie naprawcze :<\/strong><br data-start=\"1034\" data-end=\"1037\" \/>Ka\u017cde opakowanie zawiera cztery naklejki sk\u00f3rzane o wymiarach <strong data-start=\"1082\" data-end=\"1114\">20 \u00d7 28 cm (7,8 \u00d7 11 cali)<\/strong>, idealne do naprawy rozdar\u0107, zadrapa\u0144, dziur i odbarwie\u0144 na sk\u00f3rze i imitacji sk\u00f3ry. Idealne do naprawy siedze\u0144 samochodowych, mebli, sof, torebek, kurtek i innych, przywracaj\u0105 Twoim przedmiotom wygl\u0105d jak nowym.<\/p>\n<p data-start=\"1363\" data-end=\"1681\"><strong data-start=\"1363\" data-end=\"1387\">Prosta aplikacja :<\/strong><br data-start=\"1387\" data-end=\"1390\" \/>Nie jest potrzebne \u017cadne specjalne narz\u0119dzie ani umiej\u0119tno\u015bci. Po prostu wyczy\u015b\u0107 powierzchni\u0119, wytnij plastr do po\u017c\u0105danych rozmiar\u00f3w i kszta\u0142tu, zdejmij foli\u0119 ochronn\u0105 i na\u0142\u00f3\u017c na uszkodzone miejsce. Szybkie i ekonomiczne rozwi\u0105zanie na przed\u0142u\u017cenie \u017cywotno\u015bci Twoich artyku\u0142\u00f3w ze sk\u00f3ry.<\/p>\n<p data-start=\"1683\" data-end=\"2117\"><strong data-start=\"1683\" data-end=\"1715\">Profesjonalne wsparcie :<\/strong><br data-start=\"1715\" data-end=\"1718\" \/>Ka\u017cdy zakup obj\u0119ty jest bezproblemow\u0105 gwarancj\u0105 i gwarantowanym zwrotem pieni\u0119dzy. <strong data-start=\"1800\" data-end=\"1814\">Uwaga :<\/strong> ze wzgl\u0119du na r\u00f3\u017cnice w o\u015bwietleniu i wy\u015bwietlaniu, rzeczywiste kolory mog\u0105 nieznacznie r\u00f3\u017cni\u0107 si\u0119 od obraz\u00f3w. Je\u015bli masz w\u0105tpliwo\u015bci co do wyboru koloru, wy\u015blij nam zdj\u0119cie, aby uzyska\u0107 spersonalizowan\u0105 porad\u0119. Nie wahaj si\u0119 z nami skontaktowa\u0107 w razie pyta\u0144 \u2014 jeste\u015bmy do Twojej dyspozycji!<\/p>","protected":false},"excerpt":{"rendered":"<h6 data-start=\"129\" data-end=\"164\"><strong data-start=\"129\" data-end=\"162\">Informacje o produkcie :<\/strong><\/h6>\n<ul data-start=\"165\" data-end=\"401\">\n<li data-start=\"165\" data-end=\"188\">\n<h6 data-start=\"167\" data-end=\"188\"><strong data-start=\"167\" data-end=\"181\">Materia\u0142 :<\/strong> Sk\u00f3ra<\/h6>\n<\/li>\n<li data-start=\"189\" data-end=\"220\">\n<h6 data-start=\"191\" data-end=\"220\"><strong data-start=\"191\" data-end=\"203\">Format :<\/strong> Ta\u015bma klej\u0105ca<\/h6>\n<\/li>\n<li data-start=\"221\" data-end=\"301\">\n<h6 data-start=\"223\" data-end=\"301\"><strong data-start=\"223\" data-end=\"255\">Cechy specjalne :<\/strong> Odporne na ciep\u0142o, trwa\u0142e, wodoodporne<\/h6>\n<\/li>\n<li data-start=\"302\" data-end=\"337\">\n<h6 data-start=\"304\" data-end=\"337\"><strong data-start=\"304\" data-end=\"326\">Ilo\u015b\u0107 w opakowaniu :<\/strong> 4 sztuki<\/h6>\n<\/li>\n<li data-start=\"338\" data-end=\"370\">\n<h6 data-start=\"340\" data-end=\"370\"><strong data-start=\"340\" data-end=\"363\">Rodzaj opakowania :<\/strong> Tuba<\/h6>\n<\/li>\n<li data-start=\"371\" data-end=\"401\">\n<h6 data-start=\"373\" data-end=\"401\"><strong data-start=\"373\" data-end=\"388\">Wiskozowo\u015b\u0107 :<\/strong> Doskona\u0142a<\/h6>\n<\/li>\n<\/ul>\n<h5>Blog: <a href=\"https:\/\/micterleather.com\/fr\/comment-reparer-des-meubles-en-cuir-micter\/\">Comment r\u00e9parer des meubles en cuir ? \u2013 Micter<\/a><\/h5>","protected":false},"featured_media":2669,"template":"","meta":{"_uag_custom_page_level_css":"","site-sidebar-layout":"default","site-content-layout":"","ast-site-content-layout":"default","site-content-style":"default","site-sidebar-style":"default","ast-global-header-display":"","ast-banner-title-visibility":"","ast-main-header-display":"","ast-hfb-above-header-display":"","ast-hfb-below-header-display":"","ast-hfb-mobile-header-display":"","site-post-title":"","ast-breadcrumbs-content":"","ast-featured-img":"","footer-sml-layout":"","ast-disable-related-posts":"","theme-transparent-header-meta":"default","adv-header-id-meta":"","stick-header-meta":"","header-above-stick-meta":"","header-main-stick-meta":"","header-below-stick-meta":"","astra-migrate-meta-layouts":"set","ast-page-background-enabled":"default","ast-page-background-meta":{"desktop":{"background-color":"","background-image":"","background-repeat":"repeat","background-position":"center center","background-size":"auto","background-attachment":"scroll","background-type":"","background-media":"","overlay-type":"","overlay-color":"","overlay-opacity":"","overlay-gradient":""},"tablet":{"background-color":"","background-image":"","background-repeat":"repeat","background-position":"center center","background-size":"auto","background-attachment":"scroll","background-type":"","background-media":"","overlay-type":"","overlay-color":"","overlay-opacity":"","overlay-gradient":""},"mobile":{"background-color":"","background-image":"","background-repeat":"repeat","background-position":"center center","background-size":"auto","background-attachment":"scroll","background-type":"","background-media":"","overlay-type":"","overlay-color":"","overlay-opacity":"","overlay-gradient":""}},"ast-content-background-meta":{"desktop":{"background-color":"var(--ast-global-color-5)","background-image":"","background-repeat":"repeat","background-position":"center center","background-size":"auto","background-attachment":"scroll","background-type":"","background-media":"","overlay-type":"","overlay-color":"","overlay-opacity":"","overlay-gradient":""},"tablet":{"background-color":"var(--ast-global-color-5)","background-image":"","background-repeat":"repeat","background-position":"center center","background-size":"auto","background-attachment":"scroll","background-type":"","background-media":"","overlay-type":"","overlay-color":"","overlay-opacity":"","overlay-gradient":""},"mobile":{"background-color":"var(--ast-global-color-5)","background-image":"","background-repeat":"repeat","background-position":"center center","background-size":"auto","background-attachment":"scroll","background-type":"","background-media":"","overlay-type":"","overlay-color":"","overlay-opacity":"","overlay-gradient":""}}},"product_brand":[],"product_cat":[15],"product_tag":[],"class_list":{"0":"post-3995","1":"product","2":"type-product","3":"status-publish","4":"has-post-thumbnail","6":"product_cat-uncategorized","7":"desktop-align-left","8":"tablet-align-left","9":"mobile-align-left","11":"first","12":"instock","13":"sale","14":"shipping-taxable","15":"purchasable","16":"product-type-variable","17":"has-default-attributes"},"uagb_featured_image_src":{"full":["https:\/\/micterleather.com\/wp-content\/uploads\/2025\/07\/dark_brown_-4pcs_-first.webp",1600,1600,false],"thumbnail":["https:\/\/micterleather.com\/wp-content\/uploads\/2025\/07\/dark_brown_-4pcs_-first-150x150.webp",150,150,true],"medium":["https:\/\/micterleather.com\/wp-content\/uploads\/2025\/07\/dark_brown_-4pcs_-first-300x300.webp",300,300,true],"medium_large":["https:\/\/micterleather.com\/wp-content\/uploads\/2025\/07\/dark_brown_-4pcs_-first-768x768.webp",768,768,true],"large":["https:\/\/micterleather.com\/wp-content\/uploads\/2025\/07\/dark_brown_-4pcs_-first-1024x1024.webp",1024,1024,true],"1536x1536":["https:\/\/micterleather.com\/wp-content\/uploads\/2025\/07\/dark_brown_-4pcs_-first-1536x1536.webp",1536,1536,true],"2048x2048":["https:\/\/micterleather.com\/wp-content\/uploads\/2025\/07\/dark_brown_-4pcs_-first.webp",1600,1600,false],"trp-custom-language-flag":["https:\/\/micterleather.com\/wp-content\/uploads\/2025\/07\/dark_brown_-4pcs_-first.webp",12,12,false],"woocommerce_thumbnail":["https:\/\/micterleather.com\/wp-content\/uploads\/2025\/07\/dark_brown_-4pcs_-first-300x300.webp",300,300,true],"woocommerce_single":["https:\/\/micterleather.com\/wp-content\/uploads\/2025\/07\/dark_brown_-4pcs_-first-600x600.webp",600,600,true],"woocommerce_gallery_thumbnail":["https:\/\/micterleather.com\/wp-content\/uploads\/2025\/07\/dark_brown_-4pcs_-first-100x100.webp",100,100,true]},"uagb_author_info":{"display_name":"micter","author_link":"https:\/\/micterleather.com\/pl\/author\/"},"uagb_comment_info":0,"uagb_excerpt":"Informations sur le produit : Mat\u00e9riau : Cuir Format : Bande adh\u00e9sive Caract\u00e9ristiques sp\u00e9ciales : R\u00e9sistant \u00e0 la chaleur, solide, imperm\u00e9able Quantit\u00e9 par lot : 4 pi\u00e8ces Type de contenant : Tube Viscosit\u00e9 : Excellente Blog: Comment r\u00e9parer des meubles en cuir ? - Micter","_links":{"self":[{"href":"https:\/\/micterleather.com\/pl\/wp-json\/wp\/v2\/product\/3995","targetHints":{"allow":["GET"]}}],"collection":[{"href":"https:\/\/micterleather.com\/pl\/wp-json\/wp\/v2\/product"}],"about":[{"href":"https:\/\/micterleather.com\/pl\/wp-json\/wp\/v2\/types\/product"}],"wp:featuredmedia":[{"embeddable":true,"href":"https:\/\/micterleather.com\/pl\/wp-json\/wp\/v2\/media\/2669"}],"wp:attachment":[{"href":"https:\/\/micterleather.com\/pl\/wp-json\/wp\/v2\/media?parent=3995"}],"wp:term":[{"taxonomy":"product_brand","embeddable":true,"href":"https:\/\/micterleather.com\/pl\/wp-json\/wp\/v2\/product_brand?post=3995"},{"taxonomy":"product_cat","embeddable":true,"href":"https:\/\/micterleather.com\/pl\/wp-json\/wp\/v2\/product_cat?post=3995"},{"taxonomy":"product_tag","embeddable":true,"href":"https:\/\/micterleather.com\/pl\/wp-json\/wp\/v2\/product_tag?post=3995"}],"curies":[{"name":"wp","href":"https:\/\/api.w.org\/{rel}","templated":true}]}}