{"id":3988,"date":"2025-08-26T02:55:52","date_gmt":"2025-08-26T02:55:52","guid":{"rendered":"https:\/\/micterleather.com\/?post_type=product&#038;p=3988"},"modified":"2025-08-28T12:34:03","modified_gmt":"2025-08-28T12:34:03","slug":"selbstklebende-lederflicken-4-stueck-20x28-cm","status":"publish","type":"product","link":"https:\/\/micterleather.com\/pl\/product\/uncategorized\/selbstklebende-lederflicken-4-stueck-20x28-cm\/","title":{"rendered":"Samoprzylepne \u0142aty sk\u00f3rzane \u2013 4 sztuki 20\u00d728 cm"},"content":{"rendered":"<p data-start=\"2434\" data-end=\"2703\"><strong data-start=\"2434\" data-end=\"2465\">Wysokiej jako\u015bci naprawa sk\u00f3ry:<\/strong><br data-start=\"2465\" data-end=\"2468\" \/>Wykonane z wysokiej jako\u015bci sztucznej sk\u00f3ry, te \u0142atki naprawcze zachwycaj\u0105 klasycznymi wzorami i kolorami. Powierzchnia jest g\u0142adka, wodoodporna, \u0142atwa do czyszczenia oraz odporna na \u015bcieranie i zarysowania \u2014 na napraw\u0119, kt\u00f3ra b\u0119dzie trwa\u0142a przez d\u0142ugi czas.<\/p>\n<p data-start=\"2705\" data-end=\"2980\"><strong data-start=\"2705\" data-end=\"2724\">Silne przyleganie:<\/strong><br data-start=\"2724\" data-end=\"2727\" \/>Wyposa\u017cone w profesjonaln\u0105 pow\u0142ok\u0119 zabezpieczaj\u0105c\u0105, samoprzylepna ta\u015bma do naprawy sk\u00f3ry zapewnia niezawodne, mocne przyleganie. Po na\u0142o\u017ceniu \u0142atka pozostaje pewnie na ka\u017cdej g\u0142adkiej powierzchni, nie odkleja si\u0119 ani nie zwija.<\/p>\n<p data-start=\"2982\" data-end=\"3327\"><strong data-start=\"2982\" data-end=\"3014\">Uniwersalne rozwi\u0105zanie naprawcze:<\/strong><br data-start=\"3014\" data-end=\"3017\" \/>Zestaw zawiera cztery \u0142atki sk\u00f3rzane o rozmiarze <strong data-start=\"3064\" data-end=\"3094\">20 \u00d7 28 cm (7,8 \u00d7 11 cali)<\/strong>, idealne do naprawy p\u0119kni\u0119\u0107, zarysowa\u0144, dziur i przebarwie\u0144 na produktach ze sk\u00f3ry i winylu. Nadaje si\u0119 do foteli samochodowych, mebli, sof, torebek, kurtek i wielu innych \u2014 Twoje przedmioty szybko zn\u00f3w b\u0119d\u0105 wygl\u0105da\u0107 jak nowe.<\/p>\n<p data-start=\"3329\" data-end=\"3685\"><strong data-start=\"3329\" data-end=\"3352\">Prosta aplikacja:<\/strong><br data-start=\"3352\" data-end=\"3355\" \/>Nie wymaga specjalistycznych narz\u0119dzi ani wiedzy. Po prostu oczy\u015b\u0107 powierzchni\u0119, przytnij \u0142atk\u0119 do po\u017c\u0105danego rozmiaru i kszta\u0142tu, zdejmij foli\u0119 ochronn\u0105 i przyklej j\u0105 na uszkodzone miejsce. Szybki i tani spos\u00f3b na wyd\u0142u\u017cenie \u017cywotno\u015bci Twoich wyrob\u00f3w sk\u00f3rzanych.<\/p>\n<p data-start=\"3687\" data-end=\"4113\"><strong data-start=\"3687\" data-end=\"3715\">Profesjonalne wsparcie:<\/strong><br data-start=\"3715\" data-end=\"3718\" \/>Ka\u017cdy zakup jest obj\u0119ty gwarancj\u0105 bezproblemowego zwrotu i zwrotu pieni\u0119dzy. <strong data-start=\"3808\" data-end=\"3820\">Uwaga:<\/strong> Ze wzgl\u0119du na ustawienia o\u015bwietlenia i wy\u015bwietlacza, rzeczywiste kolory mog\u0105 si\u0119 nieznacznie r\u00f3\u017cni\u0107 od przedstawionych na zdj\u0119ciach. Je\u015bli nie jeste\u015b pewien wyboru koloru, wy\u015blij nam zdj\u0119cie, aby uzyska\u0107 indywidualn\u0105 porad\u0119. W razie pyta\u0144 lub w\u0105tpliwo\u015bci, ch\u0119tnie s\u0142u\u017cymy pomoc\u0105!<\/p>","protected":false},"excerpt":{"rendered":"<h6 data-start=\"2195\" data-end=\"2222\"><strong data-start=\"2195\" data-end=\"2220\">Informacje o produkcie:<\/strong><\/h6>\n<ul data-start=\"2223\" data-end=\"2432\">\n<li data-start=\"2223\" data-end=\"2246\">\n<h6 data-start=\"2225\" data-end=\"2246\"><strong data-start=\"2225\" data-end=\"2238\">Materia\u0142:<\/strong> Sk\u00f3ra<\/h6>\n<\/li>\n<li data-start=\"2247\" data-end=\"2270\">\n<h6 data-start=\"2249\" data-end=\"2270\"><strong data-start=\"2249\" data-end=\"2258\">Kszta\u0142t:<\/strong> Ta\u015bma klej\u0105ca<\/h6>\n<\/li>\n<li data-start=\"2271\" data-end=\"2338\">\n<h6 data-start=\"2273\" data-end=\"2338\"><strong data-start=\"2273\" data-end=\"2301\">W\u0142a\u015bciwo\u015bci szczeg\u00f3lne:<\/strong> Odporne na wysokie temperatury, mocne, wodoodporne<\/h6>\n<\/li>\n<li data-start=\"2339\" data-end=\"2373\">\n<h6 data-start=\"2341\" data-end=\"2373\"><strong data-start=\"2341\" data-end=\"2363\">Ilo\u015b\u0107 w opakowaniu:<\/strong> 4 sztuki<\/h6>\n<\/li>\n<li data-start=\"2374\" data-end=\"2399\">\n<h6 data-start=\"2376\" data-end=\"2399\"><strong data-start=\"2376\" data-end=\"2392\">Typ pojemnika:<\/strong> Tuba<\/h6>\n<\/li>\n<li data-start=\"2400\" data-end=\"2432\">\n<h6 data-start=\"2402\" data-end=\"2432\"><strong data-start=\"2402\" data-end=\"2417\">Wiskozowo\u015b\u0107:<\/strong> Doskona\u0142a<\/h6>\n<\/li>\n<\/ul>\n<h5>Blog: <a href=\"https:\/\/micterleather.com\/de\/wie-man-ledermoebel-repariert-micter\/\">Wie man Lederm\u00f6bel repariert ? \u2013 Micter<\/a><\/h5>","protected":false},"featured_media":2669,"template":"","meta":{"_uag_custom_page_level_css":"","site-sidebar-layout":"default","site-content-layout":"","ast-site-content-layout":"default","site-content-style":"default","site-sidebar-style":"default","ast-global-header-display":"","ast-banner-title-visibility":"","ast-main-header-display":"","ast-hfb-above-header-display":"","ast-hfb-below-header-display":"","ast-hfb-mobile-header-display":"","site-post-title":"","ast-breadcrumbs-content":"","ast-featured-img":"","footer-sml-layout":"","ast-disable-related-posts":"","theme-transparent-header-meta":"default","adv-header-id-meta":"","stick-header-meta":"","header-above-stick-meta":"","header-main-stick-meta":"","header-below-stick-meta":"","astra-migrate-meta-layouts":"set","ast-page-background-enabled":"default","ast-page-background-meta":{"desktop":{"background-color":"","background-image":"","background-repeat":"repeat","background-position":"center center","background-size":"auto","background-attachment":"scroll","background-type":"","background-media":"","overlay-type":"","overlay-color":"","overlay-opacity":"","overlay-gradient":""},"tablet":{"background-color":"","background-image":"","background-repeat":"repeat","background-position":"center center","background-size":"auto","background-attachment":"scroll","background-type":"","background-media":"","overlay-type":"","overlay-color":"","overlay-opacity":"","overlay-gradient":""},"mobile":{"background-color":"","background-image":"","background-repeat":"repeat","background-position":"center center","background-size":"auto","background-attachment":"scroll","background-type":"","background-media":"","overlay-type":"","overlay-color":"","overlay-opacity":"","overlay-gradient":""}},"ast-content-background-meta":{"desktop":{"background-color":"var(--ast-global-color-5)","background-image":"","background-repeat":"repeat","background-position":"center center","background-size":"auto","background-attachment":"scroll","background-type":"","background-media":"","overlay-type":"","overlay-color":"","overlay-opacity":"","overlay-gradient":""},"tablet":{"background-color":"var(--ast-global-color-5)","background-image":"","background-repeat":"repeat","background-position":"center center","background-size":"auto","background-attachment":"scroll","background-type":"","background-media":"","overlay-type":"","overlay-color":"","overlay-opacity":"","overlay-gradient":""},"mobile":{"background-color":"var(--ast-global-color-5)","background-image":"","background-repeat":"repeat","background-position":"center center","background-size":"auto","background-attachment":"scroll","background-type":"","background-media":"","overlay-type":"","overlay-color":"","overlay-opacity":"","overlay-gradient":""}}},"product_brand":[],"product_cat":[15],"product_tag":[],"class_list":{"0":"post-3988","1":"product","2":"type-product","3":"status-publish","4":"has-post-thumbnail","6":"product_cat-uncategorized","7":"desktop-align-left","8":"tablet-align-left","9":"mobile-align-left","11":"first","12":"instock","13":"sale","14":"shipping-taxable","15":"purchasable","16":"product-type-variable","17":"has-default-attributes"},"uagb_featured_image_src":{"full":["https:\/\/micterleather.com\/wp-content\/uploads\/2025\/07\/dark_brown_-4pcs_-first.webp",1600,1600,false],"thumbnail":["https:\/\/micterleather.com\/wp-content\/uploads\/2025\/07\/dark_brown_-4pcs_-first-150x150.webp",150,150,true],"medium":["https:\/\/micterleather.com\/wp-content\/uploads\/2025\/07\/dark_brown_-4pcs_-first-300x300.webp",300,300,true],"medium_large":["https:\/\/micterleather.com\/wp-content\/uploads\/2025\/07\/dark_brown_-4pcs_-first-768x768.webp",768,768,true],"large":["https:\/\/micterleather.com\/wp-content\/uploads\/2025\/07\/dark_brown_-4pcs_-first-1024x1024.webp",1024,1024,true],"1536x1536":["https:\/\/micterleather.com\/wp-content\/uploads\/2025\/07\/dark_brown_-4pcs_-first-1536x1536.webp",1536,1536,true],"2048x2048":["https:\/\/micterleather.com\/wp-content\/uploads\/2025\/07\/dark_brown_-4pcs_-first.webp",1600,1600,false],"trp-custom-language-flag":["https:\/\/micterleather.com\/wp-content\/uploads\/2025\/07\/dark_brown_-4pcs_-first.webp",12,12,false],"woocommerce_thumbnail":["https:\/\/micterleather.com\/wp-content\/uploads\/2025\/07\/dark_brown_-4pcs_-first-300x300.webp",300,300,true],"woocommerce_single":["https:\/\/micterleather.com\/wp-content\/uploads\/2025\/07\/dark_brown_-4pcs_-first-600x600.webp",600,600,true],"woocommerce_gallery_thumbnail":["https:\/\/micterleather.com\/wp-content\/uploads\/2025\/07\/dark_brown_-4pcs_-first-100x100.webp",100,100,true]},"uagb_author_info":{"display_name":"micter","author_link":"https:\/\/micterleather.com\/pl\/author\/"},"uagb_comment_info":0,"uagb_excerpt":"Produktinformationen: Material: Leder Form: Klebeband Besondere Eigenschaften: Hitzebest\u00e4ndig, stark, wasserdicht Menge pro Packung: 4 St\u00fcck Beh\u00e4ltertyp: Tube Viskosit\u00e4t: Hervorragend Blog: Wie man Lederm\u00f6bel repariert ? - Micter","_links":{"self":[{"href":"https:\/\/micterleather.com\/pl\/wp-json\/wp\/v2\/product\/3988","targetHints":{"allow":["GET"]}}],"collection":[{"href":"https:\/\/micterleather.com\/pl\/wp-json\/wp\/v2\/product"}],"about":[{"href":"https:\/\/micterleather.com\/pl\/wp-json\/wp\/v2\/types\/product"}],"wp:featuredmedia":[{"embeddable":true,"href":"https:\/\/micterleather.com\/pl\/wp-json\/wp\/v2\/media\/2669"}],"wp:attachment":[{"href":"https:\/\/micterleather.com\/pl\/wp-json\/wp\/v2\/media?parent=3988"}],"wp:term":[{"taxonomy":"product_brand","embeddable":true,"href":"https:\/\/micterleather.com\/pl\/wp-json\/wp\/v2\/product_brand?post=3988"},{"taxonomy":"product_cat","embeddable":true,"href":"https:\/\/micterleather.com\/pl\/wp-json\/wp\/v2\/product_cat?post=3988"},{"taxonomy":"product_tag","embeddable":true,"href":"https:\/\/micterleather.com\/pl\/wp-json\/wp\/v2\/product_tag?post=3988"}],"curies":[{"name":"wp","href":"https:\/\/api.w.org\/{rel}","templated":true}]}}