{"id":3948,"date":"2025-07-01T08:24:06","date_gmt":"2025-07-01T08:24:06","guid":{"rendered":"https:\/\/micterleather.com\/?post_type=product&#038;p=3948"},"modified":"2025-08-24T08:28:43","modified_gmt":"2025-08-24T08:28:43","slug":"micter-lederhandwerks-set","status":"publish","type":"product","link":"https:\/\/micterleather.com\/pl\/product\/uncategorized\/micter-lederhandwerks-set\/","title":{"rendered":"Zestaw do r\u0119cznego szycia sk\u00f3rzanych Micter"},"content":{"rendered":"<ul>\n<li data-start=\"618\" data-end=\"751\">\n<p data-start=\"620\" data-end=\"751\"><strong data-start=\"620\" data-end=\"648\">Kompletny zestaw do szycia sk\u00f3ry:<\/strong> Zawiera ig\u0142y, ig\u0142y do nawlekania, nici, krajalniki do szw\u00f3w, nak\u0142adki na palce i wi\u0119cej do naprawy sk\u00f3r i projekt\u00f3w DIY<\/p>\n<\/li>\n<li data-start=\"752\" data-end=\"886\">\n<p data-start=\"754\" data-end=\"886\"><strong data-start=\"754\" data-end=\"782\">Wytrzyma\u0142e woskowane nici:<\/strong> 8 du\u017cych szpul w r\u00f3\u017cnych kolorach, wytrzyma\u0142e, idealne do sk\u00f3ry, p\u0142\u00f3tna \u017caglowego i tkanin tapicerskich<\/p>\n<\/li>\n<li data-start=\"887\" data-end=\"1044\">\n<p data-start=\"889\" data-end=\"1044\"><strong data-start=\"889\" data-end=\"913\">R\u00f3\u017cne ig\u0142y:<\/strong> Proste, zakrzywione i mieszane ig\u0142y do r\u00f3\u017cnych potrzeb szycia, w praktycznym pojemniku na rurki i zestawie naprawczym<\/p>\n<\/li>\n<li data-start=\"1045\" data-end=\"1166\">\n<p data-start=\"1047\" data-end=\"1166\"><strong data-start=\"1047\" data-end=\"1083\">Podstawowe narz\u0119dzia zawieraj\u0105:<\/strong> Ig\u0142y, krajalniki do szw\u00f3w, no\u017cyczki do nici, elastyczna miarka, pomocnik do nawlekania i nak\u0142adki na palce<\/p>\n<\/li>\n<li data-start=\"1167\" data-end=\"1324\">\n<p data-start=\"1169\" data-end=\"1324\"><strong data-start=\"1169\" data-end=\"1197\">Wszechstronne zastosowania:<\/strong> Idealne do naprawy torebek sk\u00f3rzanych, portfeli, pask\u00f3w, but\u00f3w, siedze\u0144 samochodowych, sof, namiot\u00f3w i innych wytrzyma\u0142ych tkanin<\/p>\n<\/li>\n<li data-start=\"1325\" data-end=\"1478\">\n<p data-start=\"1327\" data-end=\"1478\"><strong data-start=\"1327\" data-end=\"1353\">Przeno\u015bne i zorganizowane:<\/strong> Kompaktowy zestaw, \u0142atwy do transportu i przechowywania, odpowiedni dla pocz\u0105tkuj\u0105cych, hobbyst\u00f3w i profesjonalist\u00f3w w rzemio\u015ble sk\u00f3rzanym<\/p>\n<\/li>\n<\/ul>","protected":false},"excerpt":{"rendered":"<table class=\"a-normal a-spacing-micro\" role=\"list\">\n<tbody>\n<tr class=\"a-spacing-small po-container.type\" role=\"listitem\">\n<td class=\"a-span3\" role=\"presentation\">Informacje o opakowaniu<\/td>\n<td class=\"a-span9\" role=\"presentation\">Torebka<\/td>\n<\/tr>\n<tr class=\"a-spacing-small po-included_components\" role=\"listitem\">\n<td class=\"a-span3\" role=\"presentation\">Zawarte komponenty (jak na zdj\u0119ciu)<\/td>\n<td class=\"a-span9\" role=\"presentation\">10 prostych igie\u0142 do r\u0119cznego szycia, 7 zakrzywionych igie\u0142 (r\u00f3\u017cne rozmiary), 6 mieszanych igie\u0142 (w zestawie naprawczym), 8 du\u017cych szpul woskowanego nici (r\u00f3\u017cne kolory), 10 ma\u0142ych szpul nici tapicerskiej (r\u00f3\u017cne kolory), 3 ig\u0142y (r\u0119koje\u015bci drewniane\/metallowe), 2 krajalniki do szw\u00f3w, 1 ma\u0142e no\u017cyczki (do nici), 1 elastyczna miarka, 2 metalowe nak\u0142adki na palce, 1 pomocnik do nawlekania, 1 rurka do przechowywania igie\u0142 (z pomara\u0144czow\u0105 pokrywk\u0105)<\/td>\n<\/tr>\n<\/tbody>\n<\/table>","protected":false},"featured_media":3851,"template":"","meta":{"_uag_custom_page_level_css":"","site-sidebar-layout":"default","site-content-layout":"","ast-site-content-layout":"default","site-content-style":"default","site-sidebar-style":"default","ast-global-header-display":"","ast-banner-title-visibility":"","ast-main-header-display":"","ast-hfb-above-header-display":"","ast-hfb-below-header-display":"","ast-hfb-mobile-header-display":"","site-post-title":"","ast-breadcrumbs-content":"","ast-featured-img":"","footer-sml-layout":"","ast-disable-related-posts":"","theme-transparent-header-meta":"default","adv-header-id-meta":"","stick-header-meta":"","header-above-stick-meta":"","header-main-stick-meta":"","header-below-stick-meta":"","astra-migrate-meta-layouts":"set","ast-page-background-enabled":"default","ast-page-background-meta":{"desktop":{"background-color":"","background-image":"","background-repeat":"repeat","background-position":"center center","background-size":"auto","background-attachment":"scroll","background-type":"","background-media":"","overlay-type":"","overlay-color":"","overlay-opacity":"","overlay-gradient":""},"tablet":{"background-color":"","background-image":"","background-repeat":"repeat","background-position":"center center","background-size":"auto","background-attachment":"scroll","background-type":"","background-media":"","overlay-type":"","overlay-color":"","overlay-opacity":"","overlay-gradient":""},"mobile":{"background-color":"","background-image":"","background-repeat":"repeat","background-position":"center center","background-size":"auto","background-attachment":"scroll","background-type":"","background-media":"","overlay-type":"","overlay-color":"","overlay-opacity":"","overlay-gradient":""}},"ast-content-background-meta":{"desktop":{"background-color":"var(--ast-global-color-5)","background-image":"","background-repeat":"repeat","background-position":"center center","background-size":"auto","background-attachment":"scroll","background-type":"","background-media":"","overlay-type":"","overlay-color":"","overlay-opacity":"","overlay-gradient":""},"tablet":{"background-color":"var(--ast-global-color-5)","background-image":"","background-repeat":"repeat","background-position":"center center","background-size":"auto","background-attachment":"scroll","background-type":"","background-media":"","overlay-type":"","overlay-color":"","overlay-opacity":"","overlay-gradient":""},"mobile":{"background-color":"var(--ast-global-color-5)","background-image":"","background-repeat":"repeat","background-position":"center center","background-size":"auto","background-attachment":"scroll","background-type":"","background-media":"","overlay-type":"","overlay-color":"","overlay-opacity":"","overlay-gradient":""}}},"product_brand":[],"product_cat":[15],"product_tag":[],"class_list":{"0":"post-3948","1":"product","2":"type-product","3":"status-publish","4":"has-post-thumbnail","6":"product_cat-uncategorized","7":"desktop-align-left","8":"tablet-align-left","9":"mobile-align-left","11":"first","12":"instock","13":"sale","14":"shipping-taxable","15":"purchasable","16":"product-type-simple"},"uagb_featured_image_src":{"full":["https:\/\/micterleather.com\/wp-content\/uploads\/2025\/08\/Micterleather-making-tools-.webp",1600,1600,false],"thumbnail":["https:\/\/micterleather.com\/wp-content\/uploads\/2025\/08\/Micterleather-making-tools--150x150.webp",150,150,true],"medium":["https:\/\/micterleather.com\/wp-content\/uploads\/2025\/08\/Micterleather-making-tools--300x300.webp",300,300,true],"medium_large":["https:\/\/micterleather.com\/wp-content\/uploads\/2025\/08\/Micterleather-making-tools--768x768.webp",768,768,true],"large":["https:\/\/micterleather.com\/wp-content\/uploads\/2025\/08\/Micterleather-making-tools--1024x1024.webp",1024,1024,true],"1536x1536":["https:\/\/micterleather.com\/wp-content\/uploads\/2025\/08\/Micterleather-making-tools--1536x1536.webp",1536,1536,true],"2048x2048":["https:\/\/micterleather.com\/wp-content\/uploads\/2025\/08\/Micterleather-making-tools-.webp",1600,1600,false],"trp-custom-language-flag":["https:\/\/micterleather.com\/wp-content\/uploads\/2025\/08\/Micterleather-making-tools-.webp",12,12,false],"woocommerce_thumbnail":["https:\/\/micterleather.com\/wp-content\/uploads\/2025\/08\/Micterleather-making-tools--300x300.webp",300,300,true],"woocommerce_single":["https:\/\/micterleather.com\/wp-content\/uploads\/2025\/08\/Micterleather-making-tools--600x600.webp",600,600,true],"woocommerce_gallery_thumbnail":["https:\/\/micterleather.com\/wp-content\/uploads\/2025\/08\/Micterleather-making-tools--100x100.webp",100,100,true]},"uagb_author_info":{"display_name":"micter","author_link":"https:\/\/micterleather.com\/pl\/author\/"},"uagb_comment_info":0,"uagb_excerpt":"Informationen zur Verpackung Tasche Enthaltene Komponenten (wie auf dem Bild gezeigt) 10 gerade Handn\u00e4hnadeln, 7 gebogene Nadeln (verschiedene Gr\u00f6\u00dfen), 6 gemischte Nadeln (im Reparaturset), 8 gro\u00dfe Spulen gewachstes Garn (verschiedene Farben), 10 kleine Spulen Polstergarn (verschiedene Farben), 3 Ahlen (Holz-\/Metallgriffe), 2 Nahttrenner, 1 kleine Schere (f\u00fcr Garn), 1 flexibles Ma\u00dfband, 2 Metallfingerh\u00fcte, 1 Einf\u00e4delhilfe, 1&hellip;","_links":{"self":[{"href":"https:\/\/micterleather.com\/pl\/wp-json\/wp\/v2\/product\/3948","targetHints":{"allow":["GET"]}}],"collection":[{"href":"https:\/\/micterleather.com\/pl\/wp-json\/wp\/v2\/product"}],"about":[{"href":"https:\/\/micterleather.com\/pl\/wp-json\/wp\/v2\/types\/product"}],"wp:featuredmedia":[{"embeddable":true,"href":"https:\/\/micterleather.com\/pl\/wp-json\/wp\/v2\/media\/3851"}],"wp:attachment":[{"href":"https:\/\/micterleather.com\/pl\/wp-json\/wp\/v2\/media?parent=3948"}],"wp:term":[{"taxonomy":"product_brand","embeddable":true,"href":"https:\/\/micterleather.com\/pl\/wp-json\/wp\/v2\/product_brand?post=3948"},{"taxonomy":"product_cat","embeddable":true,"href":"https:\/\/micterleather.com\/pl\/wp-json\/wp\/v2\/product_cat?post=3948"},{"taxonomy":"product_tag","embeddable":true,"href":"https:\/\/micterleather.com\/pl\/wp-json\/wp\/v2\/product_tag?post=3948"}],"curies":[{"name":"wp","href":"https:\/\/api.w.org\/{rel}","templated":true}]}}