{"id":3946,"date":"2025-07-07T08:19:20","date_gmt":"2025-07-07T08:19:20","guid":{"rendered":"https:\/\/micterleather.com\/?post_type=product&#038;p=3946"},"modified":"2025-08-24T08:21:12","modified_gmt":"2025-08-24T08:21:12","slug":"micter-11-teiliges-lederhandwerks-set","status":"publish","type":"product","link":"https:\/\/micterleather.com\/pl\/product\/uncategorized\/micter-11-teiliges-lederhandwerks-set\/","title":{"rendered":"Zestaw do r\u0119cznego szycia sk\u00f3rzanych 11-cz\u0119\u015bciowy"},"content":{"rendered":"<ul data-start=\"565\" data-end=\"1314\">\n<li data-start=\"565\" data-end=\"687\">\n<p data-start=\"567\" data-end=\"687\"><strong data-start=\"567\" data-end=\"601\">Zestaw startowy do prac sk\u00f3rzanych:<\/strong> Zawiera gwo\u017adzik, knopeczek, woskowan\u0105 ni\u0107 i ig\u0142y do r\u0119cznego szycia i obr\u00f3bki sk\u00f3ry<\/p>\n<\/li>\n<li data-start=\"688\" data-end=\"812\">\n<p data-start=\"690\" data-end=\"812\"><strong data-start=\"690\" data-end=\"719\">Wytrzyma\u0142a woskowana ni\u0107:<\/strong> Szpula be\u017cowej nici, trwa\u0142a, idealna do sk\u00f3ry, p\u0142\u00f3tna \u017caglowego i innych grubych tkanin<\/p>\n<\/li>\n<li data-start=\"813\" data-end=\"951\">\n<p data-start=\"815\" data-end=\"951\"><strong data-start=\"815\" data-end=\"839\">R\u00f3\u017cne ig\u0142y:<\/strong> 6 igie\u0142 do r\u0119cznego szycia z du\u017cym oczkiem, r\u00f3\u017cne rozmiary, \u0142atwe do nawlekania i odpowiednie do grubych materia\u0142\u00f3w<\/p>\n<\/li>\n<li data-start=\"952\" data-end=\"1067\">\n<p data-start=\"954\" data-end=\"1067\"><strong data-start=\"954\" data-end=\"977\">Gwo\u017adzik z drewnian\u0105 r\u0105czk\u0105:<\/strong> Wygodna obs\u0142uga, idealny do wycinania otwor\u00f3w i prowadzenia punkt\u00f3w szycia w sk\u00f3rze<\/p>\n<\/li>\n<li data-start=\"1068\" data-end=\"1188\">\n<p data-start=\"1070\" data-end=\"1188\"><strong data-start=\"1070\" data-end=\"1098\">Zawarte knopeczki:<\/strong> Du\u017cy i ma\u0142y knopeczek do fa\u0142dowania, oznaczania i wyg\u0142adzania kraw\u0119dzi sk\u00f3ry lub papieru<\/p>\n<\/li>\n<li data-start=\"1189\" data-end=\"1314\">\n<p data-start=\"1191\" data-end=\"1314\"><strong data-start=\"1191\" data-end=\"1215\">Kompaktowy i praktyczny:<\/strong> Idealny dla pocz\u0105tkuj\u0105cych i entuzjast\u00f3w do portfeli, pask\u00f3w, torebek i ma\u0142ych projekt\u00f3w sk\u00f3rzanych<\/p>\n<\/li>\n<\/ul>","protected":false},"excerpt":{"rendered":"<table class=\"a-normal a-spacing-micro\" role=\"list\">\n<tbody>\n<tr class=\"a-spacing-small po-container.type\" role=\"listitem\">\n<td class=\"a-span3\" role=\"presentation\">Informacje o opakowaniu<\/td>\n<td class=\"a-span9\" role=\"presentation\">Torebka<\/td>\n<\/tr>\n<tr class=\"a-spacing-small po-included_components\" role=\"listitem\">\n<td class=\"a-span3\" role=\"presentation\">Zawarte komponenty (jak na zdj\u0119ciu)<\/td>\n<td class=\"a-span9\" role=\"presentation\">10 prostych igie\u0142 do r\u0119cznego szycia, 7 zgi\u0119tych igie\u0142 (r\u00f3\u017cne rozmiary), 6 mieszanych igie\u0142, gwo\u017adzik z drewnian\u0105 r\u0105czk\u0105, du\u017cy knopeczek do wyg\u0142adzania (do oznaczania i wyg\u0142adzania), ma\u0142y knopeczek do detali, 6 igie\u0142 do r\u0119cznego szycia z du\u017cym oczkiem, rura na przechowywanie igie\u0142 (z pomara\u0144czow\u0105 nakr\u0119tk\u0105), 1 szpula woskowanej nici (be\u017cowa)<\/td>\n<\/tr>\n<\/tbody>\n<\/table>","protected":false},"featured_media":3853,"template":"","meta":{"_uag_custom_page_level_css":"","site-sidebar-layout":"default","site-content-layout":"","ast-site-content-layout":"default","site-content-style":"default","site-sidebar-style":"default","ast-global-header-display":"","ast-banner-title-visibility":"","ast-main-header-display":"","ast-hfb-above-header-display":"","ast-hfb-below-header-display":"","ast-hfb-mobile-header-display":"","site-post-title":"","ast-breadcrumbs-content":"","ast-featured-img":"","footer-sml-layout":"","ast-disable-related-posts":"","theme-transparent-header-meta":"default","adv-header-id-meta":"","stick-header-meta":"","header-above-stick-meta":"","header-main-stick-meta":"","header-below-stick-meta":"","astra-migrate-meta-layouts":"set","ast-page-background-enabled":"default","ast-page-background-meta":{"desktop":{"background-color":"","background-image":"","background-repeat":"repeat","background-position":"center center","background-size":"auto","background-attachment":"scroll","background-type":"","background-media":"","overlay-type":"","overlay-color":"","overlay-opacity":"","overlay-gradient":""},"tablet":{"background-color":"","background-image":"","background-repeat":"repeat","background-position":"center center","background-size":"auto","background-attachment":"scroll","background-type":"","background-media":"","overlay-type":"","overlay-color":"","overlay-opacity":"","overlay-gradient":""},"mobile":{"background-color":"","background-image":"","background-repeat":"repeat","background-position":"center center","background-size":"auto","background-attachment":"scroll","background-type":"","background-media":"","overlay-type":"","overlay-color":"","overlay-opacity":"","overlay-gradient":""}},"ast-content-background-meta":{"desktop":{"background-color":"var(--ast-global-color-5)","background-image":"","background-repeat":"repeat","background-position":"center center","background-size":"auto","background-attachment":"scroll","background-type":"","background-media":"","overlay-type":"","overlay-color":"","overlay-opacity":"","overlay-gradient":""},"tablet":{"background-color":"var(--ast-global-color-5)","background-image":"","background-repeat":"repeat","background-position":"center center","background-size":"auto","background-attachment":"scroll","background-type":"","background-media":"","overlay-type":"","overlay-color":"","overlay-opacity":"","overlay-gradient":""},"mobile":{"background-color":"var(--ast-global-color-5)","background-image":"","background-repeat":"repeat","background-position":"center center","background-size":"auto","background-attachment":"scroll","background-type":"","background-media":"","overlay-type":"","overlay-color":"","overlay-opacity":"","overlay-gradient":""}}},"product_brand":[],"product_cat":[15],"product_tag":[],"class_list":{"0":"post-3946","1":"product","2":"type-product","3":"status-publish","4":"has-post-thumbnail","6":"product_cat-uncategorized","7":"desktop-align-left","8":"tablet-align-left","9":"mobile-align-left","11":"first","12":"instock","13":"sale","14":"shipping-taxable","15":"purchasable","16":"product-type-simple"},"uagb_featured_image_src":{"full":["https:\/\/micterleather.com\/wp-content\/uploads\/2025\/08\/11-set-Micter-leather-craft-tools-kit.webp.webp",1000,1000,false],"thumbnail":["https:\/\/micterleather.com\/wp-content\/uploads\/2025\/08\/11-set-Micter-leather-craft-tools-kit.webp-150x150.webp",150,150,true],"medium":["https:\/\/micterleather.com\/wp-content\/uploads\/2025\/08\/11-set-Micter-leather-craft-tools-kit.webp-300x300.webp",300,300,true],"medium_large":["https:\/\/micterleather.com\/wp-content\/uploads\/2025\/08\/11-set-Micter-leather-craft-tools-kit.webp-768x768.webp",768,768,true],"large":["https:\/\/micterleather.com\/wp-content\/uploads\/2025\/08\/11-set-Micter-leather-craft-tools-kit.webp.webp",1000,1000,false],"1536x1536":["https:\/\/micterleather.com\/wp-content\/uploads\/2025\/08\/11-set-Micter-leather-craft-tools-kit.webp.webp",1000,1000,false],"2048x2048":["https:\/\/micterleather.com\/wp-content\/uploads\/2025\/08\/11-set-Micter-leather-craft-tools-kit.webp.webp",1000,1000,false],"trp-custom-language-flag":["https:\/\/micterleather.com\/wp-content\/uploads\/2025\/08\/11-set-Micter-leather-craft-tools-kit.webp.webp",12,12,false],"woocommerce_thumbnail":["https:\/\/micterleather.com\/wp-content\/uploads\/2025\/08\/11-set-Micter-leather-craft-tools-kit.webp-300x300.webp",300,300,true],"woocommerce_single":["https:\/\/micterleather.com\/wp-content\/uploads\/2025\/08\/11-set-Micter-leather-craft-tools-kit.webp-600x600.webp",600,600,true],"woocommerce_gallery_thumbnail":["https:\/\/micterleather.com\/wp-content\/uploads\/2025\/08\/11-set-Micter-leather-craft-tools-kit.webp-100x100.webp",100,100,true]},"uagb_author_info":{"display_name":"micter","author_link":"https:\/\/micterleather.com\/pl\/author\/"},"uagb_comment_info":0,"uagb_excerpt":"Informationen zur Verpackung Tasche Enthaltene Komponenten (wie auf dem Bild gezeigt) 10 gerade Handn\u00e4hnadeln, 7 gebogene Nadeln (verschiedene Gr\u00f6\u00dfen), 6 gemischte Nadeln, Ahle mit Holzgriff, gro\u00dfer Knochenfalzer (zum Markieren und Gl\u00e4tten), kleiner Knochenfalzer (f\u00fcr Detailarbeiten), 6 Handn\u00e4hnadeln mit gro\u00dfem \u00d6hr, Nadelaufbewahrungsr\u00f6hre (mit orangem Deckel), 1 Spule gewachstes Garn (Beige)","_links":{"self":[{"href":"https:\/\/micterleather.com\/pl\/wp-json\/wp\/v2\/product\/3946","targetHints":{"allow":["GET"]}}],"collection":[{"href":"https:\/\/micterleather.com\/pl\/wp-json\/wp\/v2\/product"}],"about":[{"href":"https:\/\/micterleather.com\/pl\/wp-json\/wp\/v2\/types\/product"}],"wp:featuredmedia":[{"embeddable":true,"href":"https:\/\/micterleather.com\/pl\/wp-json\/wp\/v2\/media\/3853"}],"wp:attachment":[{"href":"https:\/\/micterleather.com\/pl\/wp-json\/wp\/v2\/media?parent=3946"}],"wp:term":[{"taxonomy":"product_brand","embeddable":true,"href":"https:\/\/micterleather.com\/pl\/wp-json\/wp\/v2\/product_brand?post=3946"},{"taxonomy":"product_cat","embeddable":true,"href":"https:\/\/micterleather.com\/pl\/wp-json\/wp\/v2\/product_cat?post=3946"},{"taxonomy":"product_tag","embeddable":true,"href":"https:\/\/micterleather.com\/pl\/wp-json\/wp\/v2\/product_tag?post=3946"}],"curies":[{"name":"wp","href":"https:\/\/api.w.org\/{rel}","templated":true}]}}