{"id":3944,"date":"2025-07-09T08:17:29","date_gmt":"2025-07-09T08:17:29","guid":{"rendered":"https:\/\/micterleather.com\/?post_type=product&#038;p=3944"},"modified":"2025-08-24T08:27:53","modified_gmt":"2025-08-24T08:27:53","slug":"21-teiliges-lederhandwerks-set","status":"publish","type":"product","link":"https:\/\/micterleather.com\/pl\/product\/uncategorized\/21-teiliges-lederhandwerks-set\/","title":{"rendered":"Zestaw do r\u0119kodzie\u0142a z sk\u00f3ry 21-elementowy"},"content":{"rendered":"<ul>\n<li data-start=\"521\" data-end=\"649\">\n<p data-start=\"523\" data-end=\"649\"><strong data-start=\"523\" data-end=\"551\">Kompletny zestaw do szycia sk\u00f3ry:<\/strong> Zawiera wszystkie wa\u017cne narz\u0119dzia, takie jak ig\u0142a, no\u017cyk do szycia, wyoblacz do ko\u015bci, ig\u0142y, linijka i nici<\/p>\n<\/li>\n<li data-start=\"650\" data-end=\"783\">\n<p data-start=\"652\" data-end=\"783\"><strong data-start=\"652\" data-end=\"680\">Wytrzyma\u0142e woskowane nici:<\/strong> 4 szpule w r\u00f3\u017cnych kolorach (Br\u0105z, Be\u017c, Jasnobr\u0105z, Bia\u0142y), wytrzyma\u0142e i odporne na \u015bcieranie<\/p>\n<\/li>\n<li data-start=\"784\" data-end=\"915\">\n<p data-start=\"786\" data-end=\"915\"><strong data-start=\"786\" data-end=\"810\">R\u00f3\u017cne ig\u0142y:<\/strong> 6 r\u0119cznych igie\u0142 do szycia z du\u017cym oczkiem, w rurce na przechowywanie, \u0142atwe do nawlekania i idealne do grubych tkanin<\/p>\n<\/li>\n<li data-start=\"916\" data-end=\"1055\">\n<p data-start=\"918\" data-end=\"1055\"><strong data-start=\"918\" data-end=\"942\">Praktyczne akcesoria:<\/strong> Klamry introligatorskie do mocowania sk\u00f3rzanych element\u00f3w, kapturki na palec do ochrony palc\u00f3w, linijka do precyzyjnych pomiar\u00f3w<\/p>\n<\/li>\n<li data-start=\"1056\" data-end=\"1189\">\n<p data-start=\"1058\" data-end=\"1189\"><strong data-start=\"1058\" data-end=\"1084\">Wszechstronne zastosowanie:<\/strong> Przeznaczone do naprawy sk\u00f3ry, projekt\u00f3w DIY, szycia portfeli, toreb, pask\u00f3w i materia\u0142\u00f3w tapicerskich<\/p>\n<\/li>\n<\/ul>","protected":false},"excerpt":{"rendered":"<table class=\"a-normal a-spacing-micro\" role=\"list\">\n<tbody>\n<tr class=\"a-spacing-small po-container.type\" role=\"listitem\">\n<td class=\"a-span3\" role=\"presentation\">Informacje o opakowaniu<\/td>\n<td class=\"a-span9\" role=\"presentation\">Torebka<\/td>\n<\/tr>\n<tr class=\"a-spacing-small po-included_components\" role=\"listitem\">\n<td class=\"a-span3\" role=\"presentation\">Zawarte komponenty (jak na zdj\u0119ciu)<\/td>\n<td class=\"a-span9\" role=\"presentation\">Metallowa linijka 20 cm, du\u017cy wyoblacz do ko\u015bci, ma\u0142y wyoblacz do ko\u015bci, ig\u0142a z drewnian\u0105 r\u0105czk\u0105, no\u017cyk do szycia, rurka na nici (z pomara\u0144czow\u0105 pokrywk\u0105), 6 r\u0119cznych igie\u0142 do szycia z du\u017cym oczkiem, metalowy kapturek na palec, 4 klamry introligatorskie (czarne), 4 woskowane nici (Br\u0105z, Be\u017c, Jasnobr\u0105z, Bia\u0142y)<\/td>\n<\/tr>\n<\/tbody>\n<\/table>","protected":false},"featured_media":3855,"template":"","meta":{"_uag_custom_page_level_css":"","site-sidebar-layout":"default","site-content-layout":"","ast-site-content-layout":"default","site-content-style":"default","site-sidebar-style":"default","ast-global-header-display":"","ast-banner-title-visibility":"","ast-main-header-display":"","ast-hfb-above-header-display":"","ast-hfb-below-header-display":"","ast-hfb-mobile-header-display":"","site-post-title":"","ast-breadcrumbs-content":"","ast-featured-img":"","footer-sml-layout":"","ast-disable-related-posts":"","theme-transparent-header-meta":"default","adv-header-id-meta":"","stick-header-meta":"","header-above-stick-meta":"","header-main-stick-meta":"","header-below-stick-meta":"","astra-migrate-meta-layouts":"set","ast-page-background-enabled":"default","ast-page-background-meta":{"desktop":{"background-color":"","background-image":"","background-repeat":"repeat","background-position":"center center","background-size":"auto","background-attachment":"scroll","background-type":"","background-media":"","overlay-type":"","overlay-color":"","overlay-opacity":"","overlay-gradient":""},"tablet":{"background-color":"","background-image":"","background-repeat":"repeat","background-position":"center center","background-size":"auto","background-attachment":"scroll","background-type":"","background-media":"","overlay-type":"","overlay-color":"","overlay-opacity":"","overlay-gradient":""},"mobile":{"background-color":"","background-image":"","background-repeat":"repeat","background-position":"center center","background-size":"auto","background-attachment":"scroll","background-type":"","background-media":"","overlay-type":"","overlay-color":"","overlay-opacity":"","overlay-gradient":""}},"ast-content-background-meta":{"desktop":{"background-color":"var(--ast-global-color-5)","background-image":"","background-repeat":"repeat","background-position":"center center","background-size":"auto","background-attachment":"scroll","background-type":"","background-media":"","overlay-type":"","overlay-color":"","overlay-opacity":"","overlay-gradient":""},"tablet":{"background-color":"var(--ast-global-color-5)","background-image":"","background-repeat":"repeat","background-position":"center center","background-size":"auto","background-attachment":"scroll","background-type":"","background-media":"","overlay-type":"","overlay-color":"","overlay-opacity":"","overlay-gradient":""},"mobile":{"background-color":"var(--ast-global-color-5)","background-image":"","background-repeat":"repeat","background-position":"center center","background-size":"auto","background-attachment":"scroll","background-type":"","background-media":"","overlay-type":"","overlay-color":"","overlay-opacity":"","overlay-gradient":""}}},"product_brand":[],"product_cat":[15],"product_tag":[],"class_list":{"0":"post-3944","1":"product","2":"type-product","3":"status-publish","4":"has-post-thumbnail","6":"product_cat-uncategorized","7":"desktop-align-left","8":"tablet-align-left","9":"mobile-align-left","11":"first","12":"instock","13":"sale","14":"shipping-taxable","15":"purchasable","16":"product-type-simple"},"uagb_featured_image_src":{"full":["https:\/\/micterleather.com\/wp-content\/uploads\/2025\/08\/21-set-leather-handicraft-tools.webp",1500,1500,false],"thumbnail":["https:\/\/micterleather.com\/wp-content\/uploads\/2025\/08\/21-set-leather-handicraft-tools-150x150.webp",150,150,true],"medium":["https:\/\/micterleather.com\/wp-content\/uploads\/2025\/08\/21-set-leather-handicraft-tools-300x300.webp",300,300,true],"medium_large":["https:\/\/micterleather.com\/wp-content\/uploads\/2025\/08\/21-set-leather-handicraft-tools-768x768.webp",768,768,true],"large":["https:\/\/micterleather.com\/wp-content\/uploads\/2025\/08\/21-set-leather-handicraft-tools-1024x1024.webp",1024,1024,true],"1536x1536":["https:\/\/micterleather.com\/wp-content\/uploads\/2025\/08\/21-set-leather-handicraft-tools.webp",1500,1500,false],"2048x2048":["https:\/\/micterleather.com\/wp-content\/uploads\/2025\/08\/21-set-leather-handicraft-tools.webp",1500,1500,false],"trp-custom-language-flag":["https:\/\/micterleather.com\/wp-content\/uploads\/2025\/08\/21-set-leather-handicraft-tools.webp",12,12,false],"woocommerce_thumbnail":["https:\/\/micterleather.com\/wp-content\/uploads\/2025\/08\/21-set-leather-handicraft-tools-300x300.webp",300,300,true],"woocommerce_single":["https:\/\/micterleather.com\/wp-content\/uploads\/2025\/08\/21-set-leather-handicraft-tools-600x600.webp",600,600,true],"woocommerce_gallery_thumbnail":["https:\/\/micterleather.com\/wp-content\/uploads\/2025\/08\/21-set-leather-handicraft-tools-100x100.webp",100,100,true]},"uagb_author_info":{"display_name":"micter","author_link":"https:\/\/micterleather.com\/pl\/author\/"},"uagb_comment_info":0,"uagb_excerpt":"Informationen zur Verpackung Tasche Enthaltene Komponenten (wie auf dem Bild gezeigt) Metalllineal 20 cm, gro\u00dfer Knochenfalzer, kleiner Knochenfalzer, Ahle mit Holzgriff, Nahttrenner, Nadelaufbewahrungsr\u00f6hre (mit orangem Deckel), 6 Handn\u00e4hnadeln mit gro\u00dfem \u00d6hr, Metallfingerhut, 4 Buchbinderklemmen (schwarz), 4 gewachste Garne (Braun, Beige, Hellbraun, Wei\u00df)","_links":{"self":[{"href":"https:\/\/micterleather.com\/pl\/wp-json\/wp\/v2\/product\/3944","targetHints":{"allow":["GET"]}}],"collection":[{"href":"https:\/\/micterleather.com\/pl\/wp-json\/wp\/v2\/product"}],"about":[{"href":"https:\/\/micterleather.com\/pl\/wp-json\/wp\/v2\/types\/product"}],"wp:featuredmedia":[{"embeddable":true,"href":"https:\/\/micterleather.com\/pl\/wp-json\/wp\/v2\/media\/3855"}],"wp:attachment":[{"href":"https:\/\/micterleather.com\/pl\/wp-json\/wp\/v2\/media?parent=3944"}],"wp:term":[{"taxonomy":"product_brand","embeddable":true,"href":"https:\/\/micterleather.com\/pl\/wp-json\/wp\/v2\/product_brand?post=3944"},{"taxonomy":"product_cat","embeddable":true,"href":"https:\/\/micterleather.com\/pl\/wp-json\/wp\/v2\/product_cat?post=3944"},{"taxonomy":"product_tag","embeddable":true,"href":"https:\/\/micterleather.com\/pl\/wp-json\/wp\/v2\/product_tag?post=3944"}],"curies":[{"name":"wp","href":"https:\/\/api.w.org\/{rel}","templated":true}]}}