{"id":3941,"date":"2025-07-12T08:09:35","date_gmt":"2025-07-12T08:09:35","guid":{"rendered":"https:\/\/micterleather.com\/?post_type=product&#038;p=3941"},"modified":"2025-08-24T08:13:20","modified_gmt":"2025-08-24T08:13:20","slug":"lederarbeits-werkzeugset","status":"publish","type":"product","link":"https:\/\/micterleather.com\/pl\/product\/uncategorized\/lederarbeits-werkzeugset\/","title":{"rendered":"Zestaw narz\u0119dzi do pracy ze sk\u00f3r\u0105"},"content":{"rendered":"<p data-start=\"285\" data-end=\"638\">Profesjonalny wielofunkcyjny zestaw do pracy ze sk\u00f3r\u0105 zawiera 52 wysokiej jako\u015bci stemple do t\u0142oczenia, wyb\u00f3r wykrojnik\u00f3w od 2,5 mm do 10 mm, mat\u0119 do grawerowania, mat\u0119 do ci\u0119cia i narz\u0119dzia do dziurkowania \u2013 wszystko, czego potrzebujesz do t\u0142oczenia, wycinania i szycia. Ten kompleksowy zestaw jest idealny do naprawy sk\u00f3r i dekoracyjnych t\u0142ocze\u0144.<\/p>\n<p data-start=\"640\" data-end=\"956\">Wykonany z wysokiej jako\u015bci stali w\u0119glowej i poddany \u015bcis\u0142ej kontroli, ka\u017cde narz\u0119dzie ma ostre ostrza zapewniaj\u0105ce precyzyjne ci\u0119cia i d\u0142ugotrwa\u0142\u0105 trwa\u0142o\u015b\u0107. Dzi\u0119ki temu zestaw nadaje si\u0119 r\u00f3wnie\u017c do wymagaj\u0105cych prac, takich jak ci\u0119cie pask\u00f3w sk\u00f3rzanych czy naprawa materia\u0142\u00f3w z imitacji sk\u00f3ry.<\/p>\n<p data-start=\"958\" data-end=\"1238\">Dla jeszcze wi\u0119kszego komfortu zestaw jest dostarczany w ergonomicznej etui z oznaczonymi przegr\u00f3dkami, dzi\u0119ki czemu narz\u0119dzia s\u0105 zawsze uporz\u0105dkowane i \u0142atwe do przenoszenia. Mo\u017cna go idealnie po\u0142\u0105czy\u0107 z wi\u0119kszo\u015bci\u0105 zestaw\u00f3w do szycia ze sk\u00f3ry i konfiguracji warsztat\u00f3w.<\/p>\n<p data-start=\"1240\" data-end=\"1424\">Dodatkowo zestaw zawiera bonusowe akcesoria do mocowania nit\u00f3w, kt\u00f3re umo\u017cliwiaj\u0105 \u0142atwe ozdabianie pask\u00f3w, torebek lub napraw mebli profesjonalnymi i dekoracyjnymi akcentami.<\/p>","protected":false},"excerpt":{"rendered":"<p data-start=\"0\" data-end=\"78\">Informacje o produkcie:<\/p>\n<table class=\"a-normal a-spacing-micro\" role=\"list\">\n<tbody>\n<tr class=\"a-spacing-small po-color\" role=\"listitem\">\n<td class=\"a-span3\" role=\"presentation\">Kolor<\/td>\n<td class=\"a-span9\" role=\"presentation\">Br\u0105zowy<\/td>\n<\/tr>\n<tr class=\"a-spacing-small po-theme\" role=\"listitem\">\n<td class=\"a-span3\" role=\"presentation\">Temat<\/td>\n<td class=\"a-span9\" role=\"presentation\">Sk\u00f3ra<\/td>\n<\/tr>\n<tr class=\"a-spacing-small po-item_dimensions\" role=\"listitem\">\n<td class=\"a-span3\" role=\"presentation\">Wymiary<\/td>\n<td class=\"a-span9\" role=\"presentation\">11,8 \u00d7 3,1 \u00d7 15,7 cali<\/td>\n<\/tr>\n<tr class=\"a-spacing-small po-material\" role=\"listitem\">\n<td class=\"a-span3\" role=\"presentation\">Materia\u0142y<\/td>\n<td class=\"a-span9\" role=\"presentation\">Metal, tworzywo sztuczne<\/td>\n<\/tr>\n<\/tbody>\n<\/table>","protected":false},"featured_media":3518,"template":"","meta":{"_uag_custom_page_level_css":"","site-sidebar-layout":"default","site-content-layout":"","ast-site-content-layout":"default","site-content-style":"default","site-sidebar-style":"default","ast-global-header-display":"","ast-banner-title-visibility":"","ast-main-header-display":"","ast-hfb-above-header-display":"","ast-hfb-below-header-display":"","ast-hfb-mobile-header-display":"","site-post-title":"","ast-breadcrumbs-content":"","ast-featured-img":"","footer-sml-layout":"","ast-disable-related-posts":"","theme-transparent-header-meta":"default","adv-header-id-meta":"","stick-header-meta":"","header-above-stick-meta":"","header-main-stick-meta":"","header-below-stick-meta":"","astra-migrate-meta-layouts":"set","ast-page-background-enabled":"default","ast-page-background-meta":{"desktop":{"background-color":"","background-image":"","background-repeat":"repeat","background-position":"center center","background-size":"auto","background-attachment":"scroll","background-type":"","background-media":"","overlay-type":"","overlay-color":"","overlay-opacity":"","overlay-gradient":""},"tablet":{"background-color":"","background-image":"","background-repeat":"repeat","background-position":"center center","background-size":"auto","background-attachment":"scroll","background-type":"","background-media":"","overlay-type":"","overlay-color":"","overlay-opacity":"","overlay-gradient":""},"mobile":{"background-color":"","background-image":"","background-repeat":"repeat","background-position":"center center","background-size":"auto","background-attachment":"scroll","background-type":"","background-media":"","overlay-type":"","overlay-color":"","overlay-opacity":"","overlay-gradient":""}},"ast-content-background-meta":{"desktop":{"background-color":"var(--ast-global-color-5)","background-image":"","background-repeat":"repeat","background-position":"center center","background-size":"auto","background-attachment":"scroll","background-type":"","background-media":"","overlay-type":"","overlay-color":"","overlay-opacity":"","overlay-gradient":""},"tablet":{"background-color":"var(--ast-global-color-5)","background-image":"","background-repeat":"repeat","background-position":"center center","background-size":"auto","background-attachment":"scroll","background-type":"","background-media":"","overlay-type":"","overlay-color":"","overlay-opacity":"","overlay-gradient":""},"mobile":{"background-color":"var(--ast-global-color-5)","background-image":"","background-repeat":"repeat","background-position":"center center","background-size":"auto","background-attachment":"scroll","background-type":"","background-media":"","overlay-type":"","overlay-color":"","overlay-opacity":"","overlay-gradient":""}}},"product_brand":[],"product_cat":[15],"product_tag":[],"class_list":{"0":"post-3941","1":"product","2":"type-product","3":"status-publish","4":"has-post-thumbnail","6":"product_cat-uncategorized","7":"desktop-align-left","8":"tablet-align-left","9":"mobile-align-left","11":"first","12":"instock","13":"sale","14":"shipping-taxable","15":"purchasable","16":"product-type-simple"},"uagb_featured_image_src":{"full":["https:\/\/micterleather.com\/wp-content\/uploads\/2025\/07\/Leather-Working-Tools-Kit.jpg",679,688,false],"thumbnail":["https:\/\/micterleather.com\/wp-content\/uploads\/2025\/07\/Leather-Working-Tools-Kit-150x150.jpg",150,150,true],"medium":["https:\/\/micterleather.com\/wp-content\/uploads\/2025\/07\/Leather-Working-Tools-Kit-296x300.jpg",296,300,true],"medium_large":["https:\/\/micterleather.com\/wp-content\/uploads\/2025\/07\/Leather-Working-Tools-Kit.jpg",679,688,false],"large":["https:\/\/micterleather.com\/wp-content\/uploads\/2025\/07\/Leather-Working-Tools-Kit.jpg",679,688,false],"1536x1536":["https:\/\/micterleather.com\/wp-content\/uploads\/2025\/07\/Leather-Working-Tools-Kit.jpg",679,688,false],"2048x2048":["https:\/\/micterleather.com\/wp-content\/uploads\/2025\/07\/Leather-Working-Tools-Kit.jpg",679,688,false],"trp-custom-language-flag":["https:\/\/micterleather.com\/wp-content\/uploads\/2025\/07\/Leather-Working-Tools-Kit.jpg",12,12,false],"woocommerce_thumbnail":["https:\/\/micterleather.com\/wp-content\/uploads\/2025\/07\/Leather-Working-Tools-Kit-300x300.jpg",300,300,true],"woocommerce_single":["https:\/\/micterleather.com\/wp-content\/uploads\/2025\/07\/Leather-Working-Tools-Kit-600x608.jpg",600,608,true],"woocommerce_gallery_thumbnail":["https:\/\/micterleather.com\/wp-content\/uploads\/2025\/07\/Leather-Working-Tools-Kit-100x100.jpg",100,100,true]},"uagb_author_info":{"display_name":"micter","author_link":"https:\/\/micterleather.com\/pl\/author\/"},"uagb_comment_info":0,"uagb_excerpt":"Produktinformationen: Farbe Braun Thema Leder Ma\u00dfe 11,8 \u00d7 3,1 \u00d7 15,7 Zoll Materialien Metall, Kunststoff","_links":{"self":[{"href":"https:\/\/micterleather.com\/pl\/wp-json\/wp\/v2\/product\/3941","targetHints":{"allow":["GET"]}}],"collection":[{"href":"https:\/\/micterleather.com\/pl\/wp-json\/wp\/v2\/product"}],"about":[{"href":"https:\/\/micterleather.com\/pl\/wp-json\/wp\/v2\/types\/product"}],"wp:featuredmedia":[{"embeddable":true,"href":"https:\/\/micterleather.com\/pl\/wp-json\/wp\/v2\/media\/3518"}],"wp:attachment":[{"href":"https:\/\/micterleather.com\/pl\/wp-json\/wp\/v2\/media?parent=3941"}],"wp:term":[{"taxonomy":"product_brand","embeddable":true,"href":"https:\/\/micterleather.com\/pl\/wp-json\/wp\/v2\/product_brand?post=3941"},{"taxonomy":"product_cat","embeddable":true,"href":"https:\/\/micterleather.com\/pl\/wp-json\/wp\/v2\/product_cat?post=3941"},{"taxonomy":"product_tag","embeddable":true,"href":"https:\/\/micterleather.com\/pl\/wp-json\/wp\/v2\/product_tag?post=3941"}],"curies":[{"name":"wp","href":"https:\/\/api.w.org\/{rel}","templated":true}]}}