{"id":3938,"date":"2025-07-15T08:01:15","date_gmt":"2025-07-15T08:01:15","guid":{"rendered":"https:\/\/micterleather.com\/?post_type=product&#038;p=3938"},"modified":"2025-08-24T08:25:39","modified_gmt":"2025-08-24T08:25:39","slug":"leder-sofa-reparaturset","status":"publish","type":"product","link":"https:\/\/micterleather.com\/pl\/product\/uncategorized\/leder-sofa-reparaturset\/","title":{"rendered":"Zestaw do naprawy sof sk\u00f3rzanych"},"content":{"rendered":"<ul data-start=\"610\" data-end=\"1454\">\n<li data-start=\"610\" data-end=\"761\">\n<p data-start=\"612\" data-end=\"761\"><strong data-start=\"612\" data-end=\"646\">Kompletny zestaw do naprawy sk\u00f3ry:<\/strong> Zawiera wszystko, czego potrzebujesz do ma\u0142ych i du\u017cych napraw \u2013 z wysokiej jako\u015bci narz\u0119dziami i materia\u0142ami.<\/p>\n<\/li>\n<li data-start=\"762\" data-end=\"903\">\n<p data-start=\"764\" data-end=\"903\"><strong data-start=\"764\" data-end=\"791\">Wielokolorowe szpule nici:<\/strong> 12 wytrzyma\u0142ych szpul nici w r\u00f3\u017cnych kolorach, pasuj\u0105cych do r\u00f3\u017cnych rodzaj\u00f3w sk\u00f3ry i projekt\u00f3w.<\/p>\n<\/li>\n<li data-start=\"904\" data-end=\"1038\">\n<p data-start=\"906\" data-end=\"1038\"><strong data-start=\"906\" data-end=\"941\">Wszechstronne narz\u0119dzia do naprawy:<\/strong> Z ig\u0142ami, z\u0119bami do naprawy, ig\u0142\u0105 do szycia i narz\u0119dziem do wyka\u0144czania kraw\u0119dzi dla precyzyjnych i profesjonalnych efekt\u00f3w.<\/p>\n<\/li>\n<li data-start=\"1039\" data-end=\"1174\">\n<p data-start=\"1041\" data-end=\"1174\"><strong data-start=\"1041\" data-end=\"1075\">Idealne do wielu projekt\u00f3w sk\u00f3rzanych:<\/strong> Idealne do naprawy mebli sk\u00f3rzanych, kurtek, torebek, but\u00f3w, foteli samochodowych i wielu innych.<\/p>\n<\/li>\n<li data-start=\"1175\" data-end=\"1288\">\n<p data-start=\"1177\" data-end=\"1288\"><strong data-start=\"1177\" data-end=\"1204\">Szczeg\u00f3\u0142owa instrukcja:<\/strong> Z jasn\u0105 instrukcj\u0105 krok po kroku dla pocz\u0105tkuj\u0105cych i do\u015bwiadczonych rzemie\u015blnik\u00f3w.<\/p>\n<\/li>\n<li data-start=\"1289\" data-end=\"1454\">\n<p data-start=\"1291\" data-end=\"1454\"><strong data-start=\"1291\" data-end=\"1319\">Trwa\u0142e i niezawodne:<\/strong> Zapewnione do d\u0142ugotrwa\u0142ego u\u017cytkowania \u2013 z solidnymi narz\u0119dziami, niciami odporne na rozrywanie i specjalnie dopasowanymi klejami do sk\u00f3ry.<\/p>\n<\/li>\n<\/ul>","protected":false},"excerpt":{"rendered":"<table class=\"a-normal a-spacing-micro\" role=\"list\">\n<tbody>\n<tr class=\"a-spacing-small po-container.type\" role=\"listitem\">\n<td class=\"a-span3\" role=\"presentation\">Informacje o opakowaniu<\/td>\n<td class=\"a-span9\" role=\"presentation\">Torebka<\/td>\n<\/tr>\n<tr class=\"a-spacing-small po-included_components\" role=\"listitem\">\n<td class=\"a-span3\" role=\"presentation\">Zawarte komponenty (jak na zdj\u0119ciu)<\/td>\n<td class=\"a-span9\" role=\"presentation\">Zestaw do naprawy sk\u00f3ry, 12 szpul nici do szycia (w r\u00f3\u017cnych kolorach), 1 szt. \u015bciereczki do czyszczenia, 1 szt. farby do sk\u00f3ry, 1 szt. kleju do sk\u00f3ry, 1 szt. wosku, 1 szt. no\u017cyczek, 1 szt. ta\u015bmy mierniczej, 1 szt. \u015brodka ochronnego do sk\u00f3ry, 1 szt. instrukcji obs\u0142ugi, 1 szt. zestawu naprawczego (ig\u0142y, nici), 1 szt. linijki, 1 szt. narz\u0119dzia do wyka\u0144czania kraw\u0119dzi, 1 szt. ig\u0142y do szycia, 1 szt. szczypiec, 1 zestaw z\u0119b\u00f3w do naprawy, 1 szt. narz\u0119dzia typu stiletto, 1 szt. rurki do nawlekania, 1 szt. wiert\u0142a do otwor\u00f3w w sk\u00f3rze, 1 szt. stemple do sk\u00f3ry, 1 szt. narz\u0119dzia do naci\u0119\u0107, 1 szt. \u0142atki sk\u00f3rzanej.<\/td>\n<\/tr>\n<\/tbody>\n<\/table>","protected":false},"featured_media":3867,"template":"","meta":{"_uag_custom_page_level_css":"","site-sidebar-layout":"default","site-content-layout":"","ast-site-content-layout":"default","site-content-style":"default","site-sidebar-style":"default","ast-global-header-display":"","ast-banner-title-visibility":"","ast-main-header-display":"","ast-hfb-above-header-display":"","ast-hfb-below-header-display":"","ast-hfb-mobile-header-display":"","site-post-title":"","ast-breadcrumbs-content":"","ast-featured-img":"","footer-sml-layout":"","ast-disable-related-posts":"","theme-transparent-header-meta":"default","adv-header-id-meta":"","stick-header-meta":"","header-above-stick-meta":"","header-main-stick-meta":"","header-below-stick-meta":"","astra-migrate-meta-layouts":"set","ast-page-background-enabled":"default","ast-page-background-meta":{"desktop":{"background-color":"","background-image":"","background-repeat":"repeat","background-position":"center center","background-size":"auto","background-attachment":"scroll","background-type":"","background-media":"","overlay-type":"","overlay-color":"","overlay-opacity":"","overlay-gradient":""},"tablet":{"background-color":"","background-image":"","background-repeat":"repeat","background-position":"center center","background-size":"auto","background-attachment":"scroll","background-type":"","background-media":"","overlay-type":"","overlay-color":"","overlay-opacity":"","overlay-gradient":""},"mobile":{"background-color":"","background-image":"","background-repeat":"repeat","background-position":"center center","background-size":"auto","background-attachment":"scroll","background-type":"","background-media":"","overlay-type":"","overlay-color":"","overlay-opacity":"","overlay-gradient":""}},"ast-content-background-meta":{"desktop":{"background-color":"var(--ast-global-color-5)","background-image":"","background-repeat":"repeat","background-position":"center center","background-size":"auto","background-attachment":"scroll","background-type":"","background-media":"","overlay-type":"","overlay-color":"","overlay-opacity":"","overlay-gradient":""},"tablet":{"background-color":"var(--ast-global-color-5)","background-image":"","background-repeat":"repeat","background-position":"center center","background-size":"auto","background-attachment":"scroll","background-type":"","background-media":"","overlay-type":"","overlay-color":"","overlay-opacity":"","overlay-gradient":""},"mobile":{"background-color":"var(--ast-global-color-5)","background-image":"","background-repeat":"repeat","background-position":"center center","background-size":"auto","background-attachment":"scroll","background-type":"","background-media":"","overlay-type":"","overlay-color":"","overlay-opacity":"","overlay-gradient":""}}},"product_brand":[],"product_cat":[15],"product_tag":[],"class_list":{"0":"post-3938","1":"product","2":"type-product","3":"status-publish","4":"has-post-thumbnail","6":"product_cat-uncategorized","7":"desktop-align-left","8":"tablet-align-left","9":"mobile-align-left","11":"first","12":"instock","13":"sale","14":"shipping-taxable","15":"purchasable","16":"product-type-simple"},"uagb_featured_image_src":{"full":["https:\/\/micterleather.com\/wp-content\/uploads\/2025\/08\/leather-sofa-repair-kit.webp",800,800,false],"thumbnail":["https:\/\/micterleather.com\/wp-content\/uploads\/2025\/08\/leather-sofa-repair-kit-150x150.webp",150,150,true],"medium":["https:\/\/micterleather.com\/wp-content\/uploads\/2025\/08\/leather-sofa-repair-kit-300x300.webp",300,300,true],"medium_large":["https:\/\/micterleather.com\/wp-content\/uploads\/2025\/08\/leather-sofa-repair-kit-768x768.webp",768,768,true],"large":["https:\/\/micterleather.com\/wp-content\/uploads\/2025\/08\/leather-sofa-repair-kit.webp",800,800,false],"1536x1536":["https:\/\/micterleather.com\/wp-content\/uploads\/2025\/08\/leather-sofa-repair-kit.webp",800,800,false],"2048x2048":["https:\/\/micterleather.com\/wp-content\/uploads\/2025\/08\/leather-sofa-repair-kit.webp",800,800,false],"trp-custom-language-flag":["https:\/\/micterleather.com\/wp-content\/uploads\/2025\/08\/leather-sofa-repair-kit.webp",12,12,false],"woocommerce_thumbnail":["https:\/\/micterleather.com\/wp-content\/uploads\/2025\/08\/leather-sofa-repair-kit-300x300.webp",300,300,true],"woocommerce_single":["https:\/\/micterleather.com\/wp-content\/uploads\/2025\/08\/leather-sofa-repair-kit-600x600.webp",600,600,true],"woocommerce_gallery_thumbnail":["https:\/\/micterleather.com\/wp-content\/uploads\/2025\/08\/leather-sofa-repair-kit-100x100.webp",100,100,true]},"uagb_author_info":{"display_name":"micter","author_link":"https:\/\/micterleather.com\/pl\/author\/"},"uagb_comment_info":0,"uagb_excerpt":"Informationen zur Verpackung Tasche Enthaltene Komponenten (wie auf dem Bild gezeigt) 1 x Lederreparatur-Set, 12 x Spulen N\u00e4hgarn (verschiedene Farben), 1 x Reinigungstuch, 1 x Lederfarbe, 1 x Lederkleber, 1 x Wachs, 1 x Schere, 1 x Ma\u00dfband, 1 x Leder-Schutzmittel, 1 x Bedienungsanleitung, 1 x Reparaturset (Nadeln, Garne), 1 x Lineal, 1 x Kantenbearbeiter,&hellip;","_links":{"self":[{"href":"https:\/\/micterleather.com\/pl\/wp-json\/wp\/v2\/product\/3938","targetHints":{"allow":["GET"]}}],"collection":[{"href":"https:\/\/micterleather.com\/pl\/wp-json\/wp\/v2\/product"}],"about":[{"href":"https:\/\/micterleather.com\/pl\/wp-json\/wp\/v2\/types\/product"}],"wp:featuredmedia":[{"embeddable":true,"href":"https:\/\/micterleather.com\/pl\/wp-json\/wp\/v2\/media\/3867"}],"wp:attachment":[{"href":"https:\/\/micterleather.com\/pl\/wp-json\/wp\/v2\/media?parent=3938"}],"wp:term":[{"taxonomy":"product_brand","embeddable":true,"href":"https:\/\/micterleather.com\/pl\/wp-json\/wp\/v2\/product_brand?post=3938"},{"taxonomy":"product_cat","embeddable":true,"href":"https:\/\/micterleather.com\/pl\/wp-json\/wp\/v2\/product_cat?post=3938"},{"taxonomy":"product_tag","embeddable":true,"href":"https:\/\/micterleather.com\/pl\/wp-json\/wp\/v2\/product_tag?post=3938"}],"curies":[{"name":"wp","href":"https:\/\/api.w.org\/{rel}","templated":true}]}}