{"id":3911,"date":"2025-07-19T11:55:12","date_gmt":"2025-07-19T11:55:12","guid":{"rendered":"https:\/\/micterleather.com\/?post_type=product&#038;p=3911"},"modified":"2025-08-24T08:25:39","modified_gmt":"2025-08-24T08:25:39","slug":"kit-de-reparation-de-canape-en-cuir-2","status":"publish","type":"product","link":"https:\/\/micterleather.com\/pl\/product\/uncategorized\/kit-de-reparation-de-canape-en-cuir-2\/","title":{"rendered":"Zestaw naprawczy do sk\u00f3rzanej sofy"},"content":{"rendered":"<p data-start=\"559\" data-end=\"740\"><strong data-start=\"559\" data-end=\"596\">Kompletny zestaw do naprawy sk\u00f3ry<\/strong> : Zawiera wszystko, co potrzebne do napraw zar\u00f3wno drobnych, jak i du\u017cych uszkodze\u0144 sk\u00f3ry, z narz\u0119dziami i materia\u0142ami wysokiej jako\u015bci.<\/p>\n<p data-start=\"742\" data-end=\"883\"><strong data-start=\"742\" data-end=\"770\">Wielorazowe szpulki nici<\/strong> : 12 trwa\u0142ych szpulek nici w r\u00f3\u017cnych kolorach, aby dopasowa\u0107 do r\u00f3\u017cnych rodzaj\u00f3w sk\u00f3ry i projekt\u00f3w.<\/p>\n<p data-start=\"885\" data-end=\"1086\"><strong data-start=\"885\" data-end=\"921\">Uniwersalne narz\u0119dzia do naprawy<\/strong> : Comprend des outils tels que des aiguilles, un poin\u00e7on \u00e0 dents, un poin\u00e7on de couture, et un \u00e9bavureur d\u2019ar\u00eates pour des r\u00e9parations pr\u00e9cises et professionnelles.<\/p>\n<p data-start=\"1088\" data-end=\"1242\"><strong data-start=\"1088\" data-end=\"1125\">Idealne do r\u00f3\u017cnych projekt\u00f3w ze sk\u00f3ry<\/strong> : Doskona\u0142e do naprawy mebli sk\u00f3rzanych, kurtek, torebek, but\u00f3w, siedze\u0144 samochodowych i wielu innych.<\/p>\n<p data-start=\"1244\" data-end=\"1380\"><strong data-start=\"1244\" data-end=\"1278\">Manuel d\u2019instructions d\u00e9taill\u00e9<\/strong> : Inclut un guide d\u2019instructions sur les outils de base pour les d\u00e9butants et les artisans confirm\u00e9s.<\/p>\n<p data-start=\"1382\" data-end=\"1523\" data-is-last-node=\"\" data-is-only-node=\"\"><strong data-start=\"1382\" data-end=\"1412\">Trwa\u0142e i d\u0142ugotrwa\u0142e<\/strong> : Zaprojektowane do d\u0142ugotrwa\u0142ego u\u017cytku z mocnymi ni\u0107mi, solidnymi narz\u0119dziami i odpowiednimi klejami do sk\u00f3ry.<\/p>","protected":false},"excerpt":{"rendered":"<table class=\"a-normal a-spacing-micro\" style=\"font-size: 16px; font-style: normal;\" role=\"list\">\n<tbody>\n<tr class=\"a-spacing-small po-container.type\" role=\"listitem\">\n<td class=\"a-span3\" role=\"presentation\"><span class=\"a-size-base a-text-bold\">Informacje o paczce<\/span><\/td>\n<td class=\"a-span9\" role=\"presentation\">Torba<\/td>\n<\/tr>\n<tr class=\"a-spacing-small po-included_components\" role=\"listitem\">\n<td class=\"a-span3\" role=\"presentation\">Zawarte komponenty (jak pokazano na obrazku)<\/td>\n<td class=\"a-span9\" role=\"presentation\">1 x Kit de r\u00e9paration de cuir, 12 x Bobines de fil (couleurs vari\u00e9es), 1 x Chiffon de nettoyage, 1 x Teinture pour cuir, 1 x Colle pour cuir, 1 x Cire, 1 x Ciseaux, 1 x Ruban de mesure, 1 x Protecteur pour cuir, 1 x Manuel d\u2019instructions, 1 x Kit de r\u00e9paration (aiguilles, fils), 1 x R\u00e8gle, 1 x \u00c9bavureur d\u2019ar\u00eates, 1 x Poin\u00e7on de couture, 1 x Pince, 1 x Set de poin\u00e7ons \u00e0 dents, 1 x Outil stiletto, 1 x Tube pour enfilage, 1 x Perceuse \u00e0 trous pour cuir, 1 x Tampon de cuir, 1 x Outil \u00e0 rainurer, 1 x Patch en cuir.<\/td>\n<\/tr>\n<\/tbody>\n<\/table>","protected":false},"featured_media":3867,"template":"","meta":{"_uag_custom_page_level_css":"","site-sidebar-layout":"default","site-content-layout":"","ast-site-content-layout":"default","site-content-style":"default","site-sidebar-style":"default","ast-global-header-display":"","ast-banner-title-visibility":"","ast-main-header-display":"","ast-hfb-above-header-display":"","ast-hfb-below-header-display":"","ast-hfb-mobile-header-display":"","site-post-title":"","ast-breadcrumbs-content":"","ast-featured-img":"","footer-sml-layout":"","ast-disable-related-posts":"","theme-transparent-header-meta":"default","adv-header-id-meta":"","stick-header-meta":"","header-above-stick-meta":"","header-main-stick-meta":"","header-below-stick-meta":"","astra-migrate-meta-layouts":"set","ast-page-background-enabled":"default","ast-page-background-meta":{"desktop":{"background-color":"","background-image":"","background-repeat":"repeat","background-position":"center center","background-size":"auto","background-attachment":"scroll","background-type":"","background-media":"","overlay-type":"","overlay-color":"","overlay-opacity":"","overlay-gradient":""},"tablet":{"background-color":"","background-image":"","background-repeat":"repeat","background-position":"center center","background-size":"auto","background-attachment":"scroll","background-type":"","background-media":"","overlay-type":"","overlay-color":"","overlay-opacity":"","overlay-gradient":""},"mobile":{"background-color":"","background-image":"","background-repeat":"repeat","background-position":"center center","background-size":"auto","background-attachment":"scroll","background-type":"","background-media":"","overlay-type":"","overlay-color":"","overlay-opacity":"","overlay-gradient":""}},"ast-content-background-meta":{"desktop":{"background-color":"var(--ast-global-color-5)","background-image":"","background-repeat":"repeat","background-position":"center center","background-size":"auto","background-attachment":"scroll","background-type":"","background-media":"","overlay-type":"","overlay-color":"","overlay-opacity":"","overlay-gradient":""},"tablet":{"background-color":"var(--ast-global-color-5)","background-image":"","background-repeat":"repeat","background-position":"center center","background-size":"auto","background-attachment":"scroll","background-type":"","background-media":"","overlay-type":"","overlay-color":"","overlay-opacity":"","overlay-gradient":""},"mobile":{"background-color":"var(--ast-global-color-5)","background-image":"","background-repeat":"repeat","background-position":"center center","background-size":"auto","background-attachment":"scroll","background-type":"","background-media":"","overlay-type":"","overlay-color":"","overlay-opacity":"","overlay-gradient":""}}},"product_brand":[],"product_cat":[15],"product_tag":[],"class_list":{"0":"post-3911","1":"product","2":"type-product","3":"status-publish","4":"has-post-thumbnail","6":"product_cat-uncategorized","7":"desktop-align-left","8":"tablet-align-left","9":"mobile-align-left","11":"first","12":"instock","13":"sale","14":"shipping-taxable","15":"purchasable","16":"product-type-simple"},"uagb_featured_image_src":{"full":["https:\/\/micterleather.com\/wp-content\/uploads\/2025\/08\/leather-sofa-repair-kit.webp",800,800,false],"thumbnail":["https:\/\/micterleather.com\/wp-content\/uploads\/2025\/08\/leather-sofa-repair-kit-150x150.webp",150,150,true],"medium":["https:\/\/micterleather.com\/wp-content\/uploads\/2025\/08\/leather-sofa-repair-kit-300x300.webp",300,300,true],"medium_large":["https:\/\/micterleather.com\/wp-content\/uploads\/2025\/08\/leather-sofa-repair-kit-768x768.webp",768,768,true],"large":["https:\/\/micterleather.com\/wp-content\/uploads\/2025\/08\/leather-sofa-repair-kit.webp",800,800,false],"1536x1536":["https:\/\/micterleather.com\/wp-content\/uploads\/2025\/08\/leather-sofa-repair-kit.webp",800,800,false],"2048x2048":["https:\/\/micterleather.com\/wp-content\/uploads\/2025\/08\/leather-sofa-repair-kit.webp",800,800,false],"trp-custom-language-flag":["https:\/\/micterleather.com\/wp-content\/uploads\/2025\/08\/leather-sofa-repair-kit.webp",12,12,false],"woocommerce_thumbnail":["https:\/\/micterleather.com\/wp-content\/uploads\/2025\/08\/leather-sofa-repair-kit-300x300.webp",300,300,true],"woocommerce_single":["https:\/\/micterleather.com\/wp-content\/uploads\/2025\/08\/leather-sofa-repair-kit-600x600.webp",600,600,true],"woocommerce_gallery_thumbnail":["https:\/\/micterleather.com\/wp-content\/uploads\/2025\/08\/leather-sofa-repair-kit-100x100.webp",100,100,true]},"uagb_author_info":{"display_name":"micter","author_link":"https:\/\/micterleather.com\/pl\/author\/"},"uagb_comment_info":0,"uagb_excerpt":"Informations sur le paquet Sac Composants inclus (comme montr\u00e9 sur l\u2019image) 1 x Kit de r\u00e9paration de cuir, 12 x Bobines de fil (couleurs vari\u00e9es), 1 x Chiffon de nettoyage, 1 x Teinture pour cuir, 1 x Colle pour cuir, 1 x Cire, 1 x Ciseaux, 1 x Ruban de mesure, 1 x Protecteur pour&hellip;","_links":{"self":[{"href":"https:\/\/micterleather.com\/pl\/wp-json\/wp\/v2\/product\/3911","targetHints":{"allow":["GET"]}}],"collection":[{"href":"https:\/\/micterleather.com\/pl\/wp-json\/wp\/v2\/product"}],"about":[{"href":"https:\/\/micterleather.com\/pl\/wp-json\/wp\/v2\/types\/product"}],"wp:featuredmedia":[{"embeddable":true,"href":"https:\/\/micterleather.com\/pl\/wp-json\/wp\/v2\/media\/3867"}],"wp:attachment":[{"href":"https:\/\/micterleather.com\/pl\/wp-json\/wp\/v2\/media?parent=3911"}],"wp:term":[{"taxonomy":"product_brand","embeddable":true,"href":"https:\/\/micterleather.com\/pl\/wp-json\/wp\/v2\/product_brand?post=3911"},{"taxonomy":"product_cat","embeddable":true,"href":"https:\/\/micterleather.com\/pl\/wp-json\/wp\/v2\/product_cat?post=3911"},{"taxonomy":"product_tag","embeddable":true,"href":"https:\/\/micterleather.com\/pl\/wp-json\/wp\/v2\/product_tag?post=3911"}],"curies":[{"name":"wp","href":"https:\/\/api.w.org\/{rel}","templated":true}]}}