{"id":3909,"date":"2025-07-19T11:52:32","date_gmt":"2025-07-19T11:52:32","guid":{"rendered":"https:\/\/micterleather.com\/?post_type=product&#038;p=3909"},"modified":"2025-08-24T08:26:05","modified_gmt":"2025-08-24T08:26:05","slug":"kit-doutils-pour-couture-manuelle-du-cuir-35-pieces","status":"publish","type":"product","link":"https:\/\/micterleather.com\/pl\/product\/uncategorized\/kit-doutils-pour-couture-manuelle-du-cuir-35-pieces\/","title":{"rendered":"Kit d\u2019outils pour couture manuelle du cuir 35 pi\u00e8ces"},"content":{"rendered":"<p data-start=\"568\" data-end=\"684\"><strong data-start=\"568\" data-end=\"604\">Kompletny zestaw do szycia sk\u00f3r<\/strong> \u2013 Zawiera ig\u0142y, pr\u00f3bki, nici i niezb\u0119dne akcesoria.<\/p>\n<p data-start=\"686\" data-end=\"791\"><strong data-start=\"686\" data-end=\"707\">Wytrzyma\u0142y i solidny<\/strong> \u2013 Ig\u0142y i pr\u00f3bki stalowe do naprawy sk\u00f3ry, p\u0142\u00f3tna i grubych tkanin.<\/p>\n<p data-start=\"793\" data-end=\"888\"><strong data-start=\"793\" data-end=\"816\">Vari\u00e9t\u00e9 d\u2019aiguilles<\/strong> \u2013 Proste i krzywizne ig\u0142y do wszechstronnych potrzeb szycia.<\/p>\n<p data-start=\"890\" data-end=\"994\"><strong data-start=\"890\" data-end=\"919\">Woskowane nici w 12 kolorach<\/strong> \u2013 Wytrzyma\u0142e nici, odporne na zu\u017cycie, idealne do projekt\u00f3w DIY z sk\u00f3r\u0105.<\/p>\n<p data-start=\"996\" data-end=\"1141\"><strong data-start=\"996\" data-end=\"1017\">\u0141atwy w u\u017cyciu<\/strong> \u2013 Drewniane r\u0105czki dla wygodnego uchwytu, z do\u0142\u0105czonymi ig\u0142ami i b\u0119benkami do szycia dla p\u0142ynnego szycia.<\/p>\n<p data-start=\"1143\" data-end=\"1295\" data-is-last-node=\"\" data-is-only-node=\"\"><strong data-start=\"1143\" data-end=\"1166\">Idealny do DIY<\/strong> \u2013 Doskona\u0142y do naprawy toreb sk\u00f3rzanych, but\u00f3w, portfeli, pask\u00f3w, namiot\u00f3w i tkanin meblowych.<\/p>","protected":false},"excerpt":{"rendered":"<table class=\"a-normal a-spacing-micro\" role=\"list\">\n<tbody>\n<tr class=\"a-spacing-small po-container.type\" role=\"listitem\">\n<td class=\"a-span3\" role=\"presentation\"><span class=\"a-size-base a-text-bold\">Informacje o paczce<\/span><\/td>\n<td class=\"a-span9\" role=\"presentation\">Torba<\/td>\n<\/tr>\n<tr class=\"a-spacing-small po-included_components\" role=\"listitem\">\n<td class=\"a-span3\" role=\"presentation\">Zawarte komponenty (jak pokazano na obrazku)<\/td>\n<td class=\"a-span9\" role=\"presentation\">1 \u00d7 Miarka 150 cm\/60 cali, 1 \u00d7 Szpilki do szycia, 1 \u00d7 Niteczka do nawlekania, 1 \u00d7 Rozpruwacz, 1 \u00d7 N\u00f3\u017c U, 1 \u00d7 Ig\u0142a zakrzywiona (3,3 cm\/1,3 cala), 1 \u00d7 Ig\u0142a zakrzywiona (5,5 cm\/2,2 cala), 1 \u00d7 Ig\u0142a prosta (9 cm\/3,5 cala), 1 \u00d7 Ig\u0142a prosta (7,5 cm\/3,0 cala), 1 \u00d7 Ig\u0142a prosta (5,8 cm\/2,3 cala), 1 \u00d7 Ig\u0142a prosta (4,3 cm\/1,7 cala), 1 \u00d7 Przecinak (11,5 cm\/4,5 cala), 1 \u00d7 Przecinak (13 cm\/5,1 cala), 1 \u00d7 Przecinak z drewnian\u0105 r\u0105czk\u0105 (13 cm\/5,1 cala), 12 \u00d7 Nitek do szycia (r\u00f3\u017cne kolory, 8,5 cm\/3,35 cala na szpulk\u0119)<\/td>\n<\/tr>\n<\/tbody>\n<\/table>","protected":false},"featured_media":3858,"template":"","meta":{"_uag_custom_page_level_css":"","site-sidebar-layout":"default","site-content-layout":"","ast-site-content-layout":"default","site-content-style":"default","site-sidebar-style":"default","ast-global-header-display":"","ast-banner-title-visibility":"","ast-main-header-display":"","ast-hfb-above-header-display":"","ast-hfb-below-header-display":"","ast-hfb-mobile-header-display":"","site-post-title":"","ast-breadcrumbs-content":"","ast-featured-img":"","footer-sml-layout":"","ast-disable-related-posts":"","theme-transparent-header-meta":"default","adv-header-id-meta":"","stick-header-meta":"","header-above-stick-meta":"","header-main-stick-meta":"","header-below-stick-meta":"","astra-migrate-meta-layouts":"set","ast-page-background-enabled":"default","ast-page-background-meta":{"desktop":{"background-color":"","background-image":"","background-repeat":"repeat","background-position":"center center","background-size":"auto","background-attachment":"scroll","background-type":"","background-media":"","overlay-type":"","overlay-color":"","overlay-opacity":"","overlay-gradient":""},"tablet":{"background-color":"","background-image":"","background-repeat":"repeat","background-position":"center center","background-size":"auto","background-attachment":"scroll","background-type":"","background-media":"","overlay-type":"","overlay-color":"","overlay-opacity":"","overlay-gradient":""},"mobile":{"background-color":"","background-image":"","background-repeat":"repeat","background-position":"center center","background-size":"auto","background-attachment":"scroll","background-type":"","background-media":"","overlay-type":"","overlay-color":"","overlay-opacity":"","overlay-gradient":""}},"ast-content-background-meta":{"desktop":{"background-color":"var(--ast-global-color-5)","background-image":"","background-repeat":"repeat","background-position":"center center","background-size":"auto","background-attachment":"scroll","background-type":"","background-media":"","overlay-type":"","overlay-color":"","overlay-opacity":"","overlay-gradient":""},"tablet":{"background-color":"var(--ast-global-color-5)","background-image":"","background-repeat":"repeat","background-position":"center center","background-size":"auto","background-attachment":"scroll","background-type":"","background-media":"","overlay-type":"","overlay-color":"","overlay-opacity":"","overlay-gradient":""},"mobile":{"background-color":"var(--ast-global-color-5)","background-image":"","background-repeat":"repeat","background-position":"center center","background-size":"auto","background-attachment":"scroll","background-type":"","background-media":"","overlay-type":"","overlay-color":"","overlay-opacity":"","overlay-gradient":""}}},"product_brand":[],"product_cat":[15],"product_tag":[],"class_list":{"0":"post-3909","1":"product","2":"type-product","3":"status-publish","4":"has-post-thumbnail","6":"product_cat-uncategorized","7":"desktop-align-left","8":"tablet-align-left","9":"mobile-align-left","11":"first","12":"instock","13":"sale","14":"shipping-taxable","15":"purchasable","16":"product-type-simple"},"uagb_featured_image_src":{"full":["https:\/\/micterleather.com\/wp-content\/uploads\/2025\/08\/27-set-leather-hand-stitching-tools.webp",800,800,false],"thumbnail":["https:\/\/micterleather.com\/wp-content\/uploads\/2025\/08\/27-set-leather-hand-stitching-tools-150x150.webp",150,150,true],"medium":["https:\/\/micterleather.com\/wp-content\/uploads\/2025\/08\/27-set-leather-hand-stitching-tools-300x300.webp",300,300,true],"medium_large":["https:\/\/micterleather.com\/wp-content\/uploads\/2025\/08\/27-set-leather-hand-stitching-tools-768x768.webp",768,768,true],"large":["https:\/\/micterleather.com\/wp-content\/uploads\/2025\/08\/27-set-leather-hand-stitching-tools.webp",800,800,false],"1536x1536":["https:\/\/micterleather.com\/wp-content\/uploads\/2025\/08\/27-set-leather-hand-stitching-tools.webp",800,800,false],"2048x2048":["https:\/\/micterleather.com\/wp-content\/uploads\/2025\/08\/27-set-leather-hand-stitching-tools.webp",800,800,false],"trp-custom-language-flag":["https:\/\/micterleather.com\/wp-content\/uploads\/2025\/08\/27-set-leather-hand-stitching-tools.webp",12,12,false],"woocommerce_thumbnail":["https:\/\/micterleather.com\/wp-content\/uploads\/2025\/08\/27-set-leather-hand-stitching-tools-300x300.webp",300,300,true],"woocommerce_single":["https:\/\/micterleather.com\/wp-content\/uploads\/2025\/08\/27-set-leather-hand-stitching-tools-600x600.webp",600,600,true],"woocommerce_gallery_thumbnail":["https:\/\/micterleather.com\/wp-content\/uploads\/2025\/08\/27-set-leather-hand-stitching-tools-100x100.webp",100,100,true]},"uagb_author_info":{"display_name":"micter","author_link":"https:\/\/micterleather.com\/pl\/author\/"},"uagb_comment_info":0,"uagb_excerpt":"Informations sur le paquet Sac Composants inclus (comme montr\u00e9 sur l\u2019image) 1 \u00d7 Ruban de mesure 150 cm\/60 in, 1 \u00d7 D\u00e9s \u00e0 coudre, 1 \u00d7 Enfile-aiguille, 1 \u00d7 D\u00e9couseur, 1 \u00d7 Cutter en forme de U, 1 \u00d7 Aiguille courbe (3,3 cm\/1,3 in), 1 \u00d7 Aiguille courbe (5,5 cm\/2,2 in), 1 \u00d7 Aiguille droite&hellip;","_links":{"self":[{"href":"https:\/\/micterleather.com\/pl\/wp-json\/wp\/v2\/product\/3909","targetHints":{"allow":["GET"]}}],"collection":[{"href":"https:\/\/micterleather.com\/pl\/wp-json\/wp\/v2\/product"}],"about":[{"href":"https:\/\/micterleather.com\/pl\/wp-json\/wp\/v2\/types\/product"}],"wp:featuredmedia":[{"embeddable":true,"href":"https:\/\/micterleather.com\/pl\/wp-json\/wp\/v2\/media\/3858"}],"wp:attachment":[{"href":"https:\/\/micterleather.com\/pl\/wp-json\/wp\/v2\/media?parent=3909"}],"wp:term":[{"taxonomy":"product_brand","embeddable":true,"href":"https:\/\/micterleather.com\/pl\/wp-json\/wp\/v2\/product_brand?post=3909"},{"taxonomy":"product_cat","embeddable":true,"href":"https:\/\/micterleather.com\/pl\/wp-json\/wp\/v2\/product_cat?post=3909"},{"taxonomy":"product_tag","embeddable":true,"href":"https:\/\/micterleather.com\/pl\/wp-json\/wp\/v2\/product_tag?post=3909"}],"curies":[{"name":"wp","href":"https:\/\/api.w.org\/{rel}","templated":true}]}}