{"id":3908,"date":"2025-07-19T11:52:28","date_gmt":"2025-07-19T11:52:28","guid":{"rendered":"https:\/\/micterleather.com\/?post_type=product&#038;p=3908"},"modified":"2025-08-24T08:27:45","modified_gmt":"2025-08-24T08:27:45","slug":"kit-doutils-pour-le-cuir-micter-23-pieces","status":"publish","type":"product","link":"https:\/\/micterleather.com\/pl\/product\/uncategorized\/kit-doutils-pour-le-cuir-micter-23-pieces\/","title":{"rendered":"Kit d\u2019outils pour le cuir Micter 23 pi\u00e8ces"},"content":{"rendered":"<p data-start=\"455\" data-end=\"641\"><strong data-start=\"455\" data-end=\"501\">Komplet do szycia sk\u00f3ry 23 element\u00f3w<\/strong> \u2013 Zestaw kompletny zawieraj\u0105cy gwo\u017adziki, ig\u0142y, no\u017cyczki, szpatu\u0142k\u0119 do szycia, dziurkacz i 12 nici woskowanych.<\/p>\n<p data-start=\"643\" data-end=\"775\"><strong data-start=\"643\" data-end=\"666\">Wytrzyma\u0142e nici woskowane<\/strong> \u2013 12 szpul kolor\u00f3w dopasowanych, solidne i wytrzyma\u0142e, idealne do sk\u00f3ry, p\u0142\u00f3tna i mebli.<\/p>\n<p data-start=\"777\" data-end=\"929\"><strong data-start=\"777\" data-end=\"800\">Vari\u00e9t\u00e9 d\u2019aiguilles<\/strong> \u2013 Zawiera wzmocnione ig\u0142y proste, ig\u0142y k\u0142uj\u0105ce i tubk\u0119 do przechowywania igie\u0142 dla wi\u0119kszego bezpiecze\u0144stwa.<\/p>\n<p data-start=\"931\" data-end=\"1071\"><strong data-start=\"931\" data-end=\"959\">Podstawowe narz\u0119dzia w zestawie<\/strong> \u2013 Szyd\u0142o z drewnian\u0105 r\u0105czk\u0105 do przek\u0142uwania, no\u017cyczki do nici, naparstek i rozpruwacz dla wygody u\u017cytkowania.<\/p>\n<p data-start=\"1073\" data-end=\"1213\"><strong data-start=\"1073\" data-end=\"1097\">Przeno\u015bny i zorganizowany<\/strong> \u2013 Wszystkie narz\u0119dzia i nici s\u0105 przechowywane w kompaktowej etui z zameczkiem, \u0142atwe do przenoszenia i przechowywania.<\/p>\n<p data-start=\"1215\" data-end=\"1401\" data-is-last-node=\"\" data-is-only-node=\"\"><strong data-start=\"1215\" data-end=\"1239\">R\u00f3\u017cnorodne zastosowania<\/strong> \u2013 Idealny do naprawy portfeli, pask\u00f3w, torebek, but\u00f3w, foteli samochodowych, namiot\u00f3w, sof i innych ci\u0119\u017ckich tkanin.<\/p>","protected":false},"excerpt":{"rendered":"<table class=\"a-normal a-spacing-micro\" role=\"list\">\n<tbody>\n<tr class=\"a-spacing-small po-container.type\" role=\"listitem\">\n<td class=\"a-span3\" role=\"presentation\"><span class=\"a-size-base a-text-bold\">Informacje o paczce<\/span><\/td>\n<td class=\"a-span9\" role=\"presentation\">Torba<\/td>\n<\/tr>\n<tr class=\"a-spacing-small po-included_components\" role=\"listitem\">\n<td class=\"a-span3\" role=\"presentation\">Zawarte komponenty (jak pokazano na obrazku)<\/td>\n<td class=\"a-span9\" role=\"presentation\">1 \u00d7 Szyd\u0142o z drewnian\u0105 r\u0105czk\u0105, 1 \u00d7 Metalowy naparstek, 1 \u00d7 Rozpruwacz, 1 \u00d7 No\u017cyczki do nici, 1 \u00d7 Nawlekacz do igie\u0142, 1 \u00d7 Tubka do przechowywania igie\u0142 (z zielon\u0105 nakr\u0119tk\u0105), 6 \u00d7 Wzmocnione ig\u0142y do szycia r\u0119cznego, 2 \u00d7 Ig\u0142y zakrzywione, 12 \u00d7 Nici woskowane (r\u00f3\u017cne kolory: br\u0105zowy, bia\u0142y, szary, czarny, ciemnobr\u0105zowy, jasnobr\u0105zowy, niebieski, zielony, r\u00f3\u017cowy itp.), 1 \u00d7 Etui transportowe z zamkiem b\u0142yskawicznym<\/td>\n<\/tr>\n<\/tbody>\n<\/table>","protected":false},"featured_media":3856,"template":"","meta":{"_uag_custom_page_level_css":"","site-sidebar-layout":"default","site-content-layout":"","ast-site-content-layout":"default","site-content-style":"default","site-sidebar-style":"default","ast-global-header-display":"","ast-banner-title-visibility":"","ast-main-header-display":"","ast-hfb-above-header-display":"","ast-hfb-below-header-display":"","ast-hfb-mobile-header-display":"","site-post-title":"","ast-breadcrumbs-content":"","ast-featured-img":"","footer-sml-layout":"","ast-disable-related-posts":"","theme-transparent-header-meta":"default","adv-header-id-meta":"","stick-header-meta":"","header-above-stick-meta":"","header-main-stick-meta":"","header-below-stick-meta":"","astra-migrate-meta-layouts":"set","ast-page-background-enabled":"default","ast-page-background-meta":{"desktop":{"background-color":"","background-image":"","background-repeat":"repeat","background-position":"center center","background-size":"auto","background-attachment":"scroll","background-type":"","background-media":"","overlay-type":"","overlay-color":"","overlay-opacity":"","overlay-gradient":""},"tablet":{"background-color":"","background-image":"","background-repeat":"repeat","background-position":"center center","background-size":"auto","background-attachment":"scroll","background-type":"","background-media":"","overlay-type":"","overlay-color":"","overlay-opacity":"","overlay-gradient":""},"mobile":{"background-color":"","background-image":"","background-repeat":"repeat","background-position":"center center","background-size":"auto","background-attachment":"scroll","background-type":"","background-media":"","overlay-type":"","overlay-color":"","overlay-opacity":"","overlay-gradient":""}},"ast-content-background-meta":{"desktop":{"background-color":"var(--ast-global-color-5)","background-image":"","background-repeat":"repeat","background-position":"center center","background-size":"auto","background-attachment":"scroll","background-type":"","background-media":"","overlay-type":"","overlay-color":"","overlay-opacity":"","overlay-gradient":""},"tablet":{"background-color":"var(--ast-global-color-5)","background-image":"","background-repeat":"repeat","background-position":"center center","background-size":"auto","background-attachment":"scroll","background-type":"","background-media":"","overlay-type":"","overlay-color":"","overlay-opacity":"","overlay-gradient":""},"mobile":{"background-color":"var(--ast-global-color-5)","background-image":"","background-repeat":"repeat","background-position":"center center","background-size":"auto","background-attachment":"scroll","background-type":"","background-media":"","overlay-type":"","overlay-color":"","overlay-opacity":"","overlay-gradient":""}}},"product_brand":[],"product_cat":[15],"product_tag":[],"class_list":{"0":"post-3908","1":"product","2":"type-product","3":"status-publish","4":"has-post-thumbnail","6":"product_cat-uncategorized","7":"desktop-align-left","8":"tablet-align-left","9":"mobile-align-left","11":"first","12":"instock","13":"sale","14":"shipping-taxable","15":"purchasable","16":"product-type-simple"},"uagb_featured_image_src":{"full":["https:\/\/micterleather.com\/wp-content\/uploads\/2025\/08\/23-Set-Micter-leather-tools.webp",800,800,false],"thumbnail":["https:\/\/micterleather.com\/wp-content\/uploads\/2025\/08\/23-Set-Micter-leather-tools-150x150.webp",150,150,true],"medium":["https:\/\/micterleather.com\/wp-content\/uploads\/2025\/08\/23-Set-Micter-leather-tools-300x300.webp",300,300,true],"medium_large":["https:\/\/micterleather.com\/wp-content\/uploads\/2025\/08\/23-Set-Micter-leather-tools-768x768.webp",768,768,true],"large":["https:\/\/micterleather.com\/wp-content\/uploads\/2025\/08\/23-Set-Micter-leather-tools.webp",800,800,false],"1536x1536":["https:\/\/micterleather.com\/wp-content\/uploads\/2025\/08\/23-Set-Micter-leather-tools.webp",800,800,false],"2048x2048":["https:\/\/micterleather.com\/wp-content\/uploads\/2025\/08\/23-Set-Micter-leather-tools.webp",800,800,false],"trp-custom-language-flag":["https:\/\/micterleather.com\/wp-content\/uploads\/2025\/08\/23-Set-Micter-leather-tools.webp",12,12,false],"woocommerce_thumbnail":["https:\/\/micterleather.com\/wp-content\/uploads\/2025\/08\/23-Set-Micter-leather-tools-300x300.webp",300,300,true],"woocommerce_single":["https:\/\/micterleather.com\/wp-content\/uploads\/2025\/08\/23-Set-Micter-leather-tools-600x600.webp",600,600,true],"woocommerce_gallery_thumbnail":["https:\/\/micterleather.com\/wp-content\/uploads\/2025\/08\/23-Set-Micter-leather-tools-100x100.webp",100,100,true]},"uagb_author_info":{"display_name":"micter","author_link":"https:\/\/micterleather.com\/pl\/author\/"},"uagb_comment_info":0,"uagb_excerpt":"Informations sur le paquet Sac Composants inclus (comme montr\u00e9 sur l\u2019image) 1 \u00d7 Poin\u00e7on \u00e0 manche en bois, 1 \u00d7 D\u00e9s \u00e0 coudre en m\u00e9tal, 1 \u00d7 D\u00e9couseur, 1 \u00d7 Ciseaux \u00e0 fil, 1 \u00d7 Enfile-aiguille, 1 \u00d7 Tube de rangement pour aiguilles (avec capuchon vert), 6 \u00d7 Aiguilles pour couture \u00e0 la main renforc\u00e9es,&hellip;","_links":{"self":[{"href":"https:\/\/micterleather.com\/pl\/wp-json\/wp\/v2\/product\/3908","targetHints":{"allow":["GET"]}}],"collection":[{"href":"https:\/\/micterleather.com\/pl\/wp-json\/wp\/v2\/product"}],"about":[{"href":"https:\/\/micterleather.com\/pl\/wp-json\/wp\/v2\/types\/product"}],"wp:featuredmedia":[{"embeddable":true,"href":"https:\/\/micterleather.com\/pl\/wp-json\/wp\/v2\/media\/3856"}],"wp:attachment":[{"href":"https:\/\/micterleather.com\/pl\/wp-json\/wp\/v2\/media?parent=3908"}],"wp:term":[{"taxonomy":"product_brand","embeddable":true,"href":"https:\/\/micterleather.com\/pl\/wp-json\/wp\/v2\/product_brand?post=3908"},{"taxonomy":"product_cat","embeddable":true,"href":"https:\/\/micterleather.com\/pl\/wp-json\/wp\/v2\/product_cat?post=3908"},{"taxonomy":"product_tag","embeddable":true,"href":"https:\/\/micterleather.com\/pl\/wp-json\/wp\/v2\/product_tag?post=3908"}],"curies":[{"name":"wp","href":"https:\/\/api.w.org\/{rel}","templated":true}]}}