{"id":3906,"date":"2025-07-19T11:46:48","date_gmt":"2025-07-19T11:46:48","guid":{"rendered":"https:\/\/micterleather.com\/?post_type=product&#038;p=3906"},"modified":"2025-08-24T08:28:01","modified_gmt":"2025-08-24T08:28:01","slug":"kit-de-reparation-de-canape-en-cuir","status":"publish","type":"product","link":"https:\/\/micterleather.com\/pl\/product\/uncategorized\/kit-de-reparation-de-canape-en-cuir\/","title":{"rendered":"Zestaw naprawczy do sk\u00f3rzanej sofy"},"content":{"rendered":"<p data-start=\"266\" data-end=\"382\"><strong data-start=\"266\" data-end=\"295\">Zestaw do naprawy<\/strong> : Kompleksowe rozwi\u0105zanie do naprawy sk\u00f3ry, imitacji sk\u00f3ry i materia\u0142\u00f3w winylowych.<\/p>\n<p data-start=\"384\" data-end=\"525\"><strong data-start=\"384\" data-end=\"403\">Trwa\u0142e narz\u0119dzia<\/strong> : Zawiera wysokiej jako\u015bci narz\u0119dzia do precyzyjnego aplikowania, takie jak ig\u0142y, no\u017cyczki i barwniki.<\/p>\n<p data-start=\"527\" data-end=\"668\"><strong data-start=\"527\" data-end=\"548\">\u0141atwy w u\u017cyciu<\/strong> : Idealny zar\u00f3wno dla profesjonalist\u00f3w, jak i pocz\u0105tkuj\u0105cych, z jasnymi instrukcjami do szybkich napraw.<\/p>\n<p data-start=\"670\" data-end=\"803\"><strong data-start=\"670\" data-end=\"697\">Wszechstronne zastosowanie<\/strong> : Doskona\u0142y do naprawy mebli, siedze\u0144 samochodowych, torebek, kurtek i wielu innych.<\/p>\n<p data-start=\"805\" data-end=\"900\"><strong data-start=\"805\" data-end=\"827\">Szybki i skuteczny<\/strong> : \u0141atwo naprawia drobne rozdarcia, dziury, zarysowania i zadrapania.<\/p>\n<p data-start=\"902\" data-end=\"1021\" data-is-last-node=\"\" data-is-only-node=\"\"><strong data-start=\"902\" data-end=\"924\">Trwa\u0142e rezultaty<\/strong> : Restaure le cuir \u00e0 son apparence et sa sensation d\u2019origine avec une finition lisse et durable.<\/p>","protected":false},"excerpt":{"rendered":"<table class=\"a-normal a-spacing-micro\" role=\"list\">\n<tbody>\n<tr class=\"a-spacing-small po-container.type\" role=\"listitem\">\n<td class=\"a-span3\" role=\"presentation\"><span class=\"a-size-base a-text-bold\">Informacje o paczce<\/span><\/td>\n<td class=\"a-span9\" role=\"presentation\">Torba<\/td>\n<\/tr>\n<tr class=\"a-spacing-small po-included_components\" role=\"listitem\">\n<td class=\"a-span3\" role=\"presentation\">Zawarte komponenty (jak pokazano na obrazku)<\/td>\n<td class=\"a-span9\" role=\"presentation\">1 x Kit de r\u00e9paration de cuir, 4 x Aiguilles pour cuir, 1 x Chiffon de nettoyage, 1 x Teinture pour cuir, 1 x Colle pour cuir, 1 x Cire, 1 x Ciseaux, 1 x Ruban de mesure, 1 x Protecteur pour cuir, 1 x Manuel d\u2019instructions<\/td>\n<\/tr>\n<\/tbody>\n<\/table>","protected":false},"featured_media":3864,"template":"","meta":{"_uag_custom_page_level_css":"","site-sidebar-layout":"default","site-content-layout":"","ast-site-content-layout":"default","site-content-style":"default","site-sidebar-style":"default","ast-global-header-display":"","ast-banner-title-visibility":"","ast-main-header-display":"","ast-hfb-above-header-display":"","ast-hfb-below-header-display":"","ast-hfb-mobile-header-display":"","site-post-title":"","ast-breadcrumbs-content":"","ast-featured-img":"","footer-sml-layout":"","ast-disable-related-posts":"","theme-transparent-header-meta":"default","adv-header-id-meta":"","stick-header-meta":"","header-above-stick-meta":"","header-main-stick-meta":"","header-below-stick-meta":"","astra-migrate-meta-layouts":"set","ast-page-background-enabled":"default","ast-page-background-meta":{"desktop":{"background-color":"","background-image":"","background-repeat":"repeat","background-position":"center center","background-size":"auto","background-attachment":"scroll","background-type":"","background-media":"","overlay-type":"","overlay-color":"","overlay-opacity":"","overlay-gradient":""},"tablet":{"background-color":"","background-image":"","background-repeat":"repeat","background-position":"center center","background-size":"auto","background-attachment":"scroll","background-type":"","background-media":"","overlay-type":"","overlay-color":"","overlay-opacity":"","overlay-gradient":""},"mobile":{"background-color":"","background-image":"","background-repeat":"repeat","background-position":"center center","background-size":"auto","background-attachment":"scroll","background-type":"","background-media":"","overlay-type":"","overlay-color":"","overlay-opacity":"","overlay-gradient":""}},"ast-content-background-meta":{"desktop":{"background-color":"var(--ast-global-color-5)","background-image":"","background-repeat":"repeat","background-position":"center center","background-size":"auto","background-attachment":"scroll","background-type":"","background-media":"","overlay-type":"","overlay-color":"","overlay-opacity":"","overlay-gradient":""},"tablet":{"background-color":"var(--ast-global-color-5)","background-image":"","background-repeat":"repeat","background-position":"center center","background-size":"auto","background-attachment":"scroll","background-type":"","background-media":"","overlay-type":"","overlay-color":"","overlay-opacity":"","overlay-gradient":""},"mobile":{"background-color":"var(--ast-global-color-5)","background-image":"","background-repeat":"repeat","background-position":"center center","background-size":"auto","background-attachment":"scroll","background-type":"","background-media":"","overlay-type":"","overlay-color":"","overlay-opacity":"","overlay-gradient":""}}},"product_brand":[],"product_cat":[15],"product_tag":[],"class_list":{"0":"post-3906","1":"product","2":"type-product","3":"status-publish","4":"has-post-thumbnail","6":"product_cat-uncategorized","7":"desktop-align-left","8":"tablet-align-left","9":"mobile-align-left","11":"first","12":"instock","13":"sale","14":"shipping-taxable","15":"purchasable","16":"product-type-simple"},"uagb_featured_image_src":{"full":["https:\/\/micterleather.com\/wp-content\/uploads\/2025\/08\/leather-couch-patch-kit.webp",1600,1600,false],"thumbnail":["https:\/\/micterleather.com\/wp-content\/uploads\/2025\/08\/leather-couch-patch-kit-150x150.webp",150,150,true],"medium":["https:\/\/micterleather.com\/wp-content\/uploads\/2025\/08\/leather-couch-patch-kit-300x300.webp",300,300,true],"medium_large":["https:\/\/micterleather.com\/wp-content\/uploads\/2025\/08\/leather-couch-patch-kit-768x768.webp",768,768,true],"large":["https:\/\/micterleather.com\/wp-content\/uploads\/2025\/08\/leather-couch-patch-kit-1024x1024.webp",1024,1024,true],"1536x1536":["https:\/\/micterleather.com\/wp-content\/uploads\/2025\/08\/leather-couch-patch-kit-1536x1536.webp",1536,1536,true],"2048x2048":["https:\/\/micterleather.com\/wp-content\/uploads\/2025\/08\/leather-couch-patch-kit.webp",1600,1600,false],"trp-custom-language-flag":["https:\/\/micterleather.com\/wp-content\/uploads\/2025\/08\/leather-couch-patch-kit.webp",12,12,false],"woocommerce_thumbnail":["https:\/\/micterleather.com\/wp-content\/uploads\/2025\/08\/leather-couch-patch-kit-300x300.webp",300,300,true],"woocommerce_single":["https:\/\/micterleather.com\/wp-content\/uploads\/2025\/08\/leather-couch-patch-kit-600x600.webp",600,600,true],"woocommerce_gallery_thumbnail":["https:\/\/micterleather.com\/wp-content\/uploads\/2025\/08\/leather-couch-patch-kit-100x100.webp",100,100,true]},"uagb_author_info":{"display_name":"micter","author_link":"https:\/\/micterleather.com\/pl\/author\/"},"uagb_comment_info":0,"uagb_excerpt":"Informations sur le paquet Sac Composants inclus (comme montr\u00e9 sur l\u2019image) 1 x Kit de r\u00e9paration de cuir, 4 x Aiguilles pour cuir, 1 x Chiffon de nettoyage, 1 x Teinture pour cuir, 1 x Colle pour cuir, 1 x Cire, 1 x Ciseaux, 1 x Ruban de mesure, 1 x Protecteur pour cuir, 1&hellip;","_links":{"self":[{"href":"https:\/\/micterleather.com\/pl\/wp-json\/wp\/v2\/product\/3906","targetHints":{"allow":["GET"]}}],"collection":[{"href":"https:\/\/micterleather.com\/pl\/wp-json\/wp\/v2\/product"}],"about":[{"href":"https:\/\/micterleather.com\/pl\/wp-json\/wp\/v2\/types\/product"}],"wp:featuredmedia":[{"embeddable":true,"href":"https:\/\/micterleather.com\/pl\/wp-json\/wp\/v2\/media\/3864"}],"wp:attachment":[{"href":"https:\/\/micterleather.com\/pl\/wp-json\/wp\/v2\/media?parent=3906"}],"wp:term":[{"taxonomy":"product_brand","embeddable":true,"href":"https:\/\/micterleather.com\/pl\/wp-json\/wp\/v2\/product_brand?post=3906"},{"taxonomy":"product_cat","embeddable":true,"href":"https:\/\/micterleather.com\/pl\/wp-json\/wp\/v2\/product_cat?post=3906"},{"taxonomy":"product_tag","embeddable":true,"href":"https:\/\/micterleather.com\/pl\/wp-json\/wp\/v2\/product_tag?post=3906"}],"curies":[{"name":"wp","href":"https:\/\/api.w.org\/{rel}","templated":true}]}}