{"id":3905,"date":"2025-07-19T11:46:02","date_gmt":"2025-07-19T11:46:02","guid":{"rendered":"https:\/\/micterleather.com\/?post_type=product&#038;p=3905"},"modified":"2025-08-24T08:27:57","modified_gmt":"2025-08-24T08:27:57","slug":"kit-doutils-pour-lartisanat-du-cuir-35-pieces","status":"publish","type":"product","link":"https:\/\/micterleather.com\/pl\/product\/uncategorized\/kit-doutils-pour-lartisanat-du-cuir-35-pieces\/","title":{"rendered":"Kit d\u2019outils pour l\u2019artisanat du cuir 35 pi\u00e8ces"},"content":{"rendered":"<p data-start=\"416\" data-end=\"532\"><strong data-start=\"416\" data-end=\"452\">Kompletny zestaw do szycia sk\u00f3r<\/strong> \u2013 Zawiera ig\u0142y, wk\u0142adki, nici, no\u017cyk i akcesoria.<\/p>\n<p data-start=\"534\" data-end=\"658\"><strong data-start=\"534\" data-end=\"555\">Solidny i trwa\u0142y<\/strong> \u2013 Ig\u0142y i wk\u0142adki ze stali wysokiej jako\u015bci do sk\u00f3ry, p\u0142\u00f3tna, denimu i tkanin tapicerskich.<\/p>\n<p data-start=\"660\" data-end=\"775\"><strong data-start=\"660\" data-end=\"691\">R\u00f3\u017cne typy igie\u0142<\/strong> \u2013 Ig\u0142y proste i zakrzywione do r\u00f3\u017cnych potrzeb szycia i napraw.<\/p>\n<p data-start=\"777\" data-end=\"884\"><strong data-start=\"777\" data-end=\"806\">Woskowane nici w 12 kolorach<\/strong> \u2013 Wytrzyma\u0142e nici odporne na \u015bcieranie, idealne do DIY rzemios\u0142a sk\u00f3rzanego.<\/p>\n<p data-start=\"886\" data-end=\"995\"><strong data-start=\"886\" data-end=\"907\">\u0141atwy w u\u017cyciu<\/strong> \u2013 Ergonomiczne drewniane uchwyty, nak\u0142adki na ig\u0142\u0119 i szpilki u\u0142atwiaj\u0105 szycie.<\/p>\n<p data-start=\"997\" data-end=\"1144\" data-is-last-node=\"\" data-is-only-node=\"\"><strong data-start=\"997\" data-end=\"1018\">Szerokie zastosowanie<\/strong> \u2013 Idealny do naprawy torebek sk\u00f3rzanych, but\u00f3w, pask\u00f3w, namiot\u00f3w, siedze\u0144 samochodowych i wielu innych.<\/p>","protected":false},"excerpt":{"rendered":"<table class=\"a-normal a-spacing-micro\" role=\"list\">\n<tbody>\n<tr class=\"a-spacing-small po-container.type\" role=\"listitem\">\n<td class=\"a-span3\" role=\"presentation\"><span class=\"a-size-base a-text-bold\">Informacje o paczce<\/span><\/td>\n<td class=\"a-span9\" role=\"presentation\">Torba<\/td>\n<\/tr>\n<tr class=\"a-spacing-small po-included_components\" role=\"listitem\">\n<td class=\"a-span3\" role=\"presentation\">Zawarte komponenty (jak pokazano na obrazku)<\/td>\n<td class=\"a-span9\" role=\"presentation\">1 \u00d7 Miarka 150 cm\/60 cali, 1 \u00d7 Szpilki do szycia, 1 \u00d7 Nak\u0142adka na ig\u0142\u0119, 1 \u00d7 Rozpruwacz, 1 \u00d7 N\u00f3\u017c U, 5 \u00d7 Ig\u0142y zakrzywione (r\u00f3\u017cne rozmiary), 4 \u00d7 Ig\u0142y proste (r\u00f3\u017cne rozmiary), 1 \u00d7 Wk\u0142adka, 1 \u00d7 Wk\u0142adka z drewnian\u0105 r\u0105czk\u0105, 1 \u00d7 Wk\u0142adka z drewnian\u0105 r\u0105czk\u0105 do szycia, 12 \u00d7 Nitek do szycia (r\u00f3\u017cne kolory, 8,5 cm\/3,35 cala na szpulk\u0119)<\/td>\n<\/tr>\n<\/tbody>\n<\/table>","protected":false},"featured_media":3863,"template":"","meta":{"_uag_custom_page_level_css":"","site-sidebar-layout":"default","site-content-layout":"","ast-site-content-layout":"default","site-content-style":"default","site-sidebar-style":"default","ast-global-header-display":"","ast-banner-title-visibility":"","ast-main-header-display":"","ast-hfb-above-header-display":"","ast-hfb-below-header-display":"","ast-hfb-mobile-header-display":"","site-post-title":"","ast-breadcrumbs-content":"","ast-featured-img":"","footer-sml-layout":"","ast-disable-related-posts":"","theme-transparent-header-meta":"default","adv-header-id-meta":"","stick-header-meta":"","header-above-stick-meta":"","header-main-stick-meta":"","header-below-stick-meta":"","astra-migrate-meta-layouts":"set","ast-page-background-enabled":"default","ast-page-background-meta":{"desktop":{"background-color":"","background-image":"","background-repeat":"repeat","background-position":"center center","background-size":"auto","background-attachment":"scroll","background-type":"","background-media":"","overlay-type":"","overlay-color":"","overlay-opacity":"","overlay-gradient":""},"tablet":{"background-color":"","background-image":"","background-repeat":"repeat","background-position":"center center","background-size":"auto","background-attachment":"scroll","background-type":"","background-media":"","overlay-type":"","overlay-color":"","overlay-opacity":"","overlay-gradient":""},"mobile":{"background-color":"","background-image":"","background-repeat":"repeat","background-position":"center center","background-size":"auto","background-attachment":"scroll","background-type":"","background-media":"","overlay-type":"","overlay-color":"","overlay-opacity":"","overlay-gradient":""}},"ast-content-background-meta":{"desktop":{"background-color":"var(--ast-global-color-5)","background-image":"","background-repeat":"repeat","background-position":"center center","background-size":"auto","background-attachment":"scroll","background-type":"","background-media":"","overlay-type":"","overlay-color":"","overlay-opacity":"","overlay-gradient":""},"tablet":{"background-color":"var(--ast-global-color-5)","background-image":"","background-repeat":"repeat","background-position":"center center","background-size":"auto","background-attachment":"scroll","background-type":"","background-media":"","overlay-type":"","overlay-color":"","overlay-opacity":"","overlay-gradient":""},"mobile":{"background-color":"var(--ast-global-color-5)","background-image":"","background-repeat":"repeat","background-position":"center center","background-size":"auto","background-attachment":"scroll","background-type":"","background-media":"","overlay-type":"","overlay-color":"","overlay-opacity":"","overlay-gradient":""}}},"product_brand":[],"product_cat":[15],"product_tag":[],"class_list":{"0":"post-3905","1":"product","2":"type-product","3":"status-publish","4":"has-post-thumbnail","6":"product_cat-uncategorized","7":"desktop-align-left","8":"tablet-align-left","9":"mobile-align-left","11":"first","12":"instock","13":"sale","14":"shipping-taxable","15":"purchasable","16":"product-type-simple"},"uagb_featured_image_src":{"full":["https:\/\/micterleather.com\/wp-content\/uploads\/2025\/08\/35-set-leather-craft-tools.webp",800,800,false],"thumbnail":["https:\/\/micterleather.com\/wp-content\/uploads\/2025\/08\/35-set-leather-craft-tools-150x150.webp",150,150,true],"medium":["https:\/\/micterleather.com\/wp-content\/uploads\/2025\/08\/35-set-leather-craft-tools-300x300.webp",300,300,true],"medium_large":["https:\/\/micterleather.com\/wp-content\/uploads\/2025\/08\/35-set-leather-craft-tools-768x768.webp",768,768,true],"large":["https:\/\/micterleather.com\/wp-content\/uploads\/2025\/08\/35-set-leather-craft-tools.webp",800,800,false],"1536x1536":["https:\/\/micterleather.com\/wp-content\/uploads\/2025\/08\/35-set-leather-craft-tools.webp",800,800,false],"2048x2048":["https:\/\/micterleather.com\/wp-content\/uploads\/2025\/08\/35-set-leather-craft-tools.webp",800,800,false],"trp-custom-language-flag":["https:\/\/micterleather.com\/wp-content\/uploads\/2025\/08\/35-set-leather-craft-tools.webp",12,12,false],"woocommerce_thumbnail":["https:\/\/micterleather.com\/wp-content\/uploads\/2025\/08\/35-set-leather-craft-tools-300x300.webp",300,300,true],"woocommerce_single":["https:\/\/micterleather.com\/wp-content\/uploads\/2025\/08\/35-set-leather-craft-tools-600x600.webp",600,600,true],"woocommerce_gallery_thumbnail":["https:\/\/micterleather.com\/wp-content\/uploads\/2025\/08\/35-set-leather-craft-tools-100x100.webp",100,100,true]},"uagb_author_info":{"display_name":"micter","author_link":"https:\/\/micterleather.com\/pl\/author\/"},"uagb_comment_info":0,"uagb_excerpt":"Informations sur le paquet Sac Composants inclus (comme montr\u00e9 sur l\u2019image) 1 \u00d7 Ruban de mesure 150 cm\/60 in, 1 \u00d7 D\u00e9s \u00e0 coudre, 1 \u00d7 Enfile-aiguille, 1 \u00d7 D\u00e9couseur, 1 \u00d7 Cutter en forme de U, 5 \u00d7 Aiguilles courbes (diff\u00e9rentes tailles), 4 \u00d7 Aiguilles droites (diff\u00e9rentes tailles), 1 \u00d7 Poin\u00e7on, 1 \u00d7 Poin\u00e7on&hellip;","_links":{"self":[{"href":"https:\/\/micterleather.com\/pl\/wp-json\/wp\/v2\/product\/3905","targetHints":{"allow":["GET"]}}],"collection":[{"href":"https:\/\/micterleather.com\/pl\/wp-json\/wp\/v2\/product"}],"about":[{"href":"https:\/\/micterleather.com\/pl\/wp-json\/wp\/v2\/types\/product"}],"wp:featuredmedia":[{"embeddable":true,"href":"https:\/\/micterleather.com\/pl\/wp-json\/wp\/v2\/media\/3863"}],"wp:attachment":[{"href":"https:\/\/micterleather.com\/pl\/wp-json\/wp\/v2\/media?parent=3905"}],"wp:term":[{"taxonomy":"product_brand","embeddable":true,"href":"https:\/\/micterleather.com\/pl\/wp-json\/wp\/v2\/product_brand?post=3905"},{"taxonomy":"product_cat","embeddable":true,"href":"https:\/\/micterleather.com\/pl\/wp-json\/wp\/v2\/product_cat?post=3905"},{"taxonomy":"product_tag","embeddable":true,"href":"https:\/\/micterleather.com\/pl\/wp-json\/wp\/v2\/product_tag?post=3905"}],"curies":[{"name":"wp","href":"https:\/\/api.w.org\/{rel}","templated":true}]}}