{"id":3890,"date":"2025-07-19T11:00:46","date_gmt":"2025-07-19T11:00:46","guid":{"rendered":"https:\/\/micterleather.com\/?post_type=product&#038;p=3890"},"modified":"2025-08-24T08:27:57","modified_gmt":"2025-08-24T08:27:57","slug":"35-set-leather-craft-tools","status":"publish","type":"product","link":"https:\/\/micterleather.com\/pl\/product\/sew-repair-kit\/35-set-leather-craft-tools\/","title":{"rendered":"35 zestaw narz\u0119dzi do wyrobu sk\u00f3rzanego"},"content":{"rendered":"<ul>\n<li data-start=\"453\" data-end=\"548\">\n<p data-start=\"455\" data-end=\"548\"><strong data-start=\"455\" data-end=\"486\">Kompletny Zestaw do Szycia Sk\u00f3rzanego<\/strong> \u2013 zawiera ig\u0142y, szyd\u0142a, nici, n\u00f3\u017c i akcesoria.<\/p>\n<\/li>\n<li data-start=\"549\" data-end=\"653\">\n<p data-start=\"551\" data-end=\"653\"><strong data-start=\"551\" data-end=\"571\">Mocne i trwa\u0142e<\/strong> \u2013 wytrzyma\u0142e stalowe ig\u0142y i szyd\u0142a do sk\u00f3ry, p\u0142\u00f3tna, d\u017cinsu i tapicerki.<\/p>\n<\/li>\n<li data-start=\"654\" data-end=\"748\">\n<p data-start=\"656\" data-end=\"748\"><strong data-start=\"656\" data-end=\"681\">Wiele rodzaj\u00f3w igie\u0142<\/strong> \u2013 proste i zakrzywione do r\u00f3\u017cnych potrzeb szycia i napraw.<\/p>\n<\/li>\n<li data-start=\"749\" data-end=\"837\">\n<p data-start=\"751\" data-end=\"837\"><strong data-start=\"751\" data-end=\"777\">12 Kolorowych woskowanych nici<\/strong> \u2013 wytrzyma\u0142e, odporne na zu\u017cycie i idealne do r\u0119kodzie\u0142a sk\u00f3rzanego DIY.<\/p>\n<\/li>\n<li data-start=\"838\" data-end=\"931\">\n<p data-start=\"840\" data-end=\"931\"><strong data-start=\"840\" data-end=\"858\">\u0141atwe w obs\u0142udze<\/strong> \u2013 ergonomiczne drewniane uchwyty, nawlekacz i naparstek u\u0142atwiaj\u0105 szycie.<\/p>\n<\/li>\n<li data-start=\"932\" data-end=\"1036\">\n<p data-start=\"934\" data-end=\"1036\"><strong data-start=\"934\" data-end=\"954\">Szerokie zastosowanie<\/strong> \u2013 idealne do naprawy sk\u00f3rzanych toreb, but\u00f3w, pask\u00f3w, namiot\u00f3w, fotelik\u00f3w samochodowych i innych.<\/p>\n<\/li>\n<\/ul>","protected":false},"excerpt":{"rendered":"<table class=\"a-normal a-spacing-micro\" role=\"list\">\n<tbody>\n<tr class=\"a-spacing-small po-container.type\" role=\"listitem\">\n<td class=\"a-span3\" role=\"presentation\"><span class=\"a-size-base a-text-bold\">Informacje o opakowaniu<\/span><\/td>\n<td class=\"a-span9\" role=\"presentation\"><span class=\"a-size-base po-break-word\">Torba<\/span><\/td>\n<\/tr>\n<tr class=\"a-spacing-small po-included_components\" role=\"listitem\">\n<td class=\"a-span3\" role=\"presentation\"><span class=\"a-size-base a-text-bold\">Zawarte elementy<br \/>\n(jak pokazano na obrazku)<\/span><\/td>\n<td class=\"a-span9\" role=\"presentation\">\n<p data-start=\"104\" data-end=\"405\">1 \u00d7 150 cm\/60 cali Ta\u015bma miernicza, 1 \u00d7 Naparstek, 1 \u00d7 Nawlekacz, 1 \u00d7 Rozpruwacz, 1 \u00d7 N\u00f3\u017c w kszta\u0142cie litery U, 5 \u00d7 Zakrzywione ig\u0142y (r\u00f3\u017cne rozmiary), 4 \u00d7 Proste ig\u0142y (r\u00f3\u017cne rozmiary), 1 \u00d7 Szyd\u0142o, 1 \u00d7 Szyd\u0142o z drewnian\u0105 r\u0105czk\u0105, 1 \u00d7 Szyd\u0142o do szycia z drewnian\u0105 r\u0105czk\u0105, 12 \u00d7 Nici do szycia (r\u00f3\u017cne kolory, 8,5 cm\/3,35 cala ka\u017cda szpula)<\/p>\n<\/td>\n<\/tr>\n<\/tbody>\n<\/table>","protected":false},"featured_media":3863,"template":"","meta":{"_uag_custom_page_level_css":"","site-sidebar-layout":"default","site-content-layout":"","ast-site-content-layout":"default","site-content-style":"default","site-sidebar-style":"default","ast-global-header-display":"","ast-banner-title-visibility":"","ast-main-header-display":"","ast-hfb-above-header-display":"","ast-hfb-below-header-display":"","ast-hfb-mobile-header-display":"","site-post-title":"","ast-breadcrumbs-content":"","ast-featured-img":"","footer-sml-layout":"","ast-disable-related-posts":"","theme-transparent-header-meta":"default","adv-header-id-meta":"","stick-header-meta":"","header-above-stick-meta":"","header-main-stick-meta":"","header-below-stick-meta":"","astra-migrate-meta-layouts":"set","ast-page-background-enabled":"default","ast-page-background-meta":{"desktop":{"background-color":"","background-image":"","background-repeat":"repeat","background-position":"center center","background-size":"auto","background-attachment":"scroll","background-type":"","background-media":"","overlay-type":"","overlay-color":"","overlay-opacity":"","overlay-gradient":""},"tablet":{"background-color":"","background-image":"","background-repeat":"repeat","background-position":"center center","background-size":"auto","background-attachment":"scroll","background-type":"","background-media":"","overlay-type":"","overlay-color":"","overlay-opacity":"","overlay-gradient":""},"mobile":{"background-color":"","background-image":"","background-repeat":"repeat","background-position":"center center","background-size":"auto","background-attachment":"scroll","background-type":"","background-media":"","overlay-type":"","overlay-color":"","overlay-opacity":"","overlay-gradient":""}},"ast-content-background-meta":{"desktop":{"background-color":"var(--ast-global-color-5)","background-image":"","background-repeat":"repeat","background-position":"center center","background-size":"auto","background-attachment":"scroll","background-type":"","background-media":"","overlay-type":"","overlay-color":"","overlay-opacity":"","overlay-gradient":""},"tablet":{"background-color":"var(--ast-global-color-5)","background-image":"","background-repeat":"repeat","background-position":"center center","background-size":"auto","background-attachment":"scroll","background-type":"","background-media":"","overlay-type":"","overlay-color":"","overlay-opacity":"","overlay-gradient":""},"mobile":{"background-color":"var(--ast-global-color-5)","background-image":"","background-repeat":"repeat","background-position":"center center","background-size":"auto","background-attachment":"scroll","background-type":"","background-media":"","overlay-type":"","overlay-color":"","overlay-opacity":"","overlay-gradient":""}}},"product_brand":[],"product_cat":[254],"product_tag":[],"class_list":{"0":"post-3890","1":"product","2":"type-product","3":"status-publish","4":"has-post-thumbnail","6":"product_cat-sew-repair-kit","7":"desktop-align-left","8":"tablet-align-left","9":"mobile-align-left","11":"first","12":"instock","13":"sale","14":"shipping-taxable","15":"purchasable","16":"product-type-simple"},"uagb_featured_image_src":{"full":["https:\/\/micterleather.com\/wp-content\/uploads\/2025\/08\/35-set-leather-craft-tools.webp",800,800,false],"thumbnail":["https:\/\/micterleather.com\/wp-content\/uploads\/2025\/08\/35-set-leather-craft-tools-150x150.webp",150,150,true],"medium":["https:\/\/micterleather.com\/wp-content\/uploads\/2025\/08\/35-set-leather-craft-tools-300x300.webp",300,300,true],"medium_large":["https:\/\/micterleather.com\/wp-content\/uploads\/2025\/08\/35-set-leather-craft-tools-768x768.webp",768,768,true],"large":["https:\/\/micterleather.com\/wp-content\/uploads\/2025\/08\/35-set-leather-craft-tools.webp",800,800,false],"1536x1536":["https:\/\/micterleather.com\/wp-content\/uploads\/2025\/08\/35-set-leather-craft-tools.webp",800,800,false],"2048x2048":["https:\/\/micterleather.com\/wp-content\/uploads\/2025\/08\/35-set-leather-craft-tools.webp",800,800,false],"trp-custom-language-flag":["https:\/\/micterleather.com\/wp-content\/uploads\/2025\/08\/35-set-leather-craft-tools.webp",12,12,false],"woocommerce_thumbnail":["https:\/\/micterleather.com\/wp-content\/uploads\/2025\/08\/35-set-leather-craft-tools-300x300.webp",300,300,true],"woocommerce_single":["https:\/\/micterleather.com\/wp-content\/uploads\/2025\/08\/35-set-leather-craft-tools-600x600.webp",600,600,true],"woocommerce_gallery_thumbnail":["https:\/\/micterleather.com\/wp-content\/uploads\/2025\/08\/35-set-leather-craft-tools-100x100.webp",100,100,true]},"uagb_author_info":{"display_name":"micter","author_link":"https:\/\/micterleather.com\/pl\/author\/"},"uagb_comment_info":0,"uagb_excerpt":"Package Information Bag Included Components (as shown in image) 1 \u00d7 150cm\/60in Measuring Tape, 1 \u00d7 Thimble, 1 \u00d7 Threader, 1 \u00d7 Seam Ripper, 1 \u00d7 U-shaped Cutter, 5 \u00d7 Curved Needles (different sizes), 4 \u00d7 Straight Needles (different sizes), 1 \u00d7 Awl, 1 \u00d7 Wooden Handle Awl, 1 \u00d7 Wooden Handle Sewing Awl, 12&hellip;","_links":{"self":[{"href":"https:\/\/micterleather.com\/pl\/wp-json\/wp\/v2\/product\/3890","targetHints":{"allow":["GET"]}}],"collection":[{"href":"https:\/\/micterleather.com\/pl\/wp-json\/wp\/v2\/product"}],"about":[{"href":"https:\/\/micterleather.com\/pl\/wp-json\/wp\/v2\/types\/product"}],"wp:featuredmedia":[{"embeddable":true,"href":"https:\/\/micterleather.com\/pl\/wp-json\/wp\/v2\/media\/3863"}],"wp:attachment":[{"href":"https:\/\/micterleather.com\/pl\/wp-json\/wp\/v2\/media?parent=3890"}],"wp:term":[{"taxonomy":"product_brand","embeddable":true,"href":"https:\/\/micterleather.com\/pl\/wp-json\/wp\/v2\/product_brand?post=3890"},{"taxonomy":"product_cat","embeddable":true,"href":"https:\/\/micterleather.com\/pl\/wp-json\/wp\/v2\/product_cat?post=3890"},{"taxonomy":"product_tag","embeddable":true,"href":"https:\/\/micterleather.com\/pl\/wp-json\/wp\/v2\/product_tag?post=3890"}],"curies":[{"name":"wp","href":"https:\/\/api.w.org\/{rel}","templated":true}]}}