{"id":3889,"date":"2025-07-19T10:28:03","date_gmt":"2025-07-19T10:28:03","guid":{"rendered":"https:\/\/micterleather.com\/?post_type=product&#038;p=3889"},"modified":"2025-08-24T08:26:05","modified_gmt":"2025-08-24T08:26:05","slug":"35-set-leather-hand-stitching-tools","status":"publish","type":"product","link":"https:\/\/micterleather.com\/pl\/product\/sew-repair-kit\/35-set-leather-hand-stitching-tools\/","title":{"rendered":"Zestaw 35 narz\u0119dzi do r\u0119cznego szycia sk\u00f3ry"},"content":{"rendered":"<ul>\n<li data-start=\"656\" data-end=\"749\">\n<p data-start=\"658\" data-end=\"749\">Kompletny zestaw do szycia ze sk\u00f3ry \u2013 zawiera ig\u0142y, ko\u0142owrotki, nici i niezb\u0119dne akcesoria.<\/p>\n<\/li>\n<li data-start=\"750\" data-end=\"846\">\n<p data-start=\"752\" data-end=\"846\">Wytrzyma\u0142e i mocne \u2013 ig\u0142y i ko\u0142owrotki ze stali do naprawy ci\u0119\u017ckich sk\u00f3r, p\u0142\u00f3tna i tkanin.<\/p>\n<\/li>\n<li data-start=\"847\" data-end=\"922\">\n<p data-start=\"849\" data-end=\"922\">R\u00f3\u017cnorodno\u015b\u0107 igie\u0142 \u2013 proste i zakrzywione do wszechstronnych potrzeb szycia.<\/p>\n<\/li>\n<li data-start=\"923\" data-end=\"1013\">\n<p data-start=\"925\" data-end=\"1013\">Nici woskowane w 12 kolorach \u2013 mocne, odporne na \u015bcieranie, idealne do projekt\u00f3w DIY z sk\u00f3ry.<\/p>\n<\/li>\n<li data-start=\"1014\" data-end=\"1111\">\n<p data-start=\"1016\" data-end=\"1111\">\u0141atwe w u\u017cyciu \u2013 drewniane uchwyty dla komfortowego chwytu, do\u0142\u0105czona przyk\u0142adka i niciarka dla p\u0142ynnego szycia.<\/p>\n<\/li>\n<li data-start=\"1112\" data-end=\"1213\">\n<p data-start=\"1114\" data-end=\"1213\">Idealne do DIY \u2013 \u015bwietne do naprawy torebek sk\u00f3rzanych, but\u00f3w, portfeli, pask\u00f3w, namiot\u00f3w i tapicerki.<\/p>\n<\/li>\n<\/ul>","protected":false},"excerpt":{"rendered":"<table class=\"a-normal a-spacing-micro\" role=\"list\">\n<tbody>\n<tr class=\"a-spacing-small po-container.type\" role=\"listitem\">\n<td class=\"a-span3\" role=\"presentation\"><span class=\"a-size-base a-text-bold\">Informacje o opakowaniu<\/span><\/td>\n<td class=\"a-span9\" role=\"presentation\"><span class=\"a-size-base po-break-word\">Torba<\/span><\/td>\n<\/tr>\n<tr class=\"a-spacing-small po-included_components\" role=\"listitem\">\n<td class=\"a-span3\" role=\"presentation\"><span class=\"a-size-base a-text-bold\">Zawarte elementy<br \/>\n(jak pokazano na obrazku)<\/span><\/td>\n<td class=\"a-span9\" role=\"presentation\">1 \u00d7 Miarka 150cm\/60in, 1 \u00d7 Przyk\u0142adka, 1 \u00d7 Niciarka, 1 \u00d7 Otwieracz do szw\u00f3w, 1 \u00d7 N\u00f3\u017c U-kszta\u0142tny, 1 \u00d7 Ig\u0142a zakrzywiona (3,3cm\/1,3in), 1 \u00d7 Ig\u0142a zakrzywiona (5,5cm\/2,2in), 1 \u00d7 Ig\u0142a prosta (9cm\/3,5in), 1 \u00d7 Ig\u0142a prosta (7,5cm\/3,0in), 1 \u00d7 Ig\u0142a prosta (5,8cm\/2,3in), 1 \u00d7 Ig\u0142a prosta (4,3cm\/1,7in), 1 \u00d7 Ko\u0142owrotek (11,5cm\/4,5in), 1 \u00d7 Ko\u0142owrotek (13cm\/5,1in), 1 \u00d7 Drewniany uchwyt do szycia, 12 \u00d7 Nici do szycia (r\u00f3\u017cne kolory, 8,5cm\/3,35in na szpulk\u0119)<\/td>\n<\/tr>\n<\/tbody>\n<\/table>","protected":false},"featured_media":3858,"template":"","meta":{"_uag_custom_page_level_css":"","site-sidebar-layout":"default","site-content-layout":"","ast-site-content-layout":"default","site-content-style":"default","site-sidebar-style":"default","ast-global-header-display":"","ast-banner-title-visibility":"","ast-main-header-display":"","ast-hfb-above-header-display":"","ast-hfb-below-header-display":"","ast-hfb-mobile-header-display":"","site-post-title":"","ast-breadcrumbs-content":"","ast-featured-img":"","footer-sml-layout":"","ast-disable-related-posts":"","theme-transparent-header-meta":"default","adv-header-id-meta":"","stick-header-meta":"","header-above-stick-meta":"","header-main-stick-meta":"","header-below-stick-meta":"","astra-migrate-meta-layouts":"set","ast-page-background-enabled":"default","ast-page-background-meta":{"desktop":{"background-color":"","background-image":"","background-repeat":"repeat","background-position":"center center","background-size":"auto","background-attachment":"scroll","background-type":"","background-media":"","overlay-type":"","overlay-color":"","overlay-opacity":"","overlay-gradient":""},"tablet":{"background-color":"","background-image":"","background-repeat":"repeat","background-position":"center center","background-size":"auto","background-attachment":"scroll","background-type":"","background-media":"","overlay-type":"","overlay-color":"","overlay-opacity":"","overlay-gradient":""},"mobile":{"background-color":"","background-image":"","background-repeat":"repeat","background-position":"center center","background-size":"auto","background-attachment":"scroll","background-type":"","background-media":"","overlay-type":"","overlay-color":"","overlay-opacity":"","overlay-gradient":""}},"ast-content-background-meta":{"desktop":{"background-color":"var(--ast-global-color-5)","background-image":"","background-repeat":"repeat","background-position":"center center","background-size":"auto","background-attachment":"scroll","background-type":"","background-media":"","overlay-type":"","overlay-color":"","overlay-opacity":"","overlay-gradient":""},"tablet":{"background-color":"var(--ast-global-color-5)","background-image":"","background-repeat":"repeat","background-position":"center center","background-size":"auto","background-attachment":"scroll","background-type":"","background-media":"","overlay-type":"","overlay-color":"","overlay-opacity":"","overlay-gradient":""},"mobile":{"background-color":"var(--ast-global-color-5)","background-image":"","background-repeat":"repeat","background-position":"center center","background-size":"auto","background-attachment":"scroll","background-type":"","background-media":"","overlay-type":"","overlay-color":"","overlay-opacity":"","overlay-gradient":""}}},"product_brand":[],"product_cat":[254],"product_tag":[],"class_list":{"0":"post-3889","1":"product","2":"type-product","3":"status-publish","4":"has-post-thumbnail","6":"product_cat-sew-repair-kit","7":"desktop-align-left","8":"tablet-align-left","9":"mobile-align-left","11":"first","12":"instock","13":"sale","14":"shipping-taxable","15":"purchasable","16":"product-type-simple"},"uagb_featured_image_src":{"full":["https:\/\/micterleather.com\/wp-content\/uploads\/2025\/08\/27-set-leather-hand-stitching-tools.webp",800,800,false],"thumbnail":["https:\/\/micterleather.com\/wp-content\/uploads\/2025\/08\/27-set-leather-hand-stitching-tools-150x150.webp",150,150,true],"medium":["https:\/\/micterleather.com\/wp-content\/uploads\/2025\/08\/27-set-leather-hand-stitching-tools-300x300.webp",300,300,true],"medium_large":["https:\/\/micterleather.com\/wp-content\/uploads\/2025\/08\/27-set-leather-hand-stitching-tools-768x768.webp",768,768,true],"large":["https:\/\/micterleather.com\/wp-content\/uploads\/2025\/08\/27-set-leather-hand-stitching-tools.webp",800,800,false],"1536x1536":["https:\/\/micterleather.com\/wp-content\/uploads\/2025\/08\/27-set-leather-hand-stitching-tools.webp",800,800,false],"2048x2048":["https:\/\/micterleather.com\/wp-content\/uploads\/2025\/08\/27-set-leather-hand-stitching-tools.webp",800,800,false],"trp-custom-language-flag":["https:\/\/micterleather.com\/wp-content\/uploads\/2025\/08\/27-set-leather-hand-stitching-tools.webp",12,12,false],"woocommerce_thumbnail":["https:\/\/micterleather.com\/wp-content\/uploads\/2025\/08\/27-set-leather-hand-stitching-tools-300x300.webp",300,300,true],"woocommerce_single":["https:\/\/micterleather.com\/wp-content\/uploads\/2025\/08\/27-set-leather-hand-stitching-tools-600x600.webp",600,600,true],"woocommerce_gallery_thumbnail":["https:\/\/micterleather.com\/wp-content\/uploads\/2025\/08\/27-set-leather-hand-stitching-tools-100x100.webp",100,100,true]},"uagb_author_info":{"display_name":"micter","author_link":"https:\/\/micterleather.com\/pl\/author\/"},"uagb_comment_info":0,"uagb_excerpt":"Package Information Bag Included Components (as shown in image) 1 \u00d7 150cm\/60in Measuring Tape, 1 \u00d7 Thimble, 1 \u00d7 Threader, 1 \u00d7 Seam Ripper, 1 \u00d7 U-shaped Cutter, 1 \u00d7 Curved Needle (3.3cm\/1.3in), 1 \u00d7 Curved Needle (5.5cm\/2.2in), 1 \u00d7 Straight Needle (9cm\/3.5in), 1 \u00d7 Straight Needle (7.5cm\/3.0in), 1 \u00d7 Straight Needle (5.8cm\/2.3in), 1 \u00d7&hellip;","_links":{"self":[{"href":"https:\/\/micterleather.com\/pl\/wp-json\/wp\/v2\/product\/3889","targetHints":{"allow":["GET"]}}],"collection":[{"href":"https:\/\/micterleather.com\/pl\/wp-json\/wp\/v2\/product"}],"about":[{"href":"https:\/\/micterleather.com\/pl\/wp-json\/wp\/v2\/types\/product"}],"wp:featuredmedia":[{"embeddable":true,"href":"https:\/\/micterleather.com\/pl\/wp-json\/wp\/v2\/media\/3858"}],"wp:attachment":[{"href":"https:\/\/micterleather.com\/pl\/wp-json\/wp\/v2\/media?parent=3889"}],"wp:term":[{"taxonomy":"product_brand","embeddable":true,"href":"https:\/\/micterleather.com\/pl\/wp-json\/wp\/v2\/product_brand?post=3889"},{"taxonomy":"product_cat","embeddable":true,"href":"https:\/\/micterleather.com\/pl\/wp-json\/wp\/v2\/product_cat?post=3889"},{"taxonomy":"product_tag","embeddable":true,"href":"https:\/\/micterleather.com\/pl\/wp-json\/wp\/v2\/product_tag?post=3889"}],"curies":[{"name":"wp","href":"https:\/\/api.w.org\/{rel}","templated":true}]}}