{"id":3888,"date":"2025-07-19T10:12:15","date_gmt":"2025-07-19T10:12:15","guid":{"rendered":"https:\/\/micterleather.com\/?post_type=product&#038;p=3888"},"modified":"2025-08-19T10:18:06","modified_gmt":"2025-08-19T10:18:06","slug":"26-set-leather-working-equipment","status":"publish","type":"product","link":"https:\/\/micterleather.com\/pl\/product\/uncategorized\/26-set-leather-working-equipment\/","title":{"rendered":"zestawu do obr\u00f3bki sk\u00f3ry 26 element\u00f3w"},"content":{"rendered":"<ul>\n<li data-start=\"500\" data-end=\"626\">\n<p data-start=\"502\" data-end=\"626\"><strong data-start=\"502\" data-end=\"532\">Zestaw do obr\u00f3bki sk\u00f3ry 26-cz\u0119\u015bciowy<\/strong> \u2013 Kompletny zestaw obejmuje prasy do przebijania z\u0119b\u00f3w, wycinaki, ig\u0142y, nici, miark\u0119 i nak\u0142adk\u0119 na palec.<\/p>\n<\/li>\n<li data-start=\"627\" data-end=\"735\">\n<p data-start=\"629\" data-end=\"735\"><strong data-start=\"629\" data-end=\"654\">Wytrzyma\u0142e prasy do przebijania z\u0119b\u00f3w<\/strong> \u2013 Frezy o rozstawie 4mm (z z\u0119bami 1, 2, 4, 6) do precyzyjnego i estetycznego wycinania otwor\u00f3w na szwy.<\/p>\n<\/li>\n<li data-start=\"736\" data-end=\"863\">\n<p data-start=\"738\" data-end=\"863\"><strong data-start=\"738\" data-end=\"762\">Wytrzyma\u0142e nici woskowane<\/strong> \u2013 12 kolor\u00f3w wysokiej jako\u015bci woskowanych nici, odporne na \u015bcieranie, odpowiednie do ci\u0119\u017ckiej pracy przy szyciu sk\u00f3ry.<\/p>\n<\/li>\n<li data-start=\"864\" data-end=\"988\">\n<p data-start=\"866\" data-end=\"988\"><strong data-start=\"866\" data-end=\"890\">Wszechstronny zestaw igie\u0142<\/strong> \u2013 Zawiera proste i zakrzywione ig\u0142y przechowywane w ochronnej rurce dla bezpiecze\u0144stwa i organizacji.<\/p>\n<\/li>\n<li data-start=\"989\" data-end=\"1096\">\n<p data-start=\"991\" data-end=\"1096\"><strong data-start=\"991\" data-end=\"1018\">Wa\u017cne wycinaki w zestawie<\/strong> \u2013 Drewniany wycinak i wycinak z otworem u\u0142atwiaj\u0105 wycinanie otwor\u00f3w i nawlekanie nici.<\/p>\n<\/li>\n<li data-start=\"1097\" data-end=\"1219\">\n<p data-start=\"1099\" data-end=\"1219\"><strong data-start=\"1099\" data-end=\"1119\">Szerokie zastosowanie<\/strong> \u2013 Idealny do obr\u00f3bki sk\u00f3ry, naprawy portfeli, toreb, pask\u00f3w, but\u00f3w, siedze\u0144 samochodowych i tapicerki.<\/p>\n<\/li>\n<\/ul>","protected":false},"excerpt":{"rendered":"<table class=\"a-normal a-spacing-micro\" style=\"font-size: 16px; font-style: normal;\" role=\"list\">\n<tbody>\n<tr class=\"a-spacing-small po-container.type\" role=\"listitem\">\n<td class=\"a-span3\" role=\"presentation\"><span class=\"a-size-base a-text-bold\">Informacje o opakowaniu<\/span><\/td>\n<td class=\"a-span9\" role=\"presentation\"><span class=\"a-size-base po-break-word\">Torba<\/span><\/td>\n<\/tr>\n<tr class=\"a-spacing-small po-included_components\" role=\"listitem\">\n<td class=\"a-span3\" role=\"presentation\"><span class=\"a-size-base a-text-bold\">Zawarte elementy<br \/>\n(jak pokazano na obrazku)<\/span><\/td>\n<td class=\"a-span9\" role=\"presentation\">4 \u00d7 Prasy do przebijania z\u0119b\u00f3w (4mm, 1\/2\/4\/6 z\u0119b\u00f3w), 1 \u00d7 Rurka do przechowywania igie\u0142 (z pomara\u0144czow\u0105 nakr\u0119tk\u0105), 7 \u00d7 Ig\u0142y o du\u017cej wytrzyma\u0142o\u015bci (proste i zakrzywione), 1 \u00d7 Drewniany uchwyt do wycinania, 1 \u00d7 Drewniany uchwyt do wycinania z otworem, 1 \u00d7 Miarka (mi\u0119kka ta\u015bma), 1 \u00d7 Metalowa nak\u0142adka na palec, 12 \u00d7 Woskowanych nici (r\u00f3\u017cne kolory: czarny, bia\u0142y, szary, czerwony, br\u0105zowy, be\u017cowy, niebieski, pomara\u0144czowy, \u017c\u00f3\u0142ty itp.)<\/td>\n<\/tr>\n<\/tbody>\n<\/table>","protected":false},"featured_media":3857,"template":"","meta":{"_uag_custom_page_level_css":"","site-sidebar-layout":"default","site-content-layout":"","ast-site-content-layout":"default","site-content-style":"default","site-sidebar-style":"default","ast-global-header-display":"","ast-banner-title-visibility":"","ast-main-header-display":"","ast-hfb-above-header-display":"","ast-hfb-below-header-display":"","ast-hfb-mobile-header-display":"","site-post-title":"","ast-breadcrumbs-content":"","ast-featured-img":"","footer-sml-layout":"","ast-disable-related-posts":"","theme-transparent-header-meta":"default","adv-header-id-meta":"","stick-header-meta":"","header-above-stick-meta":"","header-main-stick-meta":"","header-below-stick-meta":"","astra-migrate-meta-layouts":"set","ast-page-background-enabled":"default","ast-page-background-meta":{"desktop":{"background-color":"","background-image":"","background-repeat":"repeat","background-position":"center center","background-size":"auto","background-attachment":"scroll","background-type":"","background-media":"","overlay-type":"","overlay-color":"","overlay-opacity":"","overlay-gradient":""},"tablet":{"background-color":"","background-image":"","background-repeat":"repeat","background-position":"center center","background-size":"auto","background-attachment":"scroll","background-type":"","background-media":"","overlay-type":"","overlay-color":"","overlay-opacity":"","overlay-gradient":""},"mobile":{"background-color":"","background-image":"","background-repeat":"repeat","background-position":"center center","background-size":"auto","background-attachment":"scroll","background-type":"","background-media":"","overlay-type":"","overlay-color":"","overlay-opacity":"","overlay-gradient":""}},"ast-content-background-meta":{"desktop":{"background-color":"var(--ast-global-color-5)","background-image":"","background-repeat":"repeat","background-position":"center center","background-size":"auto","background-attachment":"scroll","background-type":"","background-media":"","overlay-type":"","overlay-color":"","overlay-opacity":"","overlay-gradient":""},"tablet":{"background-color":"var(--ast-global-color-5)","background-image":"","background-repeat":"repeat","background-position":"center center","background-size":"auto","background-attachment":"scroll","background-type":"","background-media":"","overlay-type":"","overlay-color":"","overlay-opacity":"","overlay-gradient":""},"mobile":{"background-color":"var(--ast-global-color-5)","background-image":"","background-repeat":"repeat","background-position":"center center","background-size":"auto","background-attachment":"scroll","background-type":"","background-media":"","overlay-type":"","overlay-color":"","overlay-opacity":"","overlay-gradient":""}}},"product_brand":[],"product_cat":[15],"product_tag":[],"class_list":{"0":"post-3888","1":"product","2":"type-product","3":"status-publish","4":"has-post-thumbnail","6":"product_cat-uncategorized","7":"desktop-align-left","8":"tablet-align-left","9":"mobile-align-left","11":"first","12":"instock","13":"sale","14":"shipping-taxable","15":"purchasable","16":"product-type-simple"},"uagb_featured_image_src":{"full":["https:\/\/micterleather.com\/wp-content\/uploads\/2025\/08\/26-set-leather-working-equipment.webp",1500,1500,false],"thumbnail":["https:\/\/micterleather.com\/wp-content\/uploads\/2025\/08\/26-set-leather-working-equipment-150x150.webp",150,150,true],"medium":["https:\/\/micterleather.com\/wp-content\/uploads\/2025\/08\/26-set-leather-working-equipment-300x300.webp",300,300,true],"medium_large":["https:\/\/micterleather.com\/wp-content\/uploads\/2025\/08\/26-set-leather-working-equipment-768x768.webp",768,768,true],"large":["https:\/\/micterleather.com\/wp-content\/uploads\/2025\/08\/26-set-leather-working-equipment-1024x1024.webp",1024,1024,true],"1536x1536":["https:\/\/micterleather.com\/wp-content\/uploads\/2025\/08\/26-set-leather-working-equipment.webp",1500,1500,false],"2048x2048":["https:\/\/micterleather.com\/wp-content\/uploads\/2025\/08\/26-set-leather-working-equipment.webp",1500,1500,false],"trp-custom-language-flag":["https:\/\/micterleather.com\/wp-content\/uploads\/2025\/08\/26-set-leather-working-equipment.webp",12,12,false],"woocommerce_thumbnail":["https:\/\/micterleather.com\/wp-content\/uploads\/2025\/08\/26-set-leather-working-equipment-300x300.webp",300,300,true],"woocommerce_single":["https:\/\/micterleather.com\/wp-content\/uploads\/2025\/08\/26-set-leather-working-equipment-600x600.webp",600,600,true],"woocommerce_gallery_thumbnail":["https:\/\/micterleather.com\/wp-content\/uploads\/2025\/08\/26-set-leather-working-equipment-100x100.webp",100,100,true]},"uagb_author_info":{"display_name":"micter","author_link":"https:\/\/micterleather.com\/pl\/author\/"},"uagb_comment_info":0,"uagb_excerpt":"Package Information Bag Included Components (as shown in image) 4 \u00d7 Prong Punches (4mm, 1\/2\/4\/6 prong), 1 \u00d7 Needle Storage Tube (with orange cap), 7 \u00d7 Heavy Duty Needles (straight &amp; curved), 1 \u00d7 Wooden Handle Awl, 1 \u00d7 Wooden Handle Hollow Awl, 1 \u00d7 Measuring Tape (soft tape), 1 \u00d7 Metal Thimble, 12 \u00d7&hellip;","_links":{"self":[{"href":"https:\/\/micterleather.com\/pl\/wp-json\/wp\/v2\/product\/3888","targetHints":{"allow":["GET"]}}],"collection":[{"href":"https:\/\/micterleather.com\/pl\/wp-json\/wp\/v2\/product"}],"about":[{"href":"https:\/\/micterleather.com\/pl\/wp-json\/wp\/v2\/types\/product"}],"wp:featuredmedia":[{"embeddable":true,"href":"https:\/\/micterleather.com\/pl\/wp-json\/wp\/v2\/media\/3857"}],"wp:attachment":[{"href":"https:\/\/micterleather.com\/pl\/wp-json\/wp\/v2\/media?parent=3888"}],"wp:term":[{"taxonomy":"product_brand","embeddable":true,"href":"https:\/\/micterleather.com\/pl\/wp-json\/wp\/v2\/product_brand?post=3888"},{"taxonomy":"product_cat","embeddable":true,"href":"https:\/\/micterleather.com\/pl\/wp-json\/wp\/v2\/product_cat?post=3888"},{"taxonomy":"product_tag","embeddable":true,"href":"https:\/\/micterleather.com\/pl\/wp-json\/wp\/v2\/product_tag?post=3888"}],"curies":[{"name":"wp","href":"https:\/\/api.w.org\/{rel}","templated":true}]}}