{"id":3887,"date":"2025-07-19T10:12:01","date_gmt":"2025-07-19T10:12:01","guid":{"rendered":"https:\/\/micterleather.com\/?post_type=product&#038;p=3887"},"modified":"2025-08-24T08:27:45","modified_gmt":"2025-08-24T08:27:45","slug":"23-set-micter-leather-tools","status":"publish","type":"product","link":"https:\/\/micterleather.com\/pl\/product\/sew-repair-kit\/23-set-micter-leather-tools\/","title":{"rendered":"23 zestaw narz\u0119dzi Micter do sk\u00f3ry"},"content":{"rendered":"<ul>\n<li data-start=\"532\" data-end=\"669\">\n<p data-start=\"534\" data-end=\"669\"><strong data-start=\"534\" data-end=\"565\">Zestaw do szycia ze sk\u00f3ry 23-cz\u0119\u015bciowy<\/strong> \u2013 Kompletny zestaw obejmuje wywijak, ig\u0142y, no\u017cyczki, nak\u0142adk\u0119 na palec, odkre\u015blacz szw\u00f3w, podajnik nici i 12 woskowanych nici.<\/p>\n<\/li>\n<li data-start=\"670\" data-end=\"814\">\n<p data-start=\"672\" data-end=\"814\"><strong data-start=\"672\" data-end=\"697\">Wytrzyma\u0142e Woskowane Nici<\/strong> \u2013 Zawiera 12 szpul w r\u00f3\u017cnych kolorach, mocne i odporne na \u015bcieranie, idealne do sk\u00f3ry, p\u0142\u00f3tna i tapicerki.<\/p>\n<\/li>\n<li data-start=\"815\" data-end=\"935\">\n<p data-start=\"817\" data-end=\"935\"><strong data-start=\"817\" data-end=\"839\">R\u00f3\u017cnorodno\u015b\u0107 igie\u0142<\/strong> \u2013 W sk\u0142ad wchodz\u0105 wytrzyma\u0142e proste ig\u0142y, ig\u0142y zakrzywione oraz rurka na ig\u0142y dla bezpiecze\u0144stwa.<\/p>\n<\/li>\n<li data-start=\"936\" data-end=\"1068\">\n<p data-start=\"938\" data-end=\"1068\"><strong data-start=\"938\" data-end=\"966\">Podstawowe narz\u0119dzia w zestawie<\/strong> \u2013 Drewniany wywijak do przebijania, no\u017cyczki do ci\u0119cia nici, nak\u0142adka na palec i odkre\u015blacz szw\u00f3w dla wygody u\u017cytkowania.<\/p>\n<\/li>\n<li data-start=\"1069\" data-end=\"1179\">\n<p data-start=\"1071\" data-end=\"1179\"><strong data-start=\"1071\" data-end=\"1095\">Przeno\u015bny i uporz\u0105dkowany<\/strong> \u2013 Wszystkie narz\u0119dzia i nici znajduj\u0105 si\u0119 w kompaktowym etui z zamkiem b\u0142yskawicznym, \u0142atwe do przenoszenia i przechowywania.<\/p>\n<\/li>\n<li data-start=\"1180\" data-end=\"1313\">\n<p data-start=\"1182\" data-end=\"1313\"><strong data-start=\"1182\" data-end=\"1203\">Szerokie zastosowania<\/strong> \u2013 Odpowiedni do naprawy portfeli, pask\u00f3w, torebek, but\u00f3w, foteli samochodowych, namiot\u00f3w, sof i innych ci\u0119\u017ckich tkanin.<\/p>\n<\/li>\n<\/ul>","protected":false},"excerpt":{"rendered":"<table class=\"a-normal a-spacing-micro\" role=\"list\">\n<tbody>\n<tr class=\"a-spacing-small po-container.type\" role=\"listitem\">\n<td class=\"a-span3\" role=\"presentation\"><span class=\"a-size-base a-text-bold\">Informacje o opakowaniu<\/span><\/td>\n<td class=\"a-span9\" role=\"presentation\"><span class=\"a-size-base po-break-word\">Torba<\/span><\/td>\n<\/tr>\n<tr class=\"a-spacing-small po-included_components\" role=\"listitem\">\n<td class=\"a-span3\" role=\"presentation\"><span class=\"a-size-base a-text-bold\">Zawarte elementy<br \/>\n(jak pokazano na obrazku)<\/span><\/td>\n<td class=\"a-span9\" role=\"presentation\">1 \u00d7 Drewniany uchwyt do wywijaka, 1 \u00d7 Metalowa nak\u0142adka na palec, 1 \u00d7 Odkrawacz szw\u00f3w, 1 \u00d7 No\u017cyczki do ci\u0119cia nici, 1 \u00d7 Podajnik nici, 1 \u00d7 Rurka na nici (z zielon\u0105 nak\u0142adk\u0105), 6 \u00d7 Wytrzyma\u0142ych igie\u0142 do r\u0119cznego szycia, 2 \u00d7 Ig\u0142y zakrzywione, 12 \u00d7 Woskowanych nici (w r\u00f3\u017cnych kolorach: br\u0105zowy, bia\u0142y, szary, czarny, ciemny br\u0105z, jasny br\u0105z, niebieski, bia\u0142y, zielony, r\u00f3\u017cowy itp.), 1 \u00d7 Etui z zamkiem b\u0142yskawicznym<\/td>\n<\/tr>\n<\/tbody>\n<\/table>","protected":false},"featured_media":3856,"template":"","meta":{"_uag_custom_page_level_css":"","site-sidebar-layout":"default","site-content-layout":"","ast-site-content-layout":"default","site-content-style":"default","site-sidebar-style":"default","ast-global-header-display":"","ast-banner-title-visibility":"","ast-main-header-display":"","ast-hfb-above-header-display":"","ast-hfb-below-header-display":"","ast-hfb-mobile-header-display":"","site-post-title":"","ast-breadcrumbs-content":"","ast-featured-img":"","footer-sml-layout":"","ast-disable-related-posts":"","theme-transparent-header-meta":"default","adv-header-id-meta":"","stick-header-meta":"","header-above-stick-meta":"","header-main-stick-meta":"","header-below-stick-meta":"","astra-migrate-meta-layouts":"set","ast-page-background-enabled":"default","ast-page-background-meta":{"desktop":{"background-color":"","background-image":"","background-repeat":"repeat","background-position":"center center","background-size":"auto","background-attachment":"scroll","background-type":"","background-media":"","overlay-type":"","overlay-color":"","overlay-opacity":"","overlay-gradient":""},"tablet":{"background-color":"","background-image":"","background-repeat":"repeat","background-position":"center center","background-size":"auto","background-attachment":"scroll","background-type":"","background-media":"","overlay-type":"","overlay-color":"","overlay-opacity":"","overlay-gradient":""},"mobile":{"background-color":"","background-image":"","background-repeat":"repeat","background-position":"center center","background-size":"auto","background-attachment":"scroll","background-type":"","background-media":"","overlay-type":"","overlay-color":"","overlay-opacity":"","overlay-gradient":""}},"ast-content-background-meta":{"desktop":{"background-color":"var(--ast-global-color-5)","background-image":"","background-repeat":"repeat","background-position":"center center","background-size":"auto","background-attachment":"scroll","background-type":"","background-media":"","overlay-type":"","overlay-color":"","overlay-opacity":"","overlay-gradient":""},"tablet":{"background-color":"var(--ast-global-color-5)","background-image":"","background-repeat":"repeat","background-position":"center center","background-size":"auto","background-attachment":"scroll","background-type":"","background-media":"","overlay-type":"","overlay-color":"","overlay-opacity":"","overlay-gradient":""},"mobile":{"background-color":"var(--ast-global-color-5)","background-image":"","background-repeat":"repeat","background-position":"center center","background-size":"auto","background-attachment":"scroll","background-type":"","background-media":"","overlay-type":"","overlay-color":"","overlay-opacity":"","overlay-gradient":""}}},"product_brand":[],"product_cat":[254],"product_tag":[],"class_list":{"0":"post-3887","1":"product","2":"type-product","3":"status-publish","4":"has-post-thumbnail","6":"product_cat-sew-repair-kit","7":"desktop-align-left","8":"tablet-align-left","9":"mobile-align-left","11":"first","12":"instock","13":"sale","14":"shipping-taxable","15":"purchasable","16":"product-type-simple"},"uagb_featured_image_src":{"full":["https:\/\/micterleather.com\/wp-content\/uploads\/2025\/08\/23-Set-Micter-leather-tools.webp",800,800,false],"thumbnail":["https:\/\/micterleather.com\/wp-content\/uploads\/2025\/08\/23-Set-Micter-leather-tools-150x150.webp",150,150,true],"medium":["https:\/\/micterleather.com\/wp-content\/uploads\/2025\/08\/23-Set-Micter-leather-tools-300x300.webp",300,300,true],"medium_large":["https:\/\/micterleather.com\/wp-content\/uploads\/2025\/08\/23-Set-Micter-leather-tools-768x768.webp",768,768,true],"large":["https:\/\/micterleather.com\/wp-content\/uploads\/2025\/08\/23-Set-Micter-leather-tools.webp",800,800,false],"1536x1536":["https:\/\/micterleather.com\/wp-content\/uploads\/2025\/08\/23-Set-Micter-leather-tools.webp",800,800,false],"2048x2048":["https:\/\/micterleather.com\/wp-content\/uploads\/2025\/08\/23-Set-Micter-leather-tools.webp",800,800,false],"trp-custom-language-flag":["https:\/\/micterleather.com\/wp-content\/uploads\/2025\/08\/23-Set-Micter-leather-tools.webp",12,12,false],"woocommerce_thumbnail":["https:\/\/micterleather.com\/wp-content\/uploads\/2025\/08\/23-Set-Micter-leather-tools-300x300.webp",300,300,true],"woocommerce_single":["https:\/\/micterleather.com\/wp-content\/uploads\/2025\/08\/23-Set-Micter-leather-tools-600x600.webp",600,600,true],"woocommerce_gallery_thumbnail":["https:\/\/micterleather.com\/wp-content\/uploads\/2025\/08\/23-Set-Micter-leather-tools-100x100.webp",100,100,true]},"uagb_author_info":{"display_name":"micter","author_link":"https:\/\/micterleather.com\/pl\/author\/"},"uagb_comment_info":0,"uagb_excerpt":"Package Information Bag Included Components (as shown in image) 1 \u00d7 Wooden Handle Awl, 1 \u00d7 Metal Thimble, 1 \u00d7 Seam Ripper, 1 \u00d7 Thread Snip Scissor, 1 \u00d7 Needle Threader, 1 \u00d7 Needle Storage Tube (with green cap), 6 \u00d7 Heavy Duty Hand Sewing Needles, 2 \u00d7 Curved Needles, 12 \u00d7 Waxed Threads (assorted&hellip;","_links":{"self":[{"href":"https:\/\/micterleather.com\/pl\/wp-json\/wp\/v2\/product\/3887","targetHints":{"allow":["GET"]}}],"collection":[{"href":"https:\/\/micterleather.com\/pl\/wp-json\/wp\/v2\/product"}],"about":[{"href":"https:\/\/micterleather.com\/pl\/wp-json\/wp\/v2\/types\/product"}],"wp:featuredmedia":[{"embeddable":true,"href":"https:\/\/micterleather.com\/pl\/wp-json\/wp\/v2\/media\/3856"}],"wp:attachment":[{"href":"https:\/\/micterleather.com\/pl\/wp-json\/wp\/v2\/media?parent=3887"}],"wp:term":[{"taxonomy":"product_brand","embeddable":true,"href":"https:\/\/micterleather.com\/pl\/wp-json\/wp\/v2\/product_brand?post=3887"},{"taxonomy":"product_cat","embeddable":true,"href":"https:\/\/micterleather.com\/pl\/wp-json\/wp\/v2\/product_cat?post=3887"},{"taxonomy":"product_tag","embeddable":true,"href":"https:\/\/micterleather.com\/pl\/wp-json\/wp\/v2\/product_tag?post=3887"}],"curies":[{"name":"wp","href":"https:\/\/api.w.org\/{rel}","templated":true}]}}