{"id":3884,"date":"2025-07-19T09:37:40","date_gmt":"2025-07-19T09:37:40","guid":{"rendered":"https:\/\/micterleather.com\/?post_type=product&#038;p=3884"},"modified":"2025-08-24T08:27:54","modified_gmt":"2025-08-24T08:27:54","slug":"21-set-leather-handicraft-tools","status":"publish","type":"product","link":"https:\/\/micterleather.com\/pl\/product\/sew-repair-kit\/21-set-leather-handicraft-tools\/","title":{"rendered":"21 zestaw narz\u0119dzi do r\u0119kodzie\u0142a sk\u00f3rzanego"},"content":{"rendered":"<ul>\n<li data-start=\"437\" data-end=\"565\">\n<p data-start=\"439\" data-end=\"565\"><strong data-start=\"439\" data-end=\"470\">Kompletny Zestaw do Szycia Sk\u00f3rzanego<\/strong> \u2013 Zawiera niezb\u0119dne narz\u0119dzia, takie jak wk\u0142adka, no\u017cyk do rozprucia szw\u00f3w, bone folders, ig\u0142y, linijka i nici.<\/p>\n<\/li>\n<li data-start=\"566\" data-end=\"699\">\n<p data-start=\"568\" data-end=\"699\"><strong data-start=\"568\" data-end=\"593\">Wytrzyma\u0142e Woskowane Nici<\/strong> \u2013 W zestawie 4 szpule w r\u00f3\u017cnych kolorach (br\u0105zowy, be\u017cowy, jasnobr\u0105zowy, bia\u0142y), mocne i odporne na \u015bcieranie.<\/p>\n<\/li>\n<li data-start=\"700\" data-end=\"822\">\n<p data-start=\"702\" data-end=\"822\"><strong data-start=\"702\" data-end=\"724\">R\u00f3\u017cnorodno\u015b\u0107 igie\u0142<\/strong> \u2013 6 du\u017cych igie\u0142 do r\u0119cznego szycia przechowywanych w tubce, \u0142atwe do nawlekania i idealne do grubych tkanin.<\/p>\n<\/li>\n<li data-start=\"823\" data-end=\"970\">\n<p data-start=\"825\" data-end=\"970\"><strong data-start=\"825\" data-end=\"850\">Praktyczne Akcesoria<\/strong> \u2013 Zawiera spinacze do mocowania sk\u00f3rzanych element\u00f3w, nak\u0142adk\u0119 na palec chroni\u0105c\u0105 palce oraz linijk\u0119 do precyzyjnych pomiar\u00f3w.<\/p>\n<\/li>\n<li data-start=\"971\" data-end=\"1105\">\n<p data-start=\"973\" data-end=\"1105\"><strong data-start=\"973\" data-end=\"994\">Wielofunkcyjne Zastosowanie<\/strong> \u2013 Odpowiedni do naprawy sk\u00f3ry, r\u0119kodzie\u0142a DIY oraz projekt\u00f3w szycia, takich jak portfele, torby, paski i tapicerka.<\/p>\n<\/li>\n<\/ul>","protected":false},"excerpt":{"rendered":"<table class=\"a-normal a-spacing-micro\" style=\"font-size: 16px; font-style: normal;\" role=\"list\">\n<tbody>\n<tr class=\"a-spacing-small po-container.type\" role=\"listitem\">\n<td class=\"a-span3\" role=\"presentation\"><span class=\"a-size-base a-text-bold\">Informacje o opakowaniu<\/span><\/td>\n<td class=\"a-span9\" role=\"presentation\"><span class=\"a-size-base po-break-word\">Torba<\/span><\/td>\n<\/tr>\n<tr class=\"a-spacing-small po-included_components\" role=\"listitem\">\n<td class=\"a-span3\" role=\"presentation\"><span class=\"a-size-base a-text-bold\">Zawarte elementy<br \/>\n(jak pokazano na obrazku)<\/span><\/td>\n<td class=\"a-span9\" role=\"presentation\">1 \u00d7 Metalowa Linijka (20cm), 1 \u00d7 Du\u017cy Bone Folder, 1 \u00d7 Ma\u0142y Bone Folder, 1 \u00d7 Drewniany R\u0119koje\u015b\u0107 Wk\u0142adka, 1 \u00d7 No\u017cyk do rozprucia szw\u00f3w, 1 \u00d7 Tubka na ig\u0142y (z pomara\u0144czow\u0105 nakr\u0119tk\u0105), 6 \u00d7 Du\u017cych Igie\u0142 do r\u0119cznego szycia, 1 \u00d7 Metalowa Nak\u0142adka na Palec, 4 \u00d7 Spinacze (czarne), 4 \u00d7 Woskowane Nici (br\u0105zowe, be\u017cowe, jasnobr\u0105zowe, bia\u0142e)<\/td>\n<\/tr>\n<\/tbody>\n<\/table>","protected":false},"featured_media":3855,"template":"","meta":{"_uag_custom_page_level_css":"","site-sidebar-layout":"default","site-content-layout":"","ast-site-content-layout":"default","site-content-style":"default","site-sidebar-style":"default","ast-global-header-display":"","ast-banner-title-visibility":"","ast-main-header-display":"","ast-hfb-above-header-display":"","ast-hfb-below-header-display":"","ast-hfb-mobile-header-display":"","site-post-title":"","ast-breadcrumbs-content":"","ast-featured-img":"","footer-sml-layout":"","ast-disable-related-posts":"","theme-transparent-header-meta":"default","adv-header-id-meta":"","stick-header-meta":"","header-above-stick-meta":"","header-main-stick-meta":"","header-below-stick-meta":"","astra-migrate-meta-layouts":"set","ast-page-background-enabled":"default","ast-page-background-meta":{"desktop":{"background-color":"","background-image":"","background-repeat":"repeat","background-position":"center center","background-size":"auto","background-attachment":"scroll","background-type":"","background-media":"","overlay-type":"","overlay-color":"","overlay-opacity":"","overlay-gradient":""},"tablet":{"background-color":"","background-image":"","background-repeat":"repeat","background-position":"center center","background-size":"auto","background-attachment":"scroll","background-type":"","background-media":"","overlay-type":"","overlay-color":"","overlay-opacity":"","overlay-gradient":""},"mobile":{"background-color":"","background-image":"","background-repeat":"repeat","background-position":"center center","background-size":"auto","background-attachment":"scroll","background-type":"","background-media":"","overlay-type":"","overlay-color":"","overlay-opacity":"","overlay-gradient":""}},"ast-content-background-meta":{"desktop":{"background-color":"var(--ast-global-color-5)","background-image":"","background-repeat":"repeat","background-position":"center center","background-size":"auto","background-attachment":"scroll","background-type":"","background-media":"","overlay-type":"","overlay-color":"","overlay-opacity":"","overlay-gradient":""},"tablet":{"background-color":"var(--ast-global-color-5)","background-image":"","background-repeat":"repeat","background-position":"center center","background-size":"auto","background-attachment":"scroll","background-type":"","background-media":"","overlay-type":"","overlay-color":"","overlay-opacity":"","overlay-gradient":""},"mobile":{"background-color":"var(--ast-global-color-5)","background-image":"","background-repeat":"repeat","background-position":"center center","background-size":"auto","background-attachment":"scroll","background-type":"","background-media":"","overlay-type":"","overlay-color":"","overlay-opacity":"","overlay-gradient":""}}},"product_brand":[],"product_cat":[254],"product_tag":[],"class_list":{"0":"post-3884","1":"product","2":"type-product","3":"status-publish","4":"has-post-thumbnail","6":"product_cat-sew-repair-kit","7":"desktop-align-left","8":"tablet-align-left","9":"mobile-align-left","11":"first","12":"instock","13":"sale","14":"shipping-taxable","15":"purchasable","16":"product-type-simple"},"uagb_featured_image_src":{"full":["https:\/\/micterleather.com\/wp-content\/uploads\/2025\/08\/21-set-leather-handicraft-tools.webp",1500,1500,false],"thumbnail":["https:\/\/micterleather.com\/wp-content\/uploads\/2025\/08\/21-set-leather-handicraft-tools-150x150.webp",150,150,true],"medium":["https:\/\/micterleather.com\/wp-content\/uploads\/2025\/08\/21-set-leather-handicraft-tools-300x300.webp",300,300,true],"medium_large":["https:\/\/micterleather.com\/wp-content\/uploads\/2025\/08\/21-set-leather-handicraft-tools-768x768.webp",768,768,true],"large":["https:\/\/micterleather.com\/wp-content\/uploads\/2025\/08\/21-set-leather-handicraft-tools-1024x1024.webp",1024,1024,true],"1536x1536":["https:\/\/micterleather.com\/wp-content\/uploads\/2025\/08\/21-set-leather-handicraft-tools.webp",1500,1500,false],"2048x2048":["https:\/\/micterleather.com\/wp-content\/uploads\/2025\/08\/21-set-leather-handicraft-tools.webp",1500,1500,false],"trp-custom-language-flag":["https:\/\/micterleather.com\/wp-content\/uploads\/2025\/08\/21-set-leather-handicraft-tools.webp",12,12,false],"woocommerce_thumbnail":["https:\/\/micterleather.com\/wp-content\/uploads\/2025\/08\/21-set-leather-handicraft-tools-300x300.webp",300,300,true],"woocommerce_single":["https:\/\/micterleather.com\/wp-content\/uploads\/2025\/08\/21-set-leather-handicraft-tools-600x600.webp",600,600,true],"woocommerce_gallery_thumbnail":["https:\/\/micterleather.com\/wp-content\/uploads\/2025\/08\/21-set-leather-handicraft-tools-100x100.webp",100,100,true]},"uagb_author_info":{"display_name":"micter","author_link":"https:\/\/micterleather.com\/pl\/author\/"},"uagb_comment_info":0,"uagb_excerpt":"Package Information Bag Included Components (as shown in image) 1 \u00d7 Metal Ruler (20cm), 1 \u00d7 Large Bone Folder, 1 \u00d7 Small Bone Folder, 1 \u00d7 Wooden Handle Awl, 1 \u00d7 Seam Ripper, 1 \u00d7 Needle Storage Tube (with orange cap), 6 \u00d7 Large Eye Hand Sewing Needles, 1 \u00d7 Metal Thimble, 4 \u00d7 Binder&hellip;","_links":{"self":[{"href":"https:\/\/micterleather.com\/pl\/wp-json\/wp\/v2\/product\/3884","targetHints":{"allow":["GET"]}}],"collection":[{"href":"https:\/\/micterleather.com\/pl\/wp-json\/wp\/v2\/product"}],"about":[{"href":"https:\/\/micterleather.com\/pl\/wp-json\/wp\/v2\/types\/product"}],"wp:featuredmedia":[{"embeddable":true,"href":"https:\/\/micterleather.com\/pl\/wp-json\/wp\/v2\/media\/3855"}],"wp:attachment":[{"href":"https:\/\/micterleather.com\/pl\/wp-json\/wp\/v2\/media?parent=3884"}],"wp:term":[{"taxonomy":"product_brand","embeddable":true,"href":"https:\/\/micterleather.com\/pl\/wp-json\/wp\/v2\/product_brand?post=3884"},{"taxonomy":"product_cat","embeddable":true,"href":"https:\/\/micterleather.com\/pl\/wp-json\/wp\/v2\/product_cat?post=3884"},{"taxonomy":"product_tag","embeddable":true,"href":"https:\/\/micterleather.com\/pl\/wp-json\/wp\/v2\/product_tag?post=3884"}],"curies":[{"name":"wp","href":"https:\/\/api.w.org\/{rel}","templated":true}]}}