{"id":3850,"date":"2025-07-19T07:31:04","date_gmt":"2025-07-19T07:31:04","guid":{"rendered":"https:\/\/micterleather.com\/?post_type=product&#038;p=3850"},"modified":"2025-08-24T08:28:43","modified_gmt":"2025-08-24T08:28:43","slug":"micter-leather-making-tools","status":"publish","type":"product","link":"https:\/\/micterleather.com\/pl\/product\/sew-repair-kit\/micter-leather-making-tools\/","title":{"rendered":"narz\u0119dzi do wyrobu sk\u00f3ry Micter"},"content":{"rendered":"<h3 data-start=\"77\" data-end=\"103\"><strong data-start=\"81\" data-end=\"101\">Cechy produktu<\/strong><\/h3>\n<ul data-start=\"104\" data-end=\"926\">\n<li data-start=\"104\" data-end=\"244\">\n<p data-start=\"106\" data-end=\"244\"><strong data-start=\"106\" data-end=\"137\">Kompletny Zestaw do Szycia Sk\u00f3rzanego<\/strong> \u2013 Zawiera ig\u0142y, wy\u017c\u0142obienia, nici, rozpruwacze szw\u00f3w, przypi\u0142ki i wi\u0119cej do naprawy sk\u00f3ry i projekt\u00f3w DIY.<\/p>\n<\/li>\n<li data-start=\"245\" data-end=\"383\">\n<p data-start=\"247\" data-end=\"383\"><strong data-start=\"247\" data-end=\"272\">Wytrzyma\u0142e Woskowane Nici<\/strong> \u2013 8 du\u017cych szpul w r\u00f3\u017cnych kolorach, mocne i odporne na \u015bcieranie, idealne do sk\u00f3ry, p\u0142\u00f3tna i tapicerki.<\/p>\n<\/li>\n<li data-start=\"384\" data-end=\"521\">\n<p data-start=\"386\" data-end=\"521\"><strong data-start=\"386\" data-end=\"408\">R\u00f3\u017cnorodno\u015b\u0107 igie\u0142<\/strong> \u2013 Proste, zakrzywione i mieszane ig\u0142y spe\u0142niaj\u0105 r\u00f3\u017cne potrzeby szycia, przechowywane w por\u0119cznej rurce i zestawie naprawczym.<\/p>\n<\/li>\n<li data-start=\"522\" data-end=\"648\">\n<p data-start=\"524\" data-end=\"648\"><strong data-start=\"524\" data-end=\"552\">Podstawowe narz\u0119dzia w zestawie<\/strong> \u2013 W zestawie wy\u017c\u0142obienia, rozpruwacze szw\u00f3w, no\u017cyczki do nici, miarka, nawijak do igie\u0142 i przypi\u0142ki.<\/p>\n<\/li>\n<li data-start=\"649\" data-end=\"788\">\n<p data-start=\"651\" data-end=\"788\"><strong data-start=\"651\" data-end=\"672\">Szerokie zastosowania<\/strong> \u2013 Idealne do naprawy torebek sk\u00f3rzanych, portfeli, pask\u00f3w, but\u00f3w, foteli samochodowych, sof, namiot\u00f3w i innych tkanin ci\u0119\u017ckich.<\/p>\n<\/li>\n<li data-start=\"789\" data-end=\"926\">\n<p data-start=\"791\" data-end=\"926\"><strong data-start=\"791\" data-end=\"815\">Przeno\u015bny i uporz\u0105dkowany<\/strong> \u2013 Kompaktowy zestaw, \u0142atwy do przenoszenia i przechowywania, odpowiedni dla pocz\u0105tkuj\u0105cych, hobbyst\u00f3w i profesjonalnych rzemie\u015blnik\u00f3w sk\u00f3rzanych.<\/p>\n<\/li>\n<\/ul>","protected":false},"excerpt":{"rendered":"<table class=\"a-normal a-spacing-micro\" role=\"list\">\n<tbody>\n<tr class=\"a-spacing-small po-container.type\" role=\"listitem\">\n<td class=\"a-span3\" role=\"presentation\"><span class=\"a-size-base a-text-bold\">Informacje o opakowaniu<\/span><\/td>\n<td class=\"a-span9\" role=\"presentation\"><span class=\"a-size-base po-break-word\">Torba<\/span><\/td>\n<\/tr>\n<tr class=\"a-spacing-small po-included_components\" role=\"listitem\">\n<td class=\"a-span3\" role=\"presentation\"><span class=\"a-size-base a-text-bold\">Zawarte elementy<br \/>\n(jak pokazano na obrazku)<\/span><\/td>\n<td class=\"a-span9\" role=\"presentation\">10 \u00d7 Proste ig\u0142y do szycia r\u0119cznego, 7 \u00d7 Zakrzywione ig\u0142y (r\u00f3\u017cne rozmiary), 6 \u00d7 Mieszane ig\u0142y (w zestawie naprawczym), 8 \u00d7 Woskowane nici (du\u017ce szpule, r\u00f3\u017cne kolory), 10 \u00d7 Nici tapicerskie (ma\u0142e szpule, r\u00f3\u017cne kolory), 3 \u00d7 Wy\u017c\u0142obienia (r\u0119koje\u015bci drewniane\/metalowe), 2 \u00d7 Rozpruwacze szw\u00f3w, 1 \u00d7 Ma\u0142e no\u017cyczki (do ci\u0119cia nici), 1 \u00d7 Miarka (mi\u0119kka ta\u015bma), 2 \u00d7 Przypi\u0142ki (metalowe), 1 \u00d7 Nawijak do igie\u0142, 1 \u00d7 Rurka do przechowywania igie\u0142 (z pomara\u0144czow\u0105 nakr\u0119tk\u0105)<\/td>\n<\/tr>\n<\/tbody>\n<\/table>","protected":false},"featured_media":3851,"template":"","meta":{"_uag_custom_page_level_css":"","site-sidebar-layout":"default","site-content-layout":"","ast-site-content-layout":"default","site-content-style":"default","site-sidebar-style":"default","ast-global-header-display":"","ast-banner-title-visibility":"","ast-main-header-display":"","ast-hfb-above-header-display":"","ast-hfb-below-header-display":"","ast-hfb-mobile-header-display":"","site-post-title":"","ast-breadcrumbs-content":"","ast-featured-img":"","footer-sml-layout":"","ast-disable-related-posts":"","theme-transparent-header-meta":"default","adv-header-id-meta":"","stick-header-meta":"","header-above-stick-meta":"","header-main-stick-meta":"","header-below-stick-meta":"","astra-migrate-meta-layouts":"set","ast-page-background-enabled":"default","ast-page-background-meta":{"desktop":{"background-color":"","background-image":"","background-repeat":"repeat","background-position":"center center","background-size":"auto","background-attachment":"scroll","background-type":"","background-media":"","overlay-type":"","overlay-color":"","overlay-opacity":"","overlay-gradient":""},"tablet":{"background-color":"","background-image":"","background-repeat":"repeat","background-position":"center center","background-size":"auto","background-attachment":"scroll","background-type":"","background-media":"","overlay-type":"","overlay-color":"","overlay-opacity":"","overlay-gradient":""},"mobile":{"background-color":"","background-image":"","background-repeat":"repeat","background-position":"center center","background-size":"auto","background-attachment":"scroll","background-type":"","background-media":"","overlay-type":"","overlay-color":"","overlay-opacity":"","overlay-gradient":""}},"ast-content-background-meta":{"desktop":{"background-color":"var(--ast-global-color-5)","background-image":"","background-repeat":"repeat","background-position":"center center","background-size":"auto","background-attachment":"scroll","background-type":"","background-media":"","overlay-type":"","overlay-color":"","overlay-opacity":"","overlay-gradient":""},"tablet":{"background-color":"var(--ast-global-color-5)","background-image":"","background-repeat":"repeat","background-position":"center center","background-size":"auto","background-attachment":"scroll","background-type":"","background-media":"","overlay-type":"","overlay-color":"","overlay-opacity":"","overlay-gradient":""},"mobile":{"background-color":"var(--ast-global-color-5)","background-image":"","background-repeat":"repeat","background-position":"center center","background-size":"auto","background-attachment":"scroll","background-type":"","background-media":"","overlay-type":"","overlay-color":"","overlay-opacity":"","overlay-gradient":""}}},"product_brand":[],"product_cat":[254],"product_tag":[],"class_list":{"0":"post-3850","1":"product","2":"type-product","3":"status-publish","4":"has-post-thumbnail","6":"product_cat-sew-repair-kit","7":"desktop-align-left","8":"tablet-align-left","9":"mobile-align-left","11":"first","12":"instock","13":"sale","14":"shipping-taxable","15":"purchasable","16":"product-type-simple"},"uagb_featured_image_src":{"full":["https:\/\/micterleather.com\/wp-content\/uploads\/2025\/08\/Micterleather-making-tools-.webp",1600,1600,false],"thumbnail":["https:\/\/micterleather.com\/wp-content\/uploads\/2025\/08\/Micterleather-making-tools--150x150.webp",150,150,true],"medium":["https:\/\/micterleather.com\/wp-content\/uploads\/2025\/08\/Micterleather-making-tools--300x300.webp",300,300,true],"medium_large":["https:\/\/micterleather.com\/wp-content\/uploads\/2025\/08\/Micterleather-making-tools--768x768.webp",768,768,true],"large":["https:\/\/micterleather.com\/wp-content\/uploads\/2025\/08\/Micterleather-making-tools--1024x1024.webp",1024,1024,true],"1536x1536":["https:\/\/micterleather.com\/wp-content\/uploads\/2025\/08\/Micterleather-making-tools--1536x1536.webp",1536,1536,true],"2048x2048":["https:\/\/micterleather.com\/wp-content\/uploads\/2025\/08\/Micterleather-making-tools-.webp",1600,1600,false],"trp-custom-language-flag":["https:\/\/micterleather.com\/wp-content\/uploads\/2025\/08\/Micterleather-making-tools-.webp",12,12,false],"woocommerce_thumbnail":["https:\/\/micterleather.com\/wp-content\/uploads\/2025\/08\/Micterleather-making-tools--300x300.webp",300,300,true],"woocommerce_single":["https:\/\/micterleather.com\/wp-content\/uploads\/2025\/08\/Micterleather-making-tools--600x600.webp",600,600,true],"woocommerce_gallery_thumbnail":["https:\/\/micterleather.com\/wp-content\/uploads\/2025\/08\/Micterleather-making-tools--100x100.webp",100,100,true]},"uagb_author_info":{"display_name":"micter","author_link":"https:\/\/micterleather.com\/pl\/author\/"},"uagb_comment_info":0,"uagb_excerpt":"Package Information Bag Included Components (as shown in image) 10 \u00d7 Straight Hand Sewing Needles, 7 \u00d7 Curved Needles (different sizes), 6 \u00d7 Mixed Needles (in repair kit pack), 8 \u00d7 Waxed Threads (large spools, assorted colors), 10 \u00d7 Upholstery Threads (small spools, assorted colors), 3 \u00d7 Awls (wooden\/metal handles), 2 \u00d7 Seam Rippers, 1&hellip;","_links":{"self":[{"href":"https:\/\/micterleather.com\/pl\/wp-json\/wp\/v2\/product\/3850","targetHints":{"allow":["GET"]}}],"collection":[{"href":"https:\/\/micterleather.com\/pl\/wp-json\/wp\/v2\/product"}],"about":[{"href":"https:\/\/micterleather.com\/pl\/wp-json\/wp\/v2\/types\/product"}],"wp:featuredmedia":[{"embeddable":true,"href":"https:\/\/micterleather.com\/pl\/wp-json\/wp\/v2\/media\/3851"}],"wp:attachment":[{"href":"https:\/\/micterleather.com\/pl\/wp-json\/wp\/v2\/media?parent=3850"}],"wp:term":[{"taxonomy":"product_brand","embeddable":true,"href":"https:\/\/micterleather.com\/pl\/wp-json\/wp\/v2\/product_brand?post=3850"},{"taxonomy":"product_cat","embeddable":true,"href":"https:\/\/micterleather.com\/pl\/wp-json\/wp\/v2\/product_cat?post=3850"},{"taxonomy":"product_tag","embeddable":true,"href":"https:\/\/micterleather.com\/pl\/wp-json\/wp\/v2\/product_tag?post=3850"}],"curies":[{"name":"wp","href":"https:\/\/api.w.org\/{rel}","templated":true}]}}