{"id":3669,"date":"2025-07-28T08:14:47","date_gmt":"2025-07-28T08:14:47","guid":{"rendered":"https:\/\/micterleather.com\/?post_type=product&#038;p=3669"},"modified":"2025-08-03T08:21:27","modified_gmt":"2025-08-03T08:21:27","slug":"belt-hole-puncher","status":"publish","type":"product","link":"https:\/\/micterleather.com\/pl\/product\/repair-accessories\/belt-hole-puncher\/","title":{"rendered":"Wiercenie dziur w paskach"},"content":{"rendered":"<h4>Opis produktu:<\/h4>\n<ul>\n<li class=\"my-0\"><strong>Wielofunkcyjny design:<\/strong>\u00a0Wiert\u0142o do dziurek w pasku posiada sze\u015b\u0107 r\u00f3\u017cnych rozmiar\u00f3w dziurek \u2014 2mm, 2,5mm, 3mm, 3,5mm, 4mm i 4,5mm \u2014 pokrywaj\u0105c wszystkie najpopularniejsze potrzeby. Jest idealne do wycinania okr\u0105g\u0142ych dziurek w sk\u00f3rze, plastiku, p\u0142\u00f3tnie, tkaninach, siod\u0142ach i innych, co czyni je szczeg\u00f3lnie przydatnym do projekt\u00f3w sk\u00f3rzanych.<\/li>\n<li class=\"my-0\"><strong>Wysoka jako\u015b\u0107 i bezpiecze\u0144stwo:<\/strong>\u00a0Wykonany ze stalowego pokrycia, ten trwa\u0142y dziurkacz do sk\u00f3ry oferuje wysok\u0105 twardo\u015b\u0107 i wyj\u0105tkow\u0105 trwa\u0142o\u015b\u0107. Powierzchnia metalowa jest pokryta lakierem w sprayu, aby zapobiec utlenianiu, a gruba podk\u0142adka z mosi\u0105dzu dodaje dodatkowego bezpiecze\u0144stwa podczas u\u017cytkowania.<\/li>\n<li class=\"my-0\"><strong>Ergonomiczny i wygodny:<\/strong>\u00a0Zaprojektowany z mechanizmem podw\u00f3jnego d\u017awigni, dziurkacz znacznie zmniejsza wysi\u0142ek r\u0119ki podczas \u0142atwej, powtarzalnej pracy. Wy\u015bcie\u0142ane, antypo\u015blizgowe i ergonomiczne uchwyty zapewniaj\u0105 komfortowe trzymanie, pomagaj\u0105c zapobiega\u0107 b\u00f3lowi r\u0105k i odciskom nawet przy d\u0142ugotrwa\u0142ym u\u017cytkowaniu.<\/li>\n<li class=\"my-0\"><strong>Kompletny zestaw do nitowania:<\/strong>\u00a0The set comes with 2 matched mandrels and 240 rivets in three sizes and four colors. Eyelet sizes include 6x6mm (15\/64\u2033 x 15\/64\u2033), 8x8mm (5\/16\u2033 x 5\/16\u2033), and 8x12mm (5\/16\u2033 x 31\/64\u2033). Ideal for adding decorative and functional rivets to shoes, clothing, crafts, shoelaces, and more.<\/li>\n<li class=\"my-0\"><strong>Wszechstronny zestaw narz\u0119dzi do dziurkowania:<\/strong>\u00a0Zestaw zawiera 1 dziurkacz do pasa, 3 zapasowe podk\u0142adki z mosi\u0105dzu, 1 \u015brubokr\u0119t, 1 pr\u0119t z korundu do ostrzenia, 1 linijk\u0119 pomiarow\u0105 oraz instrukcj\u0119 obs\u0142ugi. Linijka umo\u017cliwia precyzyjne pomiary, a \u015brubokr\u0119t jest przydatny do wymiany p\u0142yt i dokr\u0119cania \u015brub.<\/li>\n<\/ul>","protected":false},"excerpt":{"rendered":"<h4>Informacje o produkcie:<\/h4>\n<table class=\"a-normal a-spacing-micro\" role=\"list\">\n<tbody>\n<tr class=\"a-spacing-small po-material\" role=\"listitem\">\n<td class=\"a-span3\" role=\"presentation\"><span class=\"a-size-base a-text-bold\">Materia\u0142<\/span><\/td>\n<td class=\"a-span9\" role=\"presentation\"><span class=\"a-size-base po-break-word\">Stal w\u0119glowa<\/span><\/td>\n<\/tr>\n<tr class=\"a-spacing-small po-color\" role=\"listitem\">\n<td class=\"a-span3\" role=\"presentation\"><span class=\"a-size-base a-text-bold\">Kolor<\/span><\/td>\n<td class=\"a-span9\" role=\"presentation\"><span class=\"a-size-base po-break-word\">Wierci\u0107 do dziurek w pasku + napy sk\u00f3rzane<\/span><\/td>\n<\/tr>\n<tr class=\"a-spacing-small po-item_length_width_height\" role=\"listitem\">\n<td class=\"a-span3\" role=\"presentation\"><span class=\"a-size-base a-text-bold\">Wymiary produktu<\/span><\/td>\n<td class=\"a-span9\" role=\"presentation\"><span class=\"a-size-base po-break-word\">2.2\u2033W x 0.8\u2033H<\/span><\/td>\n<\/tr>\n<\/tbody>\n<\/table>","protected":false},"featured_media":3673,"template":"","meta":{"_uag_custom_page_level_css":"","site-sidebar-layout":"default","site-content-layout":"","ast-site-content-layout":"default","site-content-style":"default","site-sidebar-style":"default","ast-global-header-display":"","ast-banner-title-visibility":"","ast-main-header-display":"","ast-hfb-above-header-display":"","ast-hfb-below-header-display":"","ast-hfb-mobile-header-display":"","site-post-title":"","ast-breadcrumbs-content":"","ast-featured-img":"","footer-sml-layout":"","ast-disable-related-posts":"","theme-transparent-header-meta":"default","adv-header-id-meta":"","stick-header-meta":"","header-above-stick-meta":"","header-main-stick-meta":"","header-below-stick-meta":"","astra-migrate-meta-layouts":"set","ast-page-background-enabled":"default","ast-page-background-meta":{"desktop":{"background-color":"","background-image":"","background-repeat":"repeat","background-position":"center center","background-size":"auto","background-attachment":"scroll","background-type":"","background-media":"","overlay-type":"","overlay-color":"","overlay-opacity":"","overlay-gradient":""},"tablet":{"background-color":"","background-image":"","background-repeat":"repeat","background-position":"center center","background-size":"auto","background-attachment":"scroll","background-type":"","background-media":"","overlay-type":"","overlay-color":"","overlay-opacity":"","overlay-gradient":""},"mobile":{"background-color":"","background-image":"","background-repeat":"repeat","background-position":"center center","background-size":"auto","background-attachment":"scroll","background-type":"","background-media":"","overlay-type":"","overlay-color":"","overlay-opacity":"","overlay-gradient":""}},"ast-content-background-meta":{"desktop":{"background-color":"var(--ast-global-color-5)","background-image":"","background-repeat":"repeat","background-position":"center center","background-size":"auto","background-attachment":"scroll","background-type":"","background-media":"","overlay-type":"","overlay-color":"","overlay-opacity":"","overlay-gradient":""},"tablet":{"background-color":"var(--ast-global-color-5)","background-image":"","background-repeat":"repeat","background-position":"center center","background-size":"auto","background-attachment":"scroll","background-type":"","background-media":"","overlay-type":"","overlay-color":"","overlay-opacity":"","overlay-gradient":""},"mobile":{"background-color":"var(--ast-global-color-5)","background-image":"","background-repeat":"repeat","background-position":"center center","background-size":"auto","background-attachment":"scroll","background-type":"","background-media":"","overlay-type":"","overlay-color":"","overlay-opacity":"","overlay-gradient":""}}},"product_brand":[],"product_cat":[256],"product_tag":[],"class_list":{"0":"post-3669","1":"product","2":"type-product","3":"status-publish","4":"has-post-thumbnail","6":"product_cat-repair-accessories","7":"desktop-align-left","8":"tablet-align-left","9":"mobile-align-left","11":"first","12":"instock","13":"sale","14":"shipping-taxable","15":"purchasable","16":"product-type-simple"},"uagb_featured_image_src":{"full":["https:\/\/micterleather.com\/wp-content\/uploads\/2025\/08\/Belt-Hole-Puncher-3.jpg",522,522,false],"thumbnail":["https:\/\/micterleather.com\/wp-content\/uploads\/2025\/08\/Belt-Hole-Puncher-3-150x150.jpg",150,150,true],"medium":["https:\/\/micterleather.com\/wp-content\/uploads\/2025\/08\/Belt-Hole-Puncher-3-300x300.jpg",300,300,true],"medium_large":["https:\/\/micterleather.com\/wp-content\/uploads\/2025\/08\/Belt-Hole-Puncher-3.jpg",522,522,false],"large":["https:\/\/micterleather.com\/wp-content\/uploads\/2025\/08\/Belt-Hole-Puncher-3.jpg",522,522,false],"1536x1536":["https:\/\/micterleather.com\/wp-content\/uploads\/2025\/08\/Belt-Hole-Puncher-3.jpg",522,522,false],"2048x2048":["https:\/\/micterleather.com\/wp-content\/uploads\/2025\/08\/Belt-Hole-Puncher-3.jpg",522,522,false],"trp-custom-language-flag":["https:\/\/micterleather.com\/wp-content\/uploads\/2025\/08\/Belt-Hole-Puncher-3.jpg",12,12,false],"woocommerce_thumbnail":["https:\/\/micterleather.com\/wp-content\/uploads\/2025\/08\/Belt-Hole-Puncher-3-300x300.jpg",300,300,true],"woocommerce_single":["https:\/\/micterleather.com\/wp-content\/uploads\/2025\/08\/Belt-Hole-Puncher-3.jpg",522,522,false],"woocommerce_gallery_thumbnail":["https:\/\/micterleather.com\/wp-content\/uploads\/2025\/08\/Belt-Hole-Puncher-3-100x100.jpg",100,100,true]},"uagb_author_info":{"display_name":"micter","author_link":"https:\/\/micterleather.com\/pl\/author\/"},"uagb_comment_info":0,"uagb_excerpt":"Product Information: Material Carbon Steel Color Belt Hole Puncher + Leather Rivets Product Dimensions 2.2\"W x 0.8\"H","_links":{"self":[{"href":"https:\/\/micterleather.com\/pl\/wp-json\/wp\/v2\/product\/3669","targetHints":{"allow":["GET"]}}],"collection":[{"href":"https:\/\/micterleather.com\/pl\/wp-json\/wp\/v2\/product"}],"about":[{"href":"https:\/\/micterleather.com\/pl\/wp-json\/wp\/v2\/types\/product"}],"wp:featuredmedia":[{"embeddable":true,"href":"https:\/\/micterleather.com\/pl\/wp-json\/wp\/v2\/media\/3673"}],"wp:attachment":[{"href":"https:\/\/micterleather.com\/pl\/wp-json\/wp\/v2\/media?parent=3669"}],"wp:term":[{"taxonomy":"product_brand","embeddable":true,"href":"https:\/\/micterleather.com\/pl\/wp-json\/wp\/v2\/product_brand?post=3669"},{"taxonomy":"product_cat","embeddable":true,"href":"https:\/\/micterleather.com\/pl\/wp-json\/wp\/v2\/product_cat?post=3669"},{"taxonomy":"product_tag","embeddable":true,"href":"https:\/\/micterleather.com\/pl\/wp-json\/wp\/v2\/product_tag?post=3669"}],"curies":[{"name":"wp","href":"https:\/\/api.w.org\/{rel}","templated":true}]}}