{"id":3645,"date":"2025-07-11T10:11:42","date_gmt":"2025-07-11T10:11:42","guid":{"rendered":"https:\/\/micterleather.com\/?post_type=product&#038;p=3645"},"modified":"2025-08-19T12:01:54","modified_gmt":"2025-08-19T12:01:54","slug":"vinyl-and-leather-repair-kit","status":"publish","type":"product","link":"https:\/\/micterleather.com\/pl\/product\/repair-accessories\/vinyl-and-leather-repair-kit\/","title":{"rendered":"Zestaw do naprawy winylu i sk\u00f3ry"},"content":{"rendered":"<h4>Opis produktu:<\/h4>\n<ul>\n<li class=\"my-0\"><strong>Zestaw do naprawy sk\u00f3ry mebli:<\/strong>\u00a0Ten wszechstronny zestaw idealnie nadaje si\u0119 do wszystkich potrzeb zwi\u0105zanych z napraw\u0105 sk\u00f3ry i winylu. Niezale\u017cnie od tego, czy jest to Twoja ulubiona kanapa, wn\u0119trze samochodu, kurtka czy buty, skutecznie usuwa nieestetyczne zadrapania, rozdarcia i otarcia, z \u0142atwo\u015bci\u0105 przywracaj\u0105c przedmiotom dawny wygl\u0105d.<\/li>\n<li class=\"my-0\"><strong>Zestaw do szybkiej naprawy winylu:<\/strong>\u00a0Do aplikacji nie jest wymagane ciep\u0142o. Ten d\u0142ugotrwa\u0142y wype\u0142niacz do napraw jest odporny na blakni\u0119cie i nadaje si\u0119 do czarnej sk\u00f3ry i powierzchni winylowych, w tym kanap, sof, krzese\u0142, fotelik\u00f3w samochodowych, toreb, portfeli, but\u00f3w, kurtek, pask\u00f3w, baga\u017cu, but\u00f3w, siedze\u0144 \u0142odzi, siedze\u0144 RV, r\u0119kawic, siedze\u0144 motocyklowych, foteli rozk\u0142adanych, torebek, sof dwuosobowych, siedze\u0144 ci\u0119\u017car\u00f3wek, puf i innych.<\/li>\n<li class=\"my-0\"><strong>\u0141atwa w u\u017cyciu:<\/strong>\u00a0Po oczyszczeniu uszkodzonego obszaru po prostu wybierz mas\u0119 naprawcz\u0105, kt\u00f3ra najlepiej pasuje do koloru sk\u00f3ry, na\u0142\u00f3\u017c j\u0105 r\u00f3wnomiernie na uszkodzone miejsce, wyg\u0142ad\u017a i pozostaw past\u0119 naprawcz\u0105 do wyschni\u0119cia, aby uzyska\u0107 nieskazitelne wyko\u0144czenie.<\/li>\n<li class=\"my-0\"><strong>Bezpieczny zestaw do naprawy czarnego winylu:<\/strong>\u00a0Dzi\u0119ki przyjaznej dla sk\u00f3ry, nieklej\u0105cej si\u0119 formule, ten produkt jest bezpieczny dla wszystkich, w tym dla zwierz\u0105t domowych i os\u00f3b wra\u017cliwych. Zosta\u0142 zaprojektowany do profesjonalnej naprawy rozdar\u0107, p\u0119kni\u0119\u0107, zadrapa\u0144, \u0142uszczenia si\u0119 i uszkodze\u0144 zwi\u0105zanych ze zwierz\u0119tami na powierzchniach sk\u00f3rzanych, zapewniaj\u0105c trwa\u0142\u0105 i bezszwow\u0105 napraw\u0119.<\/li>\n<\/ul>","protected":false},"excerpt":{"rendered":"<h4>Informacje o produkcie:<\/h4>\n<table id=\"productDetails_techSpec_section_1\" class=\"a-keyvalue prodDetTable\">\n<tbody>\n<tr>\n<th class=\"a-color-secondary a-size-base prodDetSectionEntry\">Model<\/th>\n<td class=\"a-size-base prodDetAttrValue\">Zestaw do naprawy czarnego winylu<\/td>\n<\/tr>\n<tr>\n<th class=\"a-color-secondary a-size-base prodDetSectionEntry\">Waga produktu<\/th>\n<td class=\"a-size-base prodDetAttrValue\">\u200e55 gram\u00f3w<\/td>\n<\/tr>\n<tr>\n<th class=\"a-color-secondary a-size-base prodDetSectionEntry\">Wymiary produktu<\/th>\n<td class=\"a-size-base prodDetAttrValue\">\u200e17 x 11,9 x 1,9 cm<\/td>\n<\/tr>\n<\/tbody>\n<\/table>","protected":false},"featured_media":3648,"template":"","meta":{"_uag_custom_page_level_css":"","site-sidebar-layout":"default","site-content-layout":"","ast-site-content-layout":"default","site-content-style":"default","site-sidebar-style":"default","ast-global-header-display":"","ast-banner-title-visibility":"","ast-main-header-display":"","ast-hfb-above-header-display":"","ast-hfb-below-header-display":"","ast-hfb-mobile-header-display":"","site-post-title":"","ast-breadcrumbs-content":"","ast-featured-img":"","footer-sml-layout":"","ast-disable-related-posts":"","theme-transparent-header-meta":"default","adv-header-id-meta":"","stick-header-meta":"","header-above-stick-meta":"","header-main-stick-meta":"","header-below-stick-meta":"","astra-migrate-meta-layouts":"set","ast-page-background-enabled":"default","ast-page-background-meta":{"desktop":{"background-color":"","background-image":"","background-repeat":"repeat","background-position":"center center","background-size":"auto","background-attachment":"scroll","background-type":"","background-media":"","overlay-type":"","overlay-color":"","overlay-opacity":"","overlay-gradient":""},"tablet":{"background-color":"","background-image":"","background-repeat":"repeat","background-position":"center center","background-size":"auto","background-attachment":"scroll","background-type":"","background-media":"","overlay-type":"","overlay-color":"","overlay-opacity":"","overlay-gradient":""},"mobile":{"background-color":"","background-image":"","background-repeat":"repeat","background-position":"center center","background-size":"auto","background-attachment":"scroll","background-type":"","background-media":"","overlay-type":"","overlay-color":"","overlay-opacity":"","overlay-gradient":""}},"ast-content-background-meta":{"desktop":{"background-color":"var(--ast-global-color-5)","background-image":"","background-repeat":"repeat","background-position":"center center","background-size":"auto","background-attachment":"scroll","background-type":"","background-media":"","overlay-type":"","overlay-color":"","overlay-opacity":"","overlay-gradient":""},"tablet":{"background-color":"var(--ast-global-color-5)","background-image":"","background-repeat":"repeat","background-position":"center center","background-size":"auto","background-attachment":"scroll","background-type":"","background-media":"","overlay-type":"","overlay-color":"","overlay-opacity":"","overlay-gradient":""},"mobile":{"background-color":"var(--ast-global-color-5)","background-image":"","background-repeat":"repeat","background-position":"center center","background-size":"auto","background-attachment":"scroll","background-type":"","background-media":"","overlay-type":"","overlay-color":"","overlay-opacity":"","overlay-gradient":""}}},"product_brand":[],"product_cat":[256],"product_tag":[],"class_list":{"0":"post-3645","1":"product","2":"type-product","3":"status-publish","4":"has-post-thumbnail","6":"product_cat-repair-accessories","7":"desktop-align-left","8":"tablet-align-left","9":"mobile-align-left","11":"first","12":"instock","13":"sale","14":"shipping-taxable","15":"purchasable","16":"product-type-simple"},"uagb_featured_image_src":{"full":["https:\/\/micterleather.com\/wp-content\/uploads\/2025\/08\/Vinyl-and-Leather-Repair-Kit-3.jpg",679,666,false],"thumbnail":["https:\/\/micterleather.com\/wp-content\/uploads\/2025\/08\/Vinyl-and-Leather-Repair-Kit-3-150x150.jpg",150,150,true],"medium":["https:\/\/micterleather.com\/wp-content\/uploads\/2025\/08\/Vinyl-and-Leather-Repair-Kit-3-300x294.jpg",300,294,true],"medium_large":["https:\/\/micterleather.com\/wp-content\/uploads\/2025\/08\/Vinyl-and-Leather-Repair-Kit-3.jpg",679,666,false],"large":["https:\/\/micterleather.com\/wp-content\/uploads\/2025\/08\/Vinyl-and-Leather-Repair-Kit-3.jpg",679,666,false],"1536x1536":["https:\/\/micterleather.com\/wp-content\/uploads\/2025\/08\/Vinyl-and-Leather-Repair-Kit-3.jpg",679,666,false],"2048x2048":["https:\/\/micterleather.com\/wp-content\/uploads\/2025\/08\/Vinyl-and-Leather-Repair-Kit-3.jpg",679,666,false],"trp-custom-language-flag":["https:\/\/micterleather.com\/wp-content\/uploads\/2025\/08\/Vinyl-and-Leather-Repair-Kit-3.jpg",12,12,false],"woocommerce_thumbnail":["https:\/\/micterleather.com\/wp-content\/uploads\/2025\/08\/Vinyl-and-Leather-Repair-Kit-3-300x300.jpg",300,300,true],"woocommerce_single":["https:\/\/micterleather.com\/wp-content\/uploads\/2025\/08\/Vinyl-and-Leather-Repair-Kit-3-600x589.jpg",600,589,true],"woocommerce_gallery_thumbnail":["https:\/\/micterleather.com\/wp-content\/uploads\/2025\/08\/Vinyl-and-Leather-Repair-Kit-3-100x100.jpg",100,100,true]},"uagb_author_info":{"display_name":"micter","author_link":"https:\/\/micterleather.com\/pl\/author\/"},"uagb_comment_info":0,"uagb_excerpt":"Product Information: Model \u200eBlack Vinyl Repair kit Item Weight \u200e1.94 ounces Product Dimensions \u200e6.7 x 4.7 x 0.75 inches","_links":{"self":[{"href":"https:\/\/micterleather.com\/pl\/wp-json\/wp\/v2\/product\/3645","targetHints":{"allow":["GET"]}}],"collection":[{"href":"https:\/\/micterleather.com\/pl\/wp-json\/wp\/v2\/product"}],"about":[{"href":"https:\/\/micterleather.com\/pl\/wp-json\/wp\/v2\/types\/product"}],"wp:featuredmedia":[{"embeddable":true,"href":"https:\/\/micterleather.com\/pl\/wp-json\/wp\/v2\/media\/3648"}],"wp:attachment":[{"href":"https:\/\/micterleather.com\/pl\/wp-json\/wp\/v2\/media?parent=3645"}],"wp:term":[{"taxonomy":"product_brand","embeddable":true,"href":"https:\/\/micterleather.com\/pl\/wp-json\/wp\/v2\/product_brand?post=3645"},{"taxonomy":"product_cat","embeddable":true,"href":"https:\/\/micterleather.com\/pl\/wp-json\/wp\/v2\/product_cat?post=3645"},{"taxonomy":"product_tag","embeddable":true,"href":"https:\/\/micterleather.com\/pl\/wp-json\/wp\/v2\/product_tag?post=3645"}],"curies":[{"name":"wp","href":"https:\/\/api.w.org\/{rel}","templated":true}]}}