{"id":3525,"date":"2025-07-28T07:07:12","date_gmt":"2025-07-28T07:07:12","guid":{"rendered":"https:\/\/micterleather.com\/?post_type=product&#038;p=3525"},"modified":"2025-08-01T08:32:18","modified_gmt":"2025-08-01T08:32:18","slug":"leather-dye-marker-pens","status":"publish","type":"product","link":"https:\/\/micterleather.com\/pl\/product\/repair-accessories\/leather-dye-marker-pens\/","title":{"rendered":"Markery do barwienia sk\u00f3ry"},"content":{"rendered":"<h3>Opis produktu:<\/h3>\n<ul class=\"a-unordered-list a-vertical a-spacing-mini\">\n<li class=\"a-spacing-mini\"><span class=\"a-list-item\">Wystarczaj\u0105ca ilo\u015b\u0107 do r\u00f3\u017cnych potrzeb: w opakowaniu znajduje si\u0119 6 sztuk sk\u00f3rzanych marker\u00f3w do rysowania zarysowa\u0144 w 6 r\u00f3\u017cnych kolorach; Obfita ilo\u015b\u0107 i r\u00f3\u017cnorodno\u015b\u0107 kolor\u00f3w mog\u0105 zaspokoi\u0107 Twoje r\u00f3\u017cne potrzeby w codziennym \u017cyciu<\/span><\/li>\n<li class=\"a-spacing-mini\"><span class=\"a-list-item\">Barwienie sk\u00f3r: te markery do barwienia sk\u00f3ry maj\u0105 podobne kolory do r\u00f3\u017cnych projekt\u00f3w rzemie\u015blniczych ze sk\u00f3ry, wi\u0119c mo\u017cesz ich u\u017cywa\u0107 do wype\u0142niania kolor\u00f3w, je\u015bli Twoja sk\u00f3ra uleg\u0142a \u015bcieraniu, nie b\u0119d\u0105c ostentacyjnym<\/span><\/li>\n<li class=\"a-spacing-mini\"><span class=\"a-list-item\">Zabawa w DIY: marker do od\u015bwie\u017cania but\u00f3w jest idealny do tworzenia w\u0142asnych wzor\u00f3w na sk\u00f3rze lub tworzenia spersonalizowanych wyrob\u00f3w sk\u00f3rzanych; Kolory s\u0105 trudne do wyblakni\u0119cia, \u0142atwo si\u0119 mieszaj\u0105 i szybko schn\u0105<\/span><\/li>\n<li class=\"a-spacing-mini\"><span class=\"a-list-item\">Podw\u00f3jne ko\u0144c\u00f3wki: marker do od\u015bwie\u017cania mebli sk\u00f3rzanych wyposa\u017cony jest w 2 r\u00f3\u017cne ko\u0144c\u00f3wki p\u0119dzelkowe, mianowicie ostrze i cienk\u0105 ko\u0144c\u00f3wk\u0119; Mo\u017cesz wybra\u0107 r\u00f3\u017cne ko\u0144c\u00f3wki, aby barwi\u0107 du\u017c\u0105 powierzchni\u0119 lub rysowa\u0107 linie<\/span><\/li>\n<li class=\"a-spacing-mini\"><span class=\"a-list-item\">Przemy\u015blane projekty: d\u0142ugopis do sk\u00f3ry zosta\u0142 zaprojektowany z zakrzywionym uchwytem, co jest wygodne i komfortowe w trzymaniu; Nak\u0142adka na d\u0142ugopis chroni Tw\u00f3j pisak przed dost\u0119pem powietrza, dzi\u0119ki czemu ko\u0144c\u00f3wka p\u0119dzelka pozostanie mokra i gotowa do kolejnej naprawy<\/span><\/li>\n<\/ul>","protected":false},"excerpt":{"rendered":"<h3>Informacje o produkcie:<\/h3>\n<table class=\"a-normal a-spacing-micro\" role=\"list\">\n<tbody>\n<tr class=\"a-spacing-small po-number_of_items\" role=\"listitem\">\n<td class=\"a-span3\" role=\"presentation\"><span class=\"a-size-base a-text-bold\">Liczba przedmiot\u00f3w<\/span><\/td>\n<td class=\"a-span9\" role=\"presentation\"><span class=\"a-size-base po-break-word\">6<\/span><\/td>\n<\/tr>\n<tr class=\"a-spacing-small po-point.type\" role=\"listitem\">\n<td class=\"a-span3\" role=\"presentation\"><span class=\"a-size-base a-text-bold\">Typ punktu<\/span><\/td>\n<td class=\"a-span9\" role=\"presentation\"><span class=\"a-size-base po-break-word\">D\u0142uto<\/span><\/td>\n<\/tr>\n<tr class=\"a-spacing-small po-recommended_uses_for_product\" role=\"listitem\">\n<td class=\"a-span3\" role=\"presentation\"><span class=\"a-size-base a-text-bold\">Zalecane zastosowania produktu<\/span><\/td>\n<td class=\"a-span9\" role=\"presentation\"><span class=\"a-size-base po-break-word\">Malowanie<\/span><\/td>\n<\/tr>\n<\/tbody>\n<\/table>","protected":false},"featured_media":3526,"template":"","meta":{"_uag_custom_page_level_css":"","site-sidebar-layout":"default","site-content-layout":"","ast-site-content-layout":"default","site-content-style":"default","site-sidebar-style":"default","ast-global-header-display":"","ast-banner-title-visibility":"","ast-main-header-display":"","ast-hfb-above-header-display":"","ast-hfb-below-header-display":"","ast-hfb-mobile-header-display":"","site-post-title":"","ast-breadcrumbs-content":"","ast-featured-img":"","footer-sml-layout":"","ast-disable-related-posts":"","theme-transparent-header-meta":"default","adv-header-id-meta":"","stick-header-meta":"","header-above-stick-meta":"","header-main-stick-meta":"","header-below-stick-meta":"","astra-migrate-meta-layouts":"set","ast-page-background-enabled":"default","ast-page-background-meta":{"desktop":{"background-color":"","background-image":"","background-repeat":"repeat","background-position":"center center","background-size":"auto","background-attachment":"scroll","background-type":"","background-media":"","overlay-type":"","overlay-color":"","overlay-opacity":"","overlay-gradient":""},"tablet":{"background-color":"","background-image":"","background-repeat":"repeat","background-position":"center center","background-size":"auto","background-attachment":"scroll","background-type":"","background-media":"","overlay-type":"","overlay-color":"","overlay-opacity":"","overlay-gradient":""},"mobile":{"background-color":"","background-image":"","background-repeat":"repeat","background-position":"center center","background-size":"auto","background-attachment":"scroll","background-type":"","background-media":"","overlay-type":"","overlay-color":"","overlay-opacity":"","overlay-gradient":""}},"ast-content-background-meta":{"desktop":{"background-color":"var(--ast-global-color-5)","background-image":"","background-repeat":"repeat","background-position":"center center","background-size":"auto","background-attachment":"scroll","background-type":"","background-media":"","overlay-type":"","overlay-color":"","overlay-opacity":"","overlay-gradient":""},"tablet":{"background-color":"var(--ast-global-color-5)","background-image":"","background-repeat":"repeat","background-position":"center center","background-size":"auto","background-attachment":"scroll","background-type":"","background-media":"","overlay-type":"","overlay-color":"","overlay-opacity":"","overlay-gradient":""},"mobile":{"background-color":"var(--ast-global-color-5)","background-image":"","background-repeat":"repeat","background-position":"center center","background-size":"auto","background-attachment":"scroll","background-type":"","background-media":"","overlay-type":"","overlay-color":"","overlay-opacity":"","overlay-gradient":""}}},"product_brand":[],"product_cat":[256],"product_tag":[],"class_list":{"0":"post-3525","1":"product","2":"type-product","3":"status-publish","4":"has-post-thumbnail","6":"product_cat-repair-accessories","7":"desktop-align-left","8":"tablet-align-left","9":"mobile-align-left","11":"first","12":"instock","13":"sale","14":"shipping-taxable","15":"purchasable","16":"product-type-simple"},"uagb_featured_image_src":{"full":["https:\/\/micterleather.com\/wp-content\/uploads\/2025\/07\/Leather-Dye-Marker-Pens-.jpg",679,669,false],"thumbnail":["https:\/\/micterleather.com\/wp-content\/uploads\/2025\/07\/Leather-Dye-Marker-Pens--150x150.jpg",150,150,true],"medium":["https:\/\/micterleather.com\/wp-content\/uploads\/2025\/07\/Leather-Dye-Marker-Pens--300x296.jpg",300,296,true],"medium_large":["https:\/\/micterleather.com\/wp-content\/uploads\/2025\/07\/Leather-Dye-Marker-Pens-.jpg",679,669,false],"large":["https:\/\/micterleather.com\/wp-content\/uploads\/2025\/07\/Leather-Dye-Marker-Pens-.jpg",679,669,false],"1536x1536":["https:\/\/micterleather.com\/wp-content\/uploads\/2025\/07\/Leather-Dye-Marker-Pens-.jpg",679,669,false],"2048x2048":["https:\/\/micterleather.com\/wp-content\/uploads\/2025\/07\/Leather-Dye-Marker-Pens-.jpg",679,669,false],"trp-custom-language-flag":["https:\/\/micterleather.com\/wp-content\/uploads\/2025\/07\/Leather-Dye-Marker-Pens-.jpg",12,12,false],"woocommerce_thumbnail":["https:\/\/micterleather.com\/wp-content\/uploads\/2025\/07\/Leather-Dye-Marker-Pens--300x300.jpg",300,300,true],"woocommerce_single":["https:\/\/micterleather.com\/wp-content\/uploads\/2025\/07\/Leather-Dye-Marker-Pens--600x591.jpg",600,591,true],"woocommerce_gallery_thumbnail":["https:\/\/micterleather.com\/wp-content\/uploads\/2025\/07\/Leather-Dye-Marker-Pens--100x100.jpg",100,100,true]},"uagb_author_info":{"display_name":"micter","author_link":"https:\/\/micterleather.com\/pl\/author\/"},"uagb_comment_info":0,"uagb_excerpt":"Product Information: Number of Items 6 Point Type Chisel Recommended Uses For Product Painting","_links":{"self":[{"href":"https:\/\/micterleather.com\/pl\/wp-json\/wp\/v2\/product\/3525","targetHints":{"allow":["GET"]}}],"collection":[{"href":"https:\/\/micterleather.com\/pl\/wp-json\/wp\/v2\/product"}],"about":[{"href":"https:\/\/micterleather.com\/pl\/wp-json\/wp\/v2\/types\/product"}],"wp:featuredmedia":[{"embeddable":true,"href":"https:\/\/micterleather.com\/pl\/wp-json\/wp\/v2\/media\/3526"}],"wp:attachment":[{"href":"https:\/\/micterleather.com\/pl\/wp-json\/wp\/v2\/media?parent=3525"}],"wp:term":[{"taxonomy":"product_brand","embeddable":true,"href":"https:\/\/micterleather.com\/pl\/wp-json\/wp\/v2\/product_brand?post=3525"},{"taxonomy":"product_cat","embeddable":true,"href":"https:\/\/micterleather.com\/pl\/wp-json\/wp\/v2\/product_cat?post=3525"},{"taxonomy":"product_tag","embeddable":true,"href":"https:\/\/micterleather.com\/pl\/wp-json\/wp\/v2\/product_tag?post=3525"}],"curies":[{"name":"wp","href":"https:\/\/api.w.org\/{rel}","templated":true}]}}