{"id":3517,"date":"2025-07-28T05:00:47","date_gmt":"2025-07-28T05:00:47","guid":{"rendered":"https:\/\/micterleather.com\/?post_type=product&#038;p=3517"},"modified":"2025-08-24T08:13:20","modified_gmt":"2025-08-24T08:13:20","slug":"leather-working-tools-kit","status":"publish","type":"product","link":"https:\/\/micterleather.com\/pl\/product\/sew-repair-kit\/leather-working-tools-kit\/","title":{"rendered":"Zestaw narz\u0119dzi do obr\u00f3bki sk\u00f3ry"},"content":{"rendered":"<h3>Opis produktu:<\/h3>\n<ul>\n<li class=\"my-0\">Profesjonalny zestaw do r\u0119cznego wyrobu z sk\u00f3ry All-in-One zawiera 52 wysokiej jako\u015bci formy do t\u0142oczenia, szeroki wyb\u00f3r t\u0142ok\u00f3w do wycinania o rozmiarach od 2,5 mm do 10 mm, mat\u0119 do grawerowania, mat\u0119 do ci\u0119cia oraz narz\u0119dzia do wycinania, zapewniaj\u0105c wszystko, czego potrzebujesz do rze\u017abienia, wycinania otwor\u00f3w i szycia. Ten kompleksowy zestaw jest idealny do naprawy sk\u00f3ry i projekt\u00f3w z t\u0142oczeniem dekoracyjnym.<\/li>\n<li class=\"my-0\">Wykonany z wysokiej jako\u015bci stali w\u0119glowej i poddany rygorystycznej kontroli jako\u015bci, ka\u017cde narz\u0119dzie posiada ostre kraw\u0119dzie do precyzyjnych ci\u0119\u0107 i d\u0142ugotrwa\u0142ej trwa\u0142o\u015bci. Dzi\u0119ki temu zestaw nadaje si\u0119 do ci\u0119\u017ckich zada\u0144, takich jak ci\u0119cie pask\u00f3w sk\u00f3rzanych lub naprawa materia\u0142\u00f3w imituj\u0105cych sk\u00f3r\u0119.<\/li>\n<li class=\"my-0\">Dla wygody zestaw jest wyposa\u017cony w ergonomiczne, specjalnie zaprojektowane etui z oznaczonymi przegr\u00f3dkami, kt\u00f3re utrzymuje narz\u0119dzia w porz\u0105dku i u\u0142atwia ich transport. Pasuje bezproblemowo do wi\u0119kszo\u015bci zestaw\u00f3w do szycia sk\u00f3ry i stanowisk roboczych.<\/li>\n<li class=\"my-0\">Dodatkowo, zestaw zawiera bonusowe akcesoria do monta\u017cu nap, umo\u017cliwiaj\u0105c \u0142atwe dodanie profesjonalnych, dekoracyjnych wyko\u0144cze\u0144 do pask\u00f3w, torebek lub napraw mebli.<\/li>\n<\/ul>","protected":false},"excerpt":{"rendered":"<h4>Informacje o produkcie:<\/h4>\n<table class=\"a-normal a-spacing-micro\" role=\"list\">\n<tbody>\n<tr class=\"a-spacing-small po-color\" role=\"listitem\">\n<td class=\"a-span3\" role=\"presentation\"><span class=\"a-size-base a-text-bold\">Kolor<\/span><\/td>\n<td class=\"a-span9\" role=\"presentation\"><span class=\"a-size-base po-break-word\">br\u0105zowy<\/span><\/td>\n<\/tr>\n<tr class=\"a-spacing-small po-theme\" role=\"listitem\">\n<td class=\"a-span3\" role=\"presentation\"><span class=\"a-size-base a-text-bold\">Motyw<\/span><\/td>\n<td class=\"a-span9\" role=\"presentation\"><span class=\"a-size-base po-break-word\">Sk\u00f3ra<\/span><\/td>\n<\/tr>\n<tr class=\"a-spacing-small po-item_dimensions\" role=\"listitem\">\n<td class=\"a-span3\" role=\"presentation\"><span class=\"a-size-base a-text-bold\">Wymiary przedmiotu D x S x W<\/span><\/td>\n<td class=\"a-span9\" role=\"presentation\"><span class=\"a-size-base po-break-word\">11,8 x 3,1 x 15,7 cali<\/span><\/td>\n<\/tr>\n<tr class=\"a-spacing-small po-material\" role=\"listitem\">\n<td class=\"a-span3\" role=\"presentation\"><span class=\"a-size-base a-text-bold\">Materia\u0142<\/span><\/td>\n<td class=\"a-span9\" role=\"presentation\"><span class=\"a-size-base po-break-word\">Metal, Plastik<\/span><\/td>\n<\/tr>\n<\/tbody>\n<\/table>","protected":false},"featured_media":3518,"template":"","meta":{"_uag_custom_page_level_css":"","site-sidebar-layout":"default","site-content-layout":"","ast-site-content-layout":"default","site-content-style":"default","site-sidebar-style":"default","ast-global-header-display":"","ast-banner-title-visibility":"","ast-main-header-display":"","ast-hfb-above-header-display":"","ast-hfb-below-header-display":"","ast-hfb-mobile-header-display":"","site-post-title":"","ast-breadcrumbs-content":"","ast-featured-img":"","footer-sml-layout":"","ast-disable-related-posts":"","theme-transparent-header-meta":"default","adv-header-id-meta":"","stick-header-meta":"","header-above-stick-meta":"","header-main-stick-meta":"","header-below-stick-meta":"","astra-migrate-meta-layouts":"set","ast-page-background-enabled":"default","ast-page-background-meta":{"desktop":{"background-color":"","background-image":"","background-repeat":"repeat","background-position":"center center","background-size":"auto","background-attachment":"scroll","background-type":"","background-media":"","overlay-type":"","overlay-color":"","overlay-opacity":"","overlay-gradient":""},"tablet":{"background-color":"","background-image":"","background-repeat":"repeat","background-position":"center center","background-size":"auto","background-attachment":"scroll","background-type":"","background-media":"","overlay-type":"","overlay-color":"","overlay-opacity":"","overlay-gradient":""},"mobile":{"background-color":"","background-image":"","background-repeat":"repeat","background-position":"center center","background-size":"auto","background-attachment":"scroll","background-type":"","background-media":"","overlay-type":"","overlay-color":"","overlay-opacity":"","overlay-gradient":""}},"ast-content-background-meta":{"desktop":{"background-color":"var(--ast-global-color-5)","background-image":"","background-repeat":"repeat","background-position":"center center","background-size":"auto","background-attachment":"scroll","background-type":"","background-media":"","overlay-type":"","overlay-color":"","overlay-opacity":"","overlay-gradient":""},"tablet":{"background-color":"var(--ast-global-color-5)","background-image":"","background-repeat":"repeat","background-position":"center center","background-size":"auto","background-attachment":"scroll","background-type":"","background-media":"","overlay-type":"","overlay-color":"","overlay-opacity":"","overlay-gradient":""},"mobile":{"background-color":"var(--ast-global-color-5)","background-image":"","background-repeat":"repeat","background-position":"center center","background-size":"auto","background-attachment":"scroll","background-type":"","background-media":"","overlay-type":"","overlay-color":"","overlay-opacity":"","overlay-gradient":""}}},"product_brand":[],"product_cat":[254],"product_tag":[],"class_list":{"0":"post-3517","1":"product","2":"type-product","3":"status-publish","4":"has-post-thumbnail","6":"product_cat-sew-repair-kit","7":"desktop-align-left","8":"tablet-align-left","9":"mobile-align-left","11":"first","12":"instock","13":"sale","14":"shipping-taxable","15":"purchasable","16":"product-type-simple"},"uagb_featured_image_src":{"full":["https:\/\/micterleather.com\/wp-content\/uploads\/2025\/07\/Leather-Working-Tools-Kit.jpg",679,688,false],"thumbnail":["https:\/\/micterleather.com\/wp-content\/uploads\/2025\/07\/Leather-Working-Tools-Kit-150x150.jpg",150,150,true],"medium":["https:\/\/micterleather.com\/wp-content\/uploads\/2025\/07\/Leather-Working-Tools-Kit-296x300.jpg",296,300,true],"medium_large":["https:\/\/micterleather.com\/wp-content\/uploads\/2025\/07\/Leather-Working-Tools-Kit.jpg",679,688,false],"large":["https:\/\/micterleather.com\/wp-content\/uploads\/2025\/07\/Leather-Working-Tools-Kit.jpg",679,688,false],"1536x1536":["https:\/\/micterleather.com\/wp-content\/uploads\/2025\/07\/Leather-Working-Tools-Kit.jpg",679,688,false],"2048x2048":["https:\/\/micterleather.com\/wp-content\/uploads\/2025\/07\/Leather-Working-Tools-Kit.jpg",679,688,false],"trp-custom-language-flag":["https:\/\/micterleather.com\/wp-content\/uploads\/2025\/07\/Leather-Working-Tools-Kit.jpg",12,12,false],"woocommerce_thumbnail":["https:\/\/micterleather.com\/wp-content\/uploads\/2025\/07\/Leather-Working-Tools-Kit-300x300.jpg",300,300,true],"woocommerce_single":["https:\/\/micterleather.com\/wp-content\/uploads\/2025\/07\/Leather-Working-Tools-Kit-600x608.jpg",600,608,true],"woocommerce_gallery_thumbnail":["https:\/\/micterleather.com\/wp-content\/uploads\/2025\/07\/Leather-Working-Tools-Kit-100x100.jpg",100,100,true]},"uagb_author_info":{"display_name":"micter","author_link":"https:\/\/micterleather.com\/pl\/author\/"},"uagb_comment_info":0,"uagb_excerpt":"Product Information: Color brown Theme Leather Item dimensions L x W x H 11.8 x 3.1 x 15.7 inches Material Metal, Plastic","_links":{"self":[{"href":"https:\/\/micterleather.com\/pl\/wp-json\/wp\/v2\/product\/3517","targetHints":{"allow":["GET"]}}],"collection":[{"href":"https:\/\/micterleather.com\/pl\/wp-json\/wp\/v2\/product"}],"about":[{"href":"https:\/\/micterleather.com\/pl\/wp-json\/wp\/v2\/types\/product"}],"wp:featuredmedia":[{"embeddable":true,"href":"https:\/\/micterleather.com\/pl\/wp-json\/wp\/v2\/media\/3518"}],"wp:attachment":[{"href":"https:\/\/micterleather.com\/pl\/wp-json\/wp\/v2\/media?parent=3517"}],"wp:term":[{"taxonomy":"product_brand","embeddable":true,"href":"https:\/\/micterleather.com\/pl\/wp-json\/wp\/v2\/product_brand?post=3517"},{"taxonomy":"product_cat","embeddable":true,"href":"https:\/\/micterleather.com\/pl\/wp-json\/wp\/v2\/product_cat?post=3517"},{"taxonomy":"product_tag","embeddable":true,"href":"https:\/\/micterleather.com\/pl\/wp-json\/wp\/v2\/product_tag?post=3517"}],"curies":[{"name":"wp","href":"https:\/\/api.w.org\/{rel}","templated":true}]}}