{"id":3505,"date":"2025-07-12T03:55:16","date_gmt":"2025-07-12T03:55:16","guid":{"rendered":"https:\/\/micterleather.com\/?post_type=product&#038;p=3505"},"modified":"2025-08-19T12:02:30","modified_gmt":"2025-08-19T12:02:30","slug":"3pcs-leather-repair-gel","status":"publish","type":"product","link":"https:\/\/micterleather.com\/pl\/product\/repair-accessories\/3pcs-leather-repair-gel\/","title":{"rendered":"Zestaw 3 \u017celi do naprawy sk\u00f3ry"},"content":{"rendered":"<h4>Opis produktu:<\/h4>\n<ul>\n<li class=\"my-0\"><strong>Materia\u0142y wysokiej jako\u015bci:<\/strong>\u00a0Wykonany z wysokiej jako\u015bci, ultra-szybkoschn\u0105cego kleju w p\u0142ynie, kt\u00f3ry od\u017cywia powierzchnie sk\u00f3ry bez uszkodze\u0144. Ten zestaw do naprawy sk\u00f3ry meblowej zapewnia mocne przyleganie i pe\u0142n\u0105 ochron\u0119, skutecznie przywracaj\u0105c pierwotny wygl\u0105d sk\u00f3ry.<\/li>\n<li class=\"my-0\"><strong>Zaawansowany \u017cel do naprawy sk\u00f3ry:<\/strong>\u00a0Zaprojektowany, aby bez wysi\u0142ku naprawia\u0107 zarysowania, rozdarcia, p\u0119kni\u0119cia, dziury po przypaleniu i rozszczepienia na sk\u00f3rze, imitacji sk\u00f3ry, meblach i sofach, przywracaj\u0105c im stan jak nowy z \u0142atwo\u015bci\u0105.<\/li>\n<li class=\"my-0\"><strong>Zestaw do naprawy sk\u00f3rzanej sofy:<\/strong>\u00a0Wygodne rozwi\u0105zanie DIY do naprawy zarysowa\u0144 lub p\u0119kni\u0119\u0107 na sk\u00f3rzanych sofach i siedzeniach. Uzyskaj wyko\u0144czenie na poziomie profesjonalnym szybko i \u0142atwo, czyni\u0105c proces renowacji prostym i skutecznym dla idealnych rezultat\u00f3w.<\/li>\n<li class=\"my-0\"><strong>\u0141atwa w u\u017cyciu:<\/strong>\u00a0Po prostu wyczy\u015b\u0107 uszkodzony obszar, wybierz pasuj\u0105cy kolor, na\u0142\u00f3\u017c \u017cel naprawczy, wytrzyj nadmiar i pozw\u00f3l mu wyschn\u0105\u0107. Do osi\u0105gni\u0119cia bezszwowej naprawy nie s\u0105 potrzebne specjalne umiej\u0119tno\u015bci.<\/li>\n<li class=\"my-0\"><strong>Szerokie zastosowania:<\/strong>\u00a0Idealny do naprawy i od\u015bwie\u017cania wszystkich przedmiot\u00f3w wyko\u0144czonych sk\u00f3r\u0105, takich jak siedzenia samochodowe, sofy, krzes\u0142a, torebki, buty, paski i inne. Ten zestaw do naprawy sk\u00f3rzanych siedze\u0144 jest idealny do odnowienia zu\u017cytej sk\u00f3ry, sprawiaj\u0105c, \u017ce Twoje przedmioty zn\u00f3w wygl\u0105daj\u0105 nowocze\u015bnie i stylowo.<\/li>\n<\/ul>","protected":false},"excerpt":{"rendered":"<h4>Informacje o produkcie:<\/h4>\n<table id=\"productDetails_techSpec_section_1\" class=\"a-keyvalue prodDetTable\">\n<tbody>\n<tr>\n<th class=\"a-color-secondary a-size-base prodDetSectionEntry\">Waga produktu<\/th>\n<td class=\"a-size-base prodDetAttrValue\">3,2 uncji<\/td>\n<\/tr>\n<tr>\n<th class=\"a-color-secondary a-size-base prodDetSectionEntry\">Wymiary opakowania<\/th>\n<td class=\"a-size-base prodDetAttrValue\">6,57 x 4,09 x 1,14 cali<\/td>\n<\/tr>\n<\/tbody>\n<\/table>","protected":false},"featured_media":3506,"template":"","meta":{"_uag_custom_page_level_css":"","site-sidebar-layout":"default","site-content-layout":"","ast-site-content-layout":"default","site-content-style":"default","site-sidebar-style":"default","ast-global-header-display":"","ast-banner-title-visibility":"","ast-main-header-display":"","ast-hfb-above-header-display":"","ast-hfb-below-header-display":"","ast-hfb-mobile-header-display":"","site-post-title":"","ast-breadcrumbs-content":"","ast-featured-img":"","footer-sml-layout":"","ast-disable-related-posts":"","theme-transparent-header-meta":"default","adv-header-id-meta":"","stick-header-meta":"","header-above-stick-meta":"","header-main-stick-meta":"","header-below-stick-meta":"","astra-migrate-meta-layouts":"set","ast-page-background-enabled":"default","ast-page-background-meta":{"desktop":{"background-color":"","background-image":"","background-repeat":"repeat","background-position":"center center","background-size":"auto","background-attachment":"scroll","background-type":"","background-media":"","overlay-type":"","overlay-color":"","overlay-opacity":"","overlay-gradient":""},"tablet":{"background-color":"","background-image":"","background-repeat":"repeat","background-position":"center center","background-size":"auto","background-attachment":"scroll","background-type":"","background-media":"","overlay-type":"","overlay-color":"","overlay-opacity":"","overlay-gradient":""},"mobile":{"background-color":"","background-image":"","background-repeat":"repeat","background-position":"center center","background-size":"auto","background-attachment":"scroll","background-type":"","background-media":"","overlay-type":"","overlay-color":"","overlay-opacity":"","overlay-gradient":""}},"ast-content-background-meta":{"desktop":{"background-color":"var(--ast-global-color-5)","background-image":"","background-repeat":"repeat","background-position":"center center","background-size":"auto","background-attachment":"scroll","background-type":"","background-media":"","overlay-type":"","overlay-color":"","overlay-opacity":"","overlay-gradient":""},"tablet":{"background-color":"var(--ast-global-color-5)","background-image":"","background-repeat":"repeat","background-position":"center center","background-size":"auto","background-attachment":"scroll","background-type":"","background-media":"","overlay-type":"","overlay-color":"","overlay-opacity":"","overlay-gradient":""},"mobile":{"background-color":"var(--ast-global-color-5)","background-image":"","background-repeat":"repeat","background-position":"center center","background-size":"auto","background-attachment":"scroll","background-type":"","background-media":"","overlay-type":"","overlay-color":"","overlay-opacity":"","overlay-gradient":""}}},"product_brand":[],"product_cat":[256],"product_tag":[],"class_list":{"0":"post-3505","1":"product","2":"type-product","3":"status-publish","4":"has-post-thumbnail","6":"product_cat-repair-accessories","7":"desktop-align-left","8":"tablet-align-left","9":"mobile-align-left","11":"first","12":"instock","13":"sale","14":"shipping-taxable","15":"purchasable","16":"product-type-simple"},"uagb_featured_image_src":{"full":["https:\/\/micterleather.com\/wp-content\/uploads\/2025\/07\/3pcs-Leather-Repair-Gel.jpg",466,463,false],"thumbnail":["https:\/\/micterleather.com\/wp-content\/uploads\/2025\/07\/3pcs-Leather-Repair-Gel-150x150.jpg",150,150,true],"medium":["https:\/\/micterleather.com\/wp-content\/uploads\/2025\/07\/3pcs-Leather-Repair-Gel-300x298.jpg",300,298,true],"medium_large":["https:\/\/micterleather.com\/wp-content\/uploads\/2025\/07\/3pcs-Leather-Repair-Gel.jpg",466,463,false],"large":["https:\/\/micterleather.com\/wp-content\/uploads\/2025\/07\/3pcs-Leather-Repair-Gel.jpg",466,463,false],"1536x1536":["https:\/\/micterleather.com\/wp-content\/uploads\/2025\/07\/3pcs-Leather-Repair-Gel.jpg",466,463,false],"2048x2048":["https:\/\/micterleather.com\/wp-content\/uploads\/2025\/07\/3pcs-Leather-Repair-Gel.jpg",466,463,false],"trp-custom-language-flag":["https:\/\/micterleather.com\/wp-content\/uploads\/2025\/07\/3pcs-Leather-Repair-Gel.jpg",12,12,false],"woocommerce_thumbnail":["https:\/\/micterleather.com\/wp-content\/uploads\/2025\/07\/3pcs-Leather-Repair-Gel-300x300.jpg",300,300,true],"woocommerce_single":["https:\/\/micterleather.com\/wp-content\/uploads\/2025\/07\/3pcs-Leather-Repair-Gel.jpg",466,463,false],"woocommerce_gallery_thumbnail":["https:\/\/micterleather.com\/wp-content\/uploads\/2025\/07\/3pcs-Leather-Repair-Gel-100x100.jpg",100,100,true]},"uagb_author_info":{"display_name":"micter","author_link":"https:\/\/micterleather.com\/pl\/author\/"},"uagb_comment_info":0,"uagb_excerpt":"Product Information: Item Weight \u200e3.2 ounces Package Dimensions \u200e6.57 x 4.09 x 1.14 inches","_links":{"self":[{"href":"https:\/\/micterleather.com\/pl\/wp-json\/wp\/v2\/product\/3505","targetHints":{"allow":["GET"]}}],"collection":[{"href":"https:\/\/micterleather.com\/pl\/wp-json\/wp\/v2\/product"}],"about":[{"href":"https:\/\/micterleather.com\/pl\/wp-json\/wp\/v2\/types\/product"}],"wp:featuredmedia":[{"embeddable":true,"href":"https:\/\/micterleather.com\/pl\/wp-json\/wp\/v2\/media\/3506"}],"wp:attachment":[{"href":"https:\/\/micterleather.com\/pl\/wp-json\/wp\/v2\/media?parent=3505"}],"wp:term":[{"taxonomy":"product_brand","embeddable":true,"href":"https:\/\/micterleather.com\/pl\/wp-json\/wp\/v2\/product_brand?post=3505"},{"taxonomy":"product_cat","embeddable":true,"href":"https:\/\/micterleather.com\/pl\/wp-json\/wp\/v2\/product_cat?post=3505"},{"taxonomy":"product_tag","embeddable":true,"href":"https:\/\/micterleather.com\/pl\/wp-json\/wp\/v2\/product_tag?post=3505"}],"curies":[{"name":"wp","href":"https:\/\/api.w.org\/{rel}","templated":true}]}}