{"id":2155,"date":"2025-07-31T09:13:31","date_gmt":"2025-07-31T09:13:31","guid":{"rendered":"https:\/\/micterleather.com\/?post_type=product&#038;p=2155"},"modified":"2025-09-03T01:51:06","modified_gmt":"2025-09-03T01:51:06","slug":"self-adhesive-faux-leather","status":"publish","type":"product","link":"https:\/\/micterleather.com\/pl\/product\/leather-repair-patch\/self-adhesive-faux-leather\/","title":{"rendered":"Samoprzylepna sztuczna sk\u00f3ra"},"content":{"rendered":"<h4>Informacje o produkcie:<\/h4>\n<p>Materia\u0142: Sk\u00f3ra<br \/>\nForma produktu: Ta\u015bma<br \/>\nCechy specjalne: Odporna na wysok\u0105 temperatur\u0119, Wytrzyma\u0142a, Wodoszczelna<br \/>\nIlo\u015b\u0107 w opakowaniu: 1<br \/>\nTyp pojemnika: Tubka<br \/>\nWiskozowo\u015b\u0107: Najwy\u017csza<\/p>\n<h4>Opis produktu:<\/h4>\n<ul>\n<li class=\"my-0\"><strong>Doskona\u0142a naprawa sk\u00f3ry:<\/strong>\u00a0Wykonana z wysokiej jako\u015bci materia\u0142\u00f3w z ponadczasowymi wzorami i kolorami, ta ta\u015bma do naprawy sk\u00f3ry charakteryzuje si\u0119 g\u0142adk\u0105, mi\u0119kk\u0105 faktur\u0105, jest wodoodporna, odporna na \u015bcieranie i zarysowania. Jest trwa\u0142a i zaprojektowana tak, aby s\u0142u\u017cy\u0107 przez d\u0142ugi czas, co czyni j\u0105 idealn\u0105 do naprawy uszkodzonych sk\u00f3r, sztucznej sk\u00f3ry i winylu oraz do dodawania dekoracyjnych akcent\u00f3w.<\/li>\n<li class=\"my-0\"><strong>Silne przyleganie i szybkie naprawy:<\/strong>\u00a0Samoprzylepna naklejka na sk\u00f3r\u0119 wykorzystuje profesjonaln\u0105 warstw\u0119 no\u015bn\u0105, kt\u00f3ra jest niezwykle klej\u0105ca i nie odkleja si\u0119 \u0142atwo. Idealna do szybkiego zakrywania rozdar\u0107, dziur, przypale\u0144, zarysowa\u0144, plam i innych niedoskona\u0142o\u015bci na uszkodzonych sk\u00f3rach, sztucznej sk\u00f3rze lub powierzchniach winylowych. Od\u015bwie\u017c swoje meble i zaoszcz\u0119d\u017a pieni\u0105dze, sprawiaj\u0105c, \u017ce zu\u017cyte przedmioty wygl\u0105daj\u0105 jak nowe.<\/li>\n<li class=\"my-0\"><strong>Du\u017cy rozmiar i szeroka gama kolor\u00f3w:<\/strong>\u00a0Ka\u017cda rolka ma wymiary 40 x 200 cm, co pozwala na pokrycie du\u017cych powierzchni lub pe\u0142n\u0105 rekonstrukcj\u0119 uszkodzonych fragment\u00f3w. Dost\u0119pne w 19 bogatych kolorach, te naklejki do naprawy sk\u00f3ry s\u0105 zaprojektowane tak, aby pasowa\u0142y do wi\u0119kszo\u015bci mebli i wn\u0119trz samochodowych, u\u0142atwiaj\u0105c znalezienie idealnego dopasowania do Twojej naprawy lub dekoracji.<\/li>\n<li class=\"my-0\"><strong>Prosta aplikacja:<\/strong>\u00a0Nie wymaga u\u017cycia ciep\u0142a, prasowania, szycia ani specjalistycznych narz\u0119dzi. Wystarczy oczy\u015bci\u0107 uszkodzony obszar, przyci\u0105\u0107 naklejk\u0119 do wybranego rozmiaru lub kszta\u0142tu i przyklei\u0107 j\u0105 do powierzchni \u2014 gotowe! Odn\u00f3w swoje ulubione meble i siedzenia samochodowe z minimalnym wysi\u0142kiem.<\/li>\n<li class=\"my-0\"><strong>Szerokie zastosowanie i wsparcie:<\/strong>\u00a0Zestawy do naprawy sk\u00f3ry Micter s\u0105 odpowiednie do sof, kanap, mebli, siedze\u0144 samochodowych, torebek, walizek, pask\u00f3w, kurtek i szerokiej gamy projekt\u00f3w DIY. Uwaga: Staramy si\u0119 wy\u015bwietla\u0107 kolory naklejek jak najdok\u0142adniej, ale mog\u0105 wyst\u0105pi\u0107 niewielkie r\u00f3\u017cnice w odcieniach ze wzgl\u0119du na o\u015bwietlenie i ustawienia ekranu.<\/li>\n<\/ul>\n<h4 class=\"rich-text__heading rte inline-richtext h1\">Self-adhesive Leather Patch \u2013 the ideal solution for repairing and revitalizing all your leather goods!<\/h4>\n<p class=\"rich-text__heading rte inline-richtext h1\">Whether you\u2019re restoring a seat at home, renovating a leather sofa, repairing a car seat or even touching up a synthetic leather item, our universal repair patch is suitable for all situations.<\/p>\n<h4>\ud83d\udccc Wyj\u0105tkowa przyczepno\u015b\u0107 \ud83c\udf0a Wodoodporno\u015b\u0107 \ud83d\udee1\ufe0f Odporno\u015b\u0107 na zarysowania<br \/>\n\u2702\ufe0f \u0141atwe do ci\u0119cia \ud83d\udee0\ufe0f Praktyczne DIY \ud83d\udecb\ufe0f Uniwersalne zastosowanie<\/h4>\n<div class=\"rich-text__text rte\">\n<p><img loading=\"lazy\" decoding=\"async\" class=\"alignnone wp-image-2890\" src=\"https:\/\/micterleather.com\/wp-content\/uploads\/2025\/07\/Self-adhesive_faux_leather_A_1-300x123.webp\" alt=\"\" width=\"1078\" height=\"442\" srcset=\"https:\/\/micterleather.com\/wp-content\/uploads\/2025\/07\/Self-adhesive_faux_leather_A_1-300x123.webp 300w, https:\/\/micterleather.com\/wp-content\/uploads\/2025\/07\/Self-adhesive_faux_leather_A_1-1024x420.webp 1024w, https:\/\/micterleather.com\/wp-content\/uploads\/2025\/07\/Self-adhesive_faux_leather_A_1-768x315.webp 768w, https:\/\/micterleather.com\/wp-content\/uploads\/2025\/07\/Self-adhesive_faux_leather_A_1-600x246.webp 600w, https:\/\/micterleather.com\/wp-content\/uploads\/2025\/07\/Self-adhesive_faux_leather_A_1.webp 1464w\" sizes=\"auto, (max-width: 1078px) 100vw, 1078px\" \/><\/p>\n<p>Produkty sk\u00f3rzane s\u0105 szeroko u\u017cywane w naszym codziennym \u017cyciu, ale z czasem powierzchnie sk\u00f3rzane cz\u0119sto ulegaj\u0105 uszkodzeniom. Nasza samoprzylepna naprawa plastr\u00f3w sk\u00f3rzanych mo\u017ce naprawi\u0107 uszkodzon\u0105 sk\u00f3r\u0119 i odnowi\u0107 zu\u017cyte sk\u00f3rzane elementy. Spraw, aby Twoje meble sk\u00f3rzane wygl\u0105da\u0142y jak nowe.<\/p>\n<p><img loading=\"lazy\" decoding=\"async\" class=\"alignnone wp-image-2891\" src=\"https:\/\/micterleather.com\/wp-content\/uploads\/2025\/07\/Self-adhesive_faux_leather_A_2-300x123.webp\" alt=\"\" width=\"1080\" height=\"443\" srcset=\"https:\/\/micterleather.com\/wp-content\/uploads\/2025\/07\/Self-adhesive_faux_leather_A_2-300x123.webp 300w, https:\/\/micterleather.com\/wp-content\/uploads\/2025\/07\/Self-adhesive_faux_leather_A_2-1024x420.webp 1024w, https:\/\/micterleather.com\/wp-content\/uploads\/2025\/07\/Self-adhesive_faux_leather_A_2-768x315.webp 768w, https:\/\/micterleather.com\/wp-content\/uploads\/2025\/07\/Self-adhesive_faux_leather_A_2-600x246.webp 600w, https:\/\/micterleather.com\/wp-content\/uploads\/2025\/07\/Self-adhesive_faux_leather_A_2.webp 1464w\" sizes=\"auto, (max-width: 1080px) 100vw, 1080px\" \/><\/p>\n<p>Nasze produkty do naprawy sk\u00f3ry mog\u0105 naprawi\u0107 dziury, zarysowania, rozdarcia, przypalenia i plamy na sofach, fotelach samochodowych lub innych przedmiotach sk\u00f3rzanych. Ta klej\u0105ca si\u0119 do sk\u00f3ry naprawa kanapy \u0142atwo rozwi\u0105\u017ce ka\u017cdy problem ze sk\u00f3r\u0105.<\/p>\n<p><img loading=\"lazy\" decoding=\"async\" class=\"alignnone wp-image-2894\" style=\"font-style: inherit; font-weight: inherit;\" src=\"https:\/\/micterleather.com\/wp-content\/uploads\/2025\/07\/Self-adhesive_faux_leather_A_5-300x123.webp\" alt=\"\" width=\"1080\" height=\"443\" srcset=\"https:\/\/micterleather.com\/wp-content\/uploads\/2025\/07\/Self-adhesive_faux_leather_A_5-300x123.webp 300w, https:\/\/micterleather.com\/wp-content\/uploads\/2025\/07\/Self-adhesive_faux_leather_A_5-1024x420.webp 1024w, https:\/\/micterleather.com\/wp-content\/uploads\/2025\/07\/Self-adhesive_faux_leather_A_5-768x315.webp 768w, https:\/\/micterleather.com\/wp-content\/uploads\/2025\/07\/Self-adhesive_faux_leather_A_5-600x246.webp 600w, https:\/\/micterleather.com\/wp-content\/uploads\/2025\/07\/Self-adhesive_faux_leather_A_5.webp 1464w\" sizes=\"auto, (max-width: 1080px) 100vw, 1080px\" \/><\/p>\n<p>Oferujemy 19 kolor\u00f3w w trzech rozmiarach (40x300cm, 40x200cm, 20x300cm), aby pom\u00f3c Ci idealnie naprawi\u0107 ulubiony mebel lub fotel samochodowy. Szczeg\u00f3lnie odpowiednie do du\u017cych mebli, takich jak sofy, stoliki nocne, krzes\u0142a itp.<\/p>\n<p><img loading=\"lazy\" decoding=\"async\" class=\"alignnone wp-image-2892\" src=\"https:\/\/micterleather.com\/wp-content\/uploads\/2025\/07\/Self-adhesive_faux_leather_A_3-300x123.webp\" alt=\"\" width=\"1080\" height=\"443\" srcset=\"https:\/\/micterleather.com\/wp-content\/uploads\/2025\/07\/Self-adhesive_faux_leather_A_3-300x123.webp 300w, https:\/\/micterleather.com\/wp-content\/uploads\/2025\/07\/Self-adhesive_faux_leather_A_3-1024x420.webp 1024w, https:\/\/micterleather.com\/wp-content\/uploads\/2025\/07\/Self-adhesive_faux_leather_A_3-768x315.webp 768w, https:\/\/micterleather.com\/wp-content\/uploads\/2025\/07\/Self-adhesive_faux_leather_A_3-600x246.webp 600w, https:\/\/micterleather.com\/wp-content\/uploads\/2025\/07\/Self-adhesive_faux_leather_A_3.webp 1464w\" sizes=\"auto, (max-width: 1080px) 100vw, 1080px\" \/><\/p>\n<p>Ta samoprzylepna naprawa sk\u00f3ry do sof wykonana jest z wysokiej jako\u015bci materia\u0142\u00f3w i posiada wysoce odporne na \u015bcieranie kleje. Im d\u0142u\u017cej jest u\u017cywana, tym mocniejsze jest jej przyleganie. Powierzchnia sk\u00f3ry jest odporna na zarysowania i wodoodporna. Dobrze przylega do Twoich mebli.<\/p>\n<p><img loading=\"lazy\" decoding=\"async\" class=\"alignnone wp-image-2893\" style=\"font-style: inherit; font-weight: inherit;\" src=\"https:\/\/micterleather.com\/wp-content\/uploads\/2025\/07\/Self-adhesive_faux_leather_A_4-300x123.webp\" alt=\"\" width=\"1080\" height=\"443\" srcset=\"https:\/\/micterleather.com\/wp-content\/uploads\/2025\/07\/Self-adhesive_faux_leather_A_4-300x123.webp 300w, https:\/\/micterleather.com\/wp-content\/uploads\/2025\/07\/Self-adhesive_faux_leather_A_4-1024x420.webp 1024w, https:\/\/micterleather.com\/wp-content\/uploads\/2025\/07\/Self-adhesive_faux_leather_A_4-768x315.webp 768w, https:\/\/micterleather.com\/wp-content\/uploads\/2025\/07\/Self-adhesive_faux_leather_A_4-600x246.webp 600w, https:\/\/micterleather.com\/wp-content\/uploads\/2025\/07\/Self-adhesive_faux_leather_A_4.webp 1464w\" sizes=\"auto, (max-width: 1080px) 100vw, 1080px\" \/> <span style=\"font-size: 16px;\">\u00a0<\/span><\/p>\n<p>Ta ta\u015bma do naprawy sk\u00f3ry jest bardzo \u0142atwa w u\u017cyciu. Wystarcz\u0105 cztery proste kroki:<\/p>\n<p>1. oczy\u015b\u0107 obszar do naprawy.<\/p>\n<p>2. wytnij po\u017c\u0105dany kszta\u0142t.<\/p>\n<p>3. odklej papierow\u0105 warstw\u0119 zabezpieczaj\u0105c\u0105.<\/p>\n<p>4. przyklej i doci\u015bnij. Naci\u0119cia sk\u00f3ry s\u0105 idealnie zakryte.<\/p>\n<p><img loading=\"lazy\" decoding=\"async\" class=\"alignnone wp-image-2895\" style=\"font-style: inherit; font-weight: inherit;\" src=\"https:\/\/micterleather.com\/wp-content\/uploads\/2025\/07\/Self-adhesive_faux_leather_A_6-300x123.webp\" alt=\"\" width=\"1080\" height=\"443\" srcset=\"https:\/\/micterleather.com\/wp-content\/uploads\/2025\/07\/Self-adhesive_faux_leather_A_6-300x123.webp 300w, https:\/\/micterleather.com\/wp-content\/uploads\/2025\/07\/Self-adhesive_faux_leather_A_6-1024x420.webp 1024w, https:\/\/micterleather.com\/wp-content\/uploads\/2025\/07\/Self-adhesive_faux_leather_A_6-768x315.webp 768w, https:\/\/micterleather.com\/wp-content\/uploads\/2025\/07\/Self-adhesive_faux_leather_A_6-600x246.webp 600w, https:\/\/micterleather.com\/wp-content\/uploads\/2025\/07\/Self-adhesive_faux_leather_A_6.webp 1464w\" sizes=\"auto, (max-width: 1080px) 100vw, 1080px\" \/><\/p>\n<p>Zestawy do naprawy sk\u00f3ry MICTER s\u0105 szeroko stosowane do sof, kanap, mebli, foteli samochodowych, torebek, walizek, pask\u00f3w, kurtek i r\u00f3\u017cnych projekt\u00f3w DIY.<\/p>\n<\/div>","protected":false},"excerpt":{"rendered":"<h5>Blog: <a href=\"https:\/\/micterleather.com\/pl\/how-to-repair-leather-furniture-micter\/\">Jak naprawi\u0107 meble sk\u00f3rzane? \u2013 Micter<\/a><\/h5>","protected":false},"featured_media":2261,"template":"","meta":{"_uag_custom_page_level_css":"","site-sidebar-layout":"default","site-content-layout":"","ast-site-content-layout":"default","site-content-style":"default","site-sidebar-style":"default","ast-global-header-display":"","ast-banner-title-visibility":"","ast-main-header-display":"","ast-hfb-above-header-display":"","ast-hfb-below-header-display":"","ast-hfb-mobile-header-display":"","site-post-title":"","ast-breadcrumbs-content":"","ast-featured-img":"","footer-sml-layout":"","ast-disable-related-posts":"","theme-transparent-header-meta":"default","adv-header-id-meta":"","stick-header-meta":"","header-above-stick-meta":"","header-main-stick-meta":"","header-below-stick-meta":"","astra-migrate-meta-layouts":"set","ast-page-background-enabled":"default","ast-page-background-meta":{"desktop":{"background-color":"","background-image":"","background-repeat":"repeat","background-position":"center center","background-size":"auto","background-attachment":"scroll","background-type":"","background-media":"","overlay-type":"","overlay-color":"","overlay-opacity":"","overlay-gradient":""},"tablet":{"background-color":"","background-image":"","background-repeat":"repeat","background-position":"center center","background-size":"auto","background-attachment":"scroll","background-type":"","background-media":"","overlay-type":"","overlay-color":"","overlay-opacity":"","overlay-gradient":""},"mobile":{"background-color":"","background-image":"","background-repeat":"repeat","background-position":"center center","background-size":"auto","background-attachment":"scroll","background-type":"","background-media":"","overlay-type":"","overlay-color":"","overlay-opacity":"","overlay-gradient":""}},"ast-content-background-meta":{"desktop":{"background-color":"var(--ast-global-color-5)","background-image":"","background-repeat":"repeat","background-position":"center center","background-size":"auto","background-attachment":"scroll","background-type":"","background-media":"","overlay-type":"","overlay-color":"","overlay-opacity":"","overlay-gradient":""},"tablet":{"background-color":"var(--ast-global-color-5)","background-image":"","background-repeat":"repeat","background-position":"center center","background-size":"auto","background-attachment":"scroll","background-type":"","background-media":"","overlay-type":"","overlay-color":"","overlay-opacity":"","overlay-gradient":""},"mobile":{"background-color":"var(--ast-global-color-5)","background-image":"","background-repeat":"repeat","background-position":"center center","background-size":"auto","background-attachment":"scroll","background-type":"","background-media":"","overlay-type":"","overlay-color":"","overlay-opacity":"","overlay-gradient":""}}},"product_brand":[],"product_cat":[248],"product_tag":[],"class_list":{"0":"post-2155","1":"product","2":"type-product","3":"status-publish","4":"has-post-thumbnail","6":"product_cat-leather-repair-patch","7":"desktop-align-left","8":"tablet-align-left","9":"mobile-align-left","11":"first","12":"instock","13":"sale","14":"shipping-taxable","15":"purchasable","16":"product-type-variable","17":"has-default-attributes"},"uagb_featured_image_src":{"full":["https:\/\/micterleather.com\/wp-content\/uploads\/2025\/06\/Brun-Rouge-1.webp",2000,2000,false],"thumbnail":["https:\/\/micterleather.com\/wp-content\/uploads\/2025\/06\/Brun-Rouge-1-150x150.webp",150,150,true],"medium":["https:\/\/micterleather.com\/wp-content\/uploads\/2025\/06\/Brun-Rouge-1-300x300.webp",300,300,true],"medium_large":["https:\/\/micterleather.com\/wp-content\/uploads\/2025\/06\/Brun-Rouge-1-768x768.webp",768,768,true],"large":["https:\/\/micterleather.com\/wp-content\/uploads\/2025\/06\/Brun-Rouge-1-1024x1024.webp",1024,1024,true],"1536x1536":["https:\/\/micterleather.com\/wp-content\/uploads\/2025\/06\/Brun-Rouge-1-1536x1536.webp",1536,1536,true],"2048x2048":["https:\/\/micterleather.com\/wp-content\/uploads\/2025\/06\/Brun-Rouge-1.webp",2000,2000,false],"trp-custom-language-flag":["https:\/\/micterleather.com\/wp-content\/uploads\/2025\/06\/Brun-Rouge-1.webp",12,12,false],"woocommerce_thumbnail":["https:\/\/micterleather.com\/wp-content\/uploads\/2025\/06\/Brun-Rouge-1-300x300.webp",300,300,true],"woocommerce_single":["https:\/\/micterleather.com\/wp-content\/uploads\/2025\/06\/Brun-Rouge-1-600x600.webp",600,600,true],"woocommerce_gallery_thumbnail":["https:\/\/micterleather.com\/wp-content\/uploads\/2025\/06\/Brun-Rouge-1-100x100.webp",100,100,true]},"uagb_author_info":{"display_name":"micter","author_link":"https:\/\/micterleather.com\/pl\/author\/"},"uagb_comment_info":0,"uagb_excerpt":"Blog: How to Repair Leather Furniture? \u2013 Micter","_links":{"self":[{"href":"https:\/\/micterleather.com\/pl\/wp-json\/wp\/v2\/product\/2155","targetHints":{"allow":["GET"]}}],"collection":[{"href":"https:\/\/micterleather.com\/pl\/wp-json\/wp\/v2\/product"}],"about":[{"href":"https:\/\/micterleather.com\/pl\/wp-json\/wp\/v2\/types\/product"}],"wp:featuredmedia":[{"embeddable":true,"href":"https:\/\/micterleather.com\/pl\/wp-json\/wp\/v2\/media\/2261"}],"wp:attachment":[{"href":"https:\/\/micterleather.com\/pl\/wp-json\/wp\/v2\/media?parent=2155"}],"wp:term":[{"taxonomy":"product_brand","embeddable":true,"href":"https:\/\/micterleather.com\/pl\/wp-json\/wp\/v2\/product_brand?post=2155"},{"taxonomy":"product_cat","embeddable":true,"href":"https:\/\/micterleather.com\/pl\/wp-json\/wp\/v2\/product_cat?post=2155"},{"taxonomy":"product_tag","embeddable":true,"href":"https:\/\/micterleather.com\/pl\/wp-json\/wp\/v2\/product_tag?post=2155"}],"curies":[{"name":"wp","href":"https:\/\/api.w.org\/{rel}","templated":true}]}}