{"id":2900,"date":"2025-07-14T03:06:56","date_gmt":"2025-07-14T03:06:56","guid":{"rendered":"https:\/\/micterleather.com\/?page_id=2900"},"modified":"2025-08-22T06:59:09","modified_gmt":"2025-08-22T06:59:09","slug":"shipping-delivery","status":"publish","type":"page","link":"https:\/\/micterleather.com\/pl\/shipping-delivery\/","title":{"rendered":"Wysy\u0142ka i dostawa"},"content":{"rendered":"<p><strong>Kiedy zostanie wys\u0142ane moje zam\u00f3wienie?<\/strong><\/p>\n\n\n\n<p>Most orders leave the warehouse within 2 \u2013 15 business days. Orders placed with Expedited or Express shipping will leave our warehouse even faster. We\u2019ll email you tracking as soon as it\u2019s available.<\/p>\n\n\n\n<p>Items that are on backorder will ship by the date indicated on the item page. We\u2019ll also remind you throughout checkout and on your order confirmation email if you\u2019ve chosen one of these items and what their expected ship date is.<\/p>\n\n\n\n<p>During COVID-19 we\u2019re seeing more carrier delays than usual, so we\u2019d advise you to give yourself a bit of buffer time if you need an item or a gift to arrive by a certain date.<\/p>\n\n\n\n<p><strong>Opcje wysy\u0142ki i koszty<\/strong><\/p>\n\n\n\n<p>Nasze ceny wysy\u0142ki s\u0105 oparte na warto\u015bci zam\u00f3wionych przedmiot\u00f3w oraz na wybranym poziomie us\u0142ugi. Przy obliczaniu ca\u0142kowitego czasu wysy\u0142ki, prosimy pami\u0119ta\u0107, \u017ce dzie\u0144 wysy\u0142ki lub odbioru paczki z naszego magazynu nie jest traktowany jako pierwszy dzie\u0144 roboczy; liczenie dni roboczych rozpoczyna si\u0119 od pierwszego pe\u0142nego dnia, w kt\u00f3rym paczka jest \u201cw tranzycie\u201d do Ciebie.<\/p>\n\n\n\n<p>Uwaga: dni robocze to poniedzia\u0142ek do pi\u0105tku, z wy\u0142\u0105czeniem weekend\u00f3w i \u015bwi\u0105t pa\u0144stwowych.<\/p>\n\n\n\n<p>Not sure which shipping option to choose? We know that can be confusing, so we\u2019ll give you all the information you need in checkout, including shipping cost and delivery dates.<\/p>\n\n\n\n<p>*Metody wysy\u0142ki i terminy mog\u0105 ulec zmianie. Prosimy o zapoznanie si\u0119 z opcjami metod wysy\u0142ki podczas sk\u0142adania zam\u00f3wienia.<\/p>","protected":false},"excerpt":{"rendered":"<p>Kiedy zostanie wys\u0142ane moje zam\u00f3wienie? Wi\u0119kszo\u015b\u0107 zam\u00f3wie\u0144 opuszcza magazyn w ci\u0105gu 2 \u2013 15 dni roboczych. Zam\u00f3wienia z wysy\u0142k\u0105 przyspieszon\u0105 lub ekspresow\u0105 opuszcz\u0105 nasz magazyn jeszcze szybciej. Wy\u015blemy Ci e-mail z numerem \u015bledzenia, gdy tylko b\u0119dzie dost\u0119pny. Przedmioty, kt\u00f3re s\u0105 na zam\u00f3wienie, zostan\u0105 wys\u0142ane do daty wskazanej na stronie produktu. R\u00f3wnie\u017c<\/p>","protected":false},"author":2,"featured_media":0,"parent":0,"menu_order":0,"comment_status":"closed","ping_status":"closed","template":"","meta":{"_uag_custom_page_level_css":"","site-sidebar-layout":"default","site-content-layout":"","ast-site-content-layout":"default","site-content-style":"default","site-sidebar-style":"default","ast-global-header-display":"","ast-banner-title-visibility":"","ast-main-header-display":"","ast-hfb-above-header-display":"","ast-hfb-below-header-display":"","ast-hfb-mobile-header-display":"","site-post-title":"","ast-breadcrumbs-content":"","ast-featured-img":"","footer-sml-layout":"","ast-disable-related-posts":"","theme-transparent-header-meta":"","adv-header-id-meta":"","stick-header-meta":"","header-above-stick-meta":"","header-main-stick-meta":"","header-below-stick-meta":"","astra-migrate-meta-layouts":"set","ast-page-background-enabled":"default","ast-page-background-meta":{"desktop":{"background-color":"","background-image":"","background-repeat":"repeat","background-position":"center center","background-size":"auto","background-attachment":"scroll","background-type":"","background-media":"","overlay-type":"","overlay-color":"","overlay-opacity":"","overlay-gradient":""},"tablet":{"background-color":"","background-image":"","background-repeat":"repeat","background-position":"center center","background-size":"auto","background-attachment":"scroll","background-type":"","background-media":"","overlay-type":"","overlay-color":"","overlay-opacity":"","overlay-gradient":""},"mobile":{"background-color":"","background-image":"","background-repeat":"repeat","background-position":"center center","background-size":"auto","background-attachment":"scroll","background-type":"","background-media":"","overlay-type":"","overlay-color":"","overlay-opacity":"","overlay-gradient":""}},"ast-content-background-meta":{"desktop":{"background-color":"var(--ast-global-color-5)","background-image":"","background-repeat":"repeat","background-position":"center center","background-size":"auto","background-attachment":"scroll","background-type":"","background-media":"","overlay-type":"","overlay-color":"","overlay-opacity":"","overlay-gradient":""},"tablet":{"background-color":"var(--ast-global-color-5)","background-image":"","background-repeat":"repeat","background-position":"center center","background-size":"auto","background-attachment":"scroll","background-type":"","background-media":"","overlay-type":"","overlay-color":"","overlay-opacity":"","overlay-gradient":""},"mobile":{"background-color":"var(--ast-global-color-5)","background-image":"","background-repeat":"repeat","background-position":"center center","background-size":"auto","background-attachment":"scroll","background-type":"","background-media":"","overlay-type":"","overlay-color":"","overlay-opacity":"","overlay-gradient":""}},"footnotes":""},"class_list":["post-2900","page","type-page","status-publish","hentry"],"uagb_featured_image_src":{"full":false,"thumbnail":false,"medium":false,"medium_large":false,"large":false,"1536x1536":false,"2048x2048":false,"trp-custom-language-flag":false,"woocommerce_thumbnail":false,"woocommerce_single":false,"woocommerce_gallery_thumbnail":false},"uagb_author_info":{"display_name":"micter","author_link":"https:\/\/micterleather.com\/pl\/author\/micter\/"},"uagb_comment_info":0,"uagb_excerpt":"When Will My Order Ship? Most orders leave the warehouse within 2 &#8211; 15 business days. Orders placed with Expedited or Express shipping will leave our warehouse even faster. We&#8217;ll email you tracking as soon as it&#8217;s available. Items that are on backorder will ship by the date indicated on the item page. We&#8217;ll also&hellip;","_links":{"self":[{"href":"https:\/\/micterleather.com\/pl\/wp-json\/wp\/v2\/pages\/2900","targetHints":{"allow":["GET"]}}],"collection":[{"href":"https:\/\/micterleather.com\/pl\/wp-json\/wp\/v2\/pages"}],"about":[{"href":"https:\/\/micterleather.com\/pl\/wp-json\/wp\/v2\/types\/page"}],"author":[{"embeddable":true,"href":"https:\/\/micterleather.com\/pl\/wp-json\/wp\/v2\/users\/2"}],"replies":[{"embeddable":true,"href":"https:\/\/micterleather.com\/pl\/wp-json\/wp\/v2\/comments?post=2900"}],"version-history":[{"count":3,"href":"https:\/\/micterleather.com\/pl\/wp-json\/wp\/v2\/pages\/2900\/revisions"}],"predecessor-version":[{"id":3932,"href":"https:\/\/micterleather.com\/pl\/wp-json\/wp\/v2\/pages\/2900\/revisions\/3932"}],"wp:attachment":[{"href":"https:\/\/micterleather.com\/pl\/wp-json\/wp\/v2\/media?parent=2900"}],"curies":[{"name":"wp","href":"https:\/\/api.w.org\/{rel}","templated":true}]}}