{"id":2117,"date":"2025-06-11T08:36:11","date_gmt":"2025-06-11T08:36:11","guid":{"rendered":"https:\/\/micterleather.com\/?page_id=2117"},"modified":"2025-07-26T08:52:17","modified_gmt":"2025-07-26T08:52:17","slug":"exchanges-and-returns","status":"publish","type":"page","link":"https:\/\/micterleather.com\/pl\/exchanges-and-returns\/","title":{"rendered":"Wymiany i zwroty"},"content":{"rendered":"<div class=\"wp-block-uagb-advanced-heading uagb-block-d93b5e8c\"><h1 class=\"uagb-heading-text\"><strong>Wymiany i zwroty<\/strong><\/h1><\/div>\n\n\n\n<p><\/p>\n\n\n\n<h3 class=\"wp-block-heading\"><strong>Warunki wymiany i zwrot\u00f3w<\/strong><\/h3>\n\n\n\n<p>Masz 30 dni od otrzymania zam\u00f3wienia na zg\u0142oszenie zwrotu lub wymiany.<\/p>\n\n\n\n<p>Aby zakwalifikowa\u0107 si\u0119 :<\/p>\n\n\n\n<ul class=\"wp-block-list\">\n<li>Przedmioty musz\u0105 by\u0107 w oryginalnym, nieu\u017cywanym, nieuszkodzonym stanie.<\/li>\n\n\n\n<li>Oryginalne etykiety musz\u0105 by\u0107 nienaruszone.<\/li>\n\n\n\n<li>Produkt musi by\u0107 zwr\u00f3cony w oryginalnym opakowaniu.<\/li>\n\n\n\n<li>Wymagany jest dow\u00f3d zakupu (numer zam\u00f3wienia lub paragon).<\/li>\n<\/ul>\n\n\n\n<blockquote class=\"wp-block-quote is-layout-flow wp-block-quote-is-layout-flow\">\n<p>\u26a0\ufe0f Return shipping costs are at the customer\u2019s expense, except in the event of an error on our part (defective or incorrect item). These costs will be deducted from the amount refunded.<\/p>\n<\/blockquote>\n\n\n\n<p>Przed wysy\u0142k\u0105 prosimy o kontakt pod adresem :<br>\ud83d\udce7<strong>support@micterleather.com<\/strong><\/p>\n\n\n\n<p>Przed wysy\u0142k\u0105 prosimy o kontakt pod adresem: Je\u015bli Twoja pro\u015bba o zwrot zostanie zaakceptowana, przeka\u017cemy Ci :<\/p>\n\n\n\n<ul class=\"wp-block-list\">\n<li>Etykiet\u0119 zwrotn\u0105 (je\u015bli dotyczy)\uff1b<\/li>\n\n\n\n<li>Szczeg\u00f3\u0142owe instrukcje zwrotu.<\/li>\n<\/ul>\n\n\n\n<blockquote class=\"wp-block-quote is-layout-flow wp-block-quote-is-layout-flow\">\n<p>\u274c Ka\u017cda paczka zwr\u00f3cona bez wcze\u015bniejszego powiadomienia lub zgody nie b\u0119dzie przyj\u0119ta i zostanie odes\u0142ana do nadawcy.<\/p>\n<\/blockquote>\n\n\n\n<p><strong>Prosimy o dok\u0142adne sprawdzenie zam\u00f3wienia po otrzymaniu.<\/strong><\/p>\n\n\n\n<p>W przypadku :<\/p>\n\n\n\n<ul class=\"wp-block-list\">\n<li>uszkodzonego przedmiotu,<\/li>\n\n\n\n<li>wady produkcyjnej,<\/li>\n\n\n\n<li>dostarczonego nieprawid\u0142owego produktu,<\/li>\n<\/ul>\n\n\n\n<p>prosimy o natychmiastowy kontakt z nami pod adresem :<\/p>\n\n\n\n<ul class=\"wp-block-list\">\n<li>szczeg\u00f3\u0142owego opisu problemu,<\/li>\n\n\n\n<li>czytelnych zdj\u0119\u0107 dotkni\u0119tego przedmiotu,<\/li>\n\n\n\n<li>numer Twojego zam\u00f3wienia.<\/li>\n<\/ul>\n\n\n\n<p>We\u2019ll assess the situation quickly and suggest an appropriate solution.<\/p>\n\n\n\n<p>W przypadku pyta\u0144 dotycz\u0105cych zam\u00f3wienia, zwrot\u00f3w lub refundacji:<br>\ud83d\udce9 support@micterleather.com<\/p>","protected":false},"excerpt":{"rendered":"<p>Exchanges and Returns Conditions of Exchange and Returns You have 30 days from receipt of your order to request a return or exchange. To qualify : \u26a0\ufe0f Return shipping costs are at the customer\u2019s expense, except in the event of an error on our part (defective or incorrect item). These costs will be deducted from [\u2026]<\/p>","protected":false},"author":2,"featured_media":0,"parent":0,"menu_order":0,"comment_status":"closed","ping_status":"closed","template":"","meta":{"_uag_custom_page_level_css":"","site-sidebar-layout":"default","site-content-layout":"","ast-site-content-layout":"default","site-content-style":"default","site-sidebar-style":"default","ast-global-header-display":"","ast-banner-title-visibility":"","ast-main-header-display":"","ast-hfb-above-header-display":"","ast-hfb-below-header-display":"","ast-hfb-mobile-header-display":"","site-post-title":"disabled","ast-breadcrumbs-content":"","ast-featured-img":"","footer-sml-layout":"","ast-disable-related-posts":"","theme-transparent-header-meta":"","adv-header-id-meta":"","stick-header-meta":"","header-above-stick-meta":"","header-main-stick-meta":"","header-below-stick-meta":"","astra-migrate-meta-layouts":"set","ast-page-background-enabled":"default","ast-page-background-meta":{"desktop":{"background-color":"","background-image":"","background-repeat":"repeat","background-position":"center center","background-size":"auto","background-attachment":"scroll","background-type":"","background-media":"","overlay-type":"","overlay-color":"","overlay-opacity":"","overlay-gradient":""},"tablet":{"background-color":"","background-image":"","background-repeat":"repeat","background-position":"center center","background-size":"auto","background-attachment":"scroll","background-type":"","background-media":"","overlay-type":"","overlay-color":"","overlay-opacity":"","overlay-gradient":""},"mobile":{"background-color":"","background-image":"","background-repeat":"repeat","background-position":"center center","background-size":"auto","background-attachment":"scroll","background-type":"","background-media":"","overlay-type":"","overlay-color":"","overlay-opacity":"","overlay-gradient":""}},"ast-content-background-meta":{"desktop":{"background-color":"var(--ast-global-color-5)","background-image":"","background-repeat":"repeat","background-position":"center center","background-size":"auto","background-attachment":"scroll","background-type":"","background-media":"","overlay-type":"","overlay-color":"","overlay-opacity":"","overlay-gradient":""},"tablet":{"background-color":"var(--ast-global-color-5)","background-image":"","background-repeat":"repeat","background-position":"center center","background-size":"auto","background-attachment":"scroll","background-type":"","background-media":"","overlay-type":"","overlay-color":"","overlay-opacity":"","overlay-gradient":""},"mobile":{"background-color":"var(--ast-global-color-5)","background-image":"","background-repeat":"repeat","background-position":"center center","background-size":"auto","background-attachment":"scroll","background-type":"","background-media":"","overlay-type":"","overlay-color":"","overlay-opacity":"","overlay-gradient":""}},"footnotes":""},"class_list":["post-2117","page","type-page","status-publish","hentry"],"uagb_featured_image_src":{"full":false,"thumbnail":false,"medium":false,"medium_large":false,"large":false,"1536x1536":false,"2048x2048":false,"trp-custom-language-flag":false,"woocommerce_thumbnail":false,"woocommerce_single":false,"woocommerce_gallery_thumbnail":false},"uagb_author_info":{"display_name":"micter","author_link":"https:\/\/micterleather.com\/pl\/author\/micter\/"},"uagb_comment_info":0,"uagb_excerpt":"Exchanges and Returns Conditions of Exchange and Returns You have 30 days from receipt of your order to request a return or exchange. To qualify : \u26a0\ufe0f Return shipping costs are at the customer&#8217;s expense, except in the event of an error on our part (defective or incorrect item). These costs will be deducted from&hellip;","_links":{"self":[{"href":"https:\/\/micterleather.com\/pl\/wp-json\/wp\/v2\/pages\/2117","targetHints":{"allow":["GET"]}}],"collection":[{"href":"https:\/\/micterleather.com\/pl\/wp-json\/wp\/v2\/pages"}],"about":[{"href":"https:\/\/micterleather.com\/pl\/wp-json\/wp\/v2\/types\/page"}],"author":[{"embeddable":true,"href":"https:\/\/micterleather.com\/pl\/wp-json\/wp\/v2\/users\/2"}],"replies":[{"embeddable":true,"href":"https:\/\/micterleather.com\/pl\/wp-json\/wp\/v2\/comments?post=2117"}],"version-history":[{"count":11,"href":"https:\/\/micterleather.com\/pl\/wp-json\/wp\/v2\/pages\/2117\/revisions"}],"predecessor-version":[{"id":3490,"href":"https:\/\/micterleather.com\/pl\/wp-json\/wp\/v2\/pages\/2117\/revisions\/3490"}],"wp:attachment":[{"href":"https:\/\/micterleather.com\/pl\/wp-json\/wp\/v2\/media?parent=2117"}],"curies":[{"name":"wp","href":"https:\/\/api.w.org\/{rel}","templated":true}]}}