{"id":3912,"date":"2025-07-19T11:55:47","date_gmt":"2025-07-19T11:55:47","guid":{"rendered":"https:\/\/micterleather.com\/?post_type=product&#038;p=3912"},"modified":"2025-08-24T08:00:48","modified_gmt":"2025-08-24T08:00:48","slug":"equipement-pour-le-travail-du-cuir","status":"publish","type":"product","link":"https:\/\/micterleather.com\/nl\/product\/uncategorized\/equipement-pour-le-travail-du-cuir\/","title":{"rendered":"Lederbewerking uitrusting"},"content":{"rendered":"<p data-start=\"569\" data-end=\"723\"><strong data-start=\"569\" data-end=\"609\">Kit complet pour l\u2019artisanat du cuir<\/strong> : Inclut tous les outils essentiels pour les r\u00e9parations, l\u2019artisanat et les projets de personnalisation en cuir.<\/p>\n<p data-start=\"725\" data-end=\"892\"><strong data-start=\"725\" data-end=\"755\">Kleurenvari\u00ebteit van garen<\/strong> : 30 hoogwaardige garenspulen in een breed scala aan kleuren om aan al uw reparatie- of doe-het-zelf projecten in leer te voldoen.<\/p>\n<p data-start=\"894\" data-end=\"1069\"><strong data-start=\"894\" data-end=\"919\">Professionele gereedschappen<\/strong> : Livr\u00e9 avec des outils premium tels que des ciseaux \u00e0 couture, des poin\u00e7ons \u00e0 dents et des \u00e9bavureurs d\u2019ar\u00eates pour des travaux d\u00e9taill\u00e9s et pr\u00e9cis.<\/p>\n<p data-start=\"1071\" data-end=\"1226\"><strong data-start=\"1071\" data-end=\"1110\">Perfect voor leerliefhebbers<\/strong> : Ideaal voor leerbewerkers, ontwerpers en beginners die willen repareren of leren maken.<\/p>\n<p data-start=\"1228\" data-end=\"1360\"><strong data-start=\"1228\" data-end=\"1243\">Veelzijdig gebruik<\/strong> : Ideaal voor het repareren van meubels, autostoelen, portemonnees, riemen, schoenen, tassen en nog veel meer.<\/p>\n<p data-start=\"1362\" data-end=\"1497\"><strong data-start=\"1362\" data-end=\"1392\">Duurzaam en lang meegaan<\/strong> : Con\u00e7u pour un usage intensif, offrant des r\u00e9sultats professionnels qui r\u00e9sistent \u00e0 l\u2019\u00e9preuve du temps.<\/p>\n<p data-start=\"1499\" data-end=\"1634\" data-is-last-node=\"\" data-is-only-node=\"\"><strong data-start=\"1499\" data-end=\"1530\">Manuel d\u2019instructions clair<\/strong> : Guide \u00e9tape par \u00e9tape inclus pour vous aider \u00e0 commencer avec les r\u00e9parations et l\u2019artisanat du cuir.<\/p>","protected":false},"excerpt":{"rendered":"<table class=\"a-normal a-spacing-micro\" role=\"list\">\n<tbody>\n<tr class=\"a-spacing-small po-container.type\" role=\"listitem\">\n<td class=\"a-span3\" role=\"presentation\"><span class=\"a-size-base a-text-bold\">Informatie over het pakket<\/span><\/td>\n<td class=\"a-span9\" role=\"presentation\">Tas<\/td>\n<\/tr>\n<tr class=\"a-spacing-small po-included_components\" role=\"listitem\">\n<td class=\"a-span3\" role=\"presentation\">Inbegrepen componenten (zoals weergegeven op de afbeelding)<\/td>\n<td class=\"a-span9\" role=\"presentation\">1 x Leerreparatieset, 30 x Spoelen garen (verschillende kleuren), 20 x Leernaalden, 1 x Leerverf, 1 x Leer lijm, 1 x Was, 1 x Schaar, 1 x Meetlint, 1 x Leerbeschermer, 1 x Liniaal, 1 x Priem, 1 x Naaischaarset, 1 x Pincet, 1 x Tandpriem, 1 x Naaimachine, 1 x Randafwerker, 1 x Houten stiletto, 1 x Set leerboorbits, 1 x Leerstempel, 1 x Groefgereedschap, 1 x Hamer, 1 x Inbussleutel, 1 x Leerpatch, 1 x Groefgereedschap, 1 x Hamer, 1 x Inbussleutel, 1 x Leerpatch, 1 x Handleiding.<\/td>\n<\/tr>\n<\/tbody>\n<\/table>","protected":false},"featured_media":3868,"template":"","meta":{"_uag_custom_page_level_css":"","site-sidebar-layout":"default","site-content-layout":"","ast-site-content-layout":"default","site-content-style":"default","site-sidebar-style":"default","ast-global-header-display":"","ast-banner-title-visibility":"","ast-main-header-display":"","ast-hfb-above-header-display":"","ast-hfb-below-header-display":"","ast-hfb-mobile-header-display":"","site-post-title":"","ast-breadcrumbs-content":"","ast-featured-img":"","footer-sml-layout":"","ast-disable-related-posts":"","theme-transparent-header-meta":"default","adv-header-id-meta":"","stick-header-meta":"","header-above-stick-meta":"","header-main-stick-meta":"","header-below-stick-meta":"","astra-migrate-meta-layouts":"set","ast-page-background-enabled":"default","ast-page-background-meta":{"desktop":{"background-color":"","background-image":"","background-repeat":"repeat","background-position":"center center","background-size":"auto","background-attachment":"scroll","background-type":"","background-media":"","overlay-type":"","overlay-color":"","overlay-opacity":"","overlay-gradient":""},"tablet":{"background-color":"","background-image":"","background-repeat":"repeat","background-position":"center center","background-size":"auto","background-attachment":"scroll","background-type":"","background-media":"","overlay-type":"","overlay-color":"","overlay-opacity":"","overlay-gradient":""},"mobile":{"background-color":"","background-image":"","background-repeat":"repeat","background-position":"center center","background-size":"auto","background-attachment":"scroll","background-type":"","background-media":"","overlay-type":"","overlay-color":"","overlay-opacity":"","overlay-gradient":""}},"ast-content-background-meta":{"desktop":{"background-color":"var(--ast-global-color-5)","background-image":"","background-repeat":"repeat","background-position":"center center","background-size":"auto","background-attachment":"scroll","background-type":"","background-media":"","overlay-type":"","overlay-color":"","overlay-opacity":"","overlay-gradient":""},"tablet":{"background-color":"var(--ast-global-color-5)","background-image":"","background-repeat":"repeat","background-position":"center center","background-size":"auto","background-attachment":"scroll","background-type":"","background-media":"","overlay-type":"","overlay-color":"","overlay-opacity":"","overlay-gradient":""},"mobile":{"background-color":"var(--ast-global-color-5)","background-image":"","background-repeat":"repeat","background-position":"center center","background-size":"auto","background-attachment":"scroll","background-type":"","background-media":"","overlay-type":"","overlay-color":"","overlay-opacity":"","overlay-gradient":""}}},"product_brand":[],"product_cat":[15],"product_tag":[],"class_list":{"0":"post-3912","1":"product","2":"type-product","3":"status-publish","4":"has-post-thumbnail","6":"product_cat-uncategorized","7":"desktop-align-left","8":"tablet-align-left","9":"mobile-align-left","11":"first","12":"instock","13":"sale","14":"shipping-taxable","15":"purchasable","16":"product-type-simple"},"uagb_featured_image_src":{"full":["https:\/\/micterleather.com\/wp-content\/uploads\/2025\/08\/leather-working-equipment.webp",1600,1600,false],"thumbnail":["https:\/\/micterleather.com\/wp-content\/uploads\/2025\/08\/leather-working-equipment-150x150.webp",150,150,true],"medium":["https:\/\/micterleather.com\/wp-content\/uploads\/2025\/08\/leather-working-equipment-300x300.webp",300,300,true],"medium_large":["https:\/\/micterleather.com\/wp-content\/uploads\/2025\/08\/leather-working-equipment-768x768.webp",768,768,true],"large":["https:\/\/micterleather.com\/wp-content\/uploads\/2025\/08\/leather-working-equipment-1024x1024.webp",1024,1024,true],"1536x1536":["https:\/\/micterleather.com\/wp-content\/uploads\/2025\/08\/leather-working-equipment-1536x1536.webp",1536,1536,true],"2048x2048":["https:\/\/micterleather.com\/wp-content\/uploads\/2025\/08\/leather-working-equipment.webp",1600,1600,false],"trp-custom-language-flag":["https:\/\/micterleather.com\/wp-content\/uploads\/2025\/08\/leather-working-equipment.webp",12,12,false],"woocommerce_thumbnail":["https:\/\/micterleather.com\/wp-content\/uploads\/2025\/08\/leather-working-equipment-300x300.webp",300,300,true],"woocommerce_single":["https:\/\/micterleather.com\/wp-content\/uploads\/2025\/08\/leather-working-equipment-600x600.webp",600,600,true],"woocommerce_gallery_thumbnail":["https:\/\/micterleather.com\/wp-content\/uploads\/2025\/08\/leather-working-equipment-100x100.webp",100,100,true]},"uagb_author_info":{"display_name":"micter","author_link":"https:\/\/micterleather.com\/nl\/author\/"},"uagb_comment_info":0,"uagb_excerpt":"Informations sur le paquet Sac Composants inclus (comme montr\u00e9 sur l\u2019image) 1 x Kit de r\u00e9paration de cuir, 30 x Bobines de fil (couleurs vari\u00e9es), 20 x Aiguilles pour cuir, 1 x Teinture pour cuir, 1 x Colle pour cuir, 1 x Cire, 1 x Ciseaux, 1 x Ruban de mesure, 1 x Protecteur pour&hellip;","_links":{"self":[{"href":"https:\/\/micterleather.com\/nl\/wp-json\/wp\/v2\/product\/3912","targetHints":{"allow":["GET"]}}],"collection":[{"href":"https:\/\/micterleather.com\/nl\/wp-json\/wp\/v2\/product"}],"about":[{"href":"https:\/\/micterleather.com\/nl\/wp-json\/wp\/v2\/types\/product"}],"wp:featuredmedia":[{"embeddable":true,"href":"https:\/\/micterleather.com\/nl\/wp-json\/wp\/v2\/media\/3868"}],"wp:attachment":[{"href":"https:\/\/micterleather.com\/nl\/wp-json\/wp\/v2\/media?parent=3912"}],"wp:term":[{"taxonomy":"product_brand","embeddable":true,"href":"https:\/\/micterleather.com\/nl\/wp-json\/wp\/v2\/product_brand?post=3912"},{"taxonomy":"product_cat","embeddable":true,"href":"https:\/\/micterleather.com\/nl\/wp-json\/wp\/v2\/product_cat?post=3912"},{"taxonomy":"product_tag","embeddable":true,"href":"https:\/\/micterleather.com\/nl\/wp-json\/wp\/v2\/product_tag?post=3912"}],"curies":[{"name":"wp","href":"https:\/\/api.w.org\/{rel}","templated":true}]}}