{"id":3908,"date":"2025-07-19T11:52:28","date_gmt":"2025-07-19T11:52:28","guid":{"rendered":"https:\/\/micterleather.com\/?post_type=product&#038;p=3908"},"modified":"2025-08-24T08:27:45","modified_gmt":"2025-08-24T08:27:45","slug":"kit-doutils-pour-le-cuir-micter-23-pieces","status":"publish","type":"product","link":"https:\/\/micterleather.com\/nl\/product\/uncategorized\/kit-doutils-pour-le-cuir-micter-23-pieces\/","title":{"rendered":"Kit d\u2019outils pour le cuir Micter 23 pi\u00e8ces"},"content":{"rendered":"<p data-start=\"455\" data-end=\"641\"><strong data-start=\"455\" data-end=\"501\">Compleet naaikit voor leer 23 onderdelen<\/strong> \u2013 Compleet pakket inclusief ponsen, naalden, scharen, naaldenknipper, afknipapparaat, naaldeninbrengtool en 12 gekleurde wasdraadjes.<\/p>\n<p data-start=\"643\" data-end=\"775\"><strong data-start=\"643\" data-end=\"666\">Duurzame wasdraadjes<\/strong> \u2013 12 bobines de couleurs assorties, solides et r\u00e9sistants, parfaits pour le cuir, la toile et l\u2019ameublement.<\/p>\n<p data-start=\"777\" data-end=\"929\"><strong data-start=\"777\" data-end=\"800\">Vari\u00e9t\u00e9 d\u2019aiguilles<\/strong> \u2013 Bevat versterkte rechte naalden, gebogen naalden en een opbergbuis voor naalden voor extra veiligheid.<\/p>\n<p data-start=\"931\" data-end=\"1071\"><strong data-start=\"931\" data-end=\"959\">Essenti\u00eble gereedschappen inbegrepen<\/strong> \u2013 Houten handvat pons voor perforeren, naalden, naaldenknipper en afknipapparaat voor praktisch gebruik.<\/p>\n<p data-start=\"1073\" data-end=\"1213\"><strong data-start=\"1073\" data-end=\"1097\">Draagbaar en georganiseerd<\/strong> \u2013 Alle gereedschappen en draadjes zijn opgeborgen in een compacte tas met rits, gemakkelijk mee te nemen en op te bergen.<\/p>\n<p data-start=\"1215\" data-end=\"1401\" data-is-last-node=\"\" data-is-only-node=\"\"><strong data-start=\"1215\" data-end=\"1239\">Veelzijdige toepassingen<\/strong> \u2013 Id\u00e9al pour r\u00e9parer des portefeuilles, des ceintures, des sacs \u00e0 main, des chaussures, des si\u00e8ges de voiture, des tentes, des canap\u00e9s et d\u2019autres tissus lourds.<\/p>","protected":false},"excerpt":{"rendered":"<table class=\"a-normal a-spacing-micro\" role=\"list\">\n<tbody>\n<tr class=\"a-spacing-small po-container.type\" role=\"listitem\">\n<td class=\"a-span3\" role=\"presentation\"><span class=\"a-size-base a-text-bold\">Informatie over het pakket<\/span><\/td>\n<td class=\"a-span9\" role=\"presentation\">Tas<\/td>\n<\/tr>\n<tr class=\"a-spacing-small po-included_components\" role=\"listitem\">\n<td class=\"a-span3\" role=\"presentation\">Inbegrepen componenten (zoals weergegeven op de afbeelding)<\/td>\n<td class=\"a-span9\" role=\"presentation\">1 \u00d7 Pons met houten handvat, 1 \u00d7 Naalden in metaal, 1 \u00d7 Afknipapparaat, 1 \u00d7 Naaldenknipper, 1 \u00d7 Naaldeninbrengtool, 1 \u00d7 Opbergbuis voor naalden (met groene dop), 6 \u00d7 Handnaalden versterkt, 2 \u00d7 Gebogen naalden, 12 \u00d7 Gekleurde wasdraad (bijpassende kleuren: bruin, wit, grijs, zwart, donkerbruin, lichtbruin, blauw, groen, roze, enz.), 1 \u00d7 Draagtas met rits<\/td>\n<\/tr>\n<\/tbody>\n<\/table>","protected":false},"featured_media":3856,"template":"","meta":{"_uag_custom_page_level_css":"","site-sidebar-layout":"default","site-content-layout":"","ast-site-content-layout":"default","site-content-style":"default","site-sidebar-style":"default","ast-global-header-display":"","ast-banner-title-visibility":"","ast-main-header-display":"","ast-hfb-above-header-display":"","ast-hfb-below-header-display":"","ast-hfb-mobile-header-display":"","site-post-title":"","ast-breadcrumbs-content":"","ast-featured-img":"","footer-sml-layout":"","ast-disable-related-posts":"","theme-transparent-header-meta":"default","adv-header-id-meta":"","stick-header-meta":"","header-above-stick-meta":"","header-main-stick-meta":"","header-below-stick-meta":"","astra-migrate-meta-layouts":"set","ast-page-background-enabled":"default","ast-page-background-meta":{"desktop":{"background-color":"","background-image":"","background-repeat":"repeat","background-position":"center center","background-size":"auto","background-attachment":"scroll","background-type":"","background-media":"","overlay-type":"","overlay-color":"","overlay-opacity":"","overlay-gradient":""},"tablet":{"background-color":"","background-image":"","background-repeat":"repeat","background-position":"center center","background-size":"auto","background-attachment":"scroll","background-type":"","background-media":"","overlay-type":"","overlay-color":"","overlay-opacity":"","overlay-gradient":""},"mobile":{"background-color":"","background-image":"","background-repeat":"repeat","background-position":"center center","background-size":"auto","background-attachment":"scroll","background-type":"","background-media":"","overlay-type":"","overlay-color":"","overlay-opacity":"","overlay-gradient":""}},"ast-content-background-meta":{"desktop":{"background-color":"var(--ast-global-color-5)","background-image":"","background-repeat":"repeat","background-position":"center center","background-size":"auto","background-attachment":"scroll","background-type":"","background-media":"","overlay-type":"","overlay-color":"","overlay-opacity":"","overlay-gradient":""},"tablet":{"background-color":"var(--ast-global-color-5)","background-image":"","background-repeat":"repeat","background-position":"center center","background-size":"auto","background-attachment":"scroll","background-type":"","background-media":"","overlay-type":"","overlay-color":"","overlay-opacity":"","overlay-gradient":""},"mobile":{"background-color":"var(--ast-global-color-5)","background-image":"","background-repeat":"repeat","background-position":"center center","background-size":"auto","background-attachment":"scroll","background-type":"","background-media":"","overlay-type":"","overlay-color":"","overlay-opacity":"","overlay-gradient":""}}},"product_brand":[],"product_cat":[15],"product_tag":[],"class_list":{"0":"post-3908","1":"product","2":"type-product","3":"status-publish","4":"has-post-thumbnail","6":"product_cat-uncategorized","7":"desktop-align-left","8":"tablet-align-left","9":"mobile-align-left","11":"first","12":"instock","13":"sale","14":"shipping-taxable","15":"purchasable","16":"product-type-simple"},"uagb_featured_image_src":{"full":["https:\/\/micterleather.com\/wp-content\/uploads\/2025\/08\/23-Set-Micter-leather-tools.webp",800,800,false],"thumbnail":["https:\/\/micterleather.com\/wp-content\/uploads\/2025\/08\/23-Set-Micter-leather-tools-150x150.webp",150,150,true],"medium":["https:\/\/micterleather.com\/wp-content\/uploads\/2025\/08\/23-Set-Micter-leather-tools-300x300.webp",300,300,true],"medium_large":["https:\/\/micterleather.com\/wp-content\/uploads\/2025\/08\/23-Set-Micter-leather-tools-768x768.webp",768,768,true],"large":["https:\/\/micterleather.com\/wp-content\/uploads\/2025\/08\/23-Set-Micter-leather-tools.webp",800,800,false],"1536x1536":["https:\/\/micterleather.com\/wp-content\/uploads\/2025\/08\/23-Set-Micter-leather-tools.webp",800,800,false],"2048x2048":["https:\/\/micterleather.com\/wp-content\/uploads\/2025\/08\/23-Set-Micter-leather-tools.webp",800,800,false],"trp-custom-language-flag":["https:\/\/micterleather.com\/wp-content\/uploads\/2025\/08\/23-Set-Micter-leather-tools.webp",12,12,false],"woocommerce_thumbnail":["https:\/\/micterleather.com\/wp-content\/uploads\/2025\/08\/23-Set-Micter-leather-tools-300x300.webp",300,300,true],"woocommerce_single":["https:\/\/micterleather.com\/wp-content\/uploads\/2025\/08\/23-Set-Micter-leather-tools-600x600.webp",600,600,true],"woocommerce_gallery_thumbnail":["https:\/\/micterleather.com\/wp-content\/uploads\/2025\/08\/23-Set-Micter-leather-tools-100x100.webp",100,100,true]},"uagb_author_info":{"display_name":"micter","author_link":"https:\/\/micterleather.com\/nl\/author\/"},"uagb_comment_info":0,"uagb_excerpt":"Informations sur le paquet Sac Composants inclus (comme montr\u00e9 sur l\u2019image) 1 \u00d7 Poin\u00e7on \u00e0 manche en bois, 1 \u00d7 D\u00e9s \u00e0 coudre en m\u00e9tal, 1 \u00d7 D\u00e9couseur, 1 \u00d7 Ciseaux \u00e0 fil, 1 \u00d7 Enfile-aiguille, 1 \u00d7 Tube de rangement pour aiguilles (avec capuchon vert), 6 \u00d7 Aiguilles pour couture \u00e0 la main renforc\u00e9es,&hellip;","_links":{"self":[{"href":"https:\/\/micterleather.com\/nl\/wp-json\/wp\/v2\/product\/3908","targetHints":{"allow":["GET"]}}],"collection":[{"href":"https:\/\/micterleather.com\/nl\/wp-json\/wp\/v2\/product"}],"about":[{"href":"https:\/\/micterleather.com\/nl\/wp-json\/wp\/v2\/types\/product"}],"wp:featuredmedia":[{"embeddable":true,"href":"https:\/\/micterleather.com\/nl\/wp-json\/wp\/v2\/media\/3856"}],"wp:attachment":[{"href":"https:\/\/micterleather.com\/nl\/wp-json\/wp\/v2\/media?parent=3908"}],"wp:term":[{"taxonomy":"product_brand","embeddable":true,"href":"https:\/\/micterleather.com\/nl\/wp-json\/wp\/v2\/product_brand?post=3908"},{"taxonomy":"product_cat","embeddable":true,"href":"https:\/\/micterleather.com\/nl\/wp-json\/wp\/v2\/product_cat?post=3908"},{"taxonomy":"product_tag","embeddable":true,"href":"https:\/\/micterleather.com\/nl\/wp-json\/wp\/v2\/product_tag?post=3908"}],"curies":[{"name":"wp","href":"https:\/\/api.w.org\/{rel}","templated":true}]}}