{"id":3904,"date":"2025-07-19T11:44:30","date_gmt":"2025-07-19T11:44:30","guid":{"rendered":"https:\/\/micterleather.com\/?post_type=product&#038;p=3904"},"modified":"2025-08-24T08:27:53","modified_gmt":"2025-08-24T08:27:53","slug":"kit-doutils-pour-lartisanat-du-cuir-21-pieces","status":"publish","type":"product","link":"https:\/\/micterleather.com\/nl\/product\/uncategorized\/kit-doutils-pour-lartisanat-du-cuir-21-pieces\/","title":{"rendered":"Gereedschapsset voor leerbewerking 21-delig"},"content":{"rendered":"<p data-start=\"410\" data-end=\"549\"><strong data-start=\"410\" data-end=\"446\">Compleet leernaaikit<\/strong> \u2013 Bevat essenti\u00eble gereedschappen zoals pons, naaldvuller, botshouders, naalden, liniaal en draad.<\/p>\n<p data-start=\"551\" data-end=\"679\"><strong data-start=\"551\" data-end=\"574\">Duurzame wasdraadjes<\/strong> \u2013 4 spoelen in bijpassende kleuren (bruin, beige, lichtbruin, wit), stevig en slijtvast.<\/p>\n<p data-start=\"681\" data-end=\"827\"><strong data-start=\"681\" data-end=\"704\">Vari\u00e9t\u00e9 d\u2019aiguilles<\/strong> \u2013 6 grote oog naalden voor handnaaien, in een tube gerangschikt, gemakkelijk door te steken en ideaal voor dikke stoffen.<\/p>\n<p data-start=\"829\" data-end=\"1012\"><strong data-start=\"829\" data-end=\"854\">Handige accessoires<\/strong> \u2013 Bevat bindklemmen om de leren stukken stevig vast te houden, een naaldvuller om de vingers te beschermen en een liniaal voor nauwkeurige metingen.<\/p>\n<p data-start=\"1014\" data-end=\"1169\" data-is-last-node=\"\" data-is-only-node=\"\"><strong data-start=\"1014\" data-end=\"1041\">Veelzijdig gebruik<\/strong> \u2013 Geschikt voor leren reparaties, doe-het-zelf projecten en het naaien van portemonnees, tassen, riemen en meubelstoffen.<\/p>","protected":false},"excerpt":{"rendered":"<table class=\"a-normal a-spacing-micro\" style=\"font-size: 16px; font-style: normal;\" role=\"list\">\n<tbody>\n<tr class=\"a-spacing-small po-container.type\" role=\"listitem\">\n<td class=\"a-span3\" role=\"presentation\"><span class=\"a-size-base a-text-bold\">Informatie over het pakket<\/span><\/td>\n<td class=\"a-span9\" role=\"presentation\">Tas<\/td>\n<\/tr>\n<tr class=\"a-spacing-small po-included_components\" role=\"listitem\">\n<td class=\"a-span3\" role=\"presentation\">Inbegrepen componenten (zoals weergegeven op de afbeelding)<\/td>\n<td class=\"a-span9\" role=\"presentation\">1 \u00d7 metalen liniaal (20 cm), 1 \u00d7 grote botshouder, 1 \u00d7 kleine botshouder, 1 \u00d7 houten handvat pons, 1 \u00d7 naaldvuller, 1 \u00d7 naaldenkoker met oranje dop, 6 \u00d7 handnaalden met grote oog, 1 \u00d7 metalen stopnaald, 4 \u00d7 bindklemmen (zwart), 4 \u00d7 waxdraad (bruin, beige, lichtbruin, wit)<\/td>\n<\/tr>\n<\/tbody>\n<\/table>","protected":false},"featured_media":3855,"template":"","meta":{"_uag_custom_page_level_css":"","site-sidebar-layout":"default","site-content-layout":"","ast-site-content-layout":"default","site-content-style":"default","site-sidebar-style":"default","ast-global-header-display":"","ast-banner-title-visibility":"","ast-main-header-display":"","ast-hfb-above-header-display":"","ast-hfb-below-header-display":"","ast-hfb-mobile-header-display":"","site-post-title":"","ast-breadcrumbs-content":"","ast-featured-img":"","footer-sml-layout":"","ast-disable-related-posts":"","theme-transparent-header-meta":"default","adv-header-id-meta":"","stick-header-meta":"","header-above-stick-meta":"","header-main-stick-meta":"","header-below-stick-meta":"","astra-migrate-meta-layouts":"set","ast-page-background-enabled":"default","ast-page-background-meta":{"desktop":{"background-color":"","background-image":"","background-repeat":"repeat","background-position":"center center","background-size":"auto","background-attachment":"scroll","background-type":"","background-media":"","overlay-type":"","overlay-color":"","overlay-opacity":"","overlay-gradient":""},"tablet":{"background-color":"","background-image":"","background-repeat":"repeat","background-position":"center center","background-size":"auto","background-attachment":"scroll","background-type":"","background-media":"","overlay-type":"","overlay-color":"","overlay-opacity":"","overlay-gradient":""},"mobile":{"background-color":"","background-image":"","background-repeat":"repeat","background-position":"center center","background-size":"auto","background-attachment":"scroll","background-type":"","background-media":"","overlay-type":"","overlay-color":"","overlay-opacity":"","overlay-gradient":""}},"ast-content-background-meta":{"desktop":{"background-color":"var(--ast-global-color-5)","background-image":"","background-repeat":"repeat","background-position":"center center","background-size":"auto","background-attachment":"scroll","background-type":"","background-media":"","overlay-type":"","overlay-color":"","overlay-opacity":"","overlay-gradient":""},"tablet":{"background-color":"var(--ast-global-color-5)","background-image":"","background-repeat":"repeat","background-position":"center center","background-size":"auto","background-attachment":"scroll","background-type":"","background-media":"","overlay-type":"","overlay-color":"","overlay-opacity":"","overlay-gradient":""},"mobile":{"background-color":"var(--ast-global-color-5)","background-image":"","background-repeat":"repeat","background-position":"center center","background-size":"auto","background-attachment":"scroll","background-type":"","background-media":"","overlay-type":"","overlay-color":"","overlay-opacity":"","overlay-gradient":""}}},"product_brand":[],"product_cat":[15],"product_tag":[],"class_list":{"0":"post-3904","1":"product","2":"type-product","3":"status-publish","4":"has-post-thumbnail","6":"product_cat-uncategorized","7":"desktop-align-left","8":"tablet-align-left","9":"mobile-align-left","11":"first","12":"instock","13":"sale","14":"shipping-taxable","15":"purchasable","16":"product-type-simple"},"uagb_featured_image_src":{"full":["https:\/\/micterleather.com\/wp-content\/uploads\/2025\/08\/21-set-leather-handicraft-tools.webp",1500,1500,false],"thumbnail":["https:\/\/micterleather.com\/wp-content\/uploads\/2025\/08\/21-set-leather-handicraft-tools-150x150.webp",150,150,true],"medium":["https:\/\/micterleather.com\/wp-content\/uploads\/2025\/08\/21-set-leather-handicraft-tools-300x300.webp",300,300,true],"medium_large":["https:\/\/micterleather.com\/wp-content\/uploads\/2025\/08\/21-set-leather-handicraft-tools-768x768.webp",768,768,true],"large":["https:\/\/micterleather.com\/wp-content\/uploads\/2025\/08\/21-set-leather-handicraft-tools-1024x1024.webp",1024,1024,true],"1536x1536":["https:\/\/micterleather.com\/wp-content\/uploads\/2025\/08\/21-set-leather-handicraft-tools.webp",1500,1500,false],"2048x2048":["https:\/\/micterleather.com\/wp-content\/uploads\/2025\/08\/21-set-leather-handicraft-tools.webp",1500,1500,false],"trp-custom-language-flag":["https:\/\/micterleather.com\/wp-content\/uploads\/2025\/08\/21-set-leather-handicraft-tools.webp",12,12,false],"woocommerce_thumbnail":["https:\/\/micterleather.com\/wp-content\/uploads\/2025\/08\/21-set-leather-handicraft-tools-300x300.webp",300,300,true],"woocommerce_single":["https:\/\/micterleather.com\/wp-content\/uploads\/2025\/08\/21-set-leather-handicraft-tools-600x600.webp",600,600,true],"woocommerce_gallery_thumbnail":["https:\/\/micterleather.com\/wp-content\/uploads\/2025\/08\/21-set-leather-handicraft-tools-100x100.webp",100,100,true]},"uagb_author_info":{"display_name":"micter","author_link":"https:\/\/micterleather.com\/nl\/author\/"},"uagb_comment_info":0,"uagb_excerpt":"Informations sur le paquet Sac Composants inclus (comme montr\u00e9 sur l\u2019image) 1 \u00d7 R\u00e8gle en m\u00e9tal (20 cm), 1 \u00d7 Plieur en os grand format, 1 \u00d7 Plieur en os petit format, 1 \u00d7 Poin\u00e7on \u00e0 manche en bois, 1 \u00d7 D\u00e9couseur, 1 \u00d7 Tube de rangement pour aiguilles (avec capuchon orange), 6 \u00d7 Aiguilles&hellip;","_links":{"self":[{"href":"https:\/\/micterleather.com\/nl\/wp-json\/wp\/v2\/product\/3904","targetHints":{"allow":["GET"]}}],"collection":[{"href":"https:\/\/micterleather.com\/nl\/wp-json\/wp\/v2\/product"}],"about":[{"href":"https:\/\/micterleather.com\/nl\/wp-json\/wp\/v2\/types\/product"}],"wp:featuredmedia":[{"embeddable":true,"href":"https:\/\/micterleather.com\/nl\/wp-json\/wp\/v2\/media\/3855"}],"wp:attachment":[{"href":"https:\/\/micterleather.com\/nl\/wp-json\/wp\/v2\/media?parent=3904"}],"wp:term":[{"taxonomy":"product_brand","embeddable":true,"href":"https:\/\/micterleather.com\/nl\/wp-json\/wp\/v2\/product_brand?post=3904"},{"taxonomy":"product_cat","embeddable":true,"href":"https:\/\/micterleather.com\/nl\/wp-json\/wp\/v2\/product_cat?post=3904"},{"taxonomy":"product_tag","embeddable":true,"href":"https:\/\/micterleather.com\/nl\/wp-json\/wp\/v2\/product_tag?post=3904"}],"curies":[{"name":"wp","href":"https:\/\/api.w.org\/{rel}","templated":true}]}}