{"id":3899,"date":"2025-07-19T11:35:48","date_gmt":"2025-07-19T11:35:48","guid":{"rendered":"https:\/\/micterleather.com\/?post_type=product&#038;p=3899"},"modified":"2025-08-24T08:28:43","modified_gmt":"2025-08-24T08:28:43","slug":"outils-de-fabrication-de-cuir-micter","status":"publish","type":"product","link":"https:\/\/micterleather.com\/nl\/product\/uncategorized\/outils-de-fabrication-de-cuir-micter\/","title":{"rendered":"Leerbewerking gereedschappen Micter"},"content":{"rendered":"<p data-start=\"665\" data-end=\"846\"><strong data-start=\"665\" data-end=\"701\">Compleet leernaaikit<\/strong> \u2013 Bevat naalden, stempels, garen, decoupeernaalden, naaldenkrammen en meer voor leerreparatie en doe-het-zelf projecten.<\/p>\n<p data-start=\"848\" data-end=\"1001\"><strong data-start=\"848\" data-end=\"871\">Duurzame wasdraadjes<\/strong> \u2013 8 grote spoelen bijpassend gekleurd garen, sterk en duurzaam, ideaal voor leer, canvas en meubelstoffen.<\/p>\n<p data-start=\"1003\" data-end=\"1167\"><strong data-start=\"1003\" data-end=\"1026\">Vari\u00e9t\u00e9 d\u2019aiguilles<\/strong> \u2013 Rechte, gebogen en gemengde naalden voor verschillende naaidoeleinden, verpakt in een handig buisje en reparatieset.<\/p>\n<p data-start=\"1169\" data-end=\"1317\"><strong data-start=\"1169\" data-end=\"1197\">Essenti\u00eble gereedschappen inbegrepen<\/strong> \u2013 Bevat stempels, decoupeernaalden, draadschaar, meetlint, naaldeninrijger en naaldenkrammen.<\/p>\n<p data-start=\"1319\" data-end=\"1510\"><strong data-start=\"1319\" data-end=\"1343\">Veelzijdige toepassingen<\/strong> \u2013 Ideaal voor het repareren van leren tassen, portemonnees, riemen, schoenen, autostoelen, banken, tenten en andere stevige stoffen.<\/p>\n<p data-start=\"1512\" data-end=\"1667\" data-is-last-node=\"\" data-is-only-node=\"\"><strong data-start=\"1512\" data-end=\"1536\">Draagbaar en georganiseerd<\/strong> \u2013 Compacte set, gemakkelijk mee te nemen en op te bergen, geschikt voor beginners, hobbyisten en professionals in leerbewerking.<\/p>","protected":false},"excerpt":{"rendered":"<article class=\"text-token-text-primary w-full focus:outline-none scroll-mt-[calc(var(--header-height)+min(200px,max(70px,20svh)))]\" dir=\"auto\" tabindex=\"-1\" data-turn-id=\"request-WEB:e338366c-6ca7-4ffd-b39b-25675898e1a3-5\" data-testid=\"conversation-turn-6\" data-scroll-anchor=\"true\" data-turn=\"assistant\">\n<div class=\"text-base my-auto mx-auto pb-10 [--thread-content-margin:--spacing(4)] @[37rem]:[--thread-content-margin:--spacing(6)] @[72rem]:[--thread-content-margin:--spacing(16)] px-(--thread-content-margin)\">\n<div class=\"[--thread-content-max-width:32rem] @[34rem]:[--thread-content-max-width:40rem] @[64rem]:[--thread-content-max-width:48rem] mx-auto max-w-(--thread-content-max-width) flex-1 group\/turn-messages focus-visible:outline-hidden relative flex w-full min-w-0 flex-col agent-turn\" tabindex=\"-1\">\n<div class=\"flex max-w-full flex-col grow\">\n<div class=\"min-h-8 text-message relative flex w-full flex-col items-end gap-2 text-start break-words whitespace-normal [.text-message+&amp;]:mt-5\" dir=\"auto\" data-message-author-role=\"assistant\" data-message-id=\"b7d176d9-1589-4d25-a832-2c899a04c5b6\" data-message-model-slug=\"gpt-5\">\n<div class=\"flex w-full flex-col gap-1 empty:hidden first:pt-[3px]\">\n<div class=\"markdown prose dark:prose-invert w-full break-words light markdown-new-styling\">\n<table class=\"a-normal a-spacing-micro\" style=\"font-size: 16px;\" role=\"list\">\n<tbody>\n<tr class=\"a-spacing-small po-container.type\" role=\"listitem\">\n<td class=\"a-span3\" role=\"presentation\"><span class=\"a-size-base a-text-bold\">Informatie over het pakket<\/span><\/td>\n<td class=\"a-span9\" role=\"presentation\">Tas<\/td>\n<\/tr>\n<tr class=\"a-spacing-small po-included_components\" role=\"listitem\">\n<td class=\"a-span3\" role=\"presentation\">Inbegrepen componenten (zoals weergegeven op de afbeelding)<\/td>\n<td class=\"a-span9\" role=\"presentation\">10 rechte naalden voor handnaaien, 7 gebogen naalden (verschillende maten), 6 gemengde naalden (in een reparatieset), 8 spoelen wasgaren (grote spoelen, bijpassende kleuren), 10 spoelen meubelgaren (kleine spoelen, bijpassende kleuren), 3 stempels (houten\/metalen handvatten), 2 decoupeernaalden, 1 kleine schaar (om draad te knippen), 1 meetlint (flexibel lint), 2 naaldenkrammen (metaal), 1 naaldeninrijger, 1 opbergbuis voor naalden (met oranje dop).<\/td>\n<\/tr>\n<\/tbody>\n<\/table>\n<\/div>\n<\/div>\n<\/div>\n<\/div>\n<div class=\"mt-3 w-full empty:hidden\">\n<div class=\"text-center\"><\/div>\n<\/div>\n<\/div>\n<\/div>\n<\/article>\n<div class=\"pointer-events-none h-px w-px\" aria-hidden=\"true\" data-edge=\"true\"><\/div>","protected":false},"featured_media":3851,"template":"","meta":{"_uag_custom_page_level_css":"","site-sidebar-layout":"default","site-content-layout":"","ast-site-content-layout":"default","site-content-style":"default","site-sidebar-style":"default","ast-global-header-display":"","ast-banner-title-visibility":"","ast-main-header-display":"","ast-hfb-above-header-display":"","ast-hfb-below-header-display":"","ast-hfb-mobile-header-display":"","site-post-title":"","ast-breadcrumbs-content":"","ast-featured-img":"","footer-sml-layout":"","ast-disable-related-posts":"","theme-transparent-header-meta":"default","adv-header-id-meta":"","stick-header-meta":"","header-above-stick-meta":"","header-main-stick-meta":"","header-below-stick-meta":"","astra-migrate-meta-layouts":"set","ast-page-background-enabled":"default","ast-page-background-meta":{"desktop":{"background-color":"","background-image":"","background-repeat":"repeat","background-position":"center center","background-size":"auto","background-attachment":"scroll","background-type":"","background-media":"","overlay-type":"","overlay-color":"","overlay-opacity":"","overlay-gradient":""},"tablet":{"background-color":"","background-image":"","background-repeat":"repeat","background-position":"center center","background-size":"auto","background-attachment":"scroll","background-type":"","background-media":"","overlay-type":"","overlay-color":"","overlay-opacity":"","overlay-gradient":""},"mobile":{"background-color":"","background-image":"","background-repeat":"repeat","background-position":"center center","background-size":"auto","background-attachment":"scroll","background-type":"","background-media":"","overlay-type":"","overlay-color":"","overlay-opacity":"","overlay-gradient":""}},"ast-content-background-meta":{"desktop":{"background-color":"var(--ast-global-color-5)","background-image":"","background-repeat":"repeat","background-position":"center center","background-size":"auto","background-attachment":"scroll","background-type":"","background-media":"","overlay-type":"","overlay-color":"","overlay-opacity":"","overlay-gradient":""},"tablet":{"background-color":"var(--ast-global-color-5)","background-image":"","background-repeat":"repeat","background-position":"center center","background-size":"auto","background-attachment":"scroll","background-type":"","background-media":"","overlay-type":"","overlay-color":"","overlay-opacity":"","overlay-gradient":""},"mobile":{"background-color":"var(--ast-global-color-5)","background-image":"","background-repeat":"repeat","background-position":"center center","background-size":"auto","background-attachment":"scroll","background-type":"","background-media":"","overlay-type":"","overlay-color":"","overlay-opacity":"","overlay-gradient":""}}},"product_brand":[],"product_cat":[15],"product_tag":[],"class_list":{"0":"post-3899","1":"product","2":"type-product","3":"status-publish","4":"has-post-thumbnail","6":"product_cat-uncategorized","7":"desktop-align-left","8":"tablet-align-left","9":"mobile-align-left","11":"first","12":"instock","13":"sale","14":"shipping-taxable","15":"purchasable","16":"product-type-simple"},"uagb_featured_image_src":{"full":["https:\/\/micterleather.com\/wp-content\/uploads\/2025\/08\/Micterleather-making-tools-.webp",1600,1600,false],"thumbnail":["https:\/\/micterleather.com\/wp-content\/uploads\/2025\/08\/Micterleather-making-tools--150x150.webp",150,150,true],"medium":["https:\/\/micterleather.com\/wp-content\/uploads\/2025\/08\/Micterleather-making-tools--300x300.webp",300,300,true],"medium_large":["https:\/\/micterleather.com\/wp-content\/uploads\/2025\/08\/Micterleather-making-tools--768x768.webp",768,768,true],"large":["https:\/\/micterleather.com\/wp-content\/uploads\/2025\/08\/Micterleather-making-tools--1024x1024.webp",1024,1024,true],"1536x1536":["https:\/\/micterleather.com\/wp-content\/uploads\/2025\/08\/Micterleather-making-tools--1536x1536.webp",1536,1536,true],"2048x2048":["https:\/\/micterleather.com\/wp-content\/uploads\/2025\/08\/Micterleather-making-tools-.webp",1600,1600,false],"trp-custom-language-flag":["https:\/\/micterleather.com\/wp-content\/uploads\/2025\/08\/Micterleather-making-tools-.webp",12,12,false],"woocommerce_thumbnail":["https:\/\/micterleather.com\/wp-content\/uploads\/2025\/08\/Micterleather-making-tools--300x300.webp",300,300,true],"woocommerce_single":["https:\/\/micterleather.com\/wp-content\/uploads\/2025\/08\/Micterleather-making-tools--600x600.webp",600,600,true],"woocommerce_gallery_thumbnail":["https:\/\/micterleather.com\/wp-content\/uploads\/2025\/08\/Micterleather-making-tools--100x100.webp",100,100,true]},"uagb_author_info":{"display_name":"micter","author_link":"https:\/\/micterleather.com\/nl\/author\/"},"uagb_comment_info":0,"uagb_excerpt":"Informations sur le paquet Sac Composants inclus (comme montr\u00e9 sur l'image) 10 aiguilles droites pour couture \u00e0 la main, 7 aiguilles courbes (diff\u00e9rentes tailles), 6 aiguilles mixtes (dans un kit de r\u00e9paration), 8 bobines de fil cir\u00e9 (grandes bobines, couleurs assorties), 10 bobines de fil de tapissier (petites bobines, couleurs assorties), 3 poin\u00e7ons (poign\u00e9es en&hellip;","_links":{"self":[{"href":"https:\/\/micterleather.com\/nl\/wp-json\/wp\/v2\/product\/3899","targetHints":{"allow":["GET"]}}],"collection":[{"href":"https:\/\/micterleather.com\/nl\/wp-json\/wp\/v2\/product"}],"about":[{"href":"https:\/\/micterleather.com\/nl\/wp-json\/wp\/v2\/types\/product"}],"wp:featuredmedia":[{"embeddable":true,"href":"https:\/\/micterleather.com\/nl\/wp-json\/wp\/v2\/media\/3851"}],"wp:attachment":[{"href":"https:\/\/micterleather.com\/nl\/wp-json\/wp\/v2\/media?parent=3899"}],"wp:term":[{"taxonomy":"product_brand","embeddable":true,"href":"https:\/\/micterleather.com\/nl\/wp-json\/wp\/v2\/product_brand?post=3899"},{"taxonomy":"product_cat","embeddable":true,"href":"https:\/\/micterleather.com\/nl\/wp-json\/wp\/v2\/product_cat?post=3899"},{"taxonomy":"product_tag","embeddable":true,"href":"https:\/\/micterleather.com\/nl\/wp-json\/wp\/v2\/product_tag?post=3899"}],"curies":[{"name":"wp","href":"https:\/\/api.w.org\/{rel}","templated":true}]}}