{"id":3676,"date":"2025-07-27T08:31:24","date_gmt":"2025-07-27T08:31:24","guid":{"rendered":"https:\/\/micterleather.com\/?post_type=product&#038;p=3676"},"modified":"2025-08-04T01:30:32","modified_gmt":"2025-08-04T01:30:32","slug":"rivets-for-leather","status":"publish","type":"product","link":"https:\/\/micterleather.com\/nl\/product\/repair-accessories\/rivets-for-leather\/","title":{"rendered":"Rivetten voor Leer"},"content":{"rendered":"<h4>Productbeschrijving:<\/h4>\n<ul>\n<li class=\"my-0\"><strong>Geweldig Waarde Set:<\/strong>\u00a0De set bevat 240 sets dubbele kapnagels: 60 goud (20 in elk van de 3 maten), 60 zilver (20 in elk van de 3 maten), 60 bruin (20 in elk van de 3 maten), en 60 zwart (20 in elk van de 3 maten). Ook inbegrepen zijn 1 dubbelkop rubberen hamer, 1 antislip pons, 2 nagelstaven en 1 nagelbasis\u2014voor een verscheidenheid aan opties voor al je projecten.<\/li>\n<li class=\"my-0\"><strong>Verschillende Maten en Kleuren:<\/strong>\u00a0De set bevat nagels in 3 verschillende maten: 8\u00d77mm (0,31\u00d70,28 inch), 8\u00d712mm (0,31\u00d70,47 inch), en 10\u00d710mm (0,39\u00d70,39 inch), en 4 kleuren: goud, zilver, bruin en zwart. De antislip pons meet 2mm, terwijl de nagelstaven en basis zowel 8mm als 10mm maten ondersteunen voor veelzijdig gebruik.<\/li>\n<li class=\"my-0\"><strong>Netjes Verpakking:<\/strong>\u00a0Alle nagels en gereedschappen zijn georganiseerd in een doorzichtige plastic doos, met aparte vakken voor verschillende maten en kleuren, waardoor items gemakkelijk te vinden zijn en verwarring wordt voorkomen.<\/li>\n<li class=\"my-0\"><strong>Compleet Set Gereedschappen:<\/strong>\u00a0Deze set wordt geleverd met 5 essenti\u00eble gereedschappen voor het zetten en ponsen van leer, inclusief een comfortabele, dubbelkop rubberen hamer met een rubberen handvat om schok en handmoeheid te verminderen. (Opmerking: Gebruik zachte kracht bij het hameren voor het beste resultaat.)<\/li>\n<li class=\"my-0\"><strong>Breed Toepassingsgebied:<\/strong>\u00a0With a wide selection of metal studs and installation tools, this kit is perfect for DIY leather crafts, clothing, shoes, bags, accessories, and repairs. It\u2019s an ideal choice for both beginners and craft enthusiasts.<\/li>\n<\/ul>","protected":false},"excerpt":{"rendered":"<h4>Productinformatie:<\/h4>\n<table id=\"productDetails_detailBullets_sections1\" class=\"a-keyvalue prodDetTable\">\n<tbody>\n<tr>\n<th class=\"a-color-secondary a-size-base prodDetSectionEntry\">Productafmetingen<\/th>\n<td class=\"a-size-base prodDetAttrValue\">3,15 x 2,36 x 1,97 inch<\/td>\n<\/tr>\n<tr>\n<th class=\"a-color-secondary a-size-base prodDetSectionEntry\">Itemgewicht<\/th>\n<td class=\"a-size-base prodDetAttrValue\">1,08 pond<\/td>\n<\/tr>\n<\/tbody>\n<\/table>","protected":false},"featured_media":3678,"template":"","meta":{"_uag_custom_page_level_css":"","site-sidebar-layout":"default","site-content-layout":"","ast-site-content-layout":"default","site-content-style":"default","site-sidebar-style":"default","ast-global-header-display":"","ast-banner-title-visibility":"","ast-main-header-display":"","ast-hfb-above-header-display":"","ast-hfb-below-header-display":"","ast-hfb-mobile-header-display":"","site-post-title":"","ast-breadcrumbs-content":"","ast-featured-img":"","footer-sml-layout":"","ast-disable-related-posts":"","theme-transparent-header-meta":"default","adv-header-id-meta":"","stick-header-meta":"","header-above-stick-meta":"","header-main-stick-meta":"","header-below-stick-meta":"","astra-migrate-meta-layouts":"set","ast-page-background-enabled":"default","ast-page-background-meta":{"desktop":{"background-color":"","background-image":"","background-repeat":"repeat","background-position":"center center","background-size":"auto","background-attachment":"scroll","background-type":"","background-media":"","overlay-type":"","overlay-color":"","overlay-opacity":"","overlay-gradient":""},"tablet":{"background-color":"","background-image":"","background-repeat":"repeat","background-position":"center center","background-size":"auto","background-attachment":"scroll","background-type":"","background-media":"","overlay-type":"","overlay-color":"","overlay-opacity":"","overlay-gradient":""},"mobile":{"background-color":"","background-image":"","background-repeat":"repeat","background-position":"center center","background-size":"auto","background-attachment":"scroll","background-type":"","background-media":"","overlay-type":"","overlay-color":"","overlay-opacity":"","overlay-gradient":""}},"ast-content-background-meta":{"desktop":{"background-color":"var(--ast-global-color-5)","background-image":"","background-repeat":"repeat","background-position":"center center","background-size":"auto","background-attachment":"scroll","background-type":"","background-media":"","overlay-type":"","overlay-color":"","overlay-opacity":"","overlay-gradient":""},"tablet":{"background-color":"var(--ast-global-color-5)","background-image":"","background-repeat":"repeat","background-position":"center center","background-size":"auto","background-attachment":"scroll","background-type":"","background-media":"","overlay-type":"","overlay-color":"","overlay-opacity":"","overlay-gradient":""},"mobile":{"background-color":"var(--ast-global-color-5)","background-image":"","background-repeat":"repeat","background-position":"center center","background-size":"auto","background-attachment":"scroll","background-type":"","background-media":"","overlay-type":"","overlay-color":"","overlay-opacity":"","overlay-gradient":""}}},"product_brand":[],"product_cat":[256],"product_tag":[],"class_list":{"0":"post-3676","1":"product","2":"type-product","3":"status-publish","4":"has-post-thumbnail","6":"product_cat-repair-accessories","7":"desktop-align-left","8":"tablet-align-left","9":"mobile-align-left","11":"first","12":"instock","13":"sale","14":"shipping-taxable","15":"purchasable","16":"product-type-simple"},"uagb_featured_image_src":{"full":["https:\/\/micterleather.com\/wp-content\/uploads\/2025\/08\/Rivets-for-Leather-2.jpg",679,669,false],"thumbnail":["https:\/\/micterleather.com\/wp-content\/uploads\/2025\/08\/Rivets-for-Leather-2-150x150.jpg",150,150,true],"medium":["https:\/\/micterleather.com\/wp-content\/uploads\/2025\/08\/Rivets-for-Leather-2-300x296.jpg",300,296,true],"medium_large":["https:\/\/micterleather.com\/wp-content\/uploads\/2025\/08\/Rivets-for-Leather-2.jpg",679,669,false],"large":["https:\/\/micterleather.com\/wp-content\/uploads\/2025\/08\/Rivets-for-Leather-2.jpg",679,669,false],"1536x1536":["https:\/\/micterleather.com\/wp-content\/uploads\/2025\/08\/Rivets-for-Leather-2.jpg",679,669,false],"2048x2048":["https:\/\/micterleather.com\/wp-content\/uploads\/2025\/08\/Rivets-for-Leather-2.jpg",679,669,false],"trp-custom-language-flag":["https:\/\/micterleather.com\/wp-content\/uploads\/2025\/08\/Rivets-for-Leather-2.jpg",12,12,false],"woocommerce_thumbnail":["https:\/\/micterleather.com\/wp-content\/uploads\/2025\/08\/Rivets-for-Leather-2-300x300.jpg",300,300,true],"woocommerce_single":["https:\/\/micterleather.com\/wp-content\/uploads\/2025\/08\/Rivets-for-Leather-2-600x591.jpg",600,591,true],"woocommerce_gallery_thumbnail":["https:\/\/micterleather.com\/wp-content\/uploads\/2025\/08\/Rivets-for-Leather-2-100x100.jpg",100,100,true]},"uagb_author_info":{"display_name":"micter","author_link":"https:\/\/micterleather.com\/nl\/author\/"},"uagb_comment_info":0,"uagb_excerpt":"Product Information: Product Dimensions 3.15 x 2.36 x 1.97 inches Item Weight 1.08 pounds","_links":{"self":[{"href":"https:\/\/micterleather.com\/nl\/wp-json\/wp\/v2\/product\/3676","targetHints":{"allow":["GET"]}}],"collection":[{"href":"https:\/\/micterleather.com\/nl\/wp-json\/wp\/v2\/product"}],"about":[{"href":"https:\/\/micterleather.com\/nl\/wp-json\/wp\/v2\/types\/product"}],"wp:featuredmedia":[{"embeddable":true,"href":"https:\/\/micterleather.com\/nl\/wp-json\/wp\/v2\/media\/3678"}],"wp:attachment":[{"href":"https:\/\/micterleather.com\/nl\/wp-json\/wp\/v2\/media?parent=3676"}],"wp:term":[{"taxonomy":"product_brand","embeddable":true,"href":"https:\/\/micterleather.com\/nl\/wp-json\/wp\/v2\/product_brand?post=3676"},{"taxonomy":"product_cat","embeddable":true,"href":"https:\/\/micterleather.com\/nl\/wp-json\/wp\/v2\/product_cat?post=3676"},{"taxonomy":"product_tag","embeddable":true,"href":"https:\/\/micterleather.com\/nl\/wp-json\/wp\/v2\/product_tag?post=3676"}],"curies":[{"name":"wp","href":"https:\/\/api.w.org\/{rel}","templated":true}]}}