{"id":3948,"date":"2025-07-01T08:24:06","date_gmt":"2025-07-01T08:24:06","guid":{"rendered":"https:\/\/micterleather.com\/?post_type=product&#038;p=3948"},"modified":"2025-08-24T08:28:43","modified_gmt":"2025-08-24T08:28:43","slug":"micter-lederhandwerks-set","status":"publish","type":"product","link":"https:\/\/micterleather.com\/it\/product\/uncategorized\/micter-lederhandwerks-set\/","title":{"rendered":"Set di artigianato in pelle Micter"},"content":{"rendered":"<ul>\n<li data-start=\"618\" data-end=\"751\">\n<p data-start=\"620\" data-end=\"751\"><strong data-start=\"620\" data-end=\"648\">Set completo per cucire la pelle:<\/strong> Include aghi, punte, fili, taglia-filo, guida per infilare e cappucci per dita per riparazioni della pelle e progetti fai-da-te<\/p>\n<\/li>\n<li data-start=\"752\" data-end=\"886\">\n<p data-start=\"754\" data-end=\"886\"><strong data-start=\"754\" data-end=\"782\">Fili cerati robusti:<\/strong> 8 grandi bobine in diversi colori, resistenti, ideali per pelle, tela e tessuti imbottiti<\/p>\n<\/li>\n<li data-start=\"887\" data-end=\"1044\">\n<p data-start=\"889\" data-end=\"1044\"><strong data-start=\"889\" data-end=\"913\">Aghi diversi:<\/strong> Aghi dritti, curve e misti per diverse esigenze di cucito, in un pratico tubetto di conservazione e kit di riparazione<\/p>\n<\/li>\n<li data-start=\"1045\" data-end=\"1166\">\n<p data-start=\"1047\" data-end=\"1166\"><strong data-start=\"1047\" data-end=\"1083\">Strumenti essenziali inclusi:<\/strong> Punte, taglia-filo, forbicina per fili, metro flessibile, guida per infilare e cappucci per dita<\/p>\n<\/li>\n<li data-start=\"1167\" data-end=\"1324\">\n<p data-start=\"1169\" data-end=\"1324\"><strong data-start=\"1169\" data-end=\"1197\">Applicazioni versatili:<\/strong> Perfetto per riparare borse in pelle, portafogli, cinture, scarpe, sedili automobilistici, divani, tende e altri tessuti robusti<\/p>\n<\/li>\n<li data-start=\"1325\" data-end=\"1478\">\n<p data-start=\"1327\" data-end=\"1478\"><strong data-start=\"1327\" data-end=\"1353\">Portatile e organizzato:<\/strong> Set compatto, facile da trasportare e conservare, adatto a principianti, hobbisti e professionisti della lavorazione della pelle<\/p>\n<\/li>\n<\/ul>","protected":false},"excerpt":{"rendered":"<table class=\"a-normal a-spacing-micro\" role=\"list\">\n<tbody>\n<tr class=\"a-spacing-small po-container.type\" role=\"listitem\">\n<td class=\"a-span3\" role=\"presentation\">Informazioni sull\u2019imballaggio<\/td>\n<td class=\"a-span9\" role=\"presentation\">Borsa<\/td>\n<\/tr>\n<tr class=\"a-spacing-small po-included_components\" role=\"listitem\">\n<td class=\"a-span3\" role=\"presentation\">Componenti inclusi (come mostrato nell\u2019immagine)<\/td>\n<td class=\"a-span9\" role=\"presentation\">10 aghi lunghi per cucire a mano, 7 aghi curvi (di diverse misure), 6 aghi misti (nel kit di riparazione), 8 grandi bobine di filo cerato (in vari colori), 10 piccole bobine di filo per imbottitura (in vari colori), 3 punte (manici in legno\/metallo), 2 crochet per cucire, 1 piccolo paio di forbici (per filo), 1 metro flessibile, 2 cappucci in metallo per dita, 1 guida per infilare, 1 tubo di conservazione aghi (con tappo arancione)<\/td>\n<\/tr>\n<\/tbody>\n<\/table>","protected":false},"featured_media":3851,"template":"","meta":{"_uag_custom_page_level_css":"","site-sidebar-layout":"default","site-content-layout":"","ast-site-content-layout":"default","site-content-style":"default","site-sidebar-style":"default","ast-global-header-display":"","ast-banner-title-visibility":"","ast-main-header-display":"","ast-hfb-above-header-display":"","ast-hfb-below-header-display":"","ast-hfb-mobile-header-display":"","site-post-title":"","ast-breadcrumbs-content":"","ast-featured-img":"","footer-sml-layout":"","ast-disable-related-posts":"","theme-transparent-header-meta":"default","adv-header-id-meta":"","stick-header-meta":"","header-above-stick-meta":"","header-main-stick-meta":"","header-below-stick-meta":"","astra-migrate-meta-layouts":"set","ast-page-background-enabled":"default","ast-page-background-meta":{"desktop":{"background-color":"","background-image":"","background-repeat":"repeat","background-position":"center center","background-size":"auto","background-attachment":"scroll","background-type":"","background-media":"","overlay-type":"","overlay-color":"","overlay-opacity":"","overlay-gradient":""},"tablet":{"background-color":"","background-image":"","background-repeat":"repeat","background-position":"center center","background-size":"auto","background-attachment":"scroll","background-type":"","background-media":"","overlay-type":"","overlay-color":"","overlay-opacity":"","overlay-gradient":""},"mobile":{"background-color":"","background-image":"","background-repeat":"repeat","background-position":"center center","background-size":"auto","background-attachment":"scroll","background-type":"","background-media":"","overlay-type":"","overlay-color":"","overlay-opacity":"","overlay-gradient":""}},"ast-content-background-meta":{"desktop":{"background-color":"var(--ast-global-color-5)","background-image":"","background-repeat":"repeat","background-position":"center center","background-size":"auto","background-attachment":"scroll","background-type":"","background-media":"","overlay-type":"","overlay-color":"","overlay-opacity":"","overlay-gradient":""},"tablet":{"background-color":"var(--ast-global-color-5)","background-image":"","background-repeat":"repeat","background-position":"center center","background-size":"auto","background-attachment":"scroll","background-type":"","background-media":"","overlay-type":"","overlay-color":"","overlay-opacity":"","overlay-gradient":""},"mobile":{"background-color":"var(--ast-global-color-5)","background-image":"","background-repeat":"repeat","background-position":"center center","background-size":"auto","background-attachment":"scroll","background-type":"","background-media":"","overlay-type":"","overlay-color":"","overlay-opacity":"","overlay-gradient":""}}},"product_brand":[],"product_cat":[15],"product_tag":[],"class_list":{"0":"post-3948","1":"product","2":"type-product","3":"status-publish","4":"has-post-thumbnail","6":"product_cat-uncategorized","7":"desktop-align-left","8":"tablet-align-left","9":"mobile-align-left","11":"first","12":"instock","13":"sale","14":"shipping-taxable","15":"purchasable","16":"product-type-simple"},"uagb_featured_image_src":{"full":["https:\/\/micterleather.com\/wp-content\/uploads\/2025\/08\/Micterleather-making-tools-.webp",1600,1600,false],"thumbnail":["https:\/\/micterleather.com\/wp-content\/uploads\/2025\/08\/Micterleather-making-tools--150x150.webp",150,150,true],"medium":["https:\/\/micterleather.com\/wp-content\/uploads\/2025\/08\/Micterleather-making-tools--300x300.webp",300,300,true],"medium_large":["https:\/\/micterleather.com\/wp-content\/uploads\/2025\/08\/Micterleather-making-tools--768x768.webp",768,768,true],"large":["https:\/\/micterleather.com\/wp-content\/uploads\/2025\/08\/Micterleather-making-tools--1024x1024.webp",1024,1024,true],"1536x1536":["https:\/\/micterleather.com\/wp-content\/uploads\/2025\/08\/Micterleather-making-tools--1536x1536.webp",1536,1536,true],"2048x2048":["https:\/\/micterleather.com\/wp-content\/uploads\/2025\/08\/Micterleather-making-tools-.webp",1600,1600,false],"trp-custom-language-flag":["https:\/\/micterleather.com\/wp-content\/uploads\/2025\/08\/Micterleather-making-tools-.webp",12,12,false],"woocommerce_thumbnail":["https:\/\/micterleather.com\/wp-content\/uploads\/2025\/08\/Micterleather-making-tools--300x300.webp",300,300,true],"woocommerce_single":["https:\/\/micterleather.com\/wp-content\/uploads\/2025\/08\/Micterleather-making-tools--600x600.webp",600,600,true],"woocommerce_gallery_thumbnail":["https:\/\/micterleather.com\/wp-content\/uploads\/2025\/08\/Micterleather-making-tools--100x100.webp",100,100,true]},"uagb_author_info":{"display_name":"micter","author_link":"https:\/\/micterleather.com\/it\/author\/"},"uagb_comment_info":0,"uagb_excerpt":"Informationen zur Verpackung Tasche Enthaltene Komponenten (wie auf dem Bild gezeigt) 10 gerade Handn\u00e4hnadeln, 7 gebogene Nadeln (verschiedene Gr\u00f6\u00dfen), 6 gemischte Nadeln (im Reparaturset), 8 gro\u00dfe Spulen gewachstes Garn (verschiedene Farben), 10 kleine Spulen Polstergarn (verschiedene Farben), 3 Ahlen (Holz-\/Metallgriffe), 2 Nahttrenner, 1 kleine Schere (f\u00fcr Garn), 1 flexibles Ma\u00dfband, 2 Metallfingerh\u00fcte, 1 Einf\u00e4delhilfe, 1&hellip;","_links":{"self":[{"href":"https:\/\/micterleather.com\/it\/wp-json\/wp\/v2\/product\/3948","targetHints":{"allow":["GET"]}}],"collection":[{"href":"https:\/\/micterleather.com\/it\/wp-json\/wp\/v2\/product"}],"about":[{"href":"https:\/\/micterleather.com\/it\/wp-json\/wp\/v2\/types\/product"}],"wp:featuredmedia":[{"embeddable":true,"href":"https:\/\/micterleather.com\/it\/wp-json\/wp\/v2\/media\/3851"}],"wp:attachment":[{"href":"https:\/\/micterleather.com\/it\/wp-json\/wp\/v2\/media?parent=3948"}],"wp:term":[{"taxonomy":"product_brand","embeddable":true,"href":"https:\/\/micterleather.com\/it\/wp-json\/wp\/v2\/product_brand?post=3948"},{"taxonomy":"product_cat","embeddable":true,"href":"https:\/\/micterleather.com\/it\/wp-json\/wp\/v2\/product_cat?post=3948"},{"taxonomy":"product_tag","embeddable":true,"href":"https:\/\/micterleather.com\/it\/wp-json\/wp\/v2\/product_tag?post=3948"}],"curies":[{"name":"wp","href":"https:\/\/api.w.org\/{rel}","templated":true}]}}