{"id":3905,"date":"2025-07-19T11:46:02","date_gmt":"2025-07-19T11:46:02","guid":{"rendered":"https:\/\/micterleather.com\/?post_type=product&#038;p=3905"},"modified":"2025-08-24T08:27:57","modified_gmt":"2025-08-24T08:27:57","slug":"kit-doutils-pour-lartisanat-du-cuir-35-pieces","status":"publish","type":"product","link":"https:\/\/micterleather.com\/it\/product\/uncategorized\/kit-doutils-pour-lartisanat-du-cuir-35-pieces\/","title":{"rendered":"Kit d\u2019outils pour l\u2019artisanat du cuir 35 pi\u00e8ces"},"content":{"rendered":"<p data-start=\"416\" data-end=\"532\"><strong data-start=\"416\" data-end=\"452\">Kit completo di cucito per pelle<\/strong> \u2013 Include aghi, punzoncini, fili, cutter e accessori.<\/p>\n<p data-start=\"534\" data-end=\"658\"><strong data-start=\"534\" data-end=\"555\">Solido e resistente<\/strong> \u2013 Aiguilles et poin\u00e7ons en acier de qualit\u00e9 sup\u00e9rieure pour cuir, toile, denim et tissu d\u2019ameublement.<\/p>\n<p data-start=\"660\" data-end=\"775\"><strong data-start=\"660\" data-end=\"691\">Multiples types d\u2019aiguilles<\/strong> \u2013 Aghi dritti e curvi per diverse esigenze di cucito e riparazione.<\/p>\n<p data-start=\"777\" data-end=\"884\"><strong data-start=\"777\" data-end=\"806\">Fili cerati di 12 colori<\/strong> \u2013 Fils robustes, r\u00e9sistants \u00e0 l\u2019usure, parfaits pour l\u2019artisanat du cuir DIY.<\/p>\n<p data-start=\"886\" data-end=\"995\"><strong data-start=\"886\" data-end=\"907\">Facile da usare<\/strong> \u2013 Manici ergonomici in legno, enfile-aiguille e spilli da cucito facilitano la cucitura.<\/p>\n<p data-start=\"997\" data-end=\"1144\" data-is-last-node=\"\" data-is-only-node=\"\"><strong data-start=\"997\" data-end=\"1018\">Ampia applicazione<\/strong> \u2013 Ideale per riparare borse in pelle, scarpe, cinture, tende, sedili di auto e molto altro.<\/p>","protected":false},"excerpt":{"rendered":"<table class=\"a-normal a-spacing-micro\" role=\"list\">\n<tbody>\n<tr class=\"a-spacing-small po-container.type\" role=\"listitem\">\n<td class=\"a-span3\" role=\"presentation\"><span class=\"a-size-base a-text-bold\">Informazioni sul pacchetto<\/span><\/td>\n<td class=\"a-span9\" role=\"presentation\">Sacco<\/td>\n<\/tr>\n<tr class=\"a-spacing-small po-included_components\" role=\"listitem\">\n<td class=\"a-span3\" role=\"presentation\">Componenti inclusi (come mostrato nell\u2019immagine)<\/td>\n<td class=\"a-span9\" role=\"presentation\">1 \u00d7 Nastro di misura 150 cm\/60 in, 1 \u00d7 Spilli da cucito, 1 \u00d7 Enfile-aiguille, 1 \u00d7 Decespugliatore, 1 \u00d7 Cutter a forma di U, 5 \u00d7 Aghi curvi (diverse misure), 4 \u00d7 Aghi dritti (diverse misure), 1 \u00d7 Punzoncino, 1 \u00d7 Punzoncino con manico in legno, 1 \u00d7 Punzoncino con manico in legno per cucito, 12 \u00d7 Fili da cucito (diverse colori, 8,5 cm\/3,35 in per bobina)<\/td>\n<\/tr>\n<\/tbody>\n<\/table>","protected":false},"featured_media":3863,"template":"","meta":{"_uag_custom_page_level_css":"","site-sidebar-layout":"default","site-content-layout":"","ast-site-content-layout":"default","site-content-style":"default","site-sidebar-style":"default","ast-global-header-display":"","ast-banner-title-visibility":"","ast-main-header-display":"","ast-hfb-above-header-display":"","ast-hfb-below-header-display":"","ast-hfb-mobile-header-display":"","site-post-title":"","ast-breadcrumbs-content":"","ast-featured-img":"","footer-sml-layout":"","ast-disable-related-posts":"","theme-transparent-header-meta":"default","adv-header-id-meta":"","stick-header-meta":"","header-above-stick-meta":"","header-main-stick-meta":"","header-below-stick-meta":"","astra-migrate-meta-layouts":"set","ast-page-background-enabled":"default","ast-page-background-meta":{"desktop":{"background-color":"","background-image":"","background-repeat":"repeat","background-position":"center center","background-size":"auto","background-attachment":"scroll","background-type":"","background-media":"","overlay-type":"","overlay-color":"","overlay-opacity":"","overlay-gradient":""},"tablet":{"background-color":"","background-image":"","background-repeat":"repeat","background-position":"center center","background-size":"auto","background-attachment":"scroll","background-type":"","background-media":"","overlay-type":"","overlay-color":"","overlay-opacity":"","overlay-gradient":""},"mobile":{"background-color":"","background-image":"","background-repeat":"repeat","background-position":"center center","background-size":"auto","background-attachment":"scroll","background-type":"","background-media":"","overlay-type":"","overlay-color":"","overlay-opacity":"","overlay-gradient":""}},"ast-content-background-meta":{"desktop":{"background-color":"var(--ast-global-color-5)","background-image":"","background-repeat":"repeat","background-position":"center center","background-size":"auto","background-attachment":"scroll","background-type":"","background-media":"","overlay-type":"","overlay-color":"","overlay-opacity":"","overlay-gradient":""},"tablet":{"background-color":"var(--ast-global-color-5)","background-image":"","background-repeat":"repeat","background-position":"center center","background-size":"auto","background-attachment":"scroll","background-type":"","background-media":"","overlay-type":"","overlay-color":"","overlay-opacity":"","overlay-gradient":""},"mobile":{"background-color":"var(--ast-global-color-5)","background-image":"","background-repeat":"repeat","background-position":"center center","background-size":"auto","background-attachment":"scroll","background-type":"","background-media":"","overlay-type":"","overlay-color":"","overlay-opacity":"","overlay-gradient":""}}},"product_brand":[],"product_cat":[15],"product_tag":[],"class_list":{"0":"post-3905","1":"product","2":"type-product","3":"status-publish","4":"has-post-thumbnail","6":"product_cat-uncategorized","7":"desktop-align-left","8":"tablet-align-left","9":"mobile-align-left","11":"first","12":"instock","13":"sale","14":"shipping-taxable","15":"purchasable","16":"product-type-simple"},"uagb_featured_image_src":{"full":["https:\/\/micterleather.com\/wp-content\/uploads\/2025\/08\/35-set-leather-craft-tools.webp",800,800,false],"thumbnail":["https:\/\/micterleather.com\/wp-content\/uploads\/2025\/08\/35-set-leather-craft-tools-150x150.webp",150,150,true],"medium":["https:\/\/micterleather.com\/wp-content\/uploads\/2025\/08\/35-set-leather-craft-tools-300x300.webp",300,300,true],"medium_large":["https:\/\/micterleather.com\/wp-content\/uploads\/2025\/08\/35-set-leather-craft-tools-768x768.webp",768,768,true],"large":["https:\/\/micterleather.com\/wp-content\/uploads\/2025\/08\/35-set-leather-craft-tools.webp",800,800,false],"1536x1536":["https:\/\/micterleather.com\/wp-content\/uploads\/2025\/08\/35-set-leather-craft-tools.webp",800,800,false],"2048x2048":["https:\/\/micterleather.com\/wp-content\/uploads\/2025\/08\/35-set-leather-craft-tools.webp",800,800,false],"trp-custom-language-flag":["https:\/\/micterleather.com\/wp-content\/uploads\/2025\/08\/35-set-leather-craft-tools.webp",12,12,false],"woocommerce_thumbnail":["https:\/\/micterleather.com\/wp-content\/uploads\/2025\/08\/35-set-leather-craft-tools-300x300.webp",300,300,true],"woocommerce_single":["https:\/\/micterleather.com\/wp-content\/uploads\/2025\/08\/35-set-leather-craft-tools-600x600.webp",600,600,true],"woocommerce_gallery_thumbnail":["https:\/\/micterleather.com\/wp-content\/uploads\/2025\/08\/35-set-leather-craft-tools-100x100.webp",100,100,true]},"uagb_author_info":{"display_name":"micter","author_link":"https:\/\/micterleather.com\/it\/author\/"},"uagb_comment_info":0,"uagb_excerpt":"Informations sur le paquet Sac Composants inclus (comme montr\u00e9 sur l\u2019image) 1 \u00d7 Ruban de mesure 150 cm\/60 in, 1 \u00d7 D\u00e9s \u00e0 coudre, 1 \u00d7 Enfile-aiguille, 1 \u00d7 D\u00e9couseur, 1 \u00d7 Cutter en forme de U, 5 \u00d7 Aiguilles courbes (diff\u00e9rentes tailles), 4 \u00d7 Aiguilles droites (diff\u00e9rentes tailles), 1 \u00d7 Poin\u00e7on, 1 \u00d7 Poin\u00e7on&hellip;","_links":{"self":[{"href":"https:\/\/micterleather.com\/it\/wp-json\/wp\/v2\/product\/3905","targetHints":{"allow":["GET"]}}],"collection":[{"href":"https:\/\/micterleather.com\/it\/wp-json\/wp\/v2\/product"}],"about":[{"href":"https:\/\/micterleather.com\/it\/wp-json\/wp\/v2\/types\/product"}],"wp:featuredmedia":[{"embeddable":true,"href":"https:\/\/micterleather.com\/it\/wp-json\/wp\/v2\/media\/3863"}],"wp:attachment":[{"href":"https:\/\/micterleather.com\/it\/wp-json\/wp\/v2\/media?parent=3905"}],"wp:term":[{"taxonomy":"product_brand","embeddable":true,"href":"https:\/\/micterleather.com\/it\/wp-json\/wp\/v2\/product_brand?post=3905"},{"taxonomy":"product_cat","embeddable":true,"href":"https:\/\/micterleather.com\/it\/wp-json\/wp\/v2\/product_cat?post=3905"},{"taxonomy":"product_tag","embeddable":true,"href":"https:\/\/micterleather.com\/it\/wp-json\/wp\/v2\/product_tag?post=3905"}],"curies":[{"name":"wp","href":"https:\/\/api.w.org\/{rel}","templated":true}]}}