{"id":3904,"date":"2025-07-19T11:44:30","date_gmt":"2025-07-19T11:44:30","guid":{"rendered":"https:\/\/micterleather.com\/?post_type=product&#038;p=3904"},"modified":"2025-08-24T08:27:53","modified_gmt":"2025-08-24T08:27:53","slug":"kit-doutils-pour-lartisanat-du-cuir-21-pieces","status":"publish","type":"product","link":"https:\/\/micterleather.com\/it\/product\/uncategorized\/kit-doutils-pour-lartisanat-du-cuir-21-pieces\/","title":{"rendered":"Kit d\u2019outils pour l\u2019artisanat du cuir 21 pi\u00e8ces"},"content":{"rendered":"<p data-start=\"410\" data-end=\"549\"><strong data-start=\"410\" data-end=\"446\">Kit completo di cucito per pelle<\/strong> \u2013 Include strumenti essenziali come punzone, decespiglia, piegatori in osso, aghi, righello e fili.<\/p>\n<p data-start=\"551\" data-end=\"679\"><strong data-start=\"551\" data-end=\"574\">Fili cerati durevoli<\/strong> \u2013 4 bobines de couleurs assorties (marron, beige, marron clair, blanc), solides et r\u00e9sistants \u00e0 l\u2019usure.<\/p>\n<p data-start=\"681\" data-end=\"827\"><strong data-start=\"681\" data-end=\"704\">Vari\u00e9t\u00e9 d\u2019aiguilles<\/strong> \u2013 6 aghi con grosso occhio per cucito a mano, sistemati in un tubo, facili da infilare e ideali per tessuti spessi.<\/p>\n<p data-start=\"829\" data-end=\"1012\"><strong data-start=\"829\" data-end=\"854\">Accessori pratici<\/strong> \u2013 Include pinze per rilegatura per mantenere saldamente le parti di pelle, un dente da cucire per proteggere le dita e un righello per misure precise.<\/p>\n<p data-start=\"1014\" data-end=\"1169\" data-is-last-node=\"\" data-is-only-node=\"\"><strong data-start=\"1014\" data-end=\"1041\">Utilizzo versatile<\/strong> \u2013 Convient pour la r\u00e9paration du cuir, les projets DIY et la couture de portefeuilles, sacs, ceintures et tissus d\u2019ameublement.<\/p>","protected":false},"excerpt":{"rendered":"<table class=\"a-normal a-spacing-micro\" style=\"font-size: 16px; font-style: normal;\" role=\"list\">\n<tbody>\n<tr class=\"a-spacing-small po-container.type\" role=\"listitem\">\n<td class=\"a-span3\" role=\"presentation\"><span class=\"a-size-base a-text-bold\">Informazioni sul pacchetto<\/span><\/td>\n<td class=\"a-span9\" role=\"presentation\">Sacco<\/td>\n<\/tr>\n<tr class=\"a-spacing-small po-included_components\" role=\"listitem\">\n<td class=\"a-span3\" role=\"presentation\">Componenti inclusi (come mostrato nell\u2019immagine)<\/td>\n<td class=\"a-span9\" role=\"presentation\">1 \u00d7 Righello in metallo (20 cm), 1 \u00d7 Piegatore in osso di grandi dimensioni, 1 \u00d7 Piegatore in osso di piccole dimensioni, 1 \u00d7 Punzoncino con manico in legno, 1 \u00d7 Decespiglia, 1 \u00d7 Tubo di conservazione per aghi (con cappuccio arancione), 6 \u00d7 Aghi per cucito a mano con grosso occhio, 1 \u00d7 Dado da cucire in metallo, 4 \u00d7 Pinze per rilegatura (nere), 4 \u00d7 Fili cerati (marrone, beige, marrone chiaro, bianco)<\/td>\n<\/tr>\n<\/tbody>\n<\/table>","protected":false},"featured_media":3855,"template":"","meta":{"_uag_custom_page_level_css":"","site-sidebar-layout":"default","site-content-layout":"","ast-site-content-layout":"default","site-content-style":"default","site-sidebar-style":"default","ast-global-header-display":"","ast-banner-title-visibility":"","ast-main-header-display":"","ast-hfb-above-header-display":"","ast-hfb-below-header-display":"","ast-hfb-mobile-header-display":"","site-post-title":"","ast-breadcrumbs-content":"","ast-featured-img":"","footer-sml-layout":"","ast-disable-related-posts":"","theme-transparent-header-meta":"default","adv-header-id-meta":"","stick-header-meta":"","header-above-stick-meta":"","header-main-stick-meta":"","header-below-stick-meta":"","astra-migrate-meta-layouts":"set","ast-page-background-enabled":"default","ast-page-background-meta":{"desktop":{"background-color":"","background-image":"","background-repeat":"repeat","background-position":"center center","background-size":"auto","background-attachment":"scroll","background-type":"","background-media":"","overlay-type":"","overlay-color":"","overlay-opacity":"","overlay-gradient":""},"tablet":{"background-color":"","background-image":"","background-repeat":"repeat","background-position":"center center","background-size":"auto","background-attachment":"scroll","background-type":"","background-media":"","overlay-type":"","overlay-color":"","overlay-opacity":"","overlay-gradient":""},"mobile":{"background-color":"","background-image":"","background-repeat":"repeat","background-position":"center center","background-size":"auto","background-attachment":"scroll","background-type":"","background-media":"","overlay-type":"","overlay-color":"","overlay-opacity":"","overlay-gradient":""}},"ast-content-background-meta":{"desktop":{"background-color":"var(--ast-global-color-5)","background-image":"","background-repeat":"repeat","background-position":"center center","background-size":"auto","background-attachment":"scroll","background-type":"","background-media":"","overlay-type":"","overlay-color":"","overlay-opacity":"","overlay-gradient":""},"tablet":{"background-color":"var(--ast-global-color-5)","background-image":"","background-repeat":"repeat","background-position":"center center","background-size":"auto","background-attachment":"scroll","background-type":"","background-media":"","overlay-type":"","overlay-color":"","overlay-opacity":"","overlay-gradient":""},"mobile":{"background-color":"var(--ast-global-color-5)","background-image":"","background-repeat":"repeat","background-position":"center center","background-size":"auto","background-attachment":"scroll","background-type":"","background-media":"","overlay-type":"","overlay-color":"","overlay-opacity":"","overlay-gradient":""}}},"product_brand":[],"product_cat":[15],"product_tag":[],"class_list":{"0":"post-3904","1":"product","2":"type-product","3":"status-publish","4":"has-post-thumbnail","6":"product_cat-uncategorized","7":"desktop-align-left","8":"tablet-align-left","9":"mobile-align-left","11":"first","12":"instock","13":"sale","14":"shipping-taxable","15":"purchasable","16":"product-type-simple"},"uagb_featured_image_src":{"full":["https:\/\/micterleather.com\/wp-content\/uploads\/2025\/08\/21-set-leather-handicraft-tools.webp",1500,1500,false],"thumbnail":["https:\/\/micterleather.com\/wp-content\/uploads\/2025\/08\/21-set-leather-handicraft-tools-150x150.webp",150,150,true],"medium":["https:\/\/micterleather.com\/wp-content\/uploads\/2025\/08\/21-set-leather-handicraft-tools-300x300.webp",300,300,true],"medium_large":["https:\/\/micterleather.com\/wp-content\/uploads\/2025\/08\/21-set-leather-handicraft-tools-768x768.webp",768,768,true],"large":["https:\/\/micterleather.com\/wp-content\/uploads\/2025\/08\/21-set-leather-handicraft-tools-1024x1024.webp",1024,1024,true],"1536x1536":["https:\/\/micterleather.com\/wp-content\/uploads\/2025\/08\/21-set-leather-handicraft-tools.webp",1500,1500,false],"2048x2048":["https:\/\/micterleather.com\/wp-content\/uploads\/2025\/08\/21-set-leather-handicraft-tools.webp",1500,1500,false],"trp-custom-language-flag":["https:\/\/micterleather.com\/wp-content\/uploads\/2025\/08\/21-set-leather-handicraft-tools.webp",12,12,false],"woocommerce_thumbnail":["https:\/\/micterleather.com\/wp-content\/uploads\/2025\/08\/21-set-leather-handicraft-tools-300x300.webp",300,300,true],"woocommerce_single":["https:\/\/micterleather.com\/wp-content\/uploads\/2025\/08\/21-set-leather-handicraft-tools-600x600.webp",600,600,true],"woocommerce_gallery_thumbnail":["https:\/\/micterleather.com\/wp-content\/uploads\/2025\/08\/21-set-leather-handicraft-tools-100x100.webp",100,100,true]},"uagb_author_info":{"display_name":"micter","author_link":"https:\/\/micterleather.com\/it\/author\/"},"uagb_comment_info":0,"uagb_excerpt":"Informations sur le paquet Sac Composants inclus (comme montr\u00e9 sur l\u2019image) 1 \u00d7 R\u00e8gle en m\u00e9tal (20 cm), 1 \u00d7 Plieur en os grand format, 1 \u00d7 Plieur en os petit format, 1 \u00d7 Poin\u00e7on \u00e0 manche en bois, 1 \u00d7 D\u00e9couseur, 1 \u00d7 Tube de rangement pour aiguilles (avec capuchon orange), 6 \u00d7 Aiguilles&hellip;","_links":{"self":[{"href":"https:\/\/micterleather.com\/it\/wp-json\/wp\/v2\/product\/3904","targetHints":{"allow":["GET"]}}],"collection":[{"href":"https:\/\/micterleather.com\/it\/wp-json\/wp\/v2\/product"}],"about":[{"href":"https:\/\/micterleather.com\/it\/wp-json\/wp\/v2\/types\/product"}],"wp:featuredmedia":[{"embeddable":true,"href":"https:\/\/micterleather.com\/it\/wp-json\/wp\/v2\/media\/3855"}],"wp:attachment":[{"href":"https:\/\/micterleather.com\/it\/wp-json\/wp\/v2\/media?parent=3904"}],"wp:term":[{"taxonomy":"product_brand","embeddable":true,"href":"https:\/\/micterleather.com\/it\/wp-json\/wp\/v2\/product_brand?post=3904"},{"taxonomy":"product_cat","embeddable":true,"href":"https:\/\/micterleather.com\/it\/wp-json\/wp\/v2\/product_cat?post=3904"},{"taxonomy":"product_tag","embeddable":true,"href":"https:\/\/micterleather.com\/it\/wp-json\/wp\/v2\/product_tag?post=3904"}],"curies":[{"name":"wp","href":"https:\/\/api.w.org\/{rel}","templated":true}]}}