{"id":3903,"date":"2025-07-19T11:43:09","date_gmt":"2025-07-19T11:43:09","guid":{"rendered":"https:\/\/micterleather.com\/?post_type=product&#038;p=3903"},"modified":"2025-08-24T08:27:49","modified_gmt":"2025-08-24T08:27:49","slug":"kit-doutils-professionnels-pour-le-travail-du-cuir-16-pieces","status":"publish","type":"product","link":"https:\/\/micterleather.com\/it\/product\/uncategorized\/kit-doutils-professionnels-pour-le-travail-du-cuir-16-pieces\/","title":{"rendered":"Kit d\u2019outils professionnels pour le travail du cuir 16 pi\u00e8ces"},"content":{"rendered":"<p data-start=\"363\" data-end=\"532\"><strong data-start=\"363\" data-end=\"399\">Kit completo di cucito per pelle<\/strong> \u2013 Include punzoni, aghi, filo cerato, dado da cucire e nastro di misurazione per il lavoro e la riparazione della pelle.<\/p>\n<p data-start=\"534\" data-end=\"685\"><strong data-start=\"534\" data-end=\"556\">Fili cerati resistenti<\/strong> \u2013 5 bobines durables dans des couleurs assorties, parfaits pour coudre du cuir, de la toile, du denim et du tissu d\u2019ameublement.<\/p>\n<p data-start=\"687\" data-end=\"794\"><strong data-start=\"687\" data-end=\"710\">Vari\u00e9t\u00e9 d\u2019aiguilles<\/strong> \u2013 Aghi dritti e curvi per diverse tecniche di cucito e angoli.<\/p>\n<p data-start=\"796\" data-end=\"913\"><strong data-start=\"796\" data-end=\"817\">Punzoni durevoli<\/strong> \u2013 Due punzoni con manico in legno (dritto e con scanalatura) per forare e guidare i punti.<\/p>\n<p data-start=\"915\" data-end=\"1032\"><strong data-start=\"915\" data-end=\"940\">Accessori pratici<\/strong> \u2013 Include un dado da cucire in metallo e un nastro di misurazione per cuciture precise e sicure.<\/p>\n<p data-start=\"1034\" data-end=\"1208\" data-is-last-node=\"\" data-is-only-node=\"\"><strong data-start=\"1034\" data-end=\"1061\">Utilizzo versatile<\/strong> \u2013 Ideale per riparare portafogli, cinture, borse, scarpe, sedili di auto, divani, tende e altri tessuti in pelle o pesanti.<\/p>","protected":false},"excerpt":{"rendered":"<table class=\"a-normal a-spacing-micro\" role=\"list\">\n<tbody>\n<tr class=\"a-spacing-small po-container.type\" role=\"listitem\">\n<td class=\"a-span3\" role=\"presentation\"><span class=\"a-size-base a-text-bold\">Informazioni sul pacchetto<\/span><\/td>\n<td class=\"a-span9\" role=\"presentation\">Sacco<\/td>\n<\/tr>\n<tr class=\"a-spacing-small po-included_components\" role=\"listitem\">\n<td class=\"a-span3\" role=\"presentation\">Componenti inclusi (come mostrato nell\u2019immagine)<\/td>\n<td class=\"a-span9\" role=\"presentation\">1 \u00d7 Punzone con manico in legno (dritto), 1 \u00d7 Punzone con manico in legno (con scanalatura e occhiello), 4 \u00d7 Aghi dritti per cucito a mano (diverse misure), 2 \u00d7 Aghi curvi, 1 \u00d7 Dado da cucire (metallo), 1 \u00d7 Nastro di misurazione (60 pollici), 5 \u00d7 Fili cerati (nero, marrone scuro, marrone, grigio, beige)<\/td>\n<\/tr>\n<\/tbody>\n<\/table>","protected":false},"featured_media":3854,"template":"","meta":{"_uag_custom_page_level_css":"","site-sidebar-layout":"default","site-content-layout":"","ast-site-content-layout":"default","site-content-style":"default","site-sidebar-style":"default","ast-global-header-display":"","ast-banner-title-visibility":"","ast-main-header-display":"","ast-hfb-above-header-display":"","ast-hfb-below-header-display":"","ast-hfb-mobile-header-display":"","site-post-title":"","ast-breadcrumbs-content":"","ast-featured-img":"","footer-sml-layout":"","ast-disable-related-posts":"","theme-transparent-header-meta":"default","adv-header-id-meta":"","stick-header-meta":"","header-above-stick-meta":"","header-main-stick-meta":"","header-below-stick-meta":"","astra-migrate-meta-layouts":"set","ast-page-background-enabled":"default","ast-page-background-meta":{"desktop":{"background-color":"","background-image":"","background-repeat":"repeat","background-position":"center center","background-size":"auto","background-attachment":"scroll","background-type":"","background-media":"","overlay-type":"","overlay-color":"","overlay-opacity":"","overlay-gradient":""},"tablet":{"background-color":"","background-image":"","background-repeat":"repeat","background-position":"center center","background-size":"auto","background-attachment":"scroll","background-type":"","background-media":"","overlay-type":"","overlay-color":"","overlay-opacity":"","overlay-gradient":""},"mobile":{"background-color":"","background-image":"","background-repeat":"repeat","background-position":"center center","background-size":"auto","background-attachment":"scroll","background-type":"","background-media":"","overlay-type":"","overlay-color":"","overlay-opacity":"","overlay-gradient":""}},"ast-content-background-meta":{"desktop":{"background-color":"var(--ast-global-color-5)","background-image":"","background-repeat":"repeat","background-position":"center center","background-size":"auto","background-attachment":"scroll","background-type":"","background-media":"","overlay-type":"","overlay-color":"","overlay-opacity":"","overlay-gradient":""},"tablet":{"background-color":"var(--ast-global-color-5)","background-image":"","background-repeat":"repeat","background-position":"center center","background-size":"auto","background-attachment":"scroll","background-type":"","background-media":"","overlay-type":"","overlay-color":"","overlay-opacity":"","overlay-gradient":""},"mobile":{"background-color":"var(--ast-global-color-5)","background-image":"","background-repeat":"repeat","background-position":"center center","background-size":"auto","background-attachment":"scroll","background-type":"","background-media":"","overlay-type":"","overlay-color":"","overlay-opacity":"","overlay-gradient":""}}},"product_brand":[],"product_cat":[15],"product_tag":[],"class_list":{"0":"post-3903","1":"product","2":"type-product","3":"status-publish","4":"has-post-thumbnail","6":"product_cat-uncategorized","7":"desktop-align-left","8":"tablet-align-left","9":"mobile-align-left","11":"first","12":"instock","13":"sale","14":"shipping-taxable","15":"purchasable","16":"product-type-simple"},"uagb_featured_image_src":{"full":["https:\/\/micterleather.com\/wp-content\/uploads\/2025\/08\/16-set-professional-leather-craft-tools.webp",800,800,false],"thumbnail":["https:\/\/micterleather.com\/wp-content\/uploads\/2025\/08\/16-set-professional-leather-craft-tools-150x150.webp",150,150,true],"medium":["https:\/\/micterleather.com\/wp-content\/uploads\/2025\/08\/16-set-professional-leather-craft-tools-300x300.webp",300,300,true],"medium_large":["https:\/\/micterleather.com\/wp-content\/uploads\/2025\/08\/16-set-professional-leather-craft-tools-768x768.webp",768,768,true],"large":["https:\/\/micterleather.com\/wp-content\/uploads\/2025\/08\/16-set-professional-leather-craft-tools.webp",800,800,false],"1536x1536":["https:\/\/micterleather.com\/wp-content\/uploads\/2025\/08\/16-set-professional-leather-craft-tools.webp",800,800,false],"2048x2048":["https:\/\/micterleather.com\/wp-content\/uploads\/2025\/08\/16-set-professional-leather-craft-tools.webp",800,800,false],"trp-custom-language-flag":["https:\/\/micterleather.com\/wp-content\/uploads\/2025\/08\/16-set-professional-leather-craft-tools.webp",12,12,false],"woocommerce_thumbnail":["https:\/\/micterleather.com\/wp-content\/uploads\/2025\/08\/16-set-professional-leather-craft-tools-300x300.webp",300,300,true],"woocommerce_single":["https:\/\/micterleather.com\/wp-content\/uploads\/2025\/08\/16-set-professional-leather-craft-tools-600x600.webp",600,600,true],"woocommerce_gallery_thumbnail":["https:\/\/micterleather.com\/wp-content\/uploads\/2025\/08\/16-set-professional-leather-craft-tools-100x100.webp",100,100,true]},"uagb_author_info":{"display_name":"micter","author_link":"https:\/\/micterleather.com\/it\/author\/"},"uagb_comment_info":0,"uagb_excerpt":"Informations sur le paquet Sac Composants inclus (comme montr\u00e9 sur l\u2019image) 1 \u00d7 Poin\u00e7on \u00e0 manche en bois (droit), 1 \u00d7 Poin\u00e7on \u00e0 manche en bois (rainur\u00e9 avec \u0153il), 4 \u00d7 Aiguilles droites pour couture \u00e0 la main (diff\u00e9rentes tailles), 2 \u00d7 Aiguilles courbes, 1 \u00d7 D\u00e9s \u00e0 coudre (m\u00e9tal), 1 \u00d7 Ruban de mesure&hellip;","_links":{"self":[{"href":"https:\/\/micterleather.com\/it\/wp-json\/wp\/v2\/product\/3903","targetHints":{"allow":["GET"]}}],"collection":[{"href":"https:\/\/micterleather.com\/it\/wp-json\/wp\/v2\/product"}],"about":[{"href":"https:\/\/micterleather.com\/it\/wp-json\/wp\/v2\/types\/product"}],"wp:featuredmedia":[{"embeddable":true,"href":"https:\/\/micterleather.com\/it\/wp-json\/wp\/v2\/media\/3854"}],"wp:attachment":[{"href":"https:\/\/micterleather.com\/it\/wp-json\/wp\/v2\/media?parent=3903"}],"wp:term":[{"taxonomy":"product_brand","embeddable":true,"href":"https:\/\/micterleather.com\/it\/wp-json\/wp\/v2\/product_brand?post=3903"},{"taxonomy":"product_cat","embeddable":true,"href":"https:\/\/micterleather.com\/it\/wp-json\/wp\/v2\/product_cat?post=3903"},{"taxonomy":"product_tag","embeddable":true,"href":"https:\/\/micterleather.com\/it\/wp-json\/wp\/v2\/product_tag?post=3903"}],"curies":[{"name":"wp","href":"https:\/\/api.w.org\/{rel}","templated":true}]}}