{"id":3890,"date":"2025-07-19T11:00:46","date_gmt":"2025-07-19T11:00:46","guid":{"rendered":"https:\/\/micterleather.com\/?post_type=product&#038;p=3890"},"modified":"2025-08-24T08:27:57","modified_gmt":"2025-08-24T08:27:57","slug":"35-set-leather-craft-tools","status":"publish","type":"product","link":"https:\/\/micterleather.com\/it\/product\/sew-repair-kit\/35-set-leather-craft-tools\/","title":{"rendered":"35 strumenti per lavorazione della pelle"},"content":{"rendered":"<ul>\n<li data-start=\"453\" data-end=\"548\">\n<p data-start=\"455\" data-end=\"548\"><strong data-start=\"455\" data-end=\"486\">Kit completo per cucire in pelle<\/strong> \u2013 include siringhe, punteruoli, fili, cutter e accessori.<\/p>\n<\/li>\n<li data-start=\"549\" data-end=\"653\">\n<p data-start=\"551\" data-end=\"653\"><strong data-start=\"551\" data-end=\"571\">Robusto e Durevole<\/strong> \u2013 siringhe e punteruoli in acciaio resistente per pelle, tela, denim e tappezzeria.<\/p>\n<\/li>\n<li data-start=\"654\" data-end=\"748\">\n<p data-start=\"656\" data-end=\"748\"><strong data-start=\"656\" data-end=\"681\">Tipi di Siringhe Multipli<\/strong> \u2013 dritte e curve per diverse esigenze di cucitura e riparazioni.<\/p>\n<\/li>\n<li data-start=\"749\" data-end=\"837\">\n<p data-start=\"751\" data-end=\"837\"><strong data-start=\"751\" data-end=\"777\">12 Fili Cerati Colorati<\/strong> \u2013 resistenti, durevoli e ideali per il fai-da-te in pelle.<\/p>\n<\/li>\n<li data-start=\"838\" data-end=\"931\">\n<p data-start=\"840\" data-end=\"931\"><strong data-start=\"840\" data-end=\"858\">Facile da Gestire<\/strong> \u2013 manici in legno ergonomici, spillatrice e dima per cucire pi\u00f9 agevolmente.<\/p>\n<\/li>\n<li data-start=\"932\" data-end=\"1036\">\n<p data-start=\"934\" data-end=\"1036\"><strong data-start=\"934\" data-end=\"954\">Ampia Applicazione<\/strong> \u2013 perfetto per riparare borse in pelle, scarpe, cinture, tende, sedili auto e altro ancora.<\/p>\n<\/li>\n<\/ul>","protected":false},"excerpt":{"rendered":"<table class=\"a-normal a-spacing-micro\" role=\"list\">\n<tbody>\n<tr class=\"a-spacing-small po-container.type\" role=\"listitem\">\n<td class=\"a-span3\" role=\"presentation\"><span class=\"a-size-base a-text-bold\">Informazioni sul Pacco<\/span><\/td>\n<td class=\"a-span9\" role=\"presentation\"><span class=\"a-size-base po-break-word\">Borsa<\/span><\/td>\n<\/tr>\n<tr class=\"a-spacing-small po-included_components\" role=\"listitem\">\n<td class=\"a-span3\" role=\"presentation\"><span class=\"a-size-base a-text-bold\">Componenti Inclusi<br \/>\n(come mostrato nell'immagine)<\/span><\/td>\n<td class=\"a-span9\" role=\"presentation\">\n<p data-start=\"104\" data-end=\"405\">Metro a nastro da 150cm\/60in, 1 x ditalino, 1 x spillone, 1 x spillone per cuciture, 1 x tagliacuci a forma di U, 5 x ago curvi (di diverse dimensioni), 4 x ago dritti (di diverse dimensioni), 1 x punzone, 1 x punzone con manico in legno, 1 x punzone da cucito con manico in legno, 12 x fili da cucito (di diversi colori, ciascuno bobina da 8,5cm\/3,35in)<\/p>\n<\/td>\n<\/tr>\n<\/tbody>\n<\/table>","protected":false},"featured_media":3863,"template":"","meta":{"_uag_custom_page_level_css":"","site-sidebar-layout":"default","site-content-layout":"","ast-site-content-layout":"default","site-content-style":"default","site-sidebar-style":"default","ast-global-header-display":"","ast-banner-title-visibility":"","ast-main-header-display":"","ast-hfb-above-header-display":"","ast-hfb-below-header-display":"","ast-hfb-mobile-header-display":"","site-post-title":"","ast-breadcrumbs-content":"","ast-featured-img":"","footer-sml-layout":"","ast-disable-related-posts":"","theme-transparent-header-meta":"default","adv-header-id-meta":"","stick-header-meta":"","header-above-stick-meta":"","header-main-stick-meta":"","header-below-stick-meta":"","astra-migrate-meta-layouts":"set","ast-page-background-enabled":"default","ast-page-background-meta":{"desktop":{"background-color":"","background-image":"","background-repeat":"repeat","background-position":"center center","background-size":"auto","background-attachment":"scroll","background-type":"","background-media":"","overlay-type":"","overlay-color":"","overlay-opacity":"","overlay-gradient":""},"tablet":{"background-color":"","background-image":"","background-repeat":"repeat","background-position":"center center","background-size":"auto","background-attachment":"scroll","background-type":"","background-media":"","overlay-type":"","overlay-color":"","overlay-opacity":"","overlay-gradient":""},"mobile":{"background-color":"","background-image":"","background-repeat":"repeat","background-position":"center center","background-size":"auto","background-attachment":"scroll","background-type":"","background-media":"","overlay-type":"","overlay-color":"","overlay-opacity":"","overlay-gradient":""}},"ast-content-background-meta":{"desktop":{"background-color":"var(--ast-global-color-5)","background-image":"","background-repeat":"repeat","background-position":"center center","background-size":"auto","background-attachment":"scroll","background-type":"","background-media":"","overlay-type":"","overlay-color":"","overlay-opacity":"","overlay-gradient":""},"tablet":{"background-color":"var(--ast-global-color-5)","background-image":"","background-repeat":"repeat","background-position":"center center","background-size":"auto","background-attachment":"scroll","background-type":"","background-media":"","overlay-type":"","overlay-color":"","overlay-opacity":"","overlay-gradient":""},"mobile":{"background-color":"var(--ast-global-color-5)","background-image":"","background-repeat":"repeat","background-position":"center center","background-size":"auto","background-attachment":"scroll","background-type":"","background-media":"","overlay-type":"","overlay-color":"","overlay-opacity":"","overlay-gradient":""}}},"product_brand":[],"product_cat":[254],"product_tag":[],"class_list":{"0":"post-3890","1":"product","2":"type-product","3":"status-publish","4":"has-post-thumbnail","6":"product_cat-sew-repair-kit","7":"desktop-align-left","8":"tablet-align-left","9":"mobile-align-left","11":"first","12":"instock","13":"sale","14":"shipping-taxable","15":"purchasable","16":"product-type-simple"},"uagb_featured_image_src":{"full":["https:\/\/micterleather.com\/wp-content\/uploads\/2025\/08\/35-set-leather-craft-tools.webp",800,800,false],"thumbnail":["https:\/\/micterleather.com\/wp-content\/uploads\/2025\/08\/35-set-leather-craft-tools-150x150.webp",150,150,true],"medium":["https:\/\/micterleather.com\/wp-content\/uploads\/2025\/08\/35-set-leather-craft-tools-300x300.webp",300,300,true],"medium_large":["https:\/\/micterleather.com\/wp-content\/uploads\/2025\/08\/35-set-leather-craft-tools-768x768.webp",768,768,true],"large":["https:\/\/micterleather.com\/wp-content\/uploads\/2025\/08\/35-set-leather-craft-tools.webp",800,800,false],"1536x1536":["https:\/\/micterleather.com\/wp-content\/uploads\/2025\/08\/35-set-leather-craft-tools.webp",800,800,false],"2048x2048":["https:\/\/micterleather.com\/wp-content\/uploads\/2025\/08\/35-set-leather-craft-tools.webp",800,800,false],"trp-custom-language-flag":["https:\/\/micterleather.com\/wp-content\/uploads\/2025\/08\/35-set-leather-craft-tools.webp",12,12,false],"woocommerce_thumbnail":["https:\/\/micterleather.com\/wp-content\/uploads\/2025\/08\/35-set-leather-craft-tools-300x300.webp",300,300,true],"woocommerce_single":["https:\/\/micterleather.com\/wp-content\/uploads\/2025\/08\/35-set-leather-craft-tools-600x600.webp",600,600,true],"woocommerce_gallery_thumbnail":["https:\/\/micterleather.com\/wp-content\/uploads\/2025\/08\/35-set-leather-craft-tools-100x100.webp",100,100,true]},"uagb_author_info":{"display_name":"micter","author_link":"https:\/\/micterleather.com\/it\/author\/"},"uagb_comment_info":0,"uagb_excerpt":"Package Information Bag Included Components (as shown in image) 1 \u00d7 150cm\/60in Measuring Tape, 1 \u00d7 Thimble, 1 \u00d7 Threader, 1 \u00d7 Seam Ripper, 1 \u00d7 U-shaped Cutter, 5 \u00d7 Curved Needles (different sizes), 4 \u00d7 Straight Needles (different sizes), 1 \u00d7 Awl, 1 \u00d7 Wooden Handle Awl, 1 \u00d7 Wooden Handle Sewing Awl, 12&hellip;","_links":{"self":[{"href":"https:\/\/micterleather.com\/it\/wp-json\/wp\/v2\/product\/3890","targetHints":{"allow":["GET"]}}],"collection":[{"href":"https:\/\/micterleather.com\/it\/wp-json\/wp\/v2\/product"}],"about":[{"href":"https:\/\/micterleather.com\/it\/wp-json\/wp\/v2\/types\/product"}],"wp:featuredmedia":[{"embeddable":true,"href":"https:\/\/micterleather.com\/it\/wp-json\/wp\/v2\/media\/3863"}],"wp:attachment":[{"href":"https:\/\/micterleather.com\/it\/wp-json\/wp\/v2\/media?parent=3890"}],"wp:term":[{"taxonomy":"product_brand","embeddable":true,"href":"https:\/\/micterleather.com\/it\/wp-json\/wp\/v2\/product_brand?post=3890"},{"taxonomy":"product_cat","embeddable":true,"href":"https:\/\/micterleather.com\/it\/wp-json\/wp\/v2\/product_cat?post=3890"},{"taxonomy":"product_tag","embeddable":true,"href":"https:\/\/micterleather.com\/it\/wp-json\/wp\/v2\/product_tag?post=3890"}],"curies":[{"name":"wp","href":"https:\/\/api.w.org\/{rel}","templated":true}]}}