{"id":3888,"date":"2025-07-19T10:12:15","date_gmt":"2025-07-19T10:12:15","guid":{"rendered":"https:\/\/micterleather.com\/?post_type=product&#038;p=3888"},"modified":"2025-08-19T10:18:06","modified_gmt":"2025-08-19T10:18:06","slug":"26-set-leather-working-equipment","status":"publish","type":"product","link":"https:\/\/micterleather.com\/it\/product\/uncategorized\/26-set-leather-working-equipment\/","title":{"rendered":"26 set di attrezzature per la lavorazione della pelle"},"content":{"rendered":"<ul>\n<li data-start=\"500\" data-end=\"626\">\n<p data-start=\"502\" data-end=\"626\"><strong data-start=\"502\" data-end=\"532\">Kit di Lavoro in Pelle da 26 Pezzi<\/strong> \u2013 Set completo che include punzonatrici, punzoni, aghi, fili, metro a nastro e dito di metallo.<\/p>\n<\/li>\n<li data-start=\"627\" data-end=\"735\">\n<p data-start=\"629\" data-end=\"735\"><strong data-start=\"629\" data-end=\"654\">Punte Resistenti di Alta Qualit\u00e0<\/strong> \u2013 Scalpelli con spaziatura di 4mm (1, 2, 4, 6 punte) per fori di cucitura precisi e ordinati.<\/p>\n<\/li>\n<li data-start=\"736\" data-end=\"863\">\n<p data-start=\"738\" data-end=\"863\"><strong data-start=\"738\" data-end=\"762\">Fili cerati resistenti<\/strong> \u2013 12 colori di fili cerati di alta qualit\u00e0, resistenti all'usura, adatti per cuciture pesanti in pelle.<\/p>\n<\/li>\n<li data-start=\"864\" data-end=\"988\">\n<p data-start=\"866\" data-end=\"988\"><strong data-start=\"866\" data-end=\"890\">Set di Aghi Versatile<\/strong> \u2013 Include aghi dritti e curvi conservati in un tubo protettivo per sicurezza e organizzazione.<\/p>\n<\/li>\n<li data-start=\"989\" data-end=\"1096\">\n<p data-start=\"991\" data-end=\"1096\"><strong data-start=\"991\" data-end=\"1018\">Punzoni Essenziali Inclusi<\/strong> \u2013 Punzoncino con manico in legno e punzoncino cavo rendono pi\u00f9 facile forare e infilare i fili.<\/p>\n<\/li>\n<li data-start=\"1097\" data-end=\"1219\">\n<p data-start=\"1099\" data-end=\"1219\"><strong data-start=\"1099\" data-end=\"1119\">Ampia Applicazione<\/strong> \u2013 Perfetto per la lavorazione della pelle, riparare portafogli, borse, cinture, scarpe, sedili auto e tappezzeria.<\/p>\n<\/li>\n<\/ul>","protected":false},"excerpt":{"rendered":"<table class=\"a-normal a-spacing-micro\" style=\"font-size: 16px; font-style: normal;\" role=\"list\">\n<tbody>\n<tr class=\"a-spacing-small po-container.type\" role=\"listitem\">\n<td class=\"a-span3\" role=\"presentation\"><span class=\"a-size-base a-text-bold\">Informazioni sul Pacco<\/span><\/td>\n<td class=\"a-span9\" role=\"presentation\"><span class=\"a-size-base po-break-word\">Borsa<\/span><\/td>\n<\/tr>\n<tr class=\"a-spacing-small po-included_components\" role=\"listitem\">\n<td class=\"a-span3\" role=\"presentation\"><span class=\"a-size-base a-text-bold\">Componenti Inclusi<br \/>\n(come mostrato nell'immagine)<\/span><\/td>\n<td class=\"a-span9\" role=\"presentation\">4 \u00d7 Punch a Punte (4mm, 1\/2\/4\/6 punte), 1 \u00d7 Tubo di Conservazione degli Ago (con tappo arancione), 7 \u00d7 Ago Resistenti (dritti e curvi), 1 \u00d7 Punzoncino con Manico in Legno, 1 \u00d7 Punzoncino Cavo con Manico in Legno, 1 \u00d7 Metro a Nastro (nastro morbido), 1 \u00d7 Dito di Metallo, 12 \u00d7 Fili Cerati (colori assortiti: nero, bianco, grigio, rosso, marrone, beige, blu, arancione, giallo, ecc.)<\/td>\n<\/tr>\n<\/tbody>\n<\/table>","protected":false},"featured_media":3857,"template":"","meta":{"_uag_custom_page_level_css":"","site-sidebar-layout":"default","site-content-layout":"","ast-site-content-layout":"default","site-content-style":"default","site-sidebar-style":"default","ast-global-header-display":"","ast-banner-title-visibility":"","ast-main-header-display":"","ast-hfb-above-header-display":"","ast-hfb-below-header-display":"","ast-hfb-mobile-header-display":"","site-post-title":"","ast-breadcrumbs-content":"","ast-featured-img":"","footer-sml-layout":"","ast-disable-related-posts":"","theme-transparent-header-meta":"default","adv-header-id-meta":"","stick-header-meta":"","header-above-stick-meta":"","header-main-stick-meta":"","header-below-stick-meta":"","astra-migrate-meta-layouts":"set","ast-page-background-enabled":"default","ast-page-background-meta":{"desktop":{"background-color":"","background-image":"","background-repeat":"repeat","background-position":"center center","background-size":"auto","background-attachment":"scroll","background-type":"","background-media":"","overlay-type":"","overlay-color":"","overlay-opacity":"","overlay-gradient":""},"tablet":{"background-color":"","background-image":"","background-repeat":"repeat","background-position":"center center","background-size":"auto","background-attachment":"scroll","background-type":"","background-media":"","overlay-type":"","overlay-color":"","overlay-opacity":"","overlay-gradient":""},"mobile":{"background-color":"","background-image":"","background-repeat":"repeat","background-position":"center center","background-size":"auto","background-attachment":"scroll","background-type":"","background-media":"","overlay-type":"","overlay-color":"","overlay-opacity":"","overlay-gradient":""}},"ast-content-background-meta":{"desktop":{"background-color":"var(--ast-global-color-5)","background-image":"","background-repeat":"repeat","background-position":"center center","background-size":"auto","background-attachment":"scroll","background-type":"","background-media":"","overlay-type":"","overlay-color":"","overlay-opacity":"","overlay-gradient":""},"tablet":{"background-color":"var(--ast-global-color-5)","background-image":"","background-repeat":"repeat","background-position":"center center","background-size":"auto","background-attachment":"scroll","background-type":"","background-media":"","overlay-type":"","overlay-color":"","overlay-opacity":"","overlay-gradient":""},"mobile":{"background-color":"var(--ast-global-color-5)","background-image":"","background-repeat":"repeat","background-position":"center center","background-size":"auto","background-attachment":"scroll","background-type":"","background-media":"","overlay-type":"","overlay-color":"","overlay-opacity":"","overlay-gradient":""}}},"product_brand":[],"product_cat":[15],"product_tag":[],"class_list":{"0":"post-3888","1":"product","2":"type-product","3":"status-publish","4":"has-post-thumbnail","6":"product_cat-uncategorized","7":"desktop-align-left","8":"tablet-align-left","9":"mobile-align-left","11":"first","12":"instock","13":"sale","14":"shipping-taxable","15":"purchasable","16":"product-type-simple"},"uagb_featured_image_src":{"full":["https:\/\/micterleather.com\/wp-content\/uploads\/2025\/08\/26-set-leather-working-equipment.webp",1500,1500,false],"thumbnail":["https:\/\/micterleather.com\/wp-content\/uploads\/2025\/08\/26-set-leather-working-equipment-150x150.webp",150,150,true],"medium":["https:\/\/micterleather.com\/wp-content\/uploads\/2025\/08\/26-set-leather-working-equipment-300x300.webp",300,300,true],"medium_large":["https:\/\/micterleather.com\/wp-content\/uploads\/2025\/08\/26-set-leather-working-equipment-768x768.webp",768,768,true],"large":["https:\/\/micterleather.com\/wp-content\/uploads\/2025\/08\/26-set-leather-working-equipment-1024x1024.webp",1024,1024,true],"1536x1536":["https:\/\/micterleather.com\/wp-content\/uploads\/2025\/08\/26-set-leather-working-equipment.webp",1500,1500,false],"2048x2048":["https:\/\/micterleather.com\/wp-content\/uploads\/2025\/08\/26-set-leather-working-equipment.webp",1500,1500,false],"trp-custom-language-flag":["https:\/\/micterleather.com\/wp-content\/uploads\/2025\/08\/26-set-leather-working-equipment.webp",12,12,false],"woocommerce_thumbnail":["https:\/\/micterleather.com\/wp-content\/uploads\/2025\/08\/26-set-leather-working-equipment-300x300.webp",300,300,true],"woocommerce_single":["https:\/\/micterleather.com\/wp-content\/uploads\/2025\/08\/26-set-leather-working-equipment-600x600.webp",600,600,true],"woocommerce_gallery_thumbnail":["https:\/\/micterleather.com\/wp-content\/uploads\/2025\/08\/26-set-leather-working-equipment-100x100.webp",100,100,true]},"uagb_author_info":{"display_name":"micter","author_link":"https:\/\/micterleather.com\/it\/author\/"},"uagb_comment_info":0,"uagb_excerpt":"Package Information Bag Included Components (as shown in image) 4 \u00d7 Prong Punches (4mm, 1\/2\/4\/6 prong), 1 \u00d7 Needle Storage Tube (with orange cap), 7 \u00d7 Heavy Duty Needles (straight &amp; curved), 1 \u00d7 Wooden Handle Awl, 1 \u00d7 Wooden Handle Hollow Awl, 1 \u00d7 Measuring Tape (soft tape), 1 \u00d7 Metal Thimble, 12 \u00d7&hellip;","_links":{"self":[{"href":"https:\/\/micterleather.com\/it\/wp-json\/wp\/v2\/product\/3888","targetHints":{"allow":["GET"]}}],"collection":[{"href":"https:\/\/micterleather.com\/it\/wp-json\/wp\/v2\/product"}],"about":[{"href":"https:\/\/micterleather.com\/it\/wp-json\/wp\/v2\/types\/product"}],"wp:featuredmedia":[{"embeddable":true,"href":"https:\/\/micterleather.com\/it\/wp-json\/wp\/v2\/media\/3857"}],"wp:attachment":[{"href":"https:\/\/micterleather.com\/it\/wp-json\/wp\/v2\/media?parent=3888"}],"wp:term":[{"taxonomy":"product_brand","embeddable":true,"href":"https:\/\/micterleather.com\/it\/wp-json\/wp\/v2\/product_brand?post=3888"},{"taxonomy":"product_cat","embeddable":true,"href":"https:\/\/micterleather.com\/it\/wp-json\/wp\/v2\/product_cat?post=3888"},{"taxonomy":"product_tag","embeddable":true,"href":"https:\/\/micterleather.com\/it\/wp-json\/wp\/v2\/product_tag?post=3888"}],"curies":[{"name":"wp","href":"https:\/\/api.w.org\/{rel}","templated":true}]}}