{"id":3638,"date":"2025-07-27T09:55:28","date_gmt":"2025-07-27T09:55:28","guid":{"rendered":"https:\/\/micterleather.com\/?post_type=product&#038;p=3638"},"modified":"2026-01-05T08:56:25","modified_gmt":"2026-01-05T08:56:25","slug":"leather-repair-gel","status":"publish","type":"product","link":"https:\/\/micterleather.com\/it\/product\/repair-accessories\/leather-repair-gel\/","title":{"rendered":"Gel per riparazioni della pelle"},"content":{"rendered":"<h2>Perch\u00e9 scegliere il kit di riparazione della pelle Micter<\/h2>\n<p>Ho progettato il Micter\u00a0<strong>riparazione per leather<\/strong>\u00a0per fornire una riparazione della pelle di livello professionale\u00a0<strong>DIY<\/strong>\u00a0soluzione che elimina la necessit\u00e0 di servizi di tappezzeria costosi. La mia formula affronta graffi, strappi e sbiadimento del colore con una finitura che rimane flessibile e durevole per anni.<\/p>\n<h3>Vantaggi chiave del mio sistema di restauro<\/h3>\n<table>\n<thead>\n<tr>\n<th>Caratteristica<\/th>\n<th>Vantaggio per te<\/th>\n<\/tr>\n<\/thead>\n<tbody>\n<tr>\n<td><strong>Forza industriale<\/strong><\/td>\n<td>Legame duraturo che resiste a delaminazione o crepe.<\/td>\n<\/tr>\n<tr>\n<td><strong>Uso multi-superficie<\/strong><\/td>\n<td>Perfetto\u00a0<strong>kit di riparazione per mobili in pelle<\/strong>\u00a0per divani e sedili d'auto.<\/td>\n<\/tr>\n<tr>\n<td><strong>Resistenza UV<\/strong><\/td>\n<td>Protegge dall'eventuale scolorimento futuro causato dall'esposizione al sole.<\/td>\n<\/tr>\n<\/tbody>\n<\/table>\n<ul>\n<li><strong>Risultati professionali<\/strong>: Fornisco i composti di alta qualit\u00e0 tipicamente riservati agli esperti di riparazioni.<\/li>\n<li><strong>Conveniente<\/strong>: Utilizzando questo\u00a0<strong>kit di riparazione della pelle migliore<\/strong>\u00a0ti fa risparmiare centinaia di euro in manodopera professionale o sostituzione di mobili.<\/li>\n<li><strong>Finitura senza soluzione di continuit\u00e0<\/strong>: Il mio\u00a0<strong>kit di restauro della pelle<\/strong>\u00a0si fonde con la texture originale per una riparazione invisibile e di alto livello.<\/li>\n<\/ul>\n<p>Mi concentro nel fornire una soluzione affidabile e permanente per i tuoi articoli in pelle, assicurando che il tuo investimento sembri nuovo senza il prezzo del professionista.<\/p>\n<h2>Cosa c'\u00e8 nel mio kit tutto-in-uno per la riparazione della pelle<\/h2>\n<p>Ho progettato questo\u00a0<strong>kit di riparazione per mobili in pelle<\/strong>\u00a0per essere una soluzione completa, fornendo tutto il necessario per ottenere una riparazione con finitura da fabbrica a casa. Non \u00e8 solo una riparazione rapida; \u00e8 un\u00a0<strong>kit professionale di riparazione della pelle<\/strong>\u00a0pieno di componenti di alta qualit\u00e0 per gestire tutto, da graffi minori a danni strutturali profondi.<\/p>\n<p>Il kit include:<\/p>\n<ul>\n<li><strong>Riempitivo per Fori in Pelle Pesante:<\/strong>\u00a0Una pasta resistente utilizzata per livellare profonde escoriazioni, crepe e fori.<\/li>\n<li><strong>Colori Tintati Intermischibili:<\/strong>\u00a0Un set versatile di pigmenti che ti permettono di abbinare qualsiasi pelle o\u00a0<strong>kit di riparazione per vinile<\/strong>\u00a0colore perfettamente.<\/li>\n<li><strong>Tessuto Sottopelle:<\/strong>\u00a0Prolunga di supporto forte che fornisce sostegno essenziale per grandi strappi.<\/li>\n<li><strong>Strumenti di applicazione:<\/strong>\u00a0Spatole e pennelli di precisione per garantire una finitura liscia ed omogenea.<\/li>\n<li><strong>Carta di Texture Grain:<\/strong>\u00a0Utilizzata per riprodurre l'aspetto naturale della tua superficie in pelle.<\/li>\n<\/ul>\n<p>Questo\u00a0<strong>kit di restauro della pelle<\/strong>\u00a0assicura di avere i materiali giusti per riparare i tuoi oggetti correttamente al primo tentativo. Per aiutarti a gestire compiti di tappezzeria pi\u00f9 complessi, offro anche strumenti specializzati\u00a0<a href=\"https:\/\/micterleather.com\/it\/product\/sew-repair-kit\/micter-leather-making-tools\/\">strumenti per la produzione di pelle micter<\/a>\u00a0che completano perfettamente il tuo processo di riparazione. Avere un set completo\u00a0<strong>riparazione per leather<\/strong>\u00a0a portata di mano significa che puoi fermare il peeling e la crepa prima che si diffonda, salvando i tuoi mobili e i sedili dell'auto da costose sostituzioni.<\/p>\n<h2>Tipi di Danno Comuni che il Mio Kit di Riparazione della Pelle Ripara<\/h2>\n<p>Ho progettato questo\u00a0<strong>kit di riparazione per mobili in pelle<\/strong>\u00a0per gestire gli incidenti di tutti i giorni che rovinano il tuo investimento. Il mio\u00a0<strong>kit di restauro della pelle<\/strong>\u00a0fornisce una riparazione di livello professionale per questi problemi comuni:<\/p>\n<ul>\n<li><strong>Danno Animale:<\/strong>\u00a0Rapidamente\u00a0<strong><a href=\"https:\/\/micterleather.com\/it\/repair-cat-scratch-on-leather\/\">ripara graffi di gatto sulla pelle<\/a><\/strong>\u00a0e profondi segni di artigli che tratteggiano i tuoi vestiti.<\/li>\n<li><strong>Segni di Bruciatura:<\/strong>\u00a0Il mio riempitivo specializzato \u00e8 perfetto per\u00a0<strong>riparazione di bruciature della pelle<\/strong>, maschera bruciature da sigaretta e danni da calore.<\/li>\n<li><strong>Fessurazioni e Spellature:<\/strong>\u00a0Ferma la diffusione dei danni\u00a0<strong><a href=\"https:\/\/micterleather.com\/it\/repair-peeling-leather-couch\/\">riparando il divano in pelle che screpola<\/a><\/strong>\u00a0sedili e cuscini invecchiati e screpolati.<\/li>\n<li><strong>Graffi e Segni:<\/strong>\u00a0Esegna un invisibile\u00a0<strong>riparazione graffi sulla pelle<\/strong>\u00a0sulle aree ad alto traffico come braccioli e cinghie dei sedili auto.<\/li>\n<\/ul>\n<p>Che tu abbia bisogno di un\u00a0<strong>riparazione per leather<\/strong>\u00a0per un piccolo buco o una grande lacuna, fornisco i componenti esatti necessari per ripristinare l'aspetto originale e la sensazione dei tuoi oggetti in pelle.<\/p>\n<h2>Guida di Riparazione della Pelle fai-da-te Passo Passo<\/h2>\n<p>Ottenere una finitura di livello professionale con il mio\u00a0<strong>riparazione per leather<\/strong>\u00a0\u00e8 semplice, anche se non hai mai riparato mobili prima. Ho progettato questo processo in 6 fasi\u00a0<strong>DIY<\/strong>\u00a0per garantire che i tuoi risultati siano duraturi e praticamente invisibili.<\/p>\n<h3>6 Passi per una Finitura Impeccabile<\/h3>\n<ul>\n<li><strong>Pulire la Superficie:<\/strong>\u00a0Usa un detergente delicato per rimuovere oli e sporco. Questo assicura che\u00a0<strong>riempitivo per buchi della pelle<\/strong>\u00a0aderisca correttamente all'area danneggiata.<\/li>\n<li><strong>Prepara i bordi:<\/strong>\u00a0Taglia via eventuali fili sfilacciati o pezzi che si staccano attorno al graffio o al buco.<\/li>\n<li><strong>Inserisci il sotto-tessuto:<\/strong>\u00a0Per strappi o fori profondi, fai scorrere la trama di supporto inclusa dietro la pelle per un supporto strutturale. Puoi seguire la mia guida specifica su\u00a0<a href=\"https:\/\/micterleather.com\/it\/how-to-repair-leather-couch-2\/\">come riparare un divano in pelle<\/a>\u00a0per ulteriori suggerimenti di posizionamento dettagliati.<\/li>\n<li><strong>Applica il Riemplimento:<\/strong>\u00a0Usa lo strumento applicatore per riempire l gaps con la pasta riempitiva pesante. Livellalo in modo che sia a filo con la superficie.<\/li>\n<li><strong>Mescola e abbina il colore:<\/strong>\u00a0Usa le tonalit\u00e0 inter-miscelabili per creare una combinazione\u00a0<strong>ripristinatore di colore per la pelle<\/strong>. Prova la tonalit\u00e0 su una zona nascosta prima per garantire una corrispondenza perfetta per la tua\u00a0<strong>kit di riparazione della pelle nera<\/strong>\u00a0o superficie colorata.<\/li>\n<li><strong>Sigilla e asciuga:<\/strong>\u00a0Tampona il colore sulla riparazione a strati sottili. Per un risultato pi\u00f9 rapido, puoi utilizzare un asciugacapelli a impostazione bassa per fissare la pasta.<\/li>\n<\/ul>\n<p>Seguendo questi passaggi, puoi affrontare con successo\u00a0<a href=\"https:\/\/micterleather.com\/it\/how-to-repair-leather-furniture-micter\/\">come riparare mobili in pelle<\/a>\u00a0senza l'alto costo dei servizi di rivestimento professionale. Questo processo funziona efficacemente su tutto, dai crepe del divano alle lacerazioni dei sedili dell'auto, restituendo l'aspetto originale dei tuoi articoli in pelle.<\/p>\n<h2>Limiti di dimensione della riparazione per il tuo kit di riparazione della pelle<\/h2>\n<p>Voglio che tu ottenga una finitura impeccabile, quindi \u00e8 importante comprendere le capacit\u00e0 del mio\u00a0<strong>kit di riparazione per mobili in pelle<\/strong>. Mentre questa soluzione \u00e8 incredibilmente durevole, \u00e8 specificamente progettata per danni superficiali e di media dimensione per garantire che l'integrit\u00e0 strutturale della riparazione rimanga intatta nel tempo.<\/p>\n<p>Per ottenere i migliori risultati, consiglio di attenersi a queste linee guida sulle dimensioni:<\/p>\n<ul>\n<li><strong>Riparazione strappi e rotture:<\/strong>\u00a0Ideale per danni fino a\u00a0<strong>4 pollici<\/strong>\u00a0di lunghezza.<\/li>\n<li><strong>Riparazione di fori e bruciature:<\/strong>\u00a0Ideale per danni circolari o perforazioni fino a\u00a0<strong>2 pollici<\/strong>\u00a0di diametro.<\/li>\n<\/ul>\n<p>Se stai lavorando su un progetto che coinvolge cuciture strutturali o rinforzi di grandi dimensioni prima di applicare\u00a0<strong>riempitivo per buchi della pelle<\/strong>, utilizzare\u00a0<a href=\"https:\/\/micterleather.com\/it\/product\/sew-repair-kit\/16-set-professional-leather-craft-tools\/\">un set di strumenti professionali per artigianato della pelle<\/a>\u00a0pu\u00f2 aiutarti a preparare la superficie in pelle per un legame pi\u00f9 sicuro. Rimanere entro queste dimensioni consigliate garantisce che la tua\u00a0<strong>riparazione della pelle del divano<\/strong>\u00a0rimanga flessibile e non si stacchi o si crepi sotto il peso dell'uso quotidiano. Per qualsiasi cosa pi\u00f9 grande, la riparazione potrebbe mancare del supporto interno necessario per una soluzione davvero invisibile e duratura.<\/p>\n<h2>Tipi di pelle compatibili e oggetti domestici<\/h2>\n<p>Ho progettato questa\u00a0<strong>riparazione per leather<\/strong>\u00a0per essere abbastanza versatile da adattarsi praticamente a qualsiasi superficie in casa o nel veicolo. Che tu stia trattando un divano di alta gamma o un interno auto usurato, la mia formula si lega perfettamente a vari materiali per offrire una soluzione duratura.<\/p>\n<h3>Dove utilizzare il mio Kit di Riparazione per Mobili in Pelle<\/h3>\n<p>Puoi applicare questa soluzione professionale a una vasta gamma di oggetti di uso quotidiano:<\/p>\n<ul>\n<li><strong>Mobili:<\/strong>\u00a0Gestisci facilmente\u00a0<strong>riparazione della pelle del divano<\/strong>\u00a0lavori su divani, pouf e poltrone reclinabili.<\/li>\n<li><strong>Automotive:<\/strong>\u00a0Usalo come un\u00a0<strong>kit di riparazione della pelle del sedile auto<\/strong>\u00a0per riparare rinforzi crepati, poggiatesta e poggiabraccia.<\/li>\n<li><strong>Abbigliamento &amp; Accessori:<\/strong>\u00a0Ripristina rapidamente giacche in pelle, stivali, borse e cinture.<\/li>\n<\/ul>\n<h3>Materiali supportati<\/h3>\n<p>La mia versatile\u00a0<a href=\"https:\/\/micterleather.com\/it\/product\/repair-accessories\/vinyl-and-leather-repair-kit\/\">kit di riparazione vinile e cuoio<\/a>\u00a0\u00e8 progettata per funzionare efficacemente su:<\/p>\n<ul>\n<li><strong>Pelle genuina:<\/strong>\u00a0Inclusi pelle top-grain, pieno-grain e pelle legata.<\/li>\n<li><strong>Alternative sintetiche:<\/strong>\u00a0Funziona alla grande su pelle sintetica, PU e pelle vegan.<\/li>\n<li><strong>Superfici in vinile:<\/strong>\u00a0Perfetto per sedili di barche, cruscotti e sedute commerciali.<\/li>\n<\/ul>\n<p>Questo\u00a0<strong>kit di restauro della pelle<\/strong>\u00a0garantisce che le tue riparazioni rimangano flessibili una volta indurite. \u00c8 progettato per muoversi con il materiale, prevenendo che l\u2019area \u201criparata\u201d si crepi o si stacchi anche con un uso quotidiano intenso.<\/p>\n<h2>Domande frequenti sul kit di riparazione della pelle Micter<\/h2>\n<p>So che intraprendere un progetto di restauro fai-da-te pu\u00f2 sembrare un po' tecnico, quindi ho risposto alle domande pi\u00f9 comuni che ricevo dai clienti usando la mia\u00a0<strong>riparazione per leather<\/strong>\u00a0per garantire che ottieni risultati professionali.<\/p>\n<h3>Come ottengo una corrispondenza di colore perfetta?<\/h3>\n<p>Fornisco una guida completa per la miscelazione dei colori con ogni\u00a0<strong>kit di restauro della pelle<\/strong>. Iniziando dal colore di base che pi\u00f9 si avvicina al tuo oggetto e aggiungendo piccole quantit\u00e0 degli intermisce tint, puoi ricreare qualsiasi tonalit\u00e0. Consiglio sempre di testare la tua miscela personalizzata su un'area nascosta o sull'avanzo di pratica fornito prima di applicarla sulla superficie principale.<\/p>\n<h3>Questo kit richiede composti attivati dal calore?<\/h3>\n<p>No. Ho formulato specificamente questo\u00a0<strong>kit di riparazione per mobili in pelle<\/strong>\u00a0per essere una soluzione ad asciugatura all'aria. A differenza dei metodi pi\u00f9 vecchi che richiedono uno strumento di riscaldamento pericoloso o un ferro da stiro, il mio\u00a0<strong>riempitivo per buchi della pelle<\/strong>\u00a0e i coloranti si asciugano naturalmente a temperatura ambiente. Questo rende il processo pi\u00f9 sicuro per i tuoi mobili e molto pi\u00f9 facile da imparare per i principianti.<\/p>\n<h3>Quanto durer\u00e0 effettivamente la riparazione?<\/h3>\n<p>Ho progettato questi materiali per una lunga\u00a0<strong>durata della riparazione<\/strong>. Una volta che la pasta si asciuga completamente, rimane flessibile e si muove con la pelle. Non si crepa o si sfalda con l'uso normale. Per chi deve affrontare danni strutturali massicchi che richiedono pi\u00f9 di una semplice riparazione liquida, potresti considerare l'uso di una\u00a0<a href=\"https:\/\/micterleather.com\/it\/product\/leather-repair-patch\/self-adhesive-faux-leather\/\">toppa in finta pelle autoadesiva<\/a>\u00a0per un rafforzamento rapido e ad alta resistenza.<\/p>\n<h3>Preoccupazioni comuni e consigli rapidi<\/h3>\n<ul>\n<li><strong>Tempo di asciugatura:<\/strong>\u00a0Sebbene sia asciutto al tatto in circa 30 minuti, consiglio di lasciare che i\u00a0<strong>riparazione per leather<\/strong>\u00a0componenti si asciughino per 24 ore prima di un uso intensivo.<\/li>\n<li><strong>Tipo di finitura:<\/strong>\u00a0Le mie tinture asciugano con una finitura satinata standard. Se la tua pelle \u00e8 particolarmente opaca o lucida, puoi regolare la lucentezza applicando una finitura per pelle dopo che il colore si \u00e8 asciugato.<\/li>\n<li><strong>Buchi grandi:<\/strong>\u00a0Se hai un buco pi\u00f9 grande di 2 pollici, usa sempre il tessuto sub-patch incluso. Fornisce la \u201cbase\u201d per il riempitivo in modo che la riparazione non affondi nel tempo.<\/li>\n<li><strong>Superfici pulite:<\/strong>\u00a0Il segreto di un legame permanente \u00e8 una superficie pulita. Usa sempre un detergente non grasso per rimuovere sporco e oli corporei prima di iniziare il processo.<\/li>\n<\/ul>","protected":false},"excerpt":{"rendered":"<h4>Descrizione del prodotto:<\/h4>\n<p class=\"description\"><span class=\"a-text-italic\">Come utilizzare:<\/span><\/p>\n<p class=\"description\">1. Pulire e sgrassare l'area bersaglio<\/p>\n<p class=\"description\">2. Applicare il gel per pelle con matita, spugna o asciugamano e distribuirlo in modo uniforme<\/p>\n<p class=\"description\">3. Lasciare asciugare naturalmente o utilizzare un asciugacapelli<\/p>\n<p class=\"description\">4. Normalmente hai bisogno di 5 per soddisfare le esigenze della tua famiglia<\/p>\n<p class=\"description\"><span class=\"a-text-italic\">Specifiche:<\/span><\/p>\n<p class=\"description\">Peso: 20 g<\/p>","protected":false},"featured_media":3640,"template":"","meta":{"_uag_custom_page_level_css":"","site-sidebar-layout":"default","site-content-layout":"","ast-site-content-layout":"default","site-content-style":"default","site-sidebar-style":"default","ast-global-header-display":"","ast-banner-title-visibility":"","ast-main-header-display":"","ast-hfb-above-header-display":"","ast-hfb-below-header-display":"","ast-hfb-mobile-header-display":"","site-post-title":"","ast-breadcrumbs-content":"","ast-featured-img":"","footer-sml-layout":"","ast-disable-related-posts":"","theme-transparent-header-meta":"default","adv-header-id-meta":"","stick-header-meta":"","header-above-stick-meta":"","header-main-stick-meta":"","header-below-stick-meta":"","astra-migrate-meta-layouts":"set","ast-page-background-enabled":"default","ast-page-background-meta":{"desktop":{"background-color":"","background-image":"","background-repeat":"repeat","background-position":"center center","background-size":"auto","background-attachment":"scroll","background-type":"","background-media":"","overlay-type":"","overlay-color":"","overlay-opacity":"","overlay-gradient":""},"tablet":{"background-color":"","background-image":"","background-repeat":"repeat","background-position":"center center","background-size":"auto","background-attachment":"scroll","background-type":"","background-media":"","overlay-type":"","overlay-color":"","overlay-opacity":"","overlay-gradient":""},"mobile":{"background-color":"","background-image":"","background-repeat":"repeat","background-position":"center center","background-size":"auto","background-attachment":"scroll","background-type":"","background-media":"","overlay-type":"","overlay-color":"","overlay-opacity":"","overlay-gradient":""}},"ast-content-background-meta":{"desktop":{"background-color":"var(--ast-global-color-5)","background-image":"","background-repeat":"repeat","background-position":"center center","background-size":"auto","background-attachment":"scroll","background-type":"","background-media":"","overlay-type":"","overlay-color":"","overlay-opacity":"","overlay-gradient":""},"tablet":{"background-color":"var(--ast-global-color-5)","background-image":"","background-repeat":"repeat","background-position":"center center","background-size":"auto","background-attachment":"scroll","background-type":"","background-media":"","overlay-type":"","overlay-color":"","overlay-opacity":"","overlay-gradient":""},"mobile":{"background-color":"var(--ast-global-color-5)","background-image":"","background-repeat":"repeat","background-position":"center center","background-size":"auto","background-attachment":"scroll","background-type":"","background-media":"","overlay-type":"","overlay-color":"","overlay-opacity":"","overlay-gradient":""}}},"product_brand":[],"product_cat":[256],"product_tag":[],"class_list":{"0":"post-3638","1":"product","2":"type-product","3":"status-publish","4":"has-post-thumbnail","6":"product_cat-repair-accessories","7":"desktop-align-left","8":"tablet-align-left","9":"mobile-align-left","11":"first","12":"instock","13":"sale","14":"shipping-taxable","15":"purchasable","16":"product-type-simple"},"uagb_featured_image_src":{"full":["https:\/\/micterleather.com\/wp-content\/uploads\/2025\/08\/Leather-Repair-Gel-1.webp",900,900,false],"thumbnail":["https:\/\/micterleather.com\/wp-content\/uploads\/2025\/08\/Leather-Repair-Gel-1-150x150.webp",150,150,true],"medium":["https:\/\/micterleather.com\/wp-content\/uploads\/2025\/08\/Leather-Repair-Gel-1-300x300.webp",300,300,true],"medium_large":["https:\/\/micterleather.com\/wp-content\/uploads\/2025\/08\/Leather-Repair-Gel-1-768x768.webp",768,768,true],"large":["https:\/\/micterleather.com\/wp-content\/uploads\/2025\/08\/Leather-Repair-Gel-1.webp",900,900,false],"1536x1536":["https:\/\/micterleather.com\/wp-content\/uploads\/2025\/08\/Leather-Repair-Gel-1.webp",900,900,false],"2048x2048":["https:\/\/micterleather.com\/wp-content\/uploads\/2025\/08\/Leather-Repair-Gel-1.webp",900,900,false],"trp-custom-language-flag":["https:\/\/micterleather.com\/wp-content\/uploads\/2025\/08\/Leather-Repair-Gel-1.webp",12,12,false],"woocommerce_thumbnail":["https:\/\/micterleather.com\/wp-content\/uploads\/2025\/08\/Leather-Repair-Gel-1-300x300.webp",300,300,true],"woocommerce_single":["https:\/\/micterleather.com\/wp-content\/uploads\/2025\/08\/Leather-Repair-Gel-1-600x600.webp",600,600,true],"woocommerce_gallery_thumbnail":["https:\/\/micterleather.com\/wp-content\/uploads\/2025\/08\/Leather-Repair-Gel-1-100x100.webp",100,100,true]},"uagb_author_info":{"display_name":"micter","author_link":"https:\/\/micterleather.com\/it\/author\/"},"uagb_comment_info":0,"uagb_excerpt":"Product Description: How To Use: 1. Clean and degrease the target area 2. Apply the leather gel with a pencil, sponge or towel and spread it evenly 3. Let it dry naturally or use a hair dryer 4. Normally You Need 5 To Meet Your Family Needs Specification: Weight: 20g","_links":{"self":[{"href":"https:\/\/micterleather.com\/it\/wp-json\/wp\/v2\/product\/3638","targetHints":{"allow":["GET"]}}],"collection":[{"href":"https:\/\/micterleather.com\/it\/wp-json\/wp\/v2\/product"}],"about":[{"href":"https:\/\/micterleather.com\/it\/wp-json\/wp\/v2\/types\/product"}],"wp:featuredmedia":[{"embeddable":true,"href":"https:\/\/micterleather.com\/it\/wp-json\/wp\/v2\/media\/3640"}],"wp:attachment":[{"href":"https:\/\/micterleather.com\/it\/wp-json\/wp\/v2\/media?parent=3638"}],"wp:term":[{"taxonomy":"product_brand","embeddable":true,"href":"https:\/\/micterleather.com\/it\/wp-json\/wp\/v2\/product_brand?post=3638"},{"taxonomy":"product_cat","embeddable":true,"href":"https:\/\/micterleather.com\/it\/wp-json\/wp\/v2\/product_cat?post=3638"},{"taxonomy":"product_tag","embeddable":true,"href":"https:\/\/micterleather.com\/it\/wp-json\/wp\/v2\/product_tag?post=3638"}],"curies":[{"name":"wp","href":"https:\/\/api.w.org\/{rel}","templated":true}]}}