{"id":3525,"date":"2025-07-28T07:07:12","date_gmt":"2025-07-28T07:07:12","guid":{"rendered":"https:\/\/micterleather.com\/?post_type=product&#038;p=3525"},"modified":"2025-08-01T08:32:18","modified_gmt":"2025-08-01T08:32:18","slug":"leather-dye-marker-pens","status":"publish","type":"product","link":"https:\/\/micterleather.com\/it\/product\/repair-accessories\/leather-dye-marker-pens\/","title":{"rendered":"Pennarelli per tintura della pelle"},"content":{"rendered":"<h3>Descrizione del prodotto:<\/h3>\n<ul class=\"a-unordered-list a-vertical a-spacing-mini\">\n<li class=\"a-spacing-mini\"><span class=\"a-list-item\">Sufficiente Quantit\u00e0 per Esigenze Diverse: ci sono 6 pennarelli per pelle per graffi in 6 colori diversi nella confezione; la quantit\u00e0 abbondante e i colori assortiti possono soddisfare le vostre diverse esigenze nella vita quotidiana<\/span><\/li>\n<li class=\"a-spacing-mini\"><span class=\"a-list-item\">Colorare le Pelli: queste penne per tinteggiatura della pelle presentano colori simili con vari progetti di artigianato in pelle, quindi puoi usarle per riempire i colori se ci sono abrasioni sulla tua pelle, senza essere brusco<\/span><\/li>\n<li class=\"a-spacing-mini\"><span class=\"a-list-item\">Divertente da Fare Da Se: il pennarello di ritocco per scarpe \u00e8 ideale per te per creare dei modelli sulla pelle o realizzare prodotti in pelle personalizzati; i colori resistono all'acqua, si sfumano facilmente e asciugano rapidamente<\/span><\/li>\n<li class=\"a-spacing-mini\"><span class=\"a-list-item\">Doppia Punta: la penna di ritocco per mobili in pelle \u00e8 dotata di 2 punte morbide diverse, ovvero punta scalanata e punta fine; puoi scegliere punte diverse per tingere una vasta area della pelle o tracciare linee<\/span><\/li>\n<li class=\"a-spacing-mini\"><span class=\"a-list-item\">Progettazione Attenta: la penna per pelle \u00e8 progettata con una maniglia leggermente curva, comoda da tenere; il tappo protegge la tua penna dall'aria, cos\u00ec la punta della pennellessa rimarr\u00e0 umida e pronta per la tua prossima riparazione<\/span><\/li>\n<\/ul>","protected":false},"excerpt":{"rendered":"<h3>Informazioni sul prodotto:<\/h3>\n<table class=\"a-normal a-spacing-micro\" role=\"list\">\n<tbody>\n<tr class=\"a-spacing-small po-number_of_items\" role=\"listitem\">\n<td class=\"a-span3\" role=\"presentation\"><span class=\"a-size-base a-text-bold\">Numero di Oggetti<\/span><\/td>\n<td class=\"a-span9\" role=\"presentation\"><span class=\"a-size-base po-break-word\">6<\/span><\/td>\n<\/tr>\n<tr class=\"a-spacing-small po-point.type\" role=\"listitem\">\n<td class=\"a-span3\" role=\"presentation\"><span class=\"a-size-base a-text-bold\">Tipo di Punto<\/span><\/td>\n<td class=\"a-span9\" role=\"presentation\"><span class=\"a-size-base po-break-word\">Scalpello<\/span><\/td>\n<\/tr>\n<tr class=\"a-spacing-small po-recommended_uses_for_product\" role=\"listitem\">\n<td class=\"a-span3\" role=\"presentation\"><span class=\"a-size-base a-text-bold\">Utilizzi Raccomandati Del Prodotto<\/span><\/td>\n<td class=\"a-span9\" role=\"presentation\"><span class=\"a-size-base po-break-word\">Dipingi<\/span><\/td>\n<\/tr>\n<\/tbody>\n<\/table>","protected":false},"featured_media":3526,"template":"","meta":{"_uag_custom_page_level_css":"","site-sidebar-layout":"default","site-content-layout":"","ast-site-content-layout":"default","site-content-style":"default","site-sidebar-style":"default","ast-global-header-display":"","ast-banner-title-visibility":"","ast-main-header-display":"","ast-hfb-above-header-display":"","ast-hfb-below-header-display":"","ast-hfb-mobile-header-display":"","site-post-title":"","ast-breadcrumbs-content":"","ast-featured-img":"","footer-sml-layout":"","ast-disable-related-posts":"","theme-transparent-header-meta":"default","adv-header-id-meta":"","stick-header-meta":"","header-above-stick-meta":"","header-main-stick-meta":"","header-below-stick-meta":"","astra-migrate-meta-layouts":"set","ast-page-background-enabled":"default","ast-page-background-meta":{"desktop":{"background-color":"","background-image":"","background-repeat":"repeat","background-position":"center center","background-size":"auto","background-attachment":"scroll","background-type":"","background-media":"","overlay-type":"","overlay-color":"","overlay-opacity":"","overlay-gradient":""},"tablet":{"background-color":"","background-image":"","background-repeat":"repeat","background-position":"center center","background-size":"auto","background-attachment":"scroll","background-type":"","background-media":"","overlay-type":"","overlay-color":"","overlay-opacity":"","overlay-gradient":""},"mobile":{"background-color":"","background-image":"","background-repeat":"repeat","background-position":"center center","background-size":"auto","background-attachment":"scroll","background-type":"","background-media":"","overlay-type":"","overlay-color":"","overlay-opacity":"","overlay-gradient":""}},"ast-content-background-meta":{"desktop":{"background-color":"var(--ast-global-color-5)","background-image":"","background-repeat":"repeat","background-position":"center center","background-size":"auto","background-attachment":"scroll","background-type":"","background-media":"","overlay-type":"","overlay-color":"","overlay-opacity":"","overlay-gradient":""},"tablet":{"background-color":"var(--ast-global-color-5)","background-image":"","background-repeat":"repeat","background-position":"center center","background-size":"auto","background-attachment":"scroll","background-type":"","background-media":"","overlay-type":"","overlay-color":"","overlay-opacity":"","overlay-gradient":""},"mobile":{"background-color":"var(--ast-global-color-5)","background-image":"","background-repeat":"repeat","background-position":"center center","background-size":"auto","background-attachment":"scroll","background-type":"","background-media":"","overlay-type":"","overlay-color":"","overlay-opacity":"","overlay-gradient":""}}},"product_brand":[],"product_cat":[256],"product_tag":[],"class_list":{"0":"post-3525","1":"product","2":"type-product","3":"status-publish","4":"has-post-thumbnail","6":"product_cat-repair-accessories","7":"desktop-align-left","8":"tablet-align-left","9":"mobile-align-left","11":"first","12":"instock","13":"sale","14":"shipping-taxable","15":"purchasable","16":"product-type-simple"},"uagb_featured_image_src":{"full":["https:\/\/micterleather.com\/wp-content\/uploads\/2025\/07\/Leather-Dye-Marker-Pens-.jpg",679,669,false],"thumbnail":["https:\/\/micterleather.com\/wp-content\/uploads\/2025\/07\/Leather-Dye-Marker-Pens--150x150.jpg",150,150,true],"medium":["https:\/\/micterleather.com\/wp-content\/uploads\/2025\/07\/Leather-Dye-Marker-Pens--300x296.jpg",300,296,true],"medium_large":["https:\/\/micterleather.com\/wp-content\/uploads\/2025\/07\/Leather-Dye-Marker-Pens-.jpg",679,669,false],"large":["https:\/\/micterleather.com\/wp-content\/uploads\/2025\/07\/Leather-Dye-Marker-Pens-.jpg",679,669,false],"1536x1536":["https:\/\/micterleather.com\/wp-content\/uploads\/2025\/07\/Leather-Dye-Marker-Pens-.jpg",679,669,false],"2048x2048":["https:\/\/micterleather.com\/wp-content\/uploads\/2025\/07\/Leather-Dye-Marker-Pens-.jpg",679,669,false],"trp-custom-language-flag":["https:\/\/micterleather.com\/wp-content\/uploads\/2025\/07\/Leather-Dye-Marker-Pens-.jpg",12,12,false],"woocommerce_thumbnail":["https:\/\/micterleather.com\/wp-content\/uploads\/2025\/07\/Leather-Dye-Marker-Pens--300x300.jpg",300,300,true],"woocommerce_single":["https:\/\/micterleather.com\/wp-content\/uploads\/2025\/07\/Leather-Dye-Marker-Pens--600x591.jpg",600,591,true],"woocommerce_gallery_thumbnail":["https:\/\/micterleather.com\/wp-content\/uploads\/2025\/07\/Leather-Dye-Marker-Pens--100x100.jpg",100,100,true]},"uagb_author_info":{"display_name":"micter","author_link":"https:\/\/micterleather.com\/it\/author\/"},"uagb_comment_info":0,"uagb_excerpt":"Product Information: Number of Items 6 Point Type Chisel Recommended Uses For Product Painting","_links":{"self":[{"href":"https:\/\/micterleather.com\/it\/wp-json\/wp\/v2\/product\/3525","targetHints":{"allow":["GET"]}}],"collection":[{"href":"https:\/\/micterleather.com\/it\/wp-json\/wp\/v2\/product"}],"about":[{"href":"https:\/\/micterleather.com\/it\/wp-json\/wp\/v2\/types\/product"}],"wp:featuredmedia":[{"embeddable":true,"href":"https:\/\/micterleather.com\/it\/wp-json\/wp\/v2\/media\/3526"}],"wp:attachment":[{"href":"https:\/\/micterleather.com\/it\/wp-json\/wp\/v2\/media?parent=3525"}],"wp:term":[{"taxonomy":"product_brand","embeddable":true,"href":"https:\/\/micterleather.com\/it\/wp-json\/wp\/v2\/product_brand?post=3525"},{"taxonomy":"product_cat","embeddable":true,"href":"https:\/\/micterleather.com\/it\/wp-json\/wp\/v2\/product_cat?post=3525"},{"taxonomy":"product_tag","embeddable":true,"href":"https:\/\/micterleather.com\/it\/wp-json\/wp\/v2\/product_tag?post=3525"}],"curies":[{"name":"wp","href":"https:\/\/api.w.org\/{rel}","templated":true}]}}