{"id":3215,"date":"2025-07-17T07:48:25","date_gmt":"2025-07-17T07:48:25","guid":{"rendered":"https:\/\/micterleather.com\/?post_type=product&#038;p=3215"},"modified":"2025-08-28T16:18:40","modified_gmt":"2025-08-28T16:18:40","slug":"self-adhesive-leather-patch-2","status":"publish","type":"product","link":"https:\/\/micterleather.com\/it\/product\/uncategorized\/self-adhesive-leather-patch-2\/","title":{"rendered":"Patch in pelle autoadesiva"},"content":{"rendered":"<ul class=\"a-unordered-list a-vertical a-spacing-mini\">\n<li class=\"a-spacing-mini\">\n<p data-start=\"132\" data-end=\"483\"><strong data-start=\"132\" data-end=\"161\">Toppe in pelle di alta qualit\u00e0<\/strong> \u2013 La toppa in pelle autoadesiva \u00e8 realizzata in pelle di alta qualit\u00e0 e con un forte adesivo. \u00c8 morbida, elastica e durevole. Inoltre, \u00e8 <strong data-start=\"307\" data-end=\"321\">resistente all'usura<\/strong>, <strong data-start=\"323\" data-end=\"336\">resistente ai graffi<\/strong>, <strong data-start=\"338\" data-end=\"358\">antimacchia<\/strong>, <strong data-start=\"360\" data-end=\"379\">idrorepellente<\/strong>, <strong data-start=\"381\" data-end=\"403\">facile da pulire<\/strong> e offre una lunga durata \u2013 ideale per riparazioni e restauro della pelle.<\/p>\n<p data-start=\"485\" data-end=\"867\"><strong data-start=\"485\" data-end=\"523\">Soluzione rapida e autoadesiva<\/strong> \u2013 La parte posteriore della toppa \u00e8 dotata di un forte adesivo e aderisce saldamente a diverse superfici. Perfetta per riparare <strong data-start=\"671\" data-end=\"726\">buchi, graffi, crepe, bruciature e macchie<\/strong>. Risparmia sui costi di riparazione dei mobili o di rinnovamento delle pareti e prolungane la durata \u2013 una <strong data-start=\"839\" data-end=\"866\">soluzione conveniente<\/strong>.<\/p>\n<p data-start=\"869\" data-end=\"1154\"><strong data-start=\"869\" data-end=\"894\">Dimensioni e scelta di colori<\/strong> \u2013 La toppa in pelle misura <strong data-start=\"920\" data-end=\"935\">15 \u00d7 200 cm<\/strong> e pu\u00f2 essere facilmente ritagliata con le forbici nella forma e nelle dimensioni desiderate. La pellicola di pelle ha una texture naturale, <strong data-start=\"1065\" data-end=\"1086\">colori vivaci<\/strong> e una <strong data-start=\"1096\" data-end=\"1113\">ampia scelta<\/strong> \u2013 il colore adatto per ogni riparazione.<\/p>\n<p data-start=\"1156\" data-end=\"1409\"><strong data-start=\"1156\" data-end=\"1178\">Applicazione semplice<\/strong> \u2013 Nessun riscaldamento, nessuna stiratura, nessun attrezzo, nessuna cucitura necessaria. Basta pulire il punto danneggiato, staccare la carta protettiva e applicare il patch \u2013 fatto. Dona nuova vita ai tuoi mobili e oggetti preferiti <strong data-start=\"1393\" data-end=\"1408\">nuova vita<\/strong>.<\/p>\n<p data-start=\"1411\" data-end=\"1698\"><strong data-start=\"1411\" data-end=\"1436\">Versatile<\/strong> \u2013 La pelle autoadesiva \u00e8 <strong data-start=\"1465\" data-end=\"1476\">economica<\/strong>, sembra <strong data-start=\"1484\" data-end=\"1496\">lussuosa<\/strong> e si adatta alla riparazione e valorizzazione di <strong data-start=\"1550\" data-end=\"1581\">pelle, ecopelle e vinile<\/strong> \u2013 ad esempio per mobili, divani, sedili auto, borse, portafogli, scarpe, handbag, sedili di camion o progetti DIY creativi.<\/p>\n<\/li>\n<\/ul>\n<p><img loading=\"lazy\" decoding=\"async\" class=\"alignnone wp-image-2802\" src=\"https:\/\/micterleather.com\/wp-content\/uploads\/2025\/07\/seld-adhesive_repair_patch__A__1-300x186.webp\" alt=\"\" width=\"1079\" height=\"669\" srcset=\"https:\/\/micterleather.com\/wp-content\/uploads\/2025\/07\/seld-adhesive_repair_patch__A__1-300x186.webp 300w, https:\/\/micterleather.com\/wp-content\/uploads\/2025\/07\/seld-adhesive_repair_patch__A__1-768x475.webp 768w, https:\/\/micterleather.com\/wp-content\/uploads\/2025\/07\/seld-adhesive_repair_patch__A__1-600x371.webp 600w, https:\/\/micterleather.com\/wp-content\/uploads\/2025\/07\/seld-adhesive_repair_patch__A__1.webp 970w\" sizes=\"auto, (max-width: 1079px) 100vw, 1079px\" \/> <img loading=\"lazy\" decoding=\"async\" class=\"alignnone wp-image-2803\" src=\"https:\/\/micterleather.com\/wp-content\/uploads\/2025\/07\/seld-adhesive_repair_patch__A__2-300x186.webp\" alt=\"\" width=\"1079\" height=\"669\" srcset=\"https:\/\/micterleather.com\/wp-content\/uploads\/2025\/07\/seld-adhesive_repair_patch__A__2-300x186.webp 300w, https:\/\/micterleather.com\/wp-content\/uploads\/2025\/07\/seld-adhesive_repair_patch__A__2-768x475.webp 768w, https:\/\/micterleather.com\/wp-content\/uploads\/2025\/07\/seld-adhesive_repair_patch__A__2-600x371.webp 600w, https:\/\/micterleather.com\/wp-content\/uploads\/2025\/07\/seld-adhesive_repair_patch__A__2.webp 970w\" sizes=\"auto, (max-width: 1079px) 100vw, 1079px\" \/> <img loading=\"lazy\" decoding=\"async\" class=\"alignnone wp-image-2804\" src=\"https:\/\/micterleather.com\/wp-content\/uploads\/2025\/07\/seld-adhesive_repair_patch__A__3-300x186.webp\" alt=\"\" width=\"1079\" height=\"669\" srcset=\"https:\/\/micterleather.com\/wp-content\/uploads\/2025\/07\/seld-adhesive_repair_patch__A__3-300x186.webp 300w, https:\/\/micterleather.com\/wp-content\/uploads\/2025\/07\/seld-adhesive_repair_patch__A__3-768x475.webp 768w, https:\/\/micterleather.com\/wp-content\/uploads\/2025\/07\/seld-adhesive_repair_patch__A__3-600x371.webp 600w, https:\/\/micterleather.com\/wp-content\/uploads\/2025\/07\/seld-adhesive_repair_patch__A__3.webp 970w\" sizes=\"auto, (max-width: 1079px) 100vw, 1079px\" \/> <img loading=\"lazy\" decoding=\"async\" class=\"alignnone wp-image-2805\" src=\"https:\/\/micterleather.com\/wp-content\/uploads\/2025\/07\/seld-adhesive_repair_patch__A__4-300x186.webp\" alt=\"\" width=\"1079\" height=\"669\" srcset=\"https:\/\/micterleather.com\/wp-content\/uploads\/2025\/07\/seld-adhesive_repair_patch__A__4-300x186.webp 300w, https:\/\/micterleather.com\/wp-content\/uploads\/2025\/07\/seld-adhesive_repair_patch__A__4-768x475.webp 768w, https:\/\/micterleather.com\/wp-content\/uploads\/2025\/07\/seld-adhesive_repair_patch__A__4-600x371.webp 600w, https:\/\/micterleather.com\/wp-content\/uploads\/2025\/07\/seld-adhesive_repair_patch__A__4.webp 970w\" sizes=\"auto, (max-width: 1079px) 100vw, 1079px\" \/> <img loading=\"lazy\" decoding=\"async\" class=\"alignnone wp-image-2806\" src=\"https:\/\/micterleather.com\/wp-content\/uploads\/2025\/07\/seld-adhesive_repair_patch__A__5-300x186.webp\" alt=\"\" width=\"1081\" height=\"670\" srcset=\"https:\/\/micterleather.com\/wp-content\/uploads\/2025\/07\/seld-adhesive_repair_patch__A__5-300x186.webp 300w, https:\/\/micterleather.com\/wp-content\/uploads\/2025\/07\/seld-adhesive_repair_patch__A__5-768x475.webp 768w, https:\/\/micterleather.com\/wp-content\/uploads\/2025\/07\/seld-adhesive_repair_patch__A__5-600x371.webp 600w, https:\/\/micterleather.com\/wp-content\/uploads\/2025\/07\/seld-adhesive_repair_patch__A__5.webp 970w\" sizes=\"auto, (max-width: 1081px) 100vw, 1081px\" \/> <img loading=\"lazy\" decoding=\"async\" class=\"alignnone wp-image-2807\" src=\"https:\/\/micterleather.com\/wp-content\/uploads\/2025\/07\/seld-adhesive_repair_patch__A__6-300x186.webp\" alt=\"\" width=\"1081\" height=\"670\" srcset=\"https:\/\/micterleather.com\/wp-content\/uploads\/2025\/07\/seld-adhesive_repair_patch__A__6-300x186.webp 300w, https:\/\/micterleather.com\/wp-content\/uploads\/2025\/07\/seld-adhesive_repair_patch__A__6-768x475.webp 768w, https:\/\/micterleather.com\/wp-content\/uploads\/2025\/07\/seld-adhesive_repair_patch__A__6-600x371.webp 600w, https:\/\/micterleather.com\/wp-content\/uploads\/2025\/07\/seld-adhesive_repair_patch__A__6.webp 970w\" sizes=\"auto, (max-width: 1081px) 100vw, 1081px\" \/><\/p>","protected":false},"excerpt":{"rendered":"<h6>Trovi la nostra pelle anche su Amazon.<\/h6>\n<p><a href=\"https:\/\/www.amazon.de\/dp\/B0BY2L1F3L?maas=maas_adg_EDDFE66568B53E05D3767ACDEB762A8E_afap_abs&amp;ref_=aa_maas&amp;tag=maas\"><img loading=\"lazy\" decoding=\"async\" class=\"alignnone wp-image-2355\" src=\"https:\/\/micterleather.com\/wp-content\/uploads\/2025\/06\/Micter-shop-on-amazon--300x99.webp\" alt=\"\" width=\"188\" height=\"62\" srcset=\"https:\/\/micterleather.com\/wp-content\/uploads\/2025\/06\/Micter-shop-on-amazon--300x99.webp 300w, https:\/\/micterleather.com\/wp-content\/uploads\/2025\/06\/Micter-shop-on-amazon--1024x336.webp 1024w, https:\/\/micterleather.com\/wp-content\/uploads\/2025\/06\/Micter-shop-on-amazon--768x252.webp 768w, https:\/\/micterleather.com\/wp-content\/uploads\/2025\/06\/Micter-shop-on-amazon--600x197.webp 600w, https:\/\/micterleather.com\/wp-content\/uploads\/2025\/06\/Micter-shop-on-amazon-.webp 1400w\" sizes=\"auto, (max-width: 188px) 100vw, 188px\" \/><\/a><\/p>\n<h5>Blog: <a href=\"https:\/\/micterleather.com\/de\/wie-man-ledermoebel-repariert-micter\/\">Come riparare i mobili in pelle? \u2013 Micter<\/a><\/h5>","protected":false},"featured_media":2717,"template":"","meta":{"_uag_custom_page_level_css":"","site-sidebar-layout":"default","site-content-layout":"","ast-site-content-layout":"default","site-content-style":"default","site-sidebar-style":"default","ast-global-header-display":"","ast-banner-title-visibility":"","ast-main-header-display":"","ast-hfb-above-header-display":"","ast-hfb-below-header-display":"","ast-hfb-mobile-header-display":"","site-post-title":"","ast-breadcrumbs-content":"","ast-featured-img":"","footer-sml-layout":"","ast-disable-related-posts":"","theme-transparent-header-meta":"default","adv-header-id-meta":"","stick-header-meta":"","header-above-stick-meta":"","header-main-stick-meta":"","header-below-stick-meta":"","astra-migrate-meta-layouts":"set","ast-page-background-enabled":"default","ast-page-background-meta":{"desktop":{"background-color":"","background-image":"","background-repeat":"repeat","background-position":"center center","background-size":"auto","background-attachment":"scroll","background-type":"","background-media":"","overlay-type":"","overlay-color":"","overlay-opacity":"","overlay-gradient":""},"tablet":{"background-color":"","background-image":"","background-repeat":"repeat","background-position":"center center","background-size":"auto","background-attachment":"scroll","background-type":"","background-media":"","overlay-type":"","overlay-color":"","overlay-opacity":"","overlay-gradient":""},"mobile":{"background-color":"","background-image":"","background-repeat":"repeat","background-position":"center center","background-size":"auto","background-attachment":"scroll","background-type":"","background-media":"","overlay-type":"","overlay-color":"","overlay-opacity":"","overlay-gradient":""}},"ast-content-background-meta":{"desktop":{"background-color":"var(--ast-global-color-5)","background-image":"","background-repeat":"repeat","background-position":"center center","background-size":"auto","background-attachment":"scroll","background-type":"","background-media":"","overlay-type":"","overlay-color":"","overlay-opacity":"","overlay-gradient":""},"tablet":{"background-color":"var(--ast-global-color-5)","background-image":"","background-repeat":"repeat","background-position":"center center","background-size":"auto","background-attachment":"scroll","background-type":"","background-media":"","overlay-type":"","overlay-color":"","overlay-opacity":"","overlay-gradient":""},"mobile":{"background-color":"var(--ast-global-color-5)","background-image":"","background-repeat":"repeat","background-position":"center center","background-size":"auto","background-attachment":"scroll","background-type":"","background-media":"","overlay-type":"","overlay-color":"","overlay-opacity":"","overlay-gradient":""}}},"product_brand":[],"product_cat":[15],"product_tag":[],"class_list":{"0":"post-3215","1":"product","2":"type-product","3":"status-publish","4":"has-post-thumbnail","6":"product_cat-uncategorized","7":"desktop-align-left","8":"tablet-align-left","9":"mobile-align-left","11":"first","12":"instock","13":"sale","14":"featured","15":"shipping-taxable","16":"purchasable","17":"product-type-variable","18":"has-default-attributes"},"uagb_featured_image_src":{"full":["https:\/\/micterleather.com\/wp-content\/uploads\/2025\/07\/black-15.webp",661,687,false],"thumbnail":["https:\/\/micterleather.com\/wp-content\/uploads\/2025\/07\/black-15-150x150.webp",150,150,true],"medium":["https:\/\/micterleather.com\/wp-content\/uploads\/2025\/07\/black-15-289x300.webp",289,300,true],"medium_large":["https:\/\/micterleather.com\/wp-content\/uploads\/2025\/07\/black-15.webp",661,687,false],"large":["https:\/\/micterleather.com\/wp-content\/uploads\/2025\/07\/black-15.webp",661,687,false],"1536x1536":["https:\/\/micterleather.com\/wp-content\/uploads\/2025\/07\/black-15.webp",661,687,false],"2048x2048":["https:\/\/micterleather.com\/wp-content\/uploads\/2025\/07\/black-15.webp",661,687,false],"trp-custom-language-flag":["https:\/\/micterleather.com\/wp-content\/uploads\/2025\/07\/black-15.webp",12,12,false],"woocommerce_thumbnail":["https:\/\/micterleather.com\/wp-content\/uploads\/2025\/07\/black-15-300x300.webp",300,300,true],"woocommerce_single":["https:\/\/micterleather.com\/wp-content\/uploads\/2025\/07\/black-15-600x624.webp",600,624,true],"woocommerce_gallery_thumbnail":["https:\/\/micterleather.com\/wp-content\/uploads\/2025\/07\/black-15-100x100.webp",100,100,true]},"uagb_author_info":{"display_name":"micter","author_link":"https:\/\/micterleather.com\/it\/author\/"},"uagb_comment_info":0,"uagb_excerpt":"Sie finden unser Leder auch auf Amazon. Blog: Wie man Lederm\u00f6bel repariert ? - Micter","_links":{"self":[{"href":"https:\/\/micterleather.com\/it\/wp-json\/wp\/v2\/product\/3215","targetHints":{"allow":["GET"]}}],"collection":[{"href":"https:\/\/micterleather.com\/it\/wp-json\/wp\/v2\/product"}],"about":[{"href":"https:\/\/micterleather.com\/it\/wp-json\/wp\/v2\/types\/product"}],"wp:featuredmedia":[{"embeddable":true,"href":"https:\/\/micterleather.com\/it\/wp-json\/wp\/v2\/media\/2717"}],"wp:attachment":[{"href":"https:\/\/micterleather.com\/it\/wp-json\/wp\/v2\/media?parent=3215"}],"wp:term":[{"taxonomy":"product_brand","embeddable":true,"href":"https:\/\/micterleather.com\/it\/wp-json\/wp\/v2\/product_brand?post=3215"},{"taxonomy":"product_cat","embeddable":true,"href":"https:\/\/micterleather.com\/it\/wp-json\/wp\/v2\/product_cat?post=3215"},{"taxonomy":"product_tag","embeddable":true,"href":"https:\/\/micterleather.com\/it\/wp-json\/wp\/v2\/product_tag?post=3215"}],"curies":[{"name":"wp","href":"https:\/\/api.w.org\/{rel}","templated":true}]}}