{"id":3157,"date":"2025-07-20T07:34:16","date_gmt":"2025-07-20T07:34:16","guid":{"rendered":"https:\/\/micterleather.com\/?post_type=product&#038;p=3157"},"modified":"2025-08-28T16:18:41","modified_gmt":"2025-08-28T16:18:41","slug":"patch-de-reparation-en-cuir-auto-adhesif","status":"publish","type":"product","link":"https:\/\/micterleather.com\/it\/product\/uncategorized\/patch-de-reparation-en-cuir-auto-adhesif\/","title":{"rendered":"Toppa di riparazione in pelle autoadesiva"},"content":{"rendered":"<h3 class=\"a-spacing-mini\">Riparazione adesiva in pelle Micter per divani<\/h3>\n<p class=\"a-spacing-base\">Le cuir est largement utilis\u00e9 dans notre vie quotidienne et il est g\u00e9n\u00e9ralement assez r\u00e9sistant et durable. Mais avec le temps, il est susceptible de subir toutes sortes de dommages, tels que des griffures d\u2019animaux domestiques, des br\u00fblures de cigarettes, des craquelures ou des d\u00e9colorations dues \u00e0 une utilisation prolong\u00e9e. Vous cherchez un moyen instantan\u00e9 et efficace de r\u00e9parer votre cuir endommag\u00e9 ? Le kit de r\u00e9paration de cuir MICTER peut vous aider \u00e0 r\u00e9soudre facilement tous les probl\u00e8mes de cuir.<\/p>\n<p><img loading=\"lazy\" decoding=\"async\" class=\"alignnone wp-image-2802\" src=\"https:\/\/micterleather.com\/wp-content\/uploads\/2025\/07\/seld-adhesive_repair_patch__A__1-300x186.webp\" alt=\"\" width=\"1081\" height=\"670\" srcset=\"https:\/\/micterleather.com\/wp-content\/uploads\/2025\/07\/seld-adhesive_repair_patch__A__1-300x186.webp 300w, https:\/\/micterleather.com\/wp-content\/uploads\/2025\/07\/seld-adhesive_repair_patch__A__1-768x475.webp 768w, https:\/\/micterleather.com\/wp-content\/uploads\/2025\/07\/seld-adhesive_repair_patch__A__1-600x371.webp 600w, https:\/\/micterleather.com\/wp-content\/uploads\/2025\/07\/seld-adhesive_repair_patch__A__1.webp 970w\" sizes=\"auto, (max-width: 1081px) 100vw, 1081px\" \/> <img loading=\"lazy\" decoding=\"async\" class=\"alignnone wp-image-2803\" src=\"https:\/\/micterleather.com\/wp-content\/uploads\/2025\/07\/seld-adhesive_repair_patch__A__2-300x186.webp\" alt=\"\" width=\"1081\" height=\"670\" srcset=\"https:\/\/micterleather.com\/wp-content\/uploads\/2025\/07\/seld-adhesive_repair_patch__A__2-300x186.webp 300w, https:\/\/micterleather.com\/wp-content\/uploads\/2025\/07\/seld-adhesive_repair_patch__A__2-768x475.webp 768w, https:\/\/micterleather.com\/wp-content\/uploads\/2025\/07\/seld-adhesive_repair_patch__A__2-600x371.webp 600w, https:\/\/micterleather.com\/wp-content\/uploads\/2025\/07\/seld-adhesive_repair_patch__A__2.webp 970w\" sizes=\"auto, (max-width: 1081px) 100vw, 1081px\" \/> <img loading=\"lazy\" decoding=\"async\" class=\"alignnone wp-image-2804\" src=\"https:\/\/micterleather.com\/wp-content\/uploads\/2025\/07\/seld-adhesive_repair_patch__A__3-300x186.webp\" alt=\"\" width=\"1081\" height=\"670\" srcset=\"https:\/\/micterleather.com\/wp-content\/uploads\/2025\/07\/seld-adhesive_repair_patch__A__3-300x186.webp 300w, https:\/\/micterleather.com\/wp-content\/uploads\/2025\/07\/seld-adhesive_repair_patch__A__3-768x475.webp 768w, https:\/\/micterleather.com\/wp-content\/uploads\/2025\/07\/seld-adhesive_repair_patch__A__3-600x371.webp 600w, https:\/\/micterleather.com\/wp-content\/uploads\/2025\/07\/seld-adhesive_repair_patch__A__3.webp 970w\" sizes=\"auto, (max-width: 1081px) 100vw, 1081px\" \/> <img loading=\"lazy\" decoding=\"async\" class=\"alignnone wp-image-2805\" src=\"https:\/\/micterleather.com\/wp-content\/uploads\/2025\/07\/seld-adhesive_repair_patch__A__4-300x186.webp\" alt=\"\" width=\"1081\" height=\"670\" srcset=\"https:\/\/micterleather.com\/wp-content\/uploads\/2025\/07\/seld-adhesive_repair_patch__A__4-300x186.webp 300w, https:\/\/micterleather.com\/wp-content\/uploads\/2025\/07\/seld-adhesive_repair_patch__A__4-768x475.webp 768w, https:\/\/micterleather.com\/wp-content\/uploads\/2025\/07\/seld-adhesive_repair_patch__A__4-600x371.webp 600w, https:\/\/micterleather.com\/wp-content\/uploads\/2025\/07\/seld-adhesive_repair_patch__A__4.webp 970w\" sizes=\"auto, (max-width: 1081px) 100vw, 1081px\" \/> <img loading=\"lazy\" decoding=\"async\" class=\"alignnone wp-image-2806\" src=\"https:\/\/micterleather.com\/wp-content\/uploads\/2025\/07\/seld-adhesive_repair_patch__A__5-300x186.webp\" alt=\"\" width=\"1081\" height=\"670\" srcset=\"https:\/\/micterleather.com\/wp-content\/uploads\/2025\/07\/seld-adhesive_repair_patch__A__5-300x186.webp 300w, https:\/\/micterleather.com\/wp-content\/uploads\/2025\/07\/seld-adhesive_repair_patch__A__5-768x475.webp 768w, https:\/\/micterleather.com\/wp-content\/uploads\/2025\/07\/seld-adhesive_repair_patch__A__5-600x371.webp 600w, https:\/\/micterleather.com\/wp-content\/uploads\/2025\/07\/seld-adhesive_repair_patch__A__5.webp 970w\" sizes=\"auto, (max-width: 1081px) 100vw, 1081px\" \/> <img loading=\"lazy\" decoding=\"async\" class=\"alignnone wp-image-2807\" src=\"https:\/\/micterleather.com\/wp-content\/uploads\/2025\/07\/seld-adhesive_repair_patch__A__6-300x186.webp\" alt=\"\" width=\"1079\" height=\"669\" srcset=\"https:\/\/micterleather.com\/wp-content\/uploads\/2025\/07\/seld-adhesive_repair_patch__A__6-300x186.webp 300w, https:\/\/micterleather.com\/wp-content\/uploads\/2025\/07\/seld-adhesive_repair_patch__A__6-768x475.webp 768w, https:\/\/micterleather.com\/wp-content\/uploads\/2025\/07\/seld-adhesive_repair_patch__A__6-600x371.webp 600w, https:\/\/micterleather.com\/wp-content\/uploads\/2025\/07\/seld-adhesive_repair_patch__A__6.webp 970w\" sizes=\"auto, (max-width: 1079px) 100vw, 1079px\" \/><\/p>","protected":false},"excerpt":{"rendered":"<p>Puoi trovare anche il nostro cuoio su Amazon.<\/p>\n<p><a href=\"https:\/\/www.amazon.fr\/dp\/B0BY2L1F3L?maas=maas_adg_247E0DB84B91402B4333B3E8FA53CF2D_afap_abs&amp;ref_=aa_maas&amp;tag=maas\"><img loading=\"lazy\" decoding=\"async\" class=\"alignnone wp-image-2355\" src=\"https:\/\/micterleather.com\/wp-content\/uploads\/2025\/06\/Micter-shop-on-amazon--300x99.webp\" alt=\"\" width=\"176\" height=\"58\" srcset=\"https:\/\/micterleather.com\/wp-content\/uploads\/2025\/06\/Micter-shop-on-amazon--300x99.webp 300w, https:\/\/micterleather.com\/wp-content\/uploads\/2025\/06\/Micter-shop-on-amazon--1024x336.webp 1024w, https:\/\/micterleather.com\/wp-content\/uploads\/2025\/06\/Micter-shop-on-amazon--768x252.webp 768w, https:\/\/micterleather.com\/wp-content\/uploads\/2025\/06\/Micter-shop-on-amazon--600x197.webp 600w, https:\/\/micterleather.com\/wp-content\/uploads\/2025\/06\/Micter-shop-on-amazon-.webp 1400w\" sizes=\"auto, (max-width: 176px) 100vw, 176px\" \/><\/a><\/p>\n<h5>Blog: <a href=\"https:\/\/micterleather.com\/fr\/comment-reparer-des-meubles-en-cuir-micter\/\">Comment r\u00e9parer des meubles en cuir ? \u2013 Micter<\/a><\/h5>","protected":false},"featured_media":2717,"template":"","meta":{"_uag_custom_page_level_css":"","site-sidebar-layout":"default","site-content-layout":"","ast-site-content-layout":"default","site-content-style":"default","site-sidebar-style":"default","ast-global-header-display":"","ast-banner-title-visibility":"","ast-main-header-display":"","ast-hfb-above-header-display":"","ast-hfb-below-header-display":"","ast-hfb-mobile-header-display":"","site-post-title":"","ast-breadcrumbs-content":"","ast-featured-img":"","footer-sml-layout":"","ast-disable-related-posts":"","theme-transparent-header-meta":"default","adv-header-id-meta":"","stick-header-meta":"","header-above-stick-meta":"","header-main-stick-meta":"","header-below-stick-meta":"","astra-migrate-meta-layouts":"set","ast-page-background-enabled":"default","ast-page-background-meta":{"desktop":{"background-color":"","background-image":"","background-repeat":"repeat","background-position":"center center","background-size":"auto","background-attachment":"scroll","background-type":"","background-media":"","overlay-type":"","overlay-color":"","overlay-opacity":"","overlay-gradient":""},"tablet":{"background-color":"","background-image":"","background-repeat":"repeat","background-position":"center center","background-size":"auto","background-attachment":"scroll","background-type":"","background-media":"","overlay-type":"","overlay-color":"","overlay-opacity":"","overlay-gradient":""},"mobile":{"background-color":"","background-image":"","background-repeat":"repeat","background-position":"center center","background-size":"auto","background-attachment":"scroll","background-type":"","background-media":"","overlay-type":"","overlay-color":"","overlay-opacity":"","overlay-gradient":""}},"ast-content-background-meta":{"desktop":{"background-color":"var(--ast-global-color-5)","background-image":"","background-repeat":"repeat","background-position":"center center","background-size":"auto","background-attachment":"scroll","background-type":"","background-media":"","overlay-type":"","overlay-color":"","overlay-opacity":"","overlay-gradient":""},"tablet":{"background-color":"var(--ast-global-color-5)","background-image":"","background-repeat":"repeat","background-position":"center center","background-size":"auto","background-attachment":"scroll","background-type":"","background-media":"","overlay-type":"","overlay-color":"","overlay-opacity":"","overlay-gradient":""},"mobile":{"background-color":"var(--ast-global-color-5)","background-image":"","background-repeat":"repeat","background-position":"center center","background-size":"auto","background-attachment":"scroll","background-type":"","background-media":"","overlay-type":"","overlay-color":"","overlay-opacity":"","overlay-gradient":""}}},"product_brand":[],"product_cat":[15],"product_tag":[],"class_list":{"0":"post-3157","1":"product","2":"type-product","3":"status-publish","4":"has-post-thumbnail","6":"product_cat-uncategorized","7":"desktop-align-left","8":"tablet-align-left","9":"mobile-align-left","11":"first","12":"instock","13":"sale","14":"featured","15":"shipping-taxable","16":"purchasable","17":"product-type-variable","18":"has-default-attributes"},"uagb_featured_image_src":{"full":["https:\/\/micterleather.com\/wp-content\/uploads\/2025\/07\/black-15.webp",661,687,false],"thumbnail":["https:\/\/micterleather.com\/wp-content\/uploads\/2025\/07\/black-15-150x150.webp",150,150,true],"medium":["https:\/\/micterleather.com\/wp-content\/uploads\/2025\/07\/black-15-289x300.webp",289,300,true],"medium_large":["https:\/\/micterleather.com\/wp-content\/uploads\/2025\/07\/black-15.webp",661,687,false],"large":["https:\/\/micterleather.com\/wp-content\/uploads\/2025\/07\/black-15.webp",661,687,false],"1536x1536":["https:\/\/micterleather.com\/wp-content\/uploads\/2025\/07\/black-15.webp",661,687,false],"2048x2048":["https:\/\/micterleather.com\/wp-content\/uploads\/2025\/07\/black-15.webp",661,687,false],"trp-custom-language-flag":["https:\/\/micterleather.com\/wp-content\/uploads\/2025\/07\/black-15.webp",12,12,false],"woocommerce_thumbnail":["https:\/\/micterleather.com\/wp-content\/uploads\/2025\/07\/black-15-300x300.webp",300,300,true],"woocommerce_single":["https:\/\/micterleather.com\/wp-content\/uploads\/2025\/07\/black-15-600x624.webp",600,624,true],"woocommerce_gallery_thumbnail":["https:\/\/micterleather.com\/wp-content\/uploads\/2025\/07\/black-15-100x100.webp",100,100,true]},"uagb_author_info":{"display_name":"micter","author_link":"https:\/\/micterleather.com\/it\/author\/"},"uagb_comment_info":0,"uagb_excerpt":"Vous pouvez \u00e9galement retrouver notre cuir sur Amazon. Blog: Comment r\u00e9parer des meubles en cuir ? - Micter","_links":{"self":[{"href":"https:\/\/micterleather.com\/it\/wp-json\/wp\/v2\/product\/3157","targetHints":{"allow":["GET"]}}],"collection":[{"href":"https:\/\/micterleather.com\/it\/wp-json\/wp\/v2\/product"}],"about":[{"href":"https:\/\/micterleather.com\/it\/wp-json\/wp\/v2\/types\/product"}],"wp:featuredmedia":[{"embeddable":true,"href":"https:\/\/micterleather.com\/it\/wp-json\/wp\/v2\/media\/2717"}],"wp:attachment":[{"href":"https:\/\/micterleather.com\/it\/wp-json\/wp\/v2\/media?parent=3157"}],"wp:term":[{"taxonomy":"product_brand","embeddable":true,"href":"https:\/\/micterleather.com\/it\/wp-json\/wp\/v2\/product_brand?post=3157"},{"taxonomy":"product_cat","embeddable":true,"href":"https:\/\/micterleather.com\/it\/wp-json\/wp\/v2\/product_cat?post=3157"},{"taxonomy":"product_tag","embeddable":true,"href":"https:\/\/micterleather.com\/it\/wp-json\/wp\/v2\/product_tag?post=3157"}],"curies":[{"name":"wp","href":"https:\/\/api.w.org\/{rel}","templated":true}]}}