{"id":2692,"date":"2025-07-30T07:56:48","date_gmt":"2025-07-30T07:56:48","guid":{"rendered":"https:\/\/micterleather.com\/?post_type=product&#038;p=2692"},"modified":"2025-08-28T16:18:41","modified_gmt":"2025-08-28T16:18:41","slug":"self-adhesive-leather-patch-1","status":"publish","type":"product","link":"https:\/\/micterleather.com\/it\/product\/leather-repair-patch\/self-adhesive-leather-patch-1\/","title":{"rendered":"Toppa in pelle autoadesiva 1"},"content":{"rendered":"<h4>Descrizione del prodotto:<\/h4>\n<ul>\n<li class=\"my-0\"><strong>Eccezionale Pezzo di Riparazione in Pelle:<\/strong>\u00a0Realizzato in pelle di alta qualit\u00e0, spessa e flessibile, questo pezzo di riparazione \u00e8 morbido al tatto e offre prestazioni eccellenti. L'adesivo forte garantisce riparazioni rapide ed efficaci, rinfrescando istantaneamente mobili in pelle di lusso e sedili d'auto. Il materiale di alta qualit\u00e0 \u00e8 resistente ai graffi, impermeabile e facile da pulire, rendendolo una soluzione affidabile per riparare strappi su imbottiture in pelle.<\/li>\n<li class=\"my-0\"><strong>Nastro di Riparazione per Pelle:<\/strong>\u00a0Dimensionato a 15 x 300 cm, questa pezza autoadesiva \u00e8 perfetta sia per piccoli riparazioni che per copertura completa, restituendo agli oggetti un aspetto simile al nuovo. Pu\u00f2 essere facilmente tagliata a qualsiasi dimensione o motivo, consentendo progetti fai-da-te personalizzati e design su misura. Risparmia denaro rivitalizzando vecchi mobili invece di sostituirli.<\/li>\n<li class=\"my-0\"><strong>Facile da Usare e Adesione Forte:<\/strong>\u00a0Realizzato con materiali ecologici, senza odore, il nostro falso cuoio autoadesivo utilizza un adesivo ad alta viscosit\u00e0, offrendo una potenza di tenuta superiore rispetto alle tradizionali patch di riparazione in vinile. Resta saldamente in posizione, quindi non devi preoccuparti che si stacchi o venga via facilmente\u2014rendendolo una scelta ideale per riparare ogni tipo di oggetto in pelle.<\/li>\n<li class=\"my-0\"><strong>Facile da usare:<\/strong>\u00a0L'applicazione \u00e8 semplice e senza strumenti\u2014basta staccare e attaccare! Nessun tempo di attesa extra e nessun bisogno di strumenti aggiuntivi. Si adatta saldamente, coprendo efficacemente crepe, fori, bruciature, graffi e altre imperfezioni. Rinnova istantaneamente il tuo spazio o ravviva vecchi mobili, prolungando la vita dei tuoi oggetti nel modo pi\u00f9 facile possibile.<\/li>\n<\/ul>\n<p><img loading=\"lazy\" decoding=\"async\" class=\"alignnone wp-image-2802\" src=\"https:\/\/micterleather.com\/wp-content\/uploads\/2025\/07\/seld-adhesive_repair_patch__A__1-300x186.webp\" alt=\"\" width=\"1079\" height=\"669\" srcset=\"https:\/\/micterleather.com\/wp-content\/uploads\/2025\/07\/seld-adhesive_repair_patch__A__1-300x186.webp 300w, https:\/\/micterleather.com\/wp-content\/uploads\/2025\/07\/seld-adhesive_repair_patch__A__1-768x475.webp 768w, https:\/\/micterleather.com\/wp-content\/uploads\/2025\/07\/seld-adhesive_repair_patch__A__1-600x371.webp 600w, https:\/\/micterleather.com\/wp-content\/uploads\/2025\/07\/seld-adhesive_repair_patch__A__1.webp 970w\" sizes=\"auto, (max-width: 1079px) 100vw, 1079px\" \/><\/p>\n<h4><strong>Riparazione di divano con adesivo in pelle MICTER<\/strong><\/h4>\n<p>La pelle \u00e8 ampiamente usata nella nostra vita quotidiana ed \u00e8 generalmente piuttosto resistente e durevole. Ma nel tempo \u00e8 soggetta a vari tipi di danni, come graffi di animali domestici, bruciature di sigarette, crepe o scolorimento dovuti a uso prolungato. Cerchi un modo immediato ed efficace per riparare la tua pelle danneggiata? Il Kit di Riparazione Pelle MICTER pu\u00f2 aiutarti a risolvere qualsiasi problema della pelle con facilit\u00e0.<\/p>\n<p><img loading=\"lazy\" decoding=\"async\" class=\"alignnone wp-image-2803\" src=\"https:\/\/micterleather.com\/wp-content\/uploads\/2025\/07\/seld-adhesive_repair_patch__A__2-300x186.webp\" alt=\"\" width=\"1081\" height=\"670\" srcset=\"https:\/\/micterleather.com\/wp-content\/uploads\/2025\/07\/seld-adhesive_repair_patch__A__2-300x186.webp 300w, https:\/\/micterleather.com\/wp-content\/uploads\/2025\/07\/seld-adhesive_repair_patch__A__2-768x475.webp 768w, https:\/\/micterleather.com\/wp-content\/uploads\/2025\/07\/seld-adhesive_repair_patch__A__2-600x371.webp 600w, https:\/\/micterleather.com\/wp-content\/uploads\/2025\/07\/seld-adhesive_repair_patch__A__2.webp 970w\" sizes=\"auto, (max-width: 1081px) 100vw, 1081px\" \/><\/p>\n<h4><strong>Soluzione ad Alta Qualit\u00e0 per Adesivo<\/strong><\/h4>\n<p>Nastro di riparazione in pelle realizzato con pelle di alta qualit\u00e0 e durevole. La superficie in pelle \u00e8 decorata con motivo lychee. Classico ed estetico. Disponibile in una variet\u00e0 di dimensioni, puoi coprire completamente aree danneggiate per farle sembrare nuovamente nuove. Puoi anche tagliarlo nella forma e nelle dimensioni necessarie. Questo pezzo di rinnovamento in pelle autoadesivo \u00e8 una soluzione ideale per riparazioni di mobili, riparazioni di sedili auto, rinnovamento di mobili, fai-da-te, riparazioni di pavimenti e altro.<\/p>\n<p><img loading=\"lazy\" decoding=\"async\" class=\"alignnone wp-image-2804\" src=\"https:\/\/micterleather.com\/wp-content\/uploads\/2025\/07\/seld-adhesive_repair_patch__A__3-300x186.webp\" alt=\"\" width=\"1081\" height=\"670\" srcset=\"https:\/\/micterleather.com\/wp-content\/uploads\/2025\/07\/seld-adhesive_repair_patch__A__3-300x186.webp 300w, https:\/\/micterleather.com\/wp-content\/uploads\/2025\/07\/seld-adhesive_repair_patch__A__3-768x475.webp 768w, https:\/\/micterleather.com\/wp-content\/uploads\/2025\/07\/seld-adhesive_repair_patch__A__3-600x371.webp 600w, https:\/\/micterleather.com\/wp-content\/uploads\/2025\/07\/seld-adhesive_repair_patch__A__3.webp 970w\" sizes=\"auto, (max-width: 1081px) 100vw, 1081px\" \/><\/p>\n<h4><strong>Molti Colori tra cui Scegliere<\/strong><\/h4>\n<p>Il patch autoadesivo in pelle \u00e8 disponibile in 12 colori classici. Fai scelte diverse per soddisfare le tue esigenze; questi colori ricchi possono aiutarti a riparare perfettamente il tuo pezzo di mobilio preferito.<\/p>\n<h6><strong>Nota: il colore della superficie in pelle pu\u00f2 variare leggermente a seconda della luce e degli schermi.<\/strong><\/h6>\n<p><img loading=\"lazy\" decoding=\"async\" class=\"alignnone wp-image-2805\" src=\"https:\/\/micterleather.com\/wp-content\/uploads\/2025\/07\/seld-adhesive_repair_patch__A__4-300x186.webp\" alt=\"\" width=\"1079\" height=\"669\" srcset=\"https:\/\/micterleather.com\/wp-content\/uploads\/2025\/07\/seld-adhesive_repair_patch__A__4-300x186.webp 300w, https:\/\/micterleather.com\/wp-content\/uploads\/2025\/07\/seld-adhesive_repair_patch__A__4-768x475.webp 768w, https:\/\/micterleather.com\/wp-content\/uploads\/2025\/07\/seld-adhesive_repair_patch__A__4-600x371.webp 600w, https:\/\/micterleather.com\/wp-content\/uploads\/2025\/07\/seld-adhesive_repair_patch__A__4.webp 970w\" sizes=\"auto, (max-width: 1079px) 100vw, 1079px\" \/><\/p>\n<h4><strong>Facile da Usare<\/strong><\/h4>\n<p>La patch autoadesiva in pelle ripara rapidamente strappi, buchi, bruciature, graffi e altre difformit\u00e0 della pelle. Non solo pu\u00f2 restaurare vecchi mobili in pelle, \u00e8 anche una buona scelta da utilizzare come film protettivo per mobili. La patch autoadesiva in pelle si adatta bene a una variet\u00e0 di superfici di oggetti ed \u00e8 facile da usare: 1. assicurarsi che l'area da riparare sia pulita e asciutta 2. tagliare la forma e la dimensione desiderate. 3. incollare la patch saldamente in posizione, premendo fermamente per farla aderire. I tuoi mobili avranno un aspetto nuovo.<\/p>\n<p><img loading=\"lazy\" decoding=\"async\" class=\"alignnone wp-image-2806\" src=\"https:\/\/micterleather.com\/wp-content\/uploads\/2025\/07\/seld-adhesive_repair_patch__A__5-300x186.webp\" alt=\"\" width=\"1081\" height=\"670\" srcset=\"https:\/\/micterleather.com\/wp-content\/uploads\/2025\/07\/seld-adhesive_repair_patch__A__5-300x186.webp 300w, https:\/\/micterleather.com\/wp-content\/uploads\/2025\/07\/seld-adhesive_repair_patch__A__5-768x475.webp 768w, https:\/\/micterleather.com\/wp-content\/uploads\/2025\/07\/seld-adhesive_repair_patch__A__5-600x371.webp 600w, https:\/\/micterleather.com\/wp-content\/uploads\/2025\/07\/seld-adhesive_repair_patch__A__5.webp 970w\" sizes=\"auto, (max-width: 1081px) 100vw, 1081px\" \/><\/p>\n<h4><strong>Riparazione Professionale, Facile da Usare<\/strong><\/h4>\n<p>La patch di riparazione in pelle MICTER \u00e8 adatta a una variet\u00e0 di riparazioni come graffi, strappi, bruciature, fori, lanugine, macchie, puntini e altri danni. E \u00e8 facile da usare. Questa patch di riparazione in pelle non richiede calore, n\u00e9 stiratura, n\u00e9 strumenti n\u00e9 cucitura. Baster\u00e0 seguire quattro semplici passi: 1. assicurarsi che l'area da riparare sia pulita e asciutta. 2. Tagliare la patch di pelle alle dimensioni appropriate. 3: Staccare la carta protettiva. 4: Incollare la patch sull'area danneggiata e premere fermamente per salvarla.<\/p>\n<p><img loading=\"lazy\" decoding=\"async\" class=\"alignnone wp-image-2807\" src=\"https:\/\/micterleather.com\/wp-content\/uploads\/2025\/07\/seld-adhesive_repair_patch__A__6-300x186.webp\" alt=\"\" width=\"1079\" height=\"669\" srcset=\"https:\/\/micterleather.com\/wp-content\/uploads\/2025\/07\/seld-adhesive_repair_patch__A__6-300x186.webp 300w, https:\/\/micterleather.com\/wp-content\/uploads\/2025\/07\/seld-adhesive_repair_patch__A__6-768x475.webp 768w, https:\/\/micterleather.com\/wp-content\/uploads\/2025\/07\/seld-adhesive_repair_patch__A__6-600x371.webp 600w, https:\/\/micterleather.com\/wp-content\/uploads\/2025\/07\/seld-adhesive_repair_patch__A__6.webp 970w\" sizes=\"auto, (max-width: 1079px) 100vw, 1079px\" \/><\/p>\n<h4><strong>Grande Applicazione<\/strong><\/h4>\n<p>La toppa in pelle autoadesiva offre una riparazione perfetta e conveniente, adatta a mobili, divani, sedie, sedili d'auto, rivestimenti per auto, sgabelli ad angolo, sgabelli da bar, cuscini, valigie da viaggio e sedili di motociclette.<\/p>","protected":false},"excerpt":{"rendered":"<h4>Informazioni sul prodotto:<\/h4>\n<p>Materiale: Pelle<br \/>\nForma dell'elemento: Nastro<br \/>\nCaratteristiche Speciali: Resistente al calore, Forte, Impermeabile<br \/>\nQuantit\u00e0 dell'imballaggio dell'oggetto: 1<br \/>\nTipo di contenitore: Tubo<br \/>\nViscosit\u00e0: Superiore<\/p>\n<h5>Blog: <a href=\"https:\/\/micterleather.com\/it\/how-to-repair-leather-furniture-micter\/\">Come riparare mobili in pelle? \u2013 Micter<\/a><\/h5>","protected":false},"featured_media":2717,"template":"","meta":{"_uag_custom_page_level_css":"","site-sidebar-layout":"default","site-content-layout":"","ast-site-content-layout":"default","site-content-style":"default","site-sidebar-style":"default","ast-global-header-display":"","ast-banner-title-visibility":"","ast-main-header-display":"","ast-hfb-above-header-display":"","ast-hfb-below-header-display":"","ast-hfb-mobile-header-display":"","site-post-title":"","ast-breadcrumbs-content":"","ast-featured-img":"","footer-sml-layout":"","ast-disable-related-posts":"","theme-transparent-header-meta":"default","adv-header-id-meta":"","stick-header-meta":"","header-above-stick-meta":"","header-main-stick-meta":"","header-below-stick-meta":"","astra-migrate-meta-layouts":"set","ast-page-background-enabled":"default","ast-page-background-meta":{"desktop":{"background-color":"","background-image":"","background-repeat":"repeat","background-position":"center center","background-size":"auto","background-attachment":"scroll","background-type":"","background-media":"","overlay-type":"","overlay-color":"","overlay-opacity":"","overlay-gradient":""},"tablet":{"background-color":"","background-image":"","background-repeat":"repeat","background-position":"center center","background-size":"auto","background-attachment":"scroll","background-type":"","background-media":"","overlay-type":"","overlay-color":"","overlay-opacity":"","overlay-gradient":""},"mobile":{"background-color":"","background-image":"","background-repeat":"repeat","background-position":"center center","background-size":"auto","background-attachment":"scroll","background-type":"","background-media":"","overlay-type":"","overlay-color":"","overlay-opacity":"","overlay-gradient":""}},"ast-content-background-meta":{"desktop":{"background-color":"var(--ast-global-color-5)","background-image":"","background-repeat":"repeat","background-position":"center center","background-size":"auto","background-attachment":"scroll","background-type":"","background-media":"","overlay-type":"","overlay-color":"","overlay-opacity":"","overlay-gradient":""},"tablet":{"background-color":"var(--ast-global-color-5)","background-image":"","background-repeat":"repeat","background-position":"center center","background-size":"auto","background-attachment":"scroll","background-type":"","background-media":"","overlay-type":"","overlay-color":"","overlay-opacity":"","overlay-gradient":""},"mobile":{"background-color":"var(--ast-global-color-5)","background-image":"","background-repeat":"repeat","background-position":"center center","background-size":"auto","background-attachment":"scroll","background-type":"","background-media":"","overlay-type":"","overlay-color":"","overlay-opacity":"","overlay-gradient":""}}},"product_brand":[],"product_cat":[248],"product_tag":[],"class_list":{"0":"post-2692","1":"product","2":"type-product","3":"status-publish","4":"has-post-thumbnail","6":"product_cat-leather-repair-patch","7":"desktop-align-left","8":"tablet-align-left","9":"mobile-align-left","11":"first","12":"instock","13":"sale","14":"featured","15":"shipping-taxable","16":"purchasable","17":"product-type-variable","18":"has-default-attributes"},"uagb_featured_image_src":{"full":["https:\/\/micterleather.com\/wp-content\/uploads\/2025\/07\/black-15.webp",661,687,false],"thumbnail":["https:\/\/micterleather.com\/wp-content\/uploads\/2025\/07\/black-15-150x150.webp",150,150,true],"medium":["https:\/\/micterleather.com\/wp-content\/uploads\/2025\/07\/black-15-289x300.webp",289,300,true],"medium_large":["https:\/\/micterleather.com\/wp-content\/uploads\/2025\/07\/black-15.webp",661,687,false],"large":["https:\/\/micterleather.com\/wp-content\/uploads\/2025\/07\/black-15.webp",661,687,false],"1536x1536":["https:\/\/micterleather.com\/wp-content\/uploads\/2025\/07\/black-15.webp",661,687,false],"2048x2048":["https:\/\/micterleather.com\/wp-content\/uploads\/2025\/07\/black-15.webp",661,687,false],"trp-custom-language-flag":["https:\/\/micterleather.com\/wp-content\/uploads\/2025\/07\/black-15.webp",12,12,false],"woocommerce_thumbnail":["https:\/\/micterleather.com\/wp-content\/uploads\/2025\/07\/black-15-300x300.webp",300,300,true],"woocommerce_single":["https:\/\/micterleather.com\/wp-content\/uploads\/2025\/07\/black-15-600x624.webp",600,624,true],"woocommerce_gallery_thumbnail":["https:\/\/micterleather.com\/wp-content\/uploads\/2025\/07\/black-15-100x100.webp",100,100,true]},"uagb_author_info":{"display_name":"micter","author_link":"https:\/\/micterleather.com\/it\/author\/"},"uagb_comment_info":0,"uagb_excerpt":"Product Information: Material: Leather Item Form: Tape Special Features: Heat Resistant, Strong, Waterproof Item Package Quantity: 1 Container Type: Tube Viscosity: Top Blog: How to Repair Leather Furniture? \u2013 Micter","_links":{"self":[{"href":"https:\/\/micterleather.com\/it\/wp-json\/wp\/v2\/product\/2692","targetHints":{"allow":["GET"]}}],"collection":[{"href":"https:\/\/micterleather.com\/it\/wp-json\/wp\/v2\/product"}],"about":[{"href":"https:\/\/micterleather.com\/it\/wp-json\/wp\/v2\/types\/product"}],"wp:featuredmedia":[{"embeddable":true,"href":"https:\/\/micterleather.com\/it\/wp-json\/wp\/v2\/media\/2717"}],"wp:attachment":[{"href":"https:\/\/micterleather.com\/it\/wp-json\/wp\/v2\/media?parent=2692"}],"wp:term":[{"taxonomy":"product_brand","embeddable":true,"href":"https:\/\/micterleather.com\/it\/wp-json\/wp\/v2\/product_brand?post=2692"},{"taxonomy":"product_cat","embeddable":true,"href":"https:\/\/micterleather.com\/it\/wp-json\/wp\/v2\/product_cat?post=2692"},{"taxonomy":"product_tag","embeddable":true,"href":"https:\/\/micterleather.com\/it\/wp-json\/wp\/v2\/product_tag?post=2692"}],"curies":[{"name":"wp","href":"https:\/\/api.w.org\/{rel}","templated":true}]}}