{"id":2155,"date":"2025-07-31T09:13:31","date_gmt":"2025-07-31T09:13:31","guid":{"rendered":"https:\/\/micterleather.com\/?post_type=product&#038;p=2155"},"modified":"2025-09-03T01:51:06","modified_gmt":"2025-09-03T01:51:06","slug":"self-adhesive-faux-leather","status":"publish","type":"product","link":"https:\/\/micterleather.com\/it\/product\/leather-repair-patch\/self-adhesive-faux-leather\/","title":{"rendered":"Pelle sintetica autoadesiva"},"content":{"rendered":"<h4>Informazioni sul prodotto:<\/h4>\n<p>Materiale: Pelle<br \/>\nForma dell'elemento: Nastro<br \/>\nCaratteristiche Speciali: Resistente al calore, Forte, Impermeabile<br \/>\nQuantit\u00e0 dell'imballaggio dell'oggetto: 1<br \/>\nTipo di contenitore: Tubo<br \/>\nViscosit\u00e0: Superiore<\/p>\n<h4>Descrizione del prodotto:<\/h4>\n<ul>\n<li class=\"my-0\"><strong>Riparazione eccellente della pelle:<\/strong>\u00a0Fabbricata con materiali di alta qualit\u00e0 con motivi e colori senza tempo, questa nastro per riparazione della pelle presenta una texture liscia e morbida, \u00e8 impermeabile, resistente all'usura e resistente ai graffi. \u00c8 durevole e progettata per durare, perfetta per riparare pelle danneggiata e aggiungere tocchi decorativi.<\/li>\n<li class=\"my-0\"><strong>Adesione forte e riparazioni rapide:<\/strong>\u00a0La toppa in pelle autoadesiva utilizza un fondo di livello professionale estremamente appicicoso che non si vuole staccare facilmente. \u00c8 ideale per coprire rapidamente strappi, fori, bruciature, graffi, macchie e altre imperfezioni su pelle danneggiata, pelle PU o superfici in vinile. Rinfrescate i vostri mobili e risparmiate denaro facendo sembrare nuovi gli oggetti usurati.<\/li>\n<li class=\"my-0\"><strong>Dimensione generosa e variet\u00e0 di colori:<\/strong>\u00a0Ogni rotolo misura 40 x 200 cm, permettendo di coprire grandi superfici o ripristinare completamente sezioni danneggiate. Disponibile in 19 colori ricchi, queste toppe per riparazione della pelle sono progettate per abbinarsi alla maggior parte di mobili e interni di auto, rendendo facile trovare l'abbinamento perfetto per le vostre esigenze di riparazione o decorazione.<\/li>\n<li class=\"my-0\"><strong>Applicazione semplice:<\/strong>\u00a0Non sono necessari calore, bucatura, cuciture o strumenti speciali. Pulite semplicemente l'area danneggiata, tagliate la toppa alla dimensione o forma desiderata e applicatela sulla superficie\u2014fatto! Ripristinate i vostri mobili preferiti e i sedili dell'auto con il minimo sforzo.<\/li>\n<li class=\"my-0\"><strong>Ampia applicazione e supporto:<\/strong>\u00a0I kit di riparazione per pelle MICTER sono adatti a divani, poltrone, mobili, sedili auto, borse, bagagli, cinture, giacche e a una vasta gamma di progetti fai-da-te. Nota: ci impegniamo a visualizzare i colori delle toppe nel modo pi\u00f9 accurato possibile, ma potrebbero verificarsi lievi differenze di colore a causa dell'illuminazione e delle impostazioni dello schermo.<\/li>\n<\/ul>\n<h4 class=\"rich-text__heading rte inline-richtext h1\">Toppa in pelle autoadesiva \u2013 la soluzione ideale per riparare e rivitalizzare tutti i vostri articoli in pelle!<\/h4>\n<p class=\"rich-text__heading rte inline-richtext h1\">Sia che stiate ripristinando un sedile a casa, rinnovando un divano in pelle, riparando un sedile d'auto o anche ritoccando un oggetto in pelle sintetica, la nostra toppa universale \u00e8 adatta a tutte le situazioni.<\/p>\n<h4>\ud83d\udccc Adesione eccezionale \ud83c\udf0a Resistente all'acqua \ud83d\udee1\ufe0f Resistente ai graffi<br \/>\n\u2702\ufe0f Facile da tagliare \ud83d\udee0\ufe0f Fai da te pratico \ud83d\udecb\ufe0f Applicazione universale<\/h4>\n<div class=\"rich-text__text rte\">\n<p><img loading=\"lazy\" decoding=\"async\" class=\"alignnone wp-image-2890\" src=\"https:\/\/micterleather.com\/wp-content\/uploads\/2025\/07\/Self-adhesive_faux_leather_A_1-300x123.webp\" alt=\"\" width=\"1078\" height=\"442\" srcset=\"https:\/\/micterleather.com\/wp-content\/uploads\/2025\/07\/Self-adhesive_faux_leather_A_1-300x123.webp 300w, https:\/\/micterleather.com\/wp-content\/uploads\/2025\/07\/Self-adhesive_faux_leather_A_1-1024x420.webp 1024w, https:\/\/micterleather.com\/wp-content\/uploads\/2025\/07\/Self-adhesive_faux_leather_A_1-768x315.webp 768w, https:\/\/micterleather.com\/wp-content\/uploads\/2025\/07\/Self-adhesive_faux_leather_A_1-600x246.webp 600w, https:\/\/micterleather.com\/wp-content\/uploads\/2025\/07\/Self-adhesive_faux_leather_A_1.webp 1464w\" sizes=\"auto, (max-width: 1078px) 100vw, 1078px\" \/><\/p>\n<p>I prodotti in pelle sono ampiamente utilizzati nella nostra vita quotidiana, ma nel tempo le superfici in pelle spesso si danneggiano. Il nostro rinnovamento autoadesivo della toppa in pelle pu\u00f2 riparare la pelle danneggiata e rinnovare quella usurata. Rendi i tuoi mobili in pelle come nuovi.<\/p>\n<p><img loading=\"lazy\" decoding=\"async\" class=\"alignnone wp-image-2891\" src=\"https:\/\/micterleather.com\/wp-content\/uploads\/2025\/07\/Self-adhesive_faux_leather_A_2-300x123.webp\" alt=\"\" width=\"1080\" height=\"443\" srcset=\"https:\/\/micterleather.com\/wp-content\/uploads\/2025\/07\/Self-adhesive_faux_leather_A_2-300x123.webp 300w, https:\/\/micterleather.com\/wp-content\/uploads\/2025\/07\/Self-adhesive_faux_leather_A_2-1024x420.webp 1024w, https:\/\/micterleather.com\/wp-content\/uploads\/2025\/07\/Self-adhesive_faux_leather_A_2-768x315.webp 768w, https:\/\/micterleather.com\/wp-content\/uploads\/2025\/07\/Self-adhesive_faux_leather_A_2-600x246.webp 600w, https:\/\/micterleather.com\/wp-content\/uploads\/2025\/07\/Self-adhesive_faux_leather_A_2.webp 1464w\" sizes=\"auto, (max-width: 1080px) 100vw, 1080px\" \/><\/p>\n<p>I nostri prodotti per la riparazione della pelle possono riparare buchi, graffi, strappi, bruciature e macchie su divani, sedioline auto o altri oggetti in pelle. Questa riparazione del divano in pelle adesiva pu\u00f2 risolvere facilmente qualsiasi problema relativo alla pelle.<\/p>\n<p><img loading=\"lazy\" decoding=\"async\" class=\"alignnone wp-image-2894\" style=\"font-style: inherit; font-weight: inherit;\" src=\"https:\/\/micterleather.com\/wp-content\/uploads\/2025\/07\/Self-adhesive_faux_leather_A_5-300x123.webp\" alt=\"\" width=\"1080\" height=\"443\" srcset=\"https:\/\/micterleather.com\/wp-content\/uploads\/2025\/07\/Self-adhesive_faux_leather_A_5-300x123.webp 300w, https:\/\/micterleather.com\/wp-content\/uploads\/2025\/07\/Self-adhesive_faux_leather_A_5-1024x420.webp 1024w, https:\/\/micterleather.com\/wp-content\/uploads\/2025\/07\/Self-adhesive_faux_leather_A_5-768x315.webp 768w, https:\/\/micterleather.com\/wp-content\/uploads\/2025\/07\/Self-adhesive_faux_leather_A_5-600x246.webp 600w, https:\/\/micterleather.com\/wp-content\/uploads\/2025\/07\/Self-adhesive_faux_leather_A_5.webp 1464w\" sizes=\"auto, (max-width: 1080px) 100vw, 1080px\" \/><\/p>\n<p>Offriamo 19 colori in tre dimensioni (40x300 cm, 40x200 cm, 20x300 cm) per aiutarti a riparare perfettamente il tuo pezzo di arredamento o la seduta dell'auto preferita. Particolarmente adatto per pezzi di arredamento di grandi dimensioni, come divani, comodini, sedie, ecc.<\/p>\n<p><img loading=\"lazy\" decoding=\"async\" class=\"alignnone wp-image-2892\" src=\"https:\/\/micterleather.com\/wp-content\/uploads\/2025\/07\/Self-adhesive_faux_leather_A_3-300x123.webp\" alt=\"\" width=\"1080\" height=\"443\" srcset=\"https:\/\/micterleather.com\/wp-content\/uploads\/2025\/07\/Self-adhesive_faux_leather_A_3-300x123.webp 300w, https:\/\/micterleather.com\/wp-content\/uploads\/2025\/07\/Self-adhesive_faux_leather_A_3-1024x420.webp 1024w, https:\/\/micterleather.com\/wp-content\/uploads\/2025\/07\/Self-adhesive_faux_leather_A_3-768x315.webp 768w, https:\/\/micterleather.com\/wp-content\/uploads\/2025\/07\/Self-adhesive_faux_leather_A_3-600x246.webp 600w, https:\/\/micterleather.com\/wp-content\/uploads\/2025\/07\/Self-adhesive_faux_leather_A_3.webp 1464w\" sizes=\"auto, (max-width: 1080px) 100vw, 1080px\" \/><\/p>\n<p>Questa riparazione adesiva per divani in pelle \u00e8 realizzata con materiali di alta qualit\u00e0 e presenta un adesivo molto resistente. Pi\u00f9 passa il tempo, pi\u00f9 l'adesione diventa forte. La superficie in pelle \u00e8 resistente ai graffi e impermeabile. Si adatta bene ai tuoi mobili.<\/p>\n<p><img loading=\"lazy\" decoding=\"async\" class=\"alignnone wp-image-2893\" style=\"font-style: inherit; font-weight: inherit;\" src=\"https:\/\/micterleather.com\/wp-content\/uploads\/2025\/07\/Self-adhesive_faux_leather_A_4-300x123.webp\" alt=\"\" width=\"1080\" height=\"443\" srcset=\"https:\/\/micterleather.com\/wp-content\/uploads\/2025\/07\/Self-adhesive_faux_leather_A_4-300x123.webp 300w, https:\/\/micterleather.com\/wp-content\/uploads\/2025\/07\/Self-adhesive_faux_leather_A_4-1024x420.webp 1024w, https:\/\/micterleather.com\/wp-content\/uploads\/2025\/07\/Self-adhesive_faux_leather_A_4-768x315.webp 768w, https:\/\/micterleather.com\/wp-content\/uploads\/2025\/07\/Self-adhesive_faux_leather_A_4-600x246.webp 600w, https:\/\/micterleather.com\/wp-content\/uploads\/2025\/07\/Self-adhesive_faux_leather_A_4.webp 1464w\" sizes=\"auto, (max-width: 1080px) 100vw, 1080px\" \/> <span style=\"font-size: 16px;\">\u00a0<\/span><\/p>\n<p>Questa nastro di riparazione in pelle \u00e8 molto facile da applicare. Basta seguire quattro semplici passaggi:<\/p>\n<p>1. pulire l'area da riparare.<\/p>\n<p>2. ritagliare la forma desiderata.<\/p>\n<p>3. strappare la carta protettiva.<\/p>\n<p>4. incollare e premere. Le nervature della pelle sono perfettamente coperte.<\/p>\n<p><img loading=\"lazy\" decoding=\"async\" class=\"alignnone wp-image-2895\" style=\"font-style: inherit; font-weight: inherit;\" src=\"https:\/\/micterleather.com\/wp-content\/uploads\/2025\/07\/Self-adhesive_faux_leather_A_6-300x123.webp\" alt=\"\" width=\"1080\" height=\"443\" srcset=\"https:\/\/micterleather.com\/wp-content\/uploads\/2025\/07\/Self-adhesive_faux_leather_A_6-300x123.webp 300w, https:\/\/micterleather.com\/wp-content\/uploads\/2025\/07\/Self-adhesive_faux_leather_A_6-1024x420.webp 1024w, https:\/\/micterleather.com\/wp-content\/uploads\/2025\/07\/Self-adhesive_faux_leather_A_6-768x315.webp 768w, https:\/\/micterleather.com\/wp-content\/uploads\/2025\/07\/Self-adhesive_faux_leather_A_6-600x246.webp 600w, https:\/\/micterleather.com\/wp-content\/uploads\/2025\/07\/Self-adhesive_faux_leather_A_6.webp 1464w\" sizes=\"auto, (max-width: 1080px) 100vw, 1080px\" \/><\/p>\n<p>I kit di riparazione in pelle MICTER sono ampiamente applicabili a divani, sof\u00e0, mobili, sedili d'auto, borse, valigie, cinture, giacche e una variet\u00e0 di fai-da-te.<\/p>\n<\/div>","protected":false},"excerpt":{"rendered":"<h5>Blog: <a href=\"https:\/\/micterleather.com\/it\/how-to-repair-leather-furniture-micter\/\">Come riparare mobili in pelle? \u2013 Micter<\/a><\/h5>","protected":false},"featured_media":2261,"template":"","meta":{"_uag_custom_page_level_css":"","site-sidebar-layout":"default","site-content-layout":"","ast-site-content-layout":"default","site-content-style":"default","site-sidebar-style":"default","ast-global-header-display":"","ast-banner-title-visibility":"","ast-main-header-display":"","ast-hfb-above-header-display":"","ast-hfb-below-header-display":"","ast-hfb-mobile-header-display":"","site-post-title":"","ast-breadcrumbs-content":"","ast-featured-img":"","footer-sml-layout":"","ast-disable-related-posts":"","theme-transparent-header-meta":"default","adv-header-id-meta":"","stick-header-meta":"","header-above-stick-meta":"","header-main-stick-meta":"","header-below-stick-meta":"","astra-migrate-meta-layouts":"set","ast-page-background-enabled":"default","ast-page-background-meta":{"desktop":{"background-color":"","background-image":"","background-repeat":"repeat","background-position":"center center","background-size":"auto","background-attachment":"scroll","background-type":"","background-media":"","overlay-type":"","overlay-color":"","overlay-opacity":"","overlay-gradient":""},"tablet":{"background-color":"","background-image":"","background-repeat":"repeat","background-position":"center center","background-size":"auto","background-attachment":"scroll","background-type":"","background-media":"","overlay-type":"","overlay-color":"","overlay-opacity":"","overlay-gradient":""},"mobile":{"background-color":"","background-image":"","background-repeat":"repeat","background-position":"center center","background-size":"auto","background-attachment":"scroll","background-type":"","background-media":"","overlay-type":"","overlay-color":"","overlay-opacity":"","overlay-gradient":""}},"ast-content-background-meta":{"desktop":{"background-color":"var(--ast-global-color-5)","background-image":"","background-repeat":"repeat","background-position":"center center","background-size":"auto","background-attachment":"scroll","background-type":"","background-media":"","overlay-type":"","overlay-color":"","overlay-opacity":"","overlay-gradient":""},"tablet":{"background-color":"var(--ast-global-color-5)","background-image":"","background-repeat":"repeat","background-position":"center center","background-size":"auto","background-attachment":"scroll","background-type":"","background-media":"","overlay-type":"","overlay-color":"","overlay-opacity":"","overlay-gradient":""},"mobile":{"background-color":"var(--ast-global-color-5)","background-image":"","background-repeat":"repeat","background-position":"center center","background-size":"auto","background-attachment":"scroll","background-type":"","background-media":"","overlay-type":"","overlay-color":"","overlay-opacity":"","overlay-gradient":""}}},"product_brand":[],"product_cat":[248],"product_tag":[],"class_list":{"0":"post-2155","1":"product","2":"type-product","3":"status-publish","4":"has-post-thumbnail","6":"product_cat-leather-repair-patch","7":"desktop-align-left","8":"tablet-align-left","9":"mobile-align-left","11":"first","12":"instock","13":"sale","14":"shipping-taxable","15":"purchasable","16":"product-type-variable","17":"has-default-attributes"},"uagb_featured_image_src":{"full":["https:\/\/micterleather.com\/wp-content\/uploads\/2025\/06\/Brun-Rouge-1.webp",2000,2000,false],"thumbnail":["https:\/\/micterleather.com\/wp-content\/uploads\/2025\/06\/Brun-Rouge-1-150x150.webp",150,150,true],"medium":["https:\/\/micterleather.com\/wp-content\/uploads\/2025\/06\/Brun-Rouge-1-300x300.webp",300,300,true],"medium_large":["https:\/\/micterleather.com\/wp-content\/uploads\/2025\/06\/Brun-Rouge-1-768x768.webp",768,768,true],"large":["https:\/\/micterleather.com\/wp-content\/uploads\/2025\/06\/Brun-Rouge-1-1024x1024.webp",1024,1024,true],"1536x1536":["https:\/\/micterleather.com\/wp-content\/uploads\/2025\/06\/Brun-Rouge-1-1536x1536.webp",1536,1536,true],"2048x2048":["https:\/\/micterleather.com\/wp-content\/uploads\/2025\/06\/Brun-Rouge-1.webp",2000,2000,false],"trp-custom-language-flag":["https:\/\/micterleather.com\/wp-content\/uploads\/2025\/06\/Brun-Rouge-1.webp",12,12,false],"woocommerce_thumbnail":["https:\/\/micterleather.com\/wp-content\/uploads\/2025\/06\/Brun-Rouge-1-300x300.webp",300,300,true],"woocommerce_single":["https:\/\/micterleather.com\/wp-content\/uploads\/2025\/06\/Brun-Rouge-1-600x600.webp",600,600,true],"woocommerce_gallery_thumbnail":["https:\/\/micterleather.com\/wp-content\/uploads\/2025\/06\/Brun-Rouge-1-100x100.webp",100,100,true]},"uagb_author_info":{"display_name":"micter","author_link":"https:\/\/micterleather.com\/it\/author\/"},"uagb_comment_info":0,"uagb_excerpt":"Blog: How to Repair Leather Furniture? \u2013 Micter","_links":{"self":[{"href":"https:\/\/micterleather.com\/it\/wp-json\/wp\/v2\/product\/2155","targetHints":{"allow":["GET"]}}],"collection":[{"href":"https:\/\/micterleather.com\/it\/wp-json\/wp\/v2\/product"}],"about":[{"href":"https:\/\/micterleather.com\/it\/wp-json\/wp\/v2\/types\/product"}],"wp:featuredmedia":[{"embeddable":true,"href":"https:\/\/micterleather.com\/it\/wp-json\/wp\/v2\/media\/2261"}],"wp:attachment":[{"href":"https:\/\/micterleather.com\/it\/wp-json\/wp\/v2\/media?parent=2155"}],"wp:term":[{"taxonomy":"product_brand","embeddable":true,"href":"https:\/\/micterleather.com\/it\/wp-json\/wp\/v2\/product_brand?post=2155"},{"taxonomy":"product_cat","embeddable":true,"href":"https:\/\/micterleather.com\/it\/wp-json\/wp\/v2\/product_cat?post=2155"},{"taxonomy":"product_tag","embeddable":true,"href":"https:\/\/micterleather.com\/it\/wp-json\/wp\/v2\/product_tag?post=2155"}],"curies":[{"name":"wp","href":"https:\/\/api.w.org\/{rel}","templated":true}]}}