{"id":843,"date":"2025-06-11T03:18:08","date_gmt":"2025-06-11T03:18:08","guid":{"rendered":"https:\/\/micterleather.com\/about-us\/"},"modified":"2025-08-28T11:52:56","modified_gmt":"2025-08-28T11:52:56","slug":"about-us","status":"publish","type":"page","link":"https:\/\/micterleather.com\/it\/about-us\/","title":{"rendered":"Chi Siamo"},"content":{"rendered":"<div class=\"wp-block-uagb-container uagb-block-04db8484 alignfull uagb-is-root-container\"><div class=\"uagb-container-inner-blocks-wrap\">\n<div class=\"wp-block-uagb-advanced-heading uagb-block-3e6ee788\"><h1 class=\"uagb-heading-text\">Chi siamo<\/h1><\/div>\n<\/div><\/div>\n\n\n\n<div class=\"wp-block-uagb-container uagb-block-6a246842 alignfull uagb-is-root-container\"><div class=\"uagb-container-inner-blocks-wrap\">\n<div class=\"wp-block-uagb-advanced-heading uagb-block-78cc5818\"><h2 class=\"uagb-heading-text\">Ripariamo pi\u00f9 della pelle. <br>Ripariamo ci\u00f2 che conta.&nbsp; <\/h2><\/div>\n<\/div><\/div>\n\n\n\n<div class=\"wp-block-uagb-container uagb-block-432dd89e alignfull uagb-is-root-container\"><div class=\"uagb-container-inner-blocks-wrap\">\n<div class=\"wp-block-uagb-container uagb-block-1a5f03ea\">\n<div class=\"wp-block-uagb-advanced-heading uagb-block-b3172340\"><h2 class=\"uagb-heading-text\">Il nostro inizio<\/h2><\/div>\n\n\n\n<div class=\"wp-block-uagb-advanced-heading uagb-block-970ae659\"><h5 class=\"uagb-heading-text\">Ethan ha fondato Micter Leather partendo da un momento personale decisivo. Seduto sul vecchio divano in pelle di suo padre, ha notato un\u2019apertura nell\u2019apribordo \u2014 un pezzo che custodiva innumerevoli ricordi familiari. Quel giorno sembr\u00f2 chiaro che alcuni oggetti valgono pi\u00f9 della loro funzione; essi custodiscono emozioni.&nbsp;<\/h5><\/div>\n<\/div>\n\n\n\n<div class=\"wp-block-uagb-container uagb-block-78605681\">\n<div class=\"wp-block-uagb-image uagb-block-e7f3be6f wp-block-uagb-image--layout-default wp-block-uagb-image--effect-static wp-block-uagb-image--align-none\"><figure class=\"wp-block-uagb-image__figure\"><img decoding=\"async\" srcset=\"https:\/\/micterleather.com\/wp-content\/uploads\/2025\/08\/micter_leather_old_sofa_in_room.webp ,https:\/\/micterleather.com\/wp-content\/uploads\/2025\/08\/micter_leather_old_sofa_in_room.webp 780w, https:\/\/micterleather.com\/wp-content\/uploads\/2025\/08\/micter_leather_old_sofa_in_room.webp 360w\" sizes=\"auto, (max-width: 480px) 150px\" src=\"https:\/\/micterleather.com\/wp-content\/uploads\/2025\/08\/micter_leather_old_sofa_in_room.webp\" alt=\"\" class=\"uag-image-3755\" width=\"484\" height=\"484\" title=\"antico_sof\u00e0_micter_leather_in_una_stanza\" loading=\"lazy\" role=\"img\"\/><\/figure><\/div>\n<\/div>\n<\/div><\/div>\n\n\n\n<div class=\"wp-block-uagb-container uagb-block-8b272d3c alignfull uagb-is-root-container\"><div class=\"uagb-container-inner-blocks-wrap\">\n<div class=\"wp-block-uagb-container uagb-block-b8162e78\">\n<div class=\"wp-block-uagb-image uagb-block-cf0507b9 wp-block-uagb-image--layout-default wp-block-uagb-image--effect-static wp-block-uagb-image--align-none\"><figure class=\"wp-block-uagb-image__figure\"><img decoding=\"async\" srcset=\"https:\/\/micterleather.com\/wp-content\/uploads\/2025\/08\/Ethan_Micter_founded_Micter_Leather.webp ,https:\/\/micterleather.com\/wp-content\/uploads\/2025\/08\/Ethan_Micter_founded_Micter_Leather.webp 780w, https:\/\/micterleather.com\/wp-content\/uploads\/2025\/08\/Ethan_Micter_founded_Micter_Leather.webp 360w\" sizes=\"auto, (max-width: 480px) 150px\" src=\"https:\/\/micterleather.com\/wp-content\/uploads\/2025\/08\/Ethan_Micter_founded_Micter_Leather.webp\" alt=\"\" class=\"uag-image-3746\" width=\"1024\" height=\"1024\" title=\"Ethan_Micter_fond\u00f2_Micter_Leather\" loading=\"lazy\" role=\"img\"\/><\/figure><\/div>\n<\/div>\n\n\n\n<div class=\"wp-block-uagb-container uagb-block-b380a959\">\n<div class=\"wp-block-uagb-advanced-heading uagb-block-4b55a56d\"><h2 class=\"uagb-heading-text\">Sfide e Scoperte<\/h2><\/div>\n\n\n\n<div class=\"wp-block-uagb-advanced-heading uagb-block-8c54e85b\"><h5 class=\"uagb-heading-text\">La prima riparazione di Ethan utilizzava adesivo monouso \u2014 efficace all\u2019inizio, ma dannoso se riposizionato. In seguito, la colla a base acquosa sembrava promettente, ma perdeva adesione in condizioni di umidit\u00e0.&nbsp;<br>Grazie al costante feedback di amici, vicini e clienti europei su Amazon, Ethan e il suo team hanno affinato la formula. Collaborando con un fornitore francese di pelle premium e con un produttore tedesco di materiali industriali, hanno sviluppato un adesivo innovativo: riutilizzabile, non dannoso e persino pi\u00f9 forte col tempo.<\/h5><\/div>\n<\/div>\n<\/div><\/div>\n\n\n\n<div class=\"wp-block-uagb-container uagb-block-4fdde93d alignfull uagb-is-root-container\"><div class=\"uagb-container-inner-blocks-wrap\">\n<div class=\"wp-block-uagb-container uagb-block-ba94c3ee\">\n<div class=\"wp-block-uagb-advanced-heading uagb-block-602aa27e\"><h2 class=\"uagb-heading-text\">Collaborazioni e Fiducia<\/h2><\/div>\n\n\n\n<div class=\"wp-block-uagb-advanced-heading uagb-block-123686a4\"><h5 class=\"uagb-heading-text\">Le collaborazioni di Micter Leather sono cresciute:&nbsp;<br>Uno studio boutique di pelle a Parigi ha prolungato la vita di classici borselli.&nbsp;<br>Un\u2019officina auto a Monaco ha restaurato dozzine di sedili d\u2019epoca.&nbsp;<br>Una scuola di design in Spagna ha utilizzato i nostri materiali in corsi di restauro di mobili.&nbsp;<\/h5><\/div>\n<\/div>\n\n\n\n<div class=\"wp-block-uagb-container uagb-block-3246b219\">\n<div class=\"wp-block-uagb-image uagb-block-1f56174e wp-block-uagb-image--layout-default wp-block-uagb-image--effect-static wp-block-uagb-image--align-none\"><figure class=\"wp-block-uagb-image__figure\"><img decoding=\"async\" srcset=\"https:\/\/micterleather.com\/wp-content\/uploads\/2025\/08\/Micter_leather_repair_patch_be_use_for_bag_in_paris.webp ,https:\/\/micterleather.com\/wp-content\/uploads\/2025\/08\/Micter_leather_repair_patch_be_use_for_bag_in_paris.webp 780w, https:\/\/micterleather.com\/wp-content\/uploads\/2025\/08\/Micter_leather_repair_patch_be_use_for_bag_in_paris.webp 360w\" sizes=\"auto, (max-width: 480px) 150px\" src=\"https:\/\/micterleather.com\/wp-content\/uploads\/2025\/08\/Micter_leather_repair_patch_be_use_for_bag_in_paris.webp\" alt=\"\" class=\"uag-image-3752\" width=\"570\" height=\"570\" title=\"Micter_leather_riparazione_tessuto_da_usare_per_borsa_a_parigi\" loading=\"lazy\" role=\"img\"\/><\/figure><\/div>\n<\/div>\n<\/div><\/div>\n\n\n\n<div class=\"wp-block-uagb-container uagb-block-86523b92 alignfull uagb-is-root-container\"><div class=\"uagb-container-inner-blocks-wrap\">\n<div class=\"wp-block-uagb-container uagb-block-d8f97b37\">\n<div class=\"wp-block-uagb-image uagb-block-b87c78bc wp-block-uagb-image--layout-default wp-block-uagb-image--effect-static wp-block-uagb-image--align-none\"><figure class=\"wp-block-uagb-image__figure\"><img decoding=\"async\" srcset=\"https:\/\/micterleather.com\/wp-content\/uploads\/2025\/06\/MICTER-Patch-Reparation-Cuir-e1753783867315-1024x933.webp ,https:\/\/micterleather.com\/wp-content\/uploads\/2025\/06\/MICTER-Patch-Reparation-Cuir-e1753783867315.webp 780w, https:\/\/micterleather.com\/wp-content\/uploads\/2025\/06\/MICTER-Patch-Reparation-Cuir-e1753783867315.webp 360w\" sizes=\"auto, (max-width: 480px) 150px\" src=\"https:\/\/micterleather.com\/wp-content\/uploads\/2025\/06\/MICTER-Patch-Reparation-Cuir-e1753783867315-1024x933.webp\" alt=\"\" class=\"uag-image-2252\" width=\"1024\" height=\"933\" title=\"Patch di riparazione in pelle MICTER\" loading=\"lazy\" role=\"img\"\/><\/figure><\/div>\n<\/div>\n\n\n\n<div class=\"wp-block-uagb-container uagb-block-68db52b3\">\n<div class=\"wp-block-uagb-advanced-heading uagb-block-b0433481\"><h2 class=\"uagb-heading-text\">La nostra missione<\/h2><\/div>\n\n\n\n<div class=\"wp-block-uagb-advanced-heading uagb-block-39402718\"><h5 class=\"uagb-heading-text\">Micter Leather offre pi\u00f9 colori e test rigorosi per climi diversi. Ogni feedback \u2014 sia da un artigiano di Parigi che da un proprietario di casa di Berlino \u2014 guida i nostri miglioramenti continui.&nbsp;<br>La nostra filosofia \u00e8 semplice:&nbsp;<\/h5><\/div>\n\n\n\n<p class=\"has-ast-global-color-5-background-color has-background has-medium-font-size\"><strong>\u201cLa riparazione \u00e8 pi\u00f9 che restaurare la pelle; \u00e8 preservare il legame emotivo tra le persone e i loro beni.\u201d&nbsp;<\/strong><\/p>\n<\/div>\n<\/div><\/div>\n\n\n\n<div class=\"wp-block-uagb-container uagb-block-4187a568 alignfull uagb-is-root-container\"><div class=\"uagb-container-inner-blocks-wrap\">\n<div class=\"wp-block-uagb-container uagb-block-da3143ab\">\n<div class=\"wp-block-uagb-advanced-heading uagb-block-1e5b902f\"><h3 class=\"uagb-heading-text\">Scopri come riportiamo in vita la tua pelle \u2014 e i tuoi ricordi.&nbsp;<\/h3><div class=\"uagb-separator\"><\/div><\/div>\n<\/div>\n\n\n\n<div class=\"wp-block-uagb-buttons uagb-buttons__outer-wrap uagb-btn__default-btn uagb-btn-tablet__default-btn uagb-btn-mobile__default-btn uagb-block-917400a6\"><div class=\"uagb-buttons__wrap uagb-buttons-layout-wrap\">\n<div class=\"wp-block-uagb-buttons-child uagb-buttons__outer-wrap uagb-block-4c00965c wp-block-button\"><div class=\"uagb-button__wrapper\"><a class=\"uagb-buttons-repeater wp-block-button__link\" aria-label=\"\" href=\"https:\/\/micterleather.com\/it\/product\/\" rel=\"follow noopener\" target=\"_self\" role=\"button\"><div class=\"uagb-button__link\">acquista ora<\/div><span class=\"uagb-button__icon uagb-button__icon-position-after\"><svg xmlns=\"https:\/\/www.w3.org\/2000\/svg\" viewbox=\"0 0 448 512\" aria-hidden=\"true\" focussable=\"false\"><path d=\"M438.6 278.6l-160 160C272.4 444.9 264.2 448 256 448s-16.38-3.125-22.62-9.375c-12.5-12.5-12.5-32.75 0-45.25L338.8 288H32C14.33 288 .0016 273.7 .0016 256S14.33 224 32 224h306.8l-105.4-105.4c-12.5-12.5-12.5-32.75 0-45.25s32.75-12.5 45.25 0l160 160C451.1 245.9 451.1 266.1 438.6 278.6z\"><\/path><\/svg><\/span><\/a><\/div><\/div>\n<\/div><\/div>\n<\/div><\/div>\n\n\n\n<div class=\"wp-block-uagb-container uagb-block-6a2513f7 alignfull uagb-is-root-container\"><div class=\"uagb-container-inner-blocks-wrap\"><\/div><\/div>\n\n\n\n<div class=\"wp-block-uagb-container uag-hide-desktop uag-hide-tab uag-hide-mob uagb-block-c93bb2ed alignfull uagb-is-root-container\"><div class=\"uagb-container-inner-blocks-wrap\">\n<div class=\"wp-block-uagb-advanced-heading uagb-block-75d29c9b\"><h5 class=\"uagb-heading-text\">In Evidenza Su<\/h5><\/div>\n\n\n\n<div class=\"wp-block-uagb-container uagb-block-cf4b3f06\">\t\t\t\t\t<div\n\t\t\t\t\t\tclass=\"wp-block-uagb-image-gallery uagb-block-ba14ea0f\"\n\t\t\t\t\t\tstyle=\"\"\n\t\t\t\t\t>\n\t\t\t\t\t\t\t\t\t\t\t<div class=\"spectra-image-gallery spectra-image-gallery__layout--carousel\">\n\t\t\t\t\t\t\t\t<div class=\"uagb-slick-carousel uagb-block-ba14ea0f\">\n\t\t\t\t\t\t\t\t\t\t\t\t<div class='spectra-image-gallery__media-wrapper' data-spectra-gallery-image-id='48'>\n\t\t\t\t\t\t\t<div class=\"spectra-image-gallery__media spectra-image-gallery__media--carousel\">\n\t\t\t\t<picture>\n\t\t\t\t\t<source media=\"(min-width: 1024px)\" srcset=\"https:\/\/micterleather.com\/wp-content\/uploads\/2021\/04\/logo-01-free-img.png\">\n\t\t\t\t\t<source media=\"(min-width: 768px)\" srcset=\"https:\/\/micterleather.com\/wp-content\/uploads\/2021\/04\/logo-01-free-img.png\">\n\t\t\t\t\t<img decoding=\"async\" class=\"spectra-image-gallery__media-thumbnail spectra-image-gallery__media-thumbnail--carousel\" src=\"https:\/\/micterleather.com\/wp-content\/uploads\/2021\/04\/logo-01-free-img.png\" alt=\"\" loading=\"lazy\" \/>\n\t\t\t\t<\/picture>\n\t\t\t\t<div class=\"spectra-image-gallery__media-thumbnail-blurrer\"><\/div>\n\t\t\t\t\t\t\t\t\t\t\t<div class=\"spectra-image-gallery__media-thumbnail-caption-wrapper spectra-image-gallery__media-thumbnail-caption-wrapper--overlay\"><\/div>\n\t\t\t\t\t\t\t\t<\/div>\n\t\t\t\t\t\t<\/div>\n\t\t\t\t\t\t<div class='spectra-image-gallery__media-wrapper' data-spectra-gallery-image-id='49'>\n\t\t\t\t\t\t\t<div class=\"spectra-image-gallery__media spectra-image-gallery__media--carousel\">\n\t\t\t\t<picture>\n\t\t\t\t\t<source media=\"(min-width: 1024px)\" srcset=\"https:\/\/micterleather.com\/wp-content\/uploads\/2021\/04\/logo-02-free-img.png\">\n\t\t\t\t\t<source media=\"(min-width: 768px)\" srcset=\"https:\/\/micterleather.com\/wp-content\/uploads\/2021\/04\/logo-02-free-img.png\">\n\t\t\t\t\t<img decoding=\"async\" class=\"spectra-image-gallery__media-thumbnail spectra-image-gallery__media-thumbnail--carousel\" src=\"https:\/\/micterleather.com\/wp-content\/uploads\/2021\/04\/logo-02-free-img.png\" alt=\"\" loading=\"lazy\" \/>\n\t\t\t\t<\/picture>\n\t\t\t\t<div class=\"spectra-image-gallery__media-thumbnail-blurrer\"><\/div>\n\t\t\t\t\t\t\t\t\t\t\t<div class=\"spectra-image-gallery__media-thumbnail-caption-wrapper spectra-image-gallery__media-thumbnail-caption-wrapper--overlay\"><\/div>\n\t\t\t\t\t\t\t\t<\/div>\n\t\t\t\t\t\t<\/div>\n\t\t\t\t\t\t<div class='spectra-image-gallery__media-wrapper' data-spectra-gallery-image-id='50'>\n\t\t\t\t\t\t\t<div class=\"spectra-image-gallery__media spectra-image-gallery__media--carousel\">\n\t\t\t\t<picture>\n\t\t\t\t\t<source media=\"(min-width: 1024px)\" srcset=\"https:\/\/micterleather.com\/wp-content\/uploads\/2021\/04\/logo-03-free-img.png\">\n\t\t\t\t\t<source media=\"(min-width: 768px)\" srcset=\"https:\/\/micterleather.com\/wp-content\/uploads\/2021\/04\/logo-03-free-img.png\">\n\t\t\t\t\t<img decoding=\"async\" class=\"spectra-image-gallery__media-thumbnail spectra-image-gallery__media-thumbnail--carousel\" src=\"https:\/\/micterleather.com\/wp-content\/uploads\/2021\/04\/logo-03-free-img.png\" alt=\"\" loading=\"lazy\" \/>\n\t\t\t\t<\/picture>\n\t\t\t\t<div class=\"spectra-image-gallery__media-thumbnail-blurrer\"><\/div>\n\t\t\t\t\t\t\t\t\t\t\t<div class=\"spectra-image-gallery__media-thumbnail-caption-wrapper spectra-image-gallery__media-thumbnail-caption-wrapper--overlay\"><\/div>\n\t\t\t\t\t\t\t\t<\/div>\n\t\t\t\t\t\t<\/div>\n\t\t\t\t\t\t<div class='spectra-image-gallery__media-wrapper' data-spectra-gallery-image-id='53'>\n\t\t\t\t\t\t\t<div class=\"spectra-image-gallery__media spectra-image-gallery__media--carousel\">\n\t\t\t\t<picture>\n\t\t\t\t\t<source media=\"(min-width: 1024px)\" srcset=\"https:\/\/micterleather.com\/wp-content\/uploads\/2021\/04\/logo-06-free-img.png\">\n\t\t\t\t\t<source media=\"(min-width: 768px)\" srcset=\"https:\/\/micterleather.com\/wp-content\/uploads\/2021\/04\/logo-06-free-img.png\">\n\t\t\t\t\t<img decoding=\"async\" class=\"spectra-image-gallery__media-thumbnail spectra-image-gallery__media-thumbnail--carousel\" src=\"https:\/\/micterleather.com\/wp-content\/uploads\/2021\/04\/logo-06-free-img.png\" alt=\"\" loading=\"lazy\" \/>\n\t\t\t\t<\/picture>\n\t\t\t\t<div class=\"spectra-image-gallery__media-thumbnail-blurrer\"><\/div>\n\t\t\t\t\t\t\t\t\t\t\t<div class=\"spectra-image-gallery__media-thumbnail-caption-wrapper spectra-image-gallery__media-thumbnail-caption-wrapper--overlay\"><\/div>\n\t\t\t\t\t\t\t\t<\/div>\n\t\t\t\t\t\t<\/div>\n\t\t\t\t\t\t<div class='spectra-image-gallery__media-wrapper' data-spectra-gallery-image-id='54'>\n\t\t\t\t\t\t\t<div class=\"spectra-image-gallery__media spectra-image-gallery__media--carousel\">\n\t\t\t\t<picture>\n\t\t\t\t\t<source media=\"(min-width: 1024px)\" srcset=\"https:\/\/micterleather.com\/wp-content\/uploads\/2021\/04\/logo-07-free-img.png\">\n\t\t\t\t\t<source media=\"(min-width: 768px)\" srcset=\"https:\/\/micterleather.com\/wp-content\/uploads\/2021\/04\/logo-07-free-img.png\">\n\t\t\t\t\t<img decoding=\"async\" class=\"spectra-image-gallery__media-thumbnail spectra-image-gallery__media-thumbnail--carousel\" src=\"https:\/\/micterleather.com\/wp-content\/uploads\/2021\/04\/logo-07-free-img.png\" alt=\"\" loading=\"lazy\" \/>\n\t\t\t\t<\/picture>\n\t\t\t\t<div class=\"spectra-image-gallery__media-thumbnail-blurrer\"><\/div>\n\t\t\t\t\t\t\t\t\t\t\t<div class=\"spectra-image-gallery__media-thumbnail-caption-wrapper spectra-image-gallery__media-thumbnail-caption-wrapper--overlay\"><\/div>\n\t\t\t\t\t\t\t\t<\/div>\n\t\t\t\t\t\t<\/div>\n\t\t\t\t\t\t\t\t\t\t\t<\/div>\n\t\t\t\t\t\t\t<\/div>\n\t\t\t\t\t\t\t\t\t\t\t<\/div>\n\t\t\t\t\t\t\t\t\t<\/div>\n\n\n\n<div class=\"wp-block-uagb-container uagb-block-06d521c1\">\t\t\t\t\t<div\n\t\t\t\t\t\tclass=\"wp-block-uagb-image-gallery uagb-block-75acf048\"\n\t\t\t\t\t\tstyle=\"\"\n\t\t\t\t\t>\n\t\t\t\t\t\t\t\t\t\t\t<div class=\"spectra-image-gallery spectra-image-gallery__layout--carousel\">\n\t\t\t\t\t\t\t\t<div class=\"uagb-slick-carousel uagb-block-75acf048\">\n\t\t\t\t\t\t\t\t\t\t\t\t<div class='spectra-image-gallery__media-wrapper' data-spectra-gallery-image-id='52'>\n\t\t\t\t\t\t\t<div class=\"spectra-image-gallery__media spectra-image-gallery__media--carousel\">\n\t\t\t\t<picture>\n\t\t\t\t\t<source media=\"(min-width: 1024px)\" srcset=\"https:\/\/micterleather.com\/wp-content\/uploads\/2021\/04\/logo-05-free-img.png\">\n\t\t\t\t\t<source media=\"(min-width: 768px)\" srcset=\"https:\/\/micterleather.com\/wp-content\/uploads\/2021\/04\/logo-05-free-img.png\">\n\t\t\t\t\t<img decoding=\"async\" class=\"spectra-image-gallery__media-thumbnail spectra-image-gallery__media-thumbnail--carousel\" src=\"https:\/\/micterleather.com\/wp-content\/uploads\/2021\/04\/logo-05-free-img.png\" alt=\"\" loading=\"lazy\" \/>\n\t\t\t\t<\/picture>\n\t\t\t\t<div class=\"spectra-image-gallery__media-thumbnail-blurrer\"><\/div>\n\t\t\t\t\t\t\t\t\t\t\t<div class=\"spectra-image-gallery__media-thumbnail-caption-wrapper spectra-image-gallery__media-thumbnail-caption-wrapper--overlay\"><\/div>\n\t\t\t\t\t\t\t\t<\/div>\n\t\t\t\t\t\t<\/div>\n\t\t\t\t\t\t<div class='spectra-image-gallery__media-wrapper' data-spectra-gallery-image-id='51'>\n\t\t\t\t\t\t\t<div class=\"spectra-image-gallery__media spectra-image-gallery__media--carousel\">\n\t\t\t\t<picture>\n\t\t\t\t\t<source media=\"(min-width: 1024px)\" srcset=\"https:\/\/micterleather.com\/wp-content\/uploads\/2021\/04\/logo-04-free-img.png\">\n\t\t\t\t\t<source media=\"(min-width: 768px)\" srcset=\"https:\/\/micterleather.com\/wp-content\/uploads\/2021\/04\/logo-04-free-img.png\">\n\t\t\t\t\t<img decoding=\"async\" class=\"spectra-image-gallery__media-thumbnail spectra-image-gallery__media-thumbnail--carousel\" src=\"https:\/\/micterleather.com\/wp-content\/uploads\/2021\/04\/logo-04-free-img.png\" alt=\"\" loading=\"lazy\" \/>\n\t\t\t\t<\/picture>\n\t\t\t\t<div class=\"spectra-image-gallery__media-thumbnail-blurrer\"><\/div>\n\t\t\t\t\t\t\t\t\t\t\t<div class=\"spectra-image-gallery__media-thumbnail-caption-wrapper spectra-image-gallery__media-thumbnail-caption-wrapper--overlay\"><\/div>\n\t\t\t\t\t\t\t\t<\/div>\n\t\t\t\t\t\t<\/div>\n\t\t\t\t\t\t<div class='spectra-image-gallery__media-wrapper' data-spectra-gallery-image-id='55'>\n\t\t\t\t\t\t\t<div class=\"spectra-image-gallery__media spectra-image-gallery__media--carousel\">\n\t\t\t\t<picture>\n\t\t\t\t\t<source media=\"(min-width: 1024px)\" srcset=\"https:\/\/micterleather.com\/wp-content\/uploads\/2021\/04\/logo-08-free-img.png\">\n\t\t\t\t\t<source media=\"(min-width: 768px)\" srcset=\"https:\/\/micterleather.com\/wp-content\/uploads\/2021\/04\/logo-08-free-img.png\">\n\t\t\t\t\t<img decoding=\"async\" class=\"spectra-image-gallery__media-thumbnail spectra-image-gallery__media-thumbnail--carousel\" src=\"https:\/\/micterleather.com\/wp-content\/uploads\/2021\/04\/logo-08-free-img.png\" alt=\"\" loading=\"lazy\" \/>\n\t\t\t\t<\/picture>\n\t\t\t\t<div class=\"spectra-image-gallery__media-thumbnail-blurrer\"><\/div>\n\t\t\t\t\t\t\t\t\t\t\t<div class=\"spectra-image-gallery__media-thumbnail-caption-wrapper spectra-image-gallery__media-thumbnail-caption-wrapper--overlay\"><\/div>\n\t\t\t\t\t\t\t\t<\/div>\n\t\t\t\t\t\t<\/div>\n\t\t\t\t\t\t\t\t\t\t\t<\/div>\n\t\t\t\t\t\t\t<\/div>\n\t\t\t\t\t\t\t\t\t\t\t<\/div>\n\t\t\t\t\t\t\t\t\t<\/div>\n<\/div><\/div>\n\n\n\n<div class=\"wp-block-uagb-container uag-hide-desktop uag-hide-tab uag-hide-mob uagb-block-b57fee94 alignfull uagb-is-root-container\"><div class=\"uagb-container-inner-blocks-wrap\">\n<div class=\"wp-block-uagb-container uagb-block-ecc51990\">\n<div class=\"wp-block-uagb-info-box uagb-block-6f523d39 uagb-infobox__content-wrap  uagb-infobox-icon-above-title uagb-infobox-image-valign-top\"><div class=\"uagb-ifb-content\"><div class=\"uagb-ifb-title-wrap\"><h2 class=\"uagb-ifb-title\">Hai domande?<\/h2><\/div><\/div><\/div>\n\n\n\n<div class=\"wp-block-uagb-buttons uagb-buttons__outer-wrap uagb-btn__default-btn uagb-btn-tablet__default-btn uagb-btn-mobile__default-btn uagb-block-35325fb5\"><div class=\"uagb-buttons__wrap uagb-buttons-layout-wrap\">\n<div class=\"wp-block-uagb-buttons-child uagb-buttons__outer-wrap uagb-block-a6aee5e8 wp-block-button\"><div class=\"uagb-button__wrapper\"><a class=\"uagb-buttons-repeater wp-block-button__link\" aria-label=\"\" href=\"#\" rel=\"follow noopener\" target=\"_self\" role=\"button\"><div class=\"uagb-button__link\">contattaci<\/div><\/a><\/div><\/div>\n<\/div><\/div>\n<\/div>\n\n\n\n<div class=\"wp-block-uagb-container uagb-block-6b33374f\">\n<div class=\"wp-block-uagb-info-box uagb-block-299a0aca uagb-infobox__content-wrap  uagb-infobox-icon-above-title uagb-infobox-image-valign-top\"><div class=\"uagb-ifb-content\"><div class=\"uagb-ifb-title-wrap\"><h5 class=\"uagb-ifb-title\">Traccia il tuo ordine<\/h5><\/div><p class=\"uagb-ifb-desc\">Lorem ipsum dolor sit amet, consectetur adipiscing elit. Ut elit tellus.<\/p><div class=\"uagb-ifb-button-wrapper wp-block-button\"><a href=\"#\" target=\"_self\" onclick=\"return false;\" class=\"uagb-infobox-cta-link\" rel=\"noopener noreferrer\"><span class=\"uagb-inline-editing\">Traccia il tuo ordine<\/span><\/a><\/div><\/div><\/div>\n<\/div>\n\n\n\n<div class=\"wp-block-uagb-container uagb-block-0068e4bb\">\n<div class=\"wp-block-uagb-info-box uagb-block-b77de846 uagb-infobox__content-wrap  uagb-infobox-icon-above-title uagb-infobox-image-valign-top\"><div class=\"uagb-ifb-content\"><div class=\"uagb-ifb-title-wrap\"><h5 class=\"uagb-ifb-title\">Ritorno e rimborso<\/h5><\/div><p class=\"uagb-ifb-desc\">Lorem ipsum dolor sit amet, consectetur adipiscing elit. Ut elit tellus.<\/p><div class=\"uagb-ifb-button-wrapper wp-block-button\"><a href=\"#\" target=\"_self\" onclick=\"return false;\" class=\"uagb-infobox-cta-link\" rel=\"noopener noreferrer\"><span class=\"uagb-inline-editing\">Leggi di pi\u00f9<\/span><\/a><\/div><\/div><\/div>\n<\/div>\n<\/div><\/div>","protected":false},"excerpt":{"rendered":"<p>About Us\u200b We restore more than leather. We restore what matters.\u00a0 Our Beginning Ethan founded Micter Leather from a pivotal personal moment. Sitting on his father\u2019s old leather sofa, he noticed a split in the armrest \u2014 a piece that carried countless family memories. That day, he realized some objects are worth more than their<\/p>","protected":false},"author":2,"featured_media":0,"parent":0,"menu_order":0,"comment_status":"closed","ping_status":"closed","template":"","meta":{"_uag_custom_page_level_css":"","site-sidebar-layout":"no-sidebar","site-content-layout":"page-builder","ast-site-content-layout":"full-width-container","site-content-style":"unboxed","site-sidebar-style":"unboxed","ast-global-header-display":"","ast-banner-title-visibility":"","ast-main-header-display":"","ast-hfb-above-header-display":"","ast-hfb-below-header-display":"","ast-hfb-mobile-header-display":"","site-post-title":"disabled","ast-breadcrumbs-content":"","ast-featured-img":"","footer-sml-layout":"","ast-disable-related-posts":"","theme-transparent-header-meta":"","adv-header-id-meta":"","stick-header-meta":"","header-above-stick-meta":"","header-main-stick-meta":"","header-below-stick-meta":"","astra-migrate-meta-layouts":"set","ast-page-background-enabled":"default","ast-page-background-meta":{"desktop":{"background-color":"","background-image":"","background-repeat":"repeat","background-position":"center center","background-size":"auto","background-attachment":"scroll","background-type":"","background-media":"","overlay-type":"","overlay-color":"","overlay-opacity":"","overlay-gradient":""},"tablet":{"background-color":"","background-image":"","background-repeat":"repeat","background-position":"center center","background-size":"auto","background-attachment":"scroll","background-type":"","background-media":"","overlay-type":"","overlay-color":"","overlay-opacity":"","overlay-gradient":""},"mobile":{"background-color":"","background-image":"","background-repeat":"repeat","background-position":"center center","background-size":"auto","background-attachment":"scroll","background-type":"","background-media":"","overlay-type":"","overlay-color":"","overlay-opacity":"","overlay-gradient":""}},"ast-content-background-meta":{"desktop":{"background-color":"var(--ast-global-color-5)","background-image":"","background-repeat":"repeat","background-position":"center center","background-size":"auto","background-attachment":"scroll","background-type":"","background-media":"","overlay-type":"","overlay-color":"","overlay-opacity":"","overlay-gradient":""},"tablet":{"background-color":"var(--ast-global-color-5)","background-image":"","background-repeat":"repeat","background-position":"center center","background-size":"auto","background-attachment":"scroll","background-type":"","background-media":"","overlay-type":"","overlay-color":"","overlay-opacity":"","overlay-gradient":""},"mobile":{"background-color":"var(--ast-global-color-5)","background-image":"","background-repeat":"repeat","background-position":"center center","background-size":"auto","background-attachment":"scroll","background-type":"","background-media":"","overlay-type":"","overlay-color":"","overlay-opacity":"","overlay-gradient":""}},"footnotes":"[]"},"class_list":["post-843","page","type-page","status-publish","hentry"],"uagb_featured_image_src":{"full":false,"thumbnail":false,"medium":false,"medium_large":false,"large":false,"1536x1536":false,"2048x2048":false,"trp-custom-language-flag":false,"woocommerce_thumbnail":false,"woocommerce_single":false,"woocommerce_gallery_thumbnail":false},"uagb_author_info":{"display_name":"micter","author_link":"https:\/\/micterleather.com\/it\/author\/micter\/"},"uagb_comment_info":0,"uagb_excerpt":"About Us\u200b We restore more than leather. We restore what matters.&nbsp; Our Beginning Ethan founded Micter Leather from a pivotal personal moment. Sitting on his father\u2019s old leather sofa, he noticed a split in the armrest \u2014 a piece that carried countless family memories. That day, he realized some objects are worth more than their&hellip;","_links":{"self":[{"href":"https:\/\/micterleather.com\/it\/wp-json\/wp\/v2\/pages\/843","targetHints":{"allow":["GET"]}}],"collection":[{"href":"https:\/\/micterleather.com\/it\/wp-json\/wp\/v2\/pages"}],"about":[{"href":"https:\/\/micterleather.com\/it\/wp-json\/wp\/v2\/types\/page"}],"author":[{"embeddable":true,"href":"https:\/\/micterleather.com\/it\/wp-json\/wp\/v2\/users\/2"}],"replies":[{"embeddable":true,"href":"https:\/\/micterleather.com\/it\/wp-json\/wp\/v2\/comments?post=843"}],"version-history":[{"count":18,"href":"https:\/\/micterleather.com\/it\/wp-json\/wp\/v2\/pages\/843\/revisions"}],"predecessor-version":[{"id":4089,"href":"https:\/\/micterleather.com\/it\/wp-json\/wp\/v2\/pages\/843\/revisions\/4089"}],"wp:attachment":[{"href":"https:\/\/micterleather.com\/it\/wp-json\/wp\/v2\/media?parent=843"}],"curies":[{"name":"wp","href":"https:\/\/api.w.org\/{rel}","templated":true}]}}