{"id":2900,"date":"2025-07-14T03:06:56","date_gmt":"2025-07-14T03:06:56","guid":{"rendered":"https:\/\/micterleather.com\/?page_id=2900"},"modified":"2025-08-22T06:59:09","modified_gmt":"2025-08-22T06:59:09","slug":"shipping-delivery","status":"publish","type":"page","link":"https:\/\/micterleather.com\/it\/shipping-delivery\/","title":{"rendered":"Spedizione e consegna"},"content":{"rendered":"<p><strong>Quando partir\u00e0 il mio ordine?<\/strong><\/p>\n\n\n\n<p>La maggior parte degli ordini lascia il magazzino entro 2\u201315 giorni lavorativi. Gli ordini ordinati con spedizione Espressa o Veloce usciranno dal nostro magazzino ancora pi\u00f9 rapidamente. Ti invieremo un\u2019email con il tracking non appena sar\u00e0 disponibile.<\/p>\n\n\n\n<p>Gli articoli che sono in backorder verranno spediti entro la data indicata sulla pagina dell\u2019articolo. Ti ricorderemo anche durante il checkout e nella email di conferma dell\u2019ordine se hai scelto uno di questi articoli e qual \u00e8 la data di spedizione prevista.<\/p>\n\n\n\n<p>Durante il COVID-19 stiamo assistendo a ritardi dei corrieri superiori al solito, quindi ti consigliamo di darti un po\u2019 di tempo di margine se hai bisogno che un articolo o un regalo arrivi entro una certa data.<\/p>\n\n\n\n<p><strong>Opzioni e costi di spedizione<\/strong><\/p>\n\n\n\n<p>I prezzi di spedizione si basano sul valore degli articoli nel tuo ordine e sul livello di servizio che scegli.Quando calcoli il tempo totale di spedizione, ricorda che il giorno in cui il pacco viene spedito o ritirato dal nostro magazzino non \u00e8 considerato il primo giorno lavorativo; inizia a contare i giorni lavorativi dal primo giorno pieno in cui il pacco \u00e8 \u201cin transito\u201d verso di te.<\/p>\n\n\n\n<p>Nota: i giorni lavorativi sono da luned\u00ec a venerd\u00ec, escludendo weekend e festivit\u00e0 federali.<\/p>\n\n\n\n<p>Non sei sicuro di quale opzione di spedizione scegliere? Sappiamo che pu\u00f2 essere confuso, quindi ti forniremo tutte le informazioni necessarie al checkout, inclusi costo di spedizione e date di consegna.<\/p>\n\n\n\n<p>*I metodi di spedizione e i tempi sono soggetti a modifica. Si prega di vedere le opzioni dei metodi di spedizione al checkout.<\/p>","protected":false},"excerpt":{"rendered":"<p>When Will My Order Ship? Most orders leave the warehouse within 2 &#8211; 15 business days. Orders placed with Expedited or Express shipping will leave our warehouse even faster. We&#8217;ll email you tracking as soon as it&#8217;s available. Items that are on backorder will ship by the date indicated on the item page. We&#8217;ll also [&hellip;]<\/p>","protected":false},"author":2,"featured_media":0,"parent":0,"menu_order":0,"comment_status":"closed","ping_status":"closed","template":"","meta":{"_uag_custom_page_level_css":"","site-sidebar-layout":"default","site-content-layout":"","ast-site-content-layout":"default","site-content-style":"default","site-sidebar-style":"default","ast-global-header-display":"","ast-banner-title-visibility":"","ast-main-header-display":"","ast-hfb-above-header-display":"","ast-hfb-below-header-display":"","ast-hfb-mobile-header-display":"","site-post-title":"","ast-breadcrumbs-content":"","ast-featured-img":"","footer-sml-layout":"","ast-disable-related-posts":"","theme-transparent-header-meta":"","adv-header-id-meta":"","stick-header-meta":"","header-above-stick-meta":"","header-main-stick-meta":"","header-below-stick-meta":"","astra-migrate-meta-layouts":"set","ast-page-background-enabled":"default","ast-page-background-meta":{"desktop":{"background-color":"","background-image":"","background-repeat":"repeat","background-position":"center center","background-size":"auto","background-attachment":"scroll","background-type":"","background-media":"","overlay-type":"","overlay-color":"","overlay-opacity":"","overlay-gradient":""},"tablet":{"background-color":"","background-image":"","background-repeat":"repeat","background-position":"center center","background-size":"auto","background-attachment":"scroll","background-type":"","background-media":"","overlay-type":"","overlay-color":"","overlay-opacity":"","overlay-gradient":""},"mobile":{"background-color":"","background-image":"","background-repeat":"repeat","background-position":"center center","background-size":"auto","background-attachment":"scroll","background-type":"","background-media":"","overlay-type":"","overlay-color":"","overlay-opacity":"","overlay-gradient":""}},"ast-content-background-meta":{"desktop":{"background-color":"var(--ast-global-color-5)","background-image":"","background-repeat":"repeat","background-position":"center center","background-size":"auto","background-attachment":"scroll","background-type":"","background-media":"","overlay-type":"","overlay-color":"","overlay-opacity":"","overlay-gradient":""},"tablet":{"background-color":"var(--ast-global-color-5)","background-image":"","background-repeat":"repeat","background-position":"center center","background-size":"auto","background-attachment":"scroll","background-type":"","background-media":"","overlay-type":"","overlay-color":"","overlay-opacity":"","overlay-gradient":""},"mobile":{"background-color":"var(--ast-global-color-5)","background-image":"","background-repeat":"repeat","background-position":"center center","background-size":"auto","background-attachment":"scroll","background-type":"","background-media":"","overlay-type":"","overlay-color":"","overlay-opacity":"","overlay-gradient":""}},"footnotes":""},"class_list":["post-2900","page","type-page","status-publish","hentry"],"uagb_featured_image_src":{"full":false,"thumbnail":false,"medium":false,"medium_large":false,"large":false,"1536x1536":false,"2048x2048":false,"trp-custom-language-flag":false,"woocommerce_thumbnail":false,"woocommerce_single":false,"woocommerce_gallery_thumbnail":false},"uagb_author_info":{"display_name":"micter","author_link":"https:\/\/micterleather.com\/it\/author\/micter\/"},"uagb_comment_info":0,"uagb_excerpt":"When Will My Order Ship? Most orders leave the warehouse within 2 &#8211; 15 business days. Orders placed with Expedited or Express shipping will leave our warehouse even faster. We&#8217;ll email you tracking as soon as it&#8217;s available. Items that are on backorder will ship by the date indicated on the item page. We&#8217;ll also&hellip;","_links":{"self":[{"href":"https:\/\/micterleather.com\/it\/wp-json\/wp\/v2\/pages\/2900","targetHints":{"allow":["GET"]}}],"collection":[{"href":"https:\/\/micterleather.com\/it\/wp-json\/wp\/v2\/pages"}],"about":[{"href":"https:\/\/micterleather.com\/it\/wp-json\/wp\/v2\/types\/page"}],"author":[{"embeddable":true,"href":"https:\/\/micterleather.com\/it\/wp-json\/wp\/v2\/users\/2"}],"replies":[{"embeddable":true,"href":"https:\/\/micterleather.com\/it\/wp-json\/wp\/v2\/comments?post=2900"}],"version-history":[{"count":3,"href":"https:\/\/micterleather.com\/it\/wp-json\/wp\/v2\/pages\/2900\/revisions"}],"predecessor-version":[{"id":3932,"href":"https:\/\/micterleather.com\/it\/wp-json\/wp\/v2\/pages\/2900\/revisions\/3932"}],"wp:attachment":[{"href":"https:\/\/micterleather.com\/it\/wp-json\/wp\/v2\/media?parent=2900"}],"curies":[{"name":"wp","href":"https:\/\/api.w.org\/{rel}","templated":true}]}}