{"id":2113,"date":"2025-06-11T08:31:46","date_gmt":"2025-06-11T08:31:46","guid":{"rendered":"https:\/\/micterleather.com\/?page_id=2113"},"modified":"2025-07-26T08:39:22","modified_gmt":"2025-07-26T08:39:22","slug":"terms-of-service","status":"publish","type":"page","link":"https:\/\/micterleather.com\/it\/terms-of-service\/","title":{"rendered":"Termini di servizio"},"content":{"rendered":"<h1 class=\"wp-block-heading has-text-align-center\"><strong>Termini di servizio<\/strong><\/h1>\n\n\n\n<p><strong>Panoramica<\/strong><\/p>\n\n\n\n<p>Questo sito web \u00e8 gestito da <strong>Micterleather LLC<\/strong>. In tutto il sito, i termini \u201cnoi\u201d, \u201cnostro\u201d e \u201cci\u201d si riferiscono a <strong>Micterleather LLC<\/strong>. <strong>Micterleather LLC<\/strong> offre questo sito web, inclusi tutti i informazioni, strumenti e servizi disponibili da questo sito per te, l'utente, condizionati all'accettazione di tutti i termini, condizioni, politiche e avvisi riportati qui.<\/p>\n\n\n\n<p>Visitando il nostro sito e\/o acquistando qualcosa da noi, partecipi al nostro \u201cServizio\u201d e accetti di essere vincolato dai seguenti termini e condizioni (\u201cTermini di servizio\u201d, \u201cTermini\u201d), inclusi quelli ulteriori termini e condizioni e politiche qui referenced e\/o disponibili tramite iperlink. Questi Termini di servizio si applicano a tutti gli utenti del sito, inclusi senza limitazioni gli utenti che sono browser, venditori, clienti, commercianti e\/o contributori di contenuti.<\/p>\n\n\n\n<p>Si prega di leggere attentamente questi Termini di servizio prima di accedere o utilizzare il nostro sito web. Accedendo o utilizzando qualsiasi parte del sito, accetti di essere vincolato da questi Termini di servizio. Se non accetti tutti i termini e le condizioni di questo accordo, allora non puoi accedere al sito web o utilizzare alcun servizio. Se questi Termini di servizio sono considerati un'offerta, l'accettazione \u00e8 espressamente limitata a questi Termini di servizio.<\/p>\n\n\n\n<p>Qualsiasi nuova funzione o strumento aggiunto all'attuale negozio sar\u00e0 anch'esso soggetto ai Termini di servizio. Puoi consultare la versione pi\u00f9 recente dei Termini di servizio in qualsiasi momento su questa pagina. Ci riserviamo il diritto di aggiornare, modificare o sostituire qualsiasi parte di questi Termini di servizio pubblicando aggiornamenti e\/o modifiche sul nostro sito web. \u00c8 tua responsabilit\u00e0 controllare periodicamente questa pagina per eventuali cambiamenti. L'uso continuo o l'accesso al sito web dopo la pubblicazione di eventuali cambiamenti costituisce accettazione di tali cambiamenti.<\/p>\n\n\n\n<p>Il nostro negozio \u00e8 ospitato su <strong>Hostinger Inc.<\/strong> Ci forniscono la piattaforma ecommerce online che ci permette di vendere i nostri prodotti e servizi a te.<\/p>\n\n\n\n<p><strong>SEZIONE 1 \u2013 TERMINI DEL NEGOZIO ONLINE<\/strong><\/p>\n\n\n\n<p>Accettando questi Termini di servizio, dichiari di avere almeno l'et\u00e0 della maggioreit\u00e0 nello stato o provincia di residenza, o di avere l'et\u00e0 della maggioreit\u00e0 nel tuo stato o provincia di residenza e di averci dato il consenso per permettere a eventuali tuoi minori a carico di utilizzare questo sito.<\/p>\n\n\n\n<p>Non puoi utilizzare i nostri prodotti per scopi illegali o non autorizzati n\u00e9 puoi, nell'uso del Servizio, violare leggi nel tuo ordinamento (inclusi ma non limitati alle leggi sul copyright).<\/p>\n\n\n\n<p>Non devi trasmettere worm o virus o alcun codice di natura distruttiva.<\/p>\n\n\n\n<p>Una violazione di qualsiasi Termine comporter\u00e0 la cessazione immediata dei tuoi Servizi.<\/p>\n\n\n\n<p><strong>SEZIONE 2 \u2013 CONDIZIONI GENERALI<\/strong><\/p>\n\n\n\n<p>Ci riserviamo il diritto di rifiutare il servizio a chiunque per qualsiasi motivo in qualsiasi momento.<\/p>\n\n\n\n<p>Comprendi che i tuoi contenuti (niente informazioni della carta di credito) possono essere trasferiti non criptati e comportano (a) trasmissioni su varie reti; e (b) modifiche per conformarsi e adattarsi ai requisiti tecnici delle reti o dispositivi collegati. Le informazioni della carta di credito sono sempre criptate durante il trasferimento sulle reti.<\/p>\n\n\n\n<p>Concordi di non riprodurre, duplicare, copiare, vendere, rivendere o sfruttare alcuna porzione del Servizio, l'uso del Servizio o l'accesso al Servizio o a qualsiasi contatto sul sito web attraverso cui viene fornito il servizio, senza esplicita autorizzazione scritta da parte nostra.<\/p>\n\n\n\n<p>I titoli utilizzati nel presente accordo sono inclusi per comodit\u00e0 e non limiteranno n\u00e9 in altro modo influenzeranno questi Termini.<\/p>\n\n\n\n<p><strong>SEZIONE 3 \u2013 PRECISIONE, COMPLETEZZA E TEMPISTICA DELLE INFORMAZIONI<\/strong><\/p>\n\n\n\n<p>Non siamo responsabili se le informazioni rese disponibili su questo sito non sono accurate, complete o aggiornate. Il materiale presente su questo sito \u00e8 fornito per informazione generale e non dovrebbe essere considerato o utilizzato come unica base per prendere decisioni senza consultare fonti primarie, pi\u00f9 accurate, pi\u00f9 complete o pi\u00f9 tempestive. Qualsiasi affidamento sul materiale presente su questo sito \u00e8 a vostro rischio.<\/p>\n\n\n\n<p>Questo sito pu\u00f2 contenere alcune informazioni storiche. Le informazioni storiche, per definizione, non sono aggiornate e sono fornite solo a titolo di riferimento. Ci riserviamo il diritto di modificare i contenuti di questo sito in qualsiasi momento, ma non abbiamo alcun obbligo di aggiornare alcuna informazione sul nostro sito. Lei riconosce che \u00e8 sua responsabilit\u00e0 monitorare le modifiche al nostro sito.<\/p>\n\n\n\n<p><strong>SEZIONE 4 \u2013 MODIFICHE AL SERVIZIO E AI PREZZI<\/strong><\/p>\n\n\n\n<p>I prezzi dei nostri prodotti sono soggetti a modifiche senza preavviso.<\/p>\n\n\n\n<p>Ci riserviamo il diritto in qualsiasi momento di modificare o interrompere il Servizio (o qualsiasi parte o contenuto dello stesso) senza preavviso in qualsiasi momento.<\/p>\n\n\n\n<p>Non saremo responsabili verso di te o verso terzi per eventuali modifiche, cambiamenti di prezzo, sospensione o cessazione del Servizio.<\/p>\n\n\n\n<p><strong>SEZIONE 5 \u2013 PRODOTTI O SERVIZI (se applicabile)<\/strong><\/p>\n\n\n\n<p>Alcuni prodotti o servizi potrebbero essere disponibili esclusivamente online tramite il sito web. Questi prodotti o servizi potrebbero avere quantit\u00e0 limitate e sono soggetti a restituzione o scambio solo secondo la nostra Politica di Rimborso e Restituzione.<\/p>\n\n\n\n<p>Abbiamo fatto ogni sforzo per mostrare nel modo pi\u00f9 accurato possibile i colori e le immagini dei nostri prodotti che appaiono nel negozio. Non possiamo garantire che la visualizzazione di qualsiasi colore sul display del tuo computer sia accurata.<\/p>\n\n\n\n<p>Ci riserviamo il diritto, ma non siamo obbligati, di limitare la vendita dei nostri prodotti o servizi a qualsiasi persona, regione geografica o giurisdizione. Possiamo esercitare questo diritto caso per caso. Ci riserviamo il diritto di limitare le quantit\u00e0 di qualsiasi prodotto o servizio che offriamo. Tutte le descrizioni dei prodotti o dei prezzi dei prodotti sono soggette a modifiche in qualsiasi momento senza preavviso, a esclusiva discrezione nostra. Ci riserviamo il diritto di cessare qualsiasi prodotto in qualsiasi momento. Qualsiasi offerta per qualsiasi prodotto o servizio effettuata su questo sito \u00e8 nulla dove vietato.<\/p>\n\n\n\n<p>Non garantiamo che la qualit\u00e0 di alcun prodotto, servizio, informazione o altro materiale acquistato o ottenuto da te soddisfi le tue aspettative, o che eventuali errori nel Servizio saranno corretti.<\/p>\n\n\n\n<p><strong>SEZIONE 6 \u2013 ACCURATEZZA DEL BOLLETTINO E DELLE INFORMAZIONI DELL'ACCOUNT<\/strong><\/p>\n\n\n\n<p>Ci riserviamo il diritto di rifiutare qualsiasi ordine che effettui con noi. Potremmo, a nostra esclusiva discrezione, limitare o annullare le quantit\u00e0 acquistate per persona, per nucleo familiare o per ordine. Queste restrizioni possono includere ordini effettuati da o sotto lo stesso account cliente, la stessa carta di credito e\/o ordini che utilizzano lo stesso indirizzo di fatturazione e\/o spedizione. Nel caso in cui effettuiamo una modifica o annulliamo un ordine, potremmo provare a informarti contattando l'indirizzo email e\/o l'indirizzo di fatturazione\/numero di telefono forniti al momento dell'ordine. Ci riserviamo il diritto di limitare o vietare ordini che, a nostro solo giudizio, sembrano essere effettuati da rivenditori, rivenditori o distributori.<\/p>\n\n\n\n<p>Accetti di fornire informazioni di acquisto e account attuali, complete e accurate per tutti gli acquisti effettuati nel nostro negozio. Accetti di aggiornare prontamente il tuo account e altre informazioni, inclusi l'indirizzo email e i numeri di carta di credito e le relative date di scadenza, in modo che possiamo completare le tue transazioni e contattarti come necessario.<\/p>\n\n\n\n<p>Per ulteriori dettagli, consulta la nostra Politica di Rimborso e Restituzione.<\/p>\n\n\n\n<p><strong>SEZIONE 7 \u2013 STRUMENTI OPZIONALI<\/strong><\/p>\n\n\n\n<p>Potremmo fornire l'accesso a strumenti di terze parti sui quali non monitoriamo n\u00e9 controlliamo n\u00e9 forniamo input.<\/p>\n\n\n\n<p>Riconosci e accetti che forniamo l'accesso a tali strumenti \u201ccos\u00ec come sono\u201d e \u201cdisponibili\u201d senza alcuna garanzia, dichiarazione o condizione di alcun tipo e senza alcuna approvazione. Non avremo alcuna responsabilit\u00e0 derivante dall'uso degli strumenti opzionali di terze parti.<\/p>\n\n\n\n<p>Qualsiasi uso da parte tua degli strumenti opzionali offerti tramite il sito avviene interamente a tuo rischio e discrezione e dovresti assicurarti di essere familiare con e approvare i termini con cui gli strumenti sono forniti dal\/i relatore\/i terzo\/i rilevante\/i.<\/p>\n\n\n\n<p>In futuro potremmo anche offrire nuovi servizi e\/o funzionalit\u00e0 tramite il sito web (inclusa la pubblicazione di nuovi strumenti e risorse). Anche tali nuove funzionalit\u00e0 e\/o servizi saranno soggetti a questi Termini di servizio.<\/p>\n\n\n\n<p><strong>SEZIONE 8 \u2013 COLLEGAMENTI DI TERZE PARTI<\/strong><\/p>\n\n\n\n<p>Alcuni contenuti, prodotti e servizi disponibili tramite il nostro Servizio possono includere materiali di terze parti.<\/p>\n\n\n\n<p>I collegamenti di terze parti su questo sito possono indirizzarti verso siti web di terze parti che non sono affiliati con noi. Non siamo responsabili dell'esame o della valutazione dei contenuti o della loro accuratezza e non garantiamo n\u00e9 saremo responsabili per materiali o siti web di terze parti, o per qualsiasi altro materiale, prodotto o servizio di terze parti.<\/p>\n\n\n\n<p>Non siamo responsabili per eventuali danni o danni relativi all'acquisto o all'uso di beni, servizi, risorse, contenuti o di qualsiasi altra transazione effettuata in relazione a qualsiasi sito web di terze parti. Si prega di rivedere attentamente le politiche e le pratiche della terza parte e di assicurarsi di comprenderle prima di effettuare una transazione. Reclami, pretese, preoccupazioni o domande riguardanti i prodotti di terze parti devono essere indirizzate alla terza parte.<\/p>\n\n\n\n<p><strong>SEZIONE 9 \u2013 COMMENTI DEGLI UTENTI, FEEDBACK E ALTRE SOTTOMISSIONI<\/strong><\/p>\n\n\n\n<p>Se, su nostra richiesta, invii determinate sottomissioni specifiche (ad esempio voci per concorsi) o senza una nostra richiesta invii idee creative, suggerimenti, proposte, piani o altri materiali, sia online, per email, per posta o in altro modo (collettivamente, \u2018commenti\u2019), acconsenti che possiamo, in qualsiasi momento, senza restrizioni, modificare, copiare, pubblicare, distribuire, tradurre e utilizzare in qualsiasi mezzo qualsiasi commento che ci inoltri. Siamo e saremo sgravati da qualsiasi obbligo (1) di mantenere confidenziali i commenti; (2) di pagare un compenso per i commenti; o (3) di rispondere a qualsiasi commento.<\/p>\n\n\n\n<p>Possiamo, ma non siamo obbligati, monitorare, modificare o rimuovere contenuti che, a nostra esclusiva discrezione, riteniamo illegali, offensivi, minacciosi, diffamatori, pornografici, osceni o altrimenti discutibili o che violino i diritti di propriet\u00e0 intellettuale di una parte o i presenti Termini di servizio.<\/p>\n\n\n\n<p>Confermi che i tuoi commenti non violeranno alcun diritto di terze parti, inclusi copyright, marchio, privacy, personalit\u00e0 o altro diritto personale o di propriet\u00e0. Confermi inoltre che i tuoi commenti non conterranno materiale diffamatorio o altrimenti illegale, abusivo o osceno, n\u00e9 conterranno virus informatici o altri malware che potrebbero in qualche modo influire sull'operativit\u00e0 del Servizio o di qualsiasi sito correlato. Non puoi utilizzare un indirizzo email falso, fingere di essere qualcun altro o altrimenti ingannarci o terze parti sull'origine di qualsiasi commento. Sei unicamente responsabile di qualsiasi commento tu possa fare e della loro precisione. Non assumiamo alcuna responsabilit\u00e0 n\u00e9 responsabilit\u00e0 per i commenti pubblicati da te o da terzi.<\/p>\n\n\n\n<p><strong>SEZIONE 10 \u2013 INFORMAZIONI PERSONALI<\/strong><\/p>\n\n\n\n<p>La tua trasmissione di informazioni personali tramite lo store \u00e8 regolata dalla nostra Informativa sulla privacy. Per visualizzare la nostra Informativa sulla privacy, fai riferimento alla sezione appropriata del nostro sito.<\/p>\n\n\n\n<p><strong>SEZIONE 11 \u2013 ERRORI, INACCURATEZZE E OMISSIONI<\/strong><\/p>\n\n\n\n<p>Occasionalmente potrebbe esserci nel nostro sito o nel Servizio delle informazioni che contengono errori tipografici, inesattezze o omissioni che possono riguardare descrizioni dei prodotti, prezzi, promozioni, offerte, spese di spedizione dei prodotti, tempi di transito e disponibilit\u00e0. Ci riserviamo il diritto di correggere eventuali errori, inesattezze o omissioni, e di modificare o aggiornare le informazioni o annullare gli ordini se qualsiasi informazione nel Servizio o su qualsiasi sito correlato \u00e8 inaccurata in qualsiasi momento senza preavviso (anche dopo che hai inviato l'ordine).<\/p>\n\n\n\n<p>Non ci assumiamo alcun obbligo di aggiornare, modificare o chiarire le informazioni nel Servizio o su qualsiasi sito correlato, inclusi, a titolo esemplificativo, i dati sui prezzi, salvo quanto richiesto dalla legge.<\/p>\n\n\n\n<p>Nessuna data di aggiornamento o di refresh specificata applicata nel Servizio o su qualsiasi sito correlato deve essere considerata come indicazione che tutte le informazioni nel Servizio o su qualsiasi sito correlato siano state modificate o aggiornate.<\/p>\n\n\n\n<p><strong>SEZIONE 12 \u2013 USI PROIBITI<\/strong><\/p>\n\n\n\n<p>Oltre alle altre proibizioni come indicato nei Termini di servizio, \u00e8 vietato utilizzare il sito o i suoi contenuti: (a) per qualsiasi scopo illegale; (b) per sollecitare altri a eseguire o partecipare a qualsiasi atto illegale; (c) per violare qualsiasi normativa internazionale, federale, provinciale o statale, regole, leggi o ordinanze locali; (d) per violare o violare i nostri diritti di propriet\u00e0 intellettuale o i diritti di propriet\u00e0 intellettuale di altri; (e) per molestare, abusare, insultare, ferire, diffamare, screditare, intimidire o discriminare in base a genere, orientamento sessuale, religione, etnia, razza, et\u00e0, origine nazionale o disabilit\u00e0; (f) per inviare informazioni false o ingannevoli; (g) per caricare o trasmettere virus o qualsiasi altro tipo di codice dannoso; (h) per raccogliere o tracciare informazioni personali di altri; (i) per inviare spam, phishing, pharm, pretesto, spider, crawl o scrape; (j) per uno scopo osceno o immorale; oppure (k) per interferire con o eludere le misure di sicurezza del Servizio. Ci riserviamo il diritto di terminare l'uso del Servizio da parte tua per violazione di uno qualsiasi degli usi proibiti.<\/p>\n\n\n\n<p><strong>SEZIONE 13 \u2013 ESCLUSIONE DI GARANZIE; LIMITAZIONE DI RESPONSABILIT\u00c0<\/strong><\/p>\n\n\n\n<p>Non garantiamo che l'uso del nostro servizio sar\u00e0 ininterrotto, tempestivo, sicuro o privo di errori.<\/p>\n\n\n\n<p>Confermi che l'uso o l'impossibilit\u00e0 di utilizzare il servizio \u00e8 a tuo esclusivo rischio. Il servizio e tutti i prodotti e servizi forniti a te sono forniti \u2018cos\u00ec come sono\u2019 e \u2018disponibili\u2019 senza alcuna garanzia di alcun tipo.<\/p>\n\n\n\n<p>In nessun caso <strong>Micterleather LLC<\/strong>, i nostri direttori, funzionari, dipendenti, affiliati, agenti, appaltatori, fornitori o licenziatari non saranno responsabili per alcun danno di qualsiasi tipo derivante dall'uso di qualsiasi servizio o prodotto ottenuto tramite noi.<\/p>\n\n\n\n<p><strong>SEZIONE 14 \u2013 INDENNIZZO<\/strong><\/p>\n\n\n\n<p>Concordi a indennizzare, difendere e manlevare <strong>Micterleather LLC<\/strong> e i suoi affiliati, direttori, funzionari, dipendenti e partner da qualsiasi reclamo o richiesta a causa della tua violazione dei presenti Termini.<\/p>\n\n\n\n<p><strong>SEZIONE 15 \u2013 CLAUSOLA DI SEPARABILIT\u00c0<\/strong><\/p>\n\n\n\n<p>Se una disposizione \u00e8 ritenuta illegale, il resto rimane applicabile.<\/p>\n\n\n\n<p><strong>SEZIONE 16 \u2013 RISOLUZIONE<\/strong><\/p>\n\n\n\n<p>Questi Termini restano in vigore finch\u00e9 non vengono risolti da entrambe le parti. Puoi terminare in qualsiasi momento cessando l'uso del sito. Possiamo anche terminare o sospendere il tuo accesso per qualsiasi violazione.<\/p>\n\n\n\n<p><strong>SEZIONE 17 \u2013 ACCORDO INTERO<\/strong><\/p>\n\n\n\n<p>Questi Termini costituiscono l'intero accordo tra te e <strong>Micterleather LLC<\/strong>, sostituendo accordi precedenti.<\/p>\n\n\n\n<p><strong>SEZIONE 18 \u2013 LEGGE APPLICABILE<\/strong><\/p>\n\n\n\n<p>Quesi Termini saranno governati e interpretati in conformit\u00e0 alle leggi di <strong>Italia<\/strong>.<\/p>\n\n\n\n<p><strong>SEZIONE 19 \u2013 MODIFICHE AI TERMINI DI SERVIZIO<\/strong><\/p>\n\n\n\n<p>Possiamo rivedere questi Termini in qualsiasi momento aggiornando questa pagina. L'uso continuato del nostro sito costituisce accettazione di tali modifiche.<\/p>\n\n\n\n<p><strong>SEZIONE 20 \u2013 INFORMAZIONI DI CONTATTO<\/strong><\/p>\n\n\n\n<p>Le domande sui Termini di Servizio dovrebbero essere inviate a noi a <strong><a>support@micterleather.com<\/a><\/strong>.<\/p>\n\n\n\n<p>I clienti saranno addebitati una sola volta per i costi di spedizione (questo include i resi). Non sar\u00e0 addebitata alcuna tassa di rifornimento per il reso di un prodotto.<\/p>","protected":false},"excerpt":{"rendered":"<p>Terms of Service OVERVIEW This website is operated by Micterleather LLC. Throughout the site, the terms \u201cwe\u201d, \u201cus\u201d and \u201cour\u201d refer to Micterleather LLC. Micterleather LLC offers this website, including all information, tools and services available from this site to you, the user, conditioned upon your acceptance of all terms, conditions, policies and notices stated [\u2026]<\/p>","protected":false},"author":2,"featured_media":0,"parent":0,"menu_order":0,"comment_status":"closed","ping_status":"closed","template":"","meta":{"_uag_custom_page_level_css":"","site-sidebar-layout":"default","site-content-layout":"","ast-site-content-layout":"default","site-content-style":"default","site-sidebar-style":"default","ast-global-header-display":"","ast-banner-title-visibility":"","ast-main-header-display":"","ast-hfb-above-header-display":"","ast-hfb-below-header-display":"","ast-hfb-mobile-header-display":"","site-post-title":"disabled","ast-breadcrumbs-content":"","ast-featured-img":"","footer-sml-layout":"","ast-disable-related-posts":"","theme-transparent-header-meta":"","adv-header-id-meta":"","stick-header-meta":"","header-above-stick-meta":"","header-main-stick-meta":"","header-below-stick-meta":"","astra-migrate-meta-layouts":"set","ast-page-background-enabled":"default","ast-page-background-meta":{"desktop":{"background-color":"","background-image":"","background-repeat":"repeat","background-position":"center center","background-size":"auto","background-attachment":"scroll","background-type":"","background-media":"","overlay-type":"","overlay-color":"","overlay-opacity":"","overlay-gradient":""},"tablet":{"background-color":"","background-image":"","background-repeat":"repeat","background-position":"center center","background-size":"auto","background-attachment":"scroll","background-type":"","background-media":"","overlay-type":"","overlay-color":"","overlay-opacity":"","overlay-gradient":""},"mobile":{"background-color":"","background-image":"","background-repeat":"repeat","background-position":"center center","background-size":"auto","background-attachment":"scroll","background-type":"","background-media":"","overlay-type":"","overlay-color":"","overlay-opacity":"","overlay-gradient":""}},"ast-content-background-meta":{"desktop":{"background-color":"var(--ast-global-color-5)","background-image":"","background-repeat":"repeat","background-position":"center center","background-size":"auto","background-attachment":"scroll","background-type":"","background-media":"","overlay-type":"","overlay-color":"","overlay-opacity":"","overlay-gradient":""},"tablet":{"background-color":"var(--ast-global-color-5)","background-image":"","background-repeat":"repeat","background-position":"center center","background-size":"auto","background-attachment":"scroll","background-type":"","background-media":"","overlay-type":"","overlay-color":"","overlay-opacity":"","overlay-gradient":""},"mobile":{"background-color":"var(--ast-global-color-5)","background-image":"","background-repeat":"repeat","background-position":"center center","background-size":"auto","background-attachment":"scroll","background-type":"","background-media":"","overlay-type":"","overlay-color":"","overlay-opacity":"","overlay-gradient":""}},"footnotes":""},"class_list":["post-2113","page","type-page","status-publish","hentry"],"uagb_featured_image_src":{"full":false,"thumbnail":false,"medium":false,"medium_large":false,"large":false,"1536x1536":false,"2048x2048":false,"trp-custom-language-flag":false,"woocommerce_thumbnail":false,"woocommerce_single":false,"woocommerce_gallery_thumbnail":false},"uagb_author_info":{"display_name":"micter","author_link":"https:\/\/micterleather.com\/it\/author\/micter\/"},"uagb_comment_info":0,"uagb_excerpt":"Terms of Service OVERVIEW This website is operated by Micterleather LLC. Throughout the site, the terms \u201cwe\u201d, \u201cus\u201d and \u201cour\u201d refer to Micterleather LLC. Micterleather LLC offers this website, including all information, tools and services available from this site to you, the user, conditioned upon your acceptance of all terms, conditions, policies and notices stated&hellip;","_links":{"self":[{"href":"https:\/\/micterleather.com\/it\/wp-json\/wp\/v2\/pages\/2113","targetHints":{"allow":["GET"]}}],"collection":[{"href":"https:\/\/micterleather.com\/it\/wp-json\/wp\/v2\/pages"}],"about":[{"href":"https:\/\/micterleather.com\/it\/wp-json\/wp\/v2\/types\/page"}],"author":[{"embeddable":true,"href":"https:\/\/micterleather.com\/it\/wp-json\/wp\/v2\/users\/2"}],"replies":[{"embeddable":true,"href":"https:\/\/micterleather.com\/it\/wp-json\/wp\/v2\/comments?post=2113"}],"version-history":[{"count":11,"href":"https:\/\/micterleather.com\/it\/wp-json\/wp\/v2\/pages\/2113\/revisions"}],"predecessor-version":[{"id":3476,"href":"https:\/\/micterleather.com\/it\/wp-json\/wp\/v2\/pages\/2113\/revisions\/3476"}],"wp:attachment":[{"href":"https:\/\/micterleather.com\/it\/wp-json\/wp\/v2\/media?parent=2113"}],"curies":[{"name":"wp","href":"https:\/\/api.w.org\/{rel}","templated":true}]}}