{"id":3988,"date":"2025-08-26T02:55:52","date_gmt":"2025-08-26T02:55:52","guid":{"rendered":"https:\/\/micterleather.com\/?post_type=product&#038;p=3988"},"modified":"2025-08-28T12:34:03","modified_gmt":"2025-08-28T12:34:03","slug":"selbstklebende-lederflicken-4-stueck-20x28-cm","status":"publish","type":"product","link":"https:\/\/micterleather.com\/fr\/produit\/uncategorized\/selbstklebende-lederflicken-4-stueck-20x28-cm\/","title":{"rendered":"Patchs auto-adh\u00e9sifs en cuir \u2013 4 pi\u00e8ces 20\u00d728 cm"},"content":{"rendered":"<p data-start=\"2434\" data-end=\"2703\"><strong data-start=\"2434\" data-end=\"2465\">R\u00e9paration en cuir de haute qualit\u00e9 :<\/strong><br data-start=\"2465\" data-end=\"2468\" \/>Fabriqu\u00e9s en cuir synth\u00e9tique de haute qualit\u00e9, ces tapes de r\u00e9paration s\u00e9duisent par des motifs et des couleurs classiques. La surface est lisse, r\u00e9sistante \u00e0 l\u2019eau, facile \u00e0 nettoyer et r\u00e9sistante \u00e0 l\u2019usure et aux rayures \u2014 pour une r\u00e9paration qui dure longtemps.<\/p>\n<p data-start=\"2705\" data-end=\"2980\"><strong data-start=\"2705\" data-end=\"2724\">Bonne adh\u00e9rence :<\/strong><br data-start=\"2724\" data-end=\"2727\" \/>Dot\u00e9 d\u2019un rabattement professionnel, le ruban de r\u00e9paration en cuir auto-adh\u00e9sif offre une adh\u00e9rence fiable et forte. Apr\u00e8s application, le patch reste solidement accroch\u00e9 \u00e0 toute surface lisse, sans se d\u00e9coller.<\/p>\n<p data-start=\"2982\" data-end=\"3327\"><strong data-start=\"2982\" data-end=\"3014\">Solution de r\u00e9paration polyvalente :<\/strong><br data-start=\"3014\" data-end=\"3017\" \/>L'ensemble contient quatre morceaux de cuir \u00e0 r\u00e9parer de la taille <strong data-start=\"3064\" data-end=\"3094\">20 \u00d7 28 cm (7,8 \u00d7 11 pouces)<\/strong>, id\u00e9al pour r\u00e9parer les fissures, rayures, trous et d\u00e9colorations sur les produits en cuir et en vinyle. Convient pour les si\u00e8ges de voiture, meubles, canap\u00e9s, sacs \u00e0 main, vestes et bien plus encore \u2013 vos objets retrouveront leur apparence neuve en un rien de temps.<\/p>\n<p data-start=\"3329\" data-end=\"3685\"><strong data-start=\"3329\" data-end=\"3352\">Application facile :<\/strong><br data-start=\"3352\" data-end=\"3355\" \/>Aucun outil ou connaissance sp\u00e9ciale requis. Nettoyez simplement la surface, d\u00e9coupez le patch \u00e0 la taille et \u00e0 la forme souhait\u00e9es, retirez le film protecteur et collez-le sur la zone endommag\u00e9e. Un moyen rapide et \u00e9conomique de prolonger la dur\u00e9e de vie de vos articles en cuir.<\/p>\n<p data-start=\"3687\" data-end=\"4113\"><strong data-start=\"3687\" data-end=\"3715\">Soutien professionnel :<\/strong><br data-start=\"3715\" data-end=\"3718\" \/>Chaque achat est prot\u00e9g\u00e9 par une garantie sans souci et une garantie de remboursement. <strong data-start=\"3808\" data-end=\"3820\">Remarque :<\/strong> En raison des r\u00e9glages d\u2019\u00e9clairage et d\u2019affichage, les couleurs r\u00e9elles peuvent diff\u00e9rer l\u00e9g\u00e8rement des images. Si vous h\u00e9sitez quant le choix des couleurs, envoyez-nous simplement une photo pour un conseil personnalis\u00e9. Pour toute question ou pr\u00e9occupation, nous sommes \u00e0 votre disposition !<\/p>","protected":false},"excerpt":{"rendered":"<h6 data-start=\"2195\" data-end=\"2222\"><strong data-start=\"2195\" data-end=\"2220\">Informations sur le produit :<\/strong><\/h6>\n<ul data-start=\"2223\" data-end=\"2432\">\n<li data-start=\"2223\" data-end=\"2246\">\n<h6 data-start=\"2225\" data-end=\"2246\"><strong data-start=\"2225\" data-end=\"2238\">Mat\u00e9riau :<\/strong> Cuir<\/h6>\n<\/li>\n<li data-start=\"2247\" data-end=\"2270\">\n<h6 data-start=\"2249\" data-end=\"2270\"><strong data-start=\"2249\" data-end=\"2258\">Forme :<\/strong> Ruban adh\u00e9sif<\/h6>\n<\/li>\n<li data-start=\"2271\" data-end=\"2338\">\n<h6 data-start=\"2273\" data-end=\"2338\"><strong data-start=\"2273\" data-end=\"2301\">Caract\u00e9ristiques particuli\u00e8res :<\/strong> R\u00e9sistant \u00e0 la chaleur, fort, imperm\u00e9able<\/h6>\n<\/li>\n<li data-start=\"2339\" data-end=\"2373\">\n<h6 data-start=\"2341\" data-end=\"2373\"><strong data-start=\"2341\" data-end=\"2363\">Quantit\u00e9 par paquet :<\/strong> 4 pi\u00e8ces<\/h6>\n<\/li>\n<li data-start=\"2374\" data-end=\"2399\">\n<h6 data-start=\"2376\" data-end=\"2399\"><strong data-start=\"2376\" data-end=\"2392\">Type de r\u00e9cipient :<\/strong> Tube<\/h6>\n<\/li>\n<li data-start=\"2400\" data-end=\"2432\">\n<h6 data-start=\"2402\" data-end=\"2432\"><strong data-start=\"2402\" data-end=\"2417\">Viscosit\u00e9 :<\/strong> Excellent<\/h6>\n<\/li>\n<\/ul>\n<h5>Blog : <a href=\"https:\/\/micterleather.com\/de\/wie-man-ledermoebel-repariert-micter\/\">Comment r\u00e9parer des meubles en cuir ? \u2013 Micter<\/a><\/h5>","protected":false},"featured_media":2669,"template":"","meta":{"_uag_custom_page_level_css":"","site-sidebar-layout":"default","site-content-layout":"","ast-site-content-layout":"default","site-content-style":"default","site-sidebar-style":"default","ast-global-header-display":"","ast-banner-title-visibility":"","ast-main-header-display":"","ast-hfb-above-header-display":"","ast-hfb-below-header-display":"","ast-hfb-mobile-header-display":"","site-post-title":"","ast-breadcrumbs-content":"","ast-featured-img":"","footer-sml-layout":"","ast-disable-related-posts":"","theme-transparent-header-meta":"default","adv-header-id-meta":"","stick-header-meta":"","header-above-stick-meta":"","header-main-stick-meta":"","header-below-stick-meta":"","astra-migrate-meta-layouts":"set","ast-page-background-enabled":"default","ast-page-background-meta":{"desktop":{"background-color":"","background-image":"","background-repeat":"repeat","background-position":"center center","background-size":"auto","background-attachment":"scroll","background-type":"","background-media":"","overlay-type":"","overlay-color":"","overlay-opacity":"","overlay-gradient":""},"tablet":{"background-color":"","background-image":"","background-repeat":"repeat","background-position":"center center","background-size":"auto","background-attachment":"scroll","background-type":"","background-media":"","overlay-type":"","overlay-color":"","overlay-opacity":"","overlay-gradient":""},"mobile":{"background-color":"","background-image":"","background-repeat":"repeat","background-position":"center center","background-size":"auto","background-attachment":"scroll","background-type":"","background-media":"","overlay-type":"","overlay-color":"","overlay-opacity":"","overlay-gradient":""}},"ast-content-background-meta":{"desktop":{"background-color":"var(--ast-global-color-5)","background-image":"","background-repeat":"repeat","background-position":"center center","background-size":"auto","background-attachment":"scroll","background-type":"","background-media":"","overlay-type":"","overlay-color":"","overlay-opacity":"","overlay-gradient":""},"tablet":{"background-color":"var(--ast-global-color-5)","background-image":"","background-repeat":"repeat","background-position":"center center","background-size":"auto","background-attachment":"scroll","background-type":"","background-media":"","overlay-type":"","overlay-color":"","overlay-opacity":"","overlay-gradient":""},"mobile":{"background-color":"var(--ast-global-color-5)","background-image":"","background-repeat":"repeat","background-position":"center center","background-size":"auto","background-attachment":"scroll","background-type":"","background-media":"","overlay-type":"","overlay-color":"","overlay-opacity":"","overlay-gradient":""}}},"product_brand":[],"product_cat":[15],"product_tag":[],"class_list":{"0":"post-3988","1":"product","2":"type-product","3":"status-publish","4":"has-post-thumbnail","6":"product_cat-uncategorized","7":"desktop-align-left","8":"tablet-align-left","9":"mobile-align-left","11":"first","12":"instock","13":"sale","14":"shipping-taxable","15":"purchasable","16":"product-type-variable","17":"has-default-attributes"},"uagb_featured_image_src":{"full":["https:\/\/micterleather.com\/wp-content\/uploads\/2025\/07\/dark_brown_-4pcs_-first.webp",1600,1600,false],"thumbnail":["https:\/\/micterleather.com\/wp-content\/uploads\/2025\/07\/dark_brown_-4pcs_-first-150x150.webp",150,150,true],"medium":["https:\/\/micterleather.com\/wp-content\/uploads\/2025\/07\/dark_brown_-4pcs_-first-300x300.webp",300,300,true],"medium_large":["https:\/\/micterleather.com\/wp-content\/uploads\/2025\/07\/dark_brown_-4pcs_-first-768x768.webp",768,768,true],"large":["https:\/\/micterleather.com\/wp-content\/uploads\/2025\/07\/dark_brown_-4pcs_-first-1024x1024.webp",1024,1024,true],"1536x1536":["https:\/\/micterleather.com\/wp-content\/uploads\/2025\/07\/dark_brown_-4pcs_-first-1536x1536.webp",1536,1536,true],"2048x2048":["https:\/\/micterleather.com\/wp-content\/uploads\/2025\/07\/dark_brown_-4pcs_-first.webp",1600,1600,false],"trp-custom-language-flag":["https:\/\/micterleather.com\/wp-content\/uploads\/2025\/07\/dark_brown_-4pcs_-first.webp",12,12,false],"woocommerce_thumbnail":["https:\/\/micterleather.com\/wp-content\/uploads\/2025\/07\/dark_brown_-4pcs_-first-300x300.webp",300,300,true],"woocommerce_single":["https:\/\/micterleather.com\/wp-content\/uploads\/2025\/07\/dark_brown_-4pcs_-first-600x600.webp",600,600,true],"woocommerce_gallery_thumbnail":["https:\/\/micterleather.com\/wp-content\/uploads\/2025\/07\/dark_brown_-4pcs_-first-100x100.webp",100,100,true]},"uagb_author_info":{"display_name":"micter","author_link":"https:\/\/micterleather.com\/fr\/author\/"},"uagb_comment_info":0,"uagb_excerpt":"Produktinformationen: Material: Leder Form: Klebeband Besondere Eigenschaften: Hitzebest\u00e4ndig, stark, wasserdicht Menge pro Packung: 4 St\u00fcck Beh\u00e4ltertyp: Tube Viskosit\u00e4t: Hervorragend Blog: Wie man Lederm\u00f6bel repariert ? - Micter","_links":{"self":[{"href":"https:\/\/micterleather.com\/fr\/wp-json\/wp\/v2\/product\/3988","targetHints":{"allow":["GET"]}}],"collection":[{"href":"https:\/\/micterleather.com\/fr\/wp-json\/wp\/v2\/product"}],"about":[{"href":"https:\/\/micterleather.com\/fr\/wp-json\/wp\/v2\/types\/product"}],"wp:featuredmedia":[{"embeddable":true,"href":"https:\/\/micterleather.com\/fr\/wp-json\/wp\/v2\/media\/2669"}],"wp:attachment":[{"href":"https:\/\/micterleather.com\/fr\/wp-json\/wp\/v2\/media?parent=3988"}],"wp:term":[{"taxonomy":"product_brand","embeddable":true,"href":"https:\/\/micterleather.com\/fr\/wp-json\/wp\/v2\/product_brand?post=3988"},{"taxonomy":"product_cat","embeddable":true,"href":"https:\/\/micterleather.com\/fr\/wp-json\/wp\/v2\/product_cat?post=3988"},{"taxonomy":"product_tag","embeddable":true,"href":"https:\/\/micterleather.com\/fr\/wp-json\/wp\/v2\/product_tag?post=3988"}],"curies":[{"name":"wp","href":"https:\/\/api.w.org\/{rel}","templated":true}]}}