{"id":3945,"date":"2025-07-08T08:18:21","date_gmt":"2025-07-08T08:18:21","guid":{"rendered":"https:\/\/micterleather.com\/?post_type=product&#038;p=3945"},"modified":"2025-08-24T08:27:49","modified_gmt":"2025-08-24T08:27:49","slug":"16-teiliges-profi-leder-naehset","status":"publish","type":"product","link":"https:\/\/micterleather.com\/fr\/produit\/uncategorized\/16-teiliges-profi-leder-naehset\/","title":{"rendered":"Kit de couture professionnel en cuir de 16 pi\u00e8ces"},"content":{"rendered":"<ul data-start=\"488\" data-end=\"1249\">\n<li data-start=\"488\" data-end=\"616\">\n<p data-start=\"490\" data-end=\"616\"><strong data-start=\"490\" data-end=\"518\">Kit de couture en cuir complet :<\/strong> Contient des aiguilles, des fils cir\u00e9s, un doigtier et un ruban \u00e0 mesurer pour le travail du cuir et les r\u00e9parations<\/p>\n<\/li>\n<li data-start=\"617\" data-end=\"746\">\n<p data-start=\"619\" data-end=\"746\"><strong data-start=\"619\" data-end=\"647\">Fils cir\u00e9s robustes :<\/strong> 5 bobines durables de diff\u00e9rentes couleurs, id\u00e9ales pour le cuir, la toile, le denim et les tissus rembourr\u00e9s<\/p>\n<\/li>\n<li data-start=\"747\" data-end=\"847\">\n<p data-start=\"749\" data-end=\"847\"><strong data-start=\"749\" data-end=\"773\">Aiguilles vari\u00e9es :<\/strong> Aiguilles droites et courb\u00e9es pour diff\u00e9rentes techniques de couture et angles<\/p>\n<\/li>\n<li data-start=\"848\" data-end=\"978\">\n<p data-start=\"850\" data-end=\"978\"><strong data-start=\"850\" data-end=\"872\">Aiguilles de haute qualit\u00e9 :<\/strong> Deux aiguilles avec poign\u00e9e en bois (droite et stri\u00e9e) pour percer pr\u00e9cis\u00e9ment des trous et guider les points de couture<\/p>\n<\/li>\n<li data-start=\"979\" data-end=\"1070\">\n<p data-start=\"981\" data-end=\"1070\"><strong data-start=\"981\" data-end=\"1005\">Accessoires pratiques :<\/strong> Doigtier en m\u00e9tal et ruban \u00e0 mesurer pour des travaux de couture s\u00fbrs et pr\u00e9cis<\/p>\n<\/li>\n<li data-start=\"1071\" data-end=\"1249\">\n<p data-start=\"1073\" data-end=\"1249\"><strong data-start=\"1073\" data-end=\"1099\">Polyvalent :<\/strong> Parfait pour la r\u00e9paration de portefeuilles, ceintures, sacs \u00e0 main, chaussures, si\u00e8ges de voiture, canap\u00e9s, tentes et autres projets en cuir ou tissus lourds<\/p>\n<\/li>\n<\/ul>","protected":false},"excerpt":{"rendered":"<table class=\"a-normal a-spacing-micro\" role=\"list\">\n<tbody>\n<tr class=\"a-spacing-small po-container.type\" role=\"listitem\">\n<td class=\"a-span3\" role=\"presentation\">Informations sur l'emballage<\/td>\n<td class=\"a-span9\" role=\"presentation\">Pochette<\/td>\n<\/tr>\n<tr class=\"a-spacing-small po-included_components\" role=\"listitem\">\n<td class=\"a-span3\" role=\"presentation\">Composants contenus (comme sur l'image)<\/td>\n<td class=\"a-span9\" role=\"presentation\">Aiguille avec poign\u00e9e en bois (droite), aiguille avec poign\u00e9e en bois (stri\u00e9e avec \u0153illet), 4 aiguilles \u00e0 main droites (diff\u00e9rentes tailles), 2 aiguilles courb\u00e9es, doigtier en m\u00e9tal, ruban \u00e0 mesurer de 60 pouces, 5 fils cir\u00e9s (noir, marron fonc\u00e9, marron, gris, beige)<\/td>\n<\/tr>\n<\/tbody>\n<\/table>","protected":false},"featured_media":3854,"template":"","meta":{"_uag_custom_page_level_css":"","site-sidebar-layout":"default","site-content-layout":"","ast-site-content-layout":"default","site-content-style":"default","site-sidebar-style":"default","ast-global-header-display":"","ast-banner-title-visibility":"","ast-main-header-display":"","ast-hfb-above-header-display":"","ast-hfb-below-header-display":"","ast-hfb-mobile-header-display":"","site-post-title":"","ast-breadcrumbs-content":"","ast-featured-img":"","footer-sml-layout":"","ast-disable-related-posts":"","theme-transparent-header-meta":"default","adv-header-id-meta":"","stick-header-meta":"","header-above-stick-meta":"","header-main-stick-meta":"","header-below-stick-meta":"","astra-migrate-meta-layouts":"set","ast-page-background-enabled":"default","ast-page-background-meta":{"desktop":{"background-color":"","background-image":"","background-repeat":"repeat","background-position":"center center","background-size":"auto","background-attachment":"scroll","background-type":"","background-media":"","overlay-type":"","overlay-color":"","overlay-opacity":"","overlay-gradient":""},"tablet":{"background-color":"","background-image":"","background-repeat":"repeat","background-position":"center center","background-size":"auto","background-attachment":"scroll","background-type":"","background-media":"","overlay-type":"","overlay-color":"","overlay-opacity":"","overlay-gradient":""},"mobile":{"background-color":"","background-image":"","background-repeat":"repeat","background-position":"center center","background-size":"auto","background-attachment":"scroll","background-type":"","background-media":"","overlay-type":"","overlay-color":"","overlay-opacity":"","overlay-gradient":""}},"ast-content-background-meta":{"desktop":{"background-color":"var(--ast-global-color-5)","background-image":"","background-repeat":"repeat","background-position":"center center","background-size":"auto","background-attachment":"scroll","background-type":"","background-media":"","overlay-type":"","overlay-color":"","overlay-opacity":"","overlay-gradient":""},"tablet":{"background-color":"var(--ast-global-color-5)","background-image":"","background-repeat":"repeat","background-position":"center center","background-size":"auto","background-attachment":"scroll","background-type":"","background-media":"","overlay-type":"","overlay-color":"","overlay-opacity":"","overlay-gradient":""},"mobile":{"background-color":"var(--ast-global-color-5)","background-image":"","background-repeat":"repeat","background-position":"center center","background-size":"auto","background-attachment":"scroll","background-type":"","background-media":"","overlay-type":"","overlay-color":"","overlay-opacity":"","overlay-gradient":""}}},"product_brand":[],"product_cat":[15],"product_tag":[],"class_list":{"0":"post-3945","1":"product","2":"type-product","3":"status-publish","4":"has-post-thumbnail","6":"product_cat-uncategorized","7":"desktop-align-left","8":"tablet-align-left","9":"mobile-align-left","11":"first","12":"instock","13":"sale","14":"shipping-taxable","15":"purchasable","16":"product-type-simple"},"uagb_featured_image_src":{"full":["https:\/\/micterleather.com\/wp-content\/uploads\/2025\/08\/16-set-professional-leather-craft-tools.webp",800,800,false],"thumbnail":["https:\/\/micterleather.com\/wp-content\/uploads\/2025\/08\/16-set-professional-leather-craft-tools-150x150.webp",150,150,true],"medium":["https:\/\/micterleather.com\/wp-content\/uploads\/2025\/08\/16-set-professional-leather-craft-tools-300x300.webp",300,300,true],"medium_large":["https:\/\/micterleather.com\/wp-content\/uploads\/2025\/08\/16-set-professional-leather-craft-tools-768x768.webp",768,768,true],"large":["https:\/\/micterleather.com\/wp-content\/uploads\/2025\/08\/16-set-professional-leather-craft-tools.webp",800,800,false],"1536x1536":["https:\/\/micterleather.com\/wp-content\/uploads\/2025\/08\/16-set-professional-leather-craft-tools.webp",800,800,false],"2048x2048":["https:\/\/micterleather.com\/wp-content\/uploads\/2025\/08\/16-set-professional-leather-craft-tools.webp",800,800,false],"trp-custom-language-flag":["https:\/\/micterleather.com\/wp-content\/uploads\/2025\/08\/16-set-professional-leather-craft-tools.webp",12,12,false],"woocommerce_thumbnail":["https:\/\/micterleather.com\/wp-content\/uploads\/2025\/08\/16-set-professional-leather-craft-tools-300x300.webp",300,300,true],"woocommerce_single":["https:\/\/micterleather.com\/wp-content\/uploads\/2025\/08\/16-set-professional-leather-craft-tools-600x600.webp",600,600,true],"woocommerce_gallery_thumbnail":["https:\/\/micterleather.com\/wp-content\/uploads\/2025\/08\/16-set-professional-leather-craft-tools-100x100.webp",100,100,true]},"uagb_author_info":{"display_name":"micter","author_link":"https:\/\/micterleather.com\/fr\/author\/"},"uagb_comment_info":0,"uagb_excerpt":"Informationen zur Verpackung Tasche Enthaltene Komponenten (wie auf dem Bild gezeigt) Ahle mit Holzgriff (gerade), Ahle mit Holzgriff (gerillt mit \u00d6hr), 4 gerade Handn\u00e4hnadeln (verschiedene Gr\u00f6\u00dfen), 2 gebogene Nadeln, Metallfingerhut, Ma\u00dfband 60 Zoll, 5 gewachste Garne (Schwarz, Dunkelbraun, Braun, Grau, Beige)","_links":{"self":[{"href":"https:\/\/micterleather.com\/fr\/wp-json\/wp\/v2\/product\/3945","targetHints":{"allow":["GET"]}}],"collection":[{"href":"https:\/\/micterleather.com\/fr\/wp-json\/wp\/v2\/product"}],"about":[{"href":"https:\/\/micterleather.com\/fr\/wp-json\/wp\/v2\/types\/product"}],"wp:featuredmedia":[{"embeddable":true,"href":"https:\/\/micterleather.com\/fr\/wp-json\/wp\/v2\/media\/3854"}],"wp:attachment":[{"href":"https:\/\/micterleather.com\/fr\/wp-json\/wp\/v2\/media?parent=3945"}],"wp:term":[{"taxonomy":"product_brand","embeddable":true,"href":"https:\/\/micterleather.com\/fr\/wp-json\/wp\/v2\/product_brand?post=3945"},{"taxonomy":"product_cat","embeddable":true,"href":"https:\/\/micterleather.com\/fr\/wp-json\/wp\/v2\/product_cat?post=3945"},{"taxonomy":"product_tag","embeddable":true,"href":"https:\/\/micterleather.com\/fr\/wp-json\/wp\/v2\/product_tag?post=3945"}],"curies":[{"name":"wp","href":"https:\/\/api.w.org\/{rel}","templated":true}]}}