{"id":3939,"date":"2025-07-14T08:04:29","date_gmt":"2025-07-14T08:04:29","guid":{"rendered":"https:\/\/micterleather.com\/?post_type=product&#038;p=3939"},"modified":"2025-08-24T08:26:05","modified_gmt":"2025-08-24T08:26:05","slug":"35-teiliges-handnaehset-fuer-lederarbeiten","status":"publish","type":"product","link":"https:\/\/micterleather.com\/fr\/produit\/uncategorized\/35-teiliges-handnaehset-fuer-lederarbeiten\/","title":{"rendered":"Ensemble de couture \u00e0 la main 35 pi\u00e8ces pour travaux en cuir"},"content":{"rendered":"<ul>\n<li data-start=\"722\" data-end=\"839\">\n<p data-start=\"724\" data-end=\"839\"><strong data-start=\"724\" data-end=\"752\">Kit de couture en cuir complet :<\/strong> Contient des aiguilles, des al\u00eanes, des fils et des accessoires essentiels pour la couture manuelle du cuir.<\/p>\n<\/li>\n<li data-start=\"840\" data-end=\"947\">\n<p data-start=\"842\" data-end=\"947\"><strong data-start=\"842\" data-end=\"865\">Robuste et durable :<\/strong> Aiguilles et al\u00eanes en acier, id\u00e9ales pour le cuir, la toile et d\u2019autres tissus \u00e9pais.<\/p>\n<\/li>\n<li data-start=\"948\" data-end=\"1039\">\n<p data-start=\"950\" data-end=\"1039\"><strong data-start=\"950\" data-end=\"973\">Aiguilles vari\u00e9es :<\/strong> Aiguilles droites et courbes pour divers besoins de couture.<\/p>\n<\/li>\n<li data-start=\"1040\" data-end=\"1148\">\n<p data-start=\"1042\" data-end=\"1148\"><strong data-start=\"1042\" data-end=\"1072\">12 fils cir\u00e9s en 12 couleurs :<\/strong> Fils robustes, r\u00e9sistants \u00e0 l\u2019usure \u2013 parfaits pour les projets DIY en cuir.<\/p>\n<\/li>\n<li data-start=\"1149\" data-end=\"1270\">\n<p data-start=\"1151\" data-end=\"1270\"><strong data-start=\"1151\" data-end=\"1175\">Manipulation facile :<\/strong> Poign\u00e9es en bois pour travailler confortablement, incluant le pouce et l\u2019aide \u00e0 enfiler pour une couture fluide.<\/p>\n<\/li>\n<li data-start=\"1271\" data-end=\"1417\">\n<p data-start=\"1273\" data-end=\"1417\"><strong data-start=\"1273\" data-end=\"1305\">Id\u00e9al pour DIY et r\u00e9parations :<\/strong> Parfait pour r\u00e9parer des sacs \u00e0 main en cuir, des chaussures, des portefeuilles, des ceintures, des tentes et des tissus d\u2019ameublement.<\/p>\n<\/li>\n<\/ul>","protected":false},"excerpt":{"rendered":"<table class=\"a-normal a-spacing-micro\" role=\"list\">\n<tbody>\n<tr class=\"a-spacing-small po-container.type\" role=\"listitem\">\n<td class=\"a-span3\" role=\"presentation\">Informations sur l'emballage<\/td>\n<td class=\"a-span9\" role=\"presentation\">Pochette<\/td>\n<\/tr>\n<tr class=\"a-spacing-small po-included_components\" role=\"listitem\">\n<td class=\"a-span3\" role=\"presentation\">Composants contenus (comme sur l'image)<\/td>\n<td class=\"a-span9\" role=\"presentation\">ruban \u00e0 mesurer 150 cm\/60 po, pouce, d\u00e9 \u00e0 coudre, aide \u00e0 enfiler, coupe-aiguille, aiguille en forme de U, aiguille incurv\u00e9e 3,3 cm\/1,3 po, aiguille incurv\u00e9e 5,5 cm\/2,2 po, aiguille droite 9 cm\/3,5 po, aiguille droite 7,5 cm\/3,0 po, aiguille droite 5,8 cm\/2,3 po, aiguille droite 4,3 cm\/1,7 po, al\u00eane 11,5 cm\/4,5 po, al\u00eane 13 cm\/5,1 po, al\u00eane avec poign\u00e9e en bois 13 cm\/5,1 po, 12 fils \u00e0 coudre de couleurs diff\u00e9rentes (8,5 cm\/3,35 po par bobine)<\/td>\n<\/tr>\n<\/tbody>\n<\/table>","protected":false},"featured_media":3858,"template":"","meta":{"_uag_custom_page_level_css":"","site-sidebar-layout":"default","site-content-layout":"","ast-site-content-layout":"default","site-content-style":"default","site-sidebar-style":"default","ast-global-header-display":"","ast-banner-title-visibility":"","ast-main-header-display":"","ast-hfb-above-header-display":"","ast-hfb-below-header-display":"","ast-hfb-mobile-header-display":"","site-post-title":"","ast-breadcrumbs-content":"","ast-featured-img":"","footer-sml-layout":"","ast-disable-related-posts":"","theme-transparent-header-meta":"default","adv-header-id-meta":"","stick-header-meta":"","header-above-stick-meta":"","header-main-stick-meta":"","header-below-stick-meta":"","astra-migrate-meta-layouts":"set","ast-page-background-enabled":"default","ast-page-background-meta":{"desktop":{"background-color":"","background-image":"","background-repeat":"repeat","background-position":"center center","background-size":"auto","background-attachment":"scroll","background-type":"","background-media":"","overlay-type":"","overlay-color":"","overlay-opacity":"","overlay-gradient":""},"tablet":{"background-color":"","background-image":"","background-repeat":"repeat","background-position":"center center","background-size":"auto","background-attachment":"scroll","background-type":"","background-media":"","overlay-type":"","overlay-color":"","overlay-opacity":"","overlay-gradient":""},"mobile":{"background-color":"","background-image":"","background-repeat":"repeat","background-position":"center center","background-size":"auto","background-attachment":"scroll","background-type":"","background-media":"","overlay-type":"","overlay-color":"","overlay-opacity":"","overlay-gradient":""}},"ast-content-background-meta":{"desktop":{"background-color":"var(--ast-global-color-5)","background-image":"","background-repeat":"repeat","background-position":"center center","background-size":"auto","background-attachment":"scroll","background-type":"","background-media":"","overlay-type":"","overlay-color":"","overlay-opacity":"","overlay-gradient":""},"tablet":{"background-color":"var(--ast-global-color-5)","background-image":"","background-repeat":"repeat","background-position":"center center","background-size":"auto","background-attachment":"scroll","background-type":"","background-media":"","overlay-type":"","overlay-color":"","overlay-opacity":"","overlay-gradient":""},"mobile":{"background-color":"var(--ast-global-color-5)","background-image":"","background-repeat":"repeat","background-position":"center center","background-size":"auto","background-attachment":"scroll","background-type":"","background-media":"","overlay-type":"","overlay-color":"","overlay-opacity":"","overlay-gradient":""}}},"product_brand":[],"product_cat":[15],"product_tag":[],"class_list":{"0":"post-3939","1":"product","2":"type-product","3":"status-publish","4":"has-post-thumbnail","6":"product_cat-uncategorized","7":"desktop-align-left","8":"tablet-align-left","9":"mobile-align-left","11":"first","12":"instock","13":"sale","14":"shipping-taxable","15":"purchasable","16":"product-type-simple"},"uagb_featured_image_src":{"full":["https:\/\/micterleather.com\/wp-content\/uploads\/2025\/08\/27-set-leather-hand-stitching-tools.webp",800,800,false],"thumbnail":["https:\/\/micterleather.com\/wp-content\/uploads\/2025\/08\/27-set-leather-hand-stitching-tools-150x150.webp",150,150,true],"medium":["https:\/\/micterleather.com\/wp-content\/uploads\/2025\/08\/27-set-leather-hand-stitching-tools-300x300.webp",300,300,true],"medium_large":["https:\/\/micterleather.com\/wp-content\/uploads\/2025\/08\/27-set-leather-hand-stitching-tools-768x768.webp",768,768,true],"large":["https:\/\/micterleather.com\/wp-content\/uploads\/2025\/08\/27-set-leather-hand-stitching-tools.webp",800,800,false],"1536x1536":["https:\/\/micterleather.com\/wp-content\/uploads\/2025\/08\/27-set-leather-hand-stitching-tools.webp",800,800,false],"2048x2048":["https:\/\/micterleather.com\/wp-content\/uploads\/2025\/08\/27-set-leather-hand-stitching-tools.webp",800,800,false],"trp-custom-language-flag":["https:\/\/micterleather.com\/wp-content\/uploads\/2025\/08\/27-set-leather-hand-stitching-tools.webp",12,12,false],"woocommerce_thumbnail":["https:\/\/micterleather.com\/wp-content\/uploads\/2025\/08\/27-set-leather-hand-stitching-tools-300x300.webp",300,300,true],"woocommerce_single":["https:\/\/micterleather.com\/wp-content\/uploads\/2025\/08\/27-set-leather-hand-stitching-tools-600x600.webp",600,600,true],"woocommerce_gallery_thumbnail":["https:\/\/micterleather.com\/wp-content\/uploads\/2025\/08\/27-set-leather-hand-stitching-tools-100x100.webp",100,100,true]},"uagb_author_info":{"display_name":"micter","author_link":"https:\/\/micterleather.com\/fr\/author\/"},"uagb_comment_info":0,"uagb_excerpt":"Informationen zur Verpackung Tasche Enthaltene Komponenten (wie auf dem Bild gezeigt) Ma\u00dfband 150 cm\/60 in, Fingerhut, Einf\u00e4delhilfe, Nahttrenner, U-f\u00f6rmiger Schneider, Gebogene Nadel 3,3 cm\/1,3 in, Gebogene Nadel 5,5 cm\/2,2 in, Gerade Nadel 9 cm\/3,5 in, Gerade Nadel 7,5 cm\/3,0 in, Gerade Nadel 5,8 cm\/2,3 in, Gerade Nadel 4,3 cm\/1,7 in, Ahle 11,5 cm\/4,5 in, Ahle\u2026","_links":{"self":[{"href":"https:\/\/micterleather.com\/fr\/wp-json\/wp\/v2\/product\/3939","targetHints":{"allow":["GET"]}}],"collection":[{"href":"https:\/\/micterleather.com\/fr\/wp-json\/wp\/v2\/product"}],"about":[{"href":"https:\/\/micterleather.com\/fr\/wp-json\/wp\/v2\/types\/product"}],"wp:featuredmedia":[{"embeddable":true,"href":"https:\/\/micterleather.com\/fr\/wp-json\/wp\/v2\/media\/3858"}],"wp:attachment":[{"href":"https:\/\/micterleather.com\/fr\/wp-json\/wp\/v2\/media?parent=3939"}],"wp:term":[{"taxonomy":"product_brand","embeddable":true,"href":"https:\/\/micterleather.com\/fr\/wp-json\/wp\/v2\/product_brand?post=3939"},{"taxonomy":"product_cat","embeddable":true,"href":"https:\/\/micterleather.com\/fr\/wp-json\/wp\/v2\/product_cat?post=3939"},{"taxonomy":"product_tag","embeddable":true,"href":"https:\/\/micterleather.com\/fr\/wp-json\/wp\/v2\/product_tag?post=3939"}],"curies":[{"name":"wp","href":"https:\/\/api.w.org\/{rel}","templated":true}]}}