{"id":3912,"date":"2025-07-19T11:55:47","date_gmt":"2025-07-19T11:55:47","guid":{"rendered":"https:\/\/micterleather.com\/?post_type=product&#038;p=3912"},"modified":"2025-08-24T08:00:48","modified_gmt":"2025-08-24T08:00:48","slug":"equipement-pour-le-travail-du-cuir","status":"publish","type":"product","link":"https:\/\/micterleather.com\/fr\/produit\/uncategorized\/equipement-pour-le-travail-du-cuir\/","title":{"rendered":"\u00c9quipement pour le travail du cuir"},"content":{"rendered":"<p data-start=\"569\" data-end=\"723\"><strong data-start=\"569\" data-end=\"609\">Kit complet pour l\u2019artisanat du cuir<\/strong> : Inclut tous les outils essentiels pour les r\u00e9parations, l\u2019artisanat et les projets de personnalisation en cuir.<\/p>\n<p data-start=\"725\" data-end=\"892\"><strong data-start=\"725\" data-end=\"755\">Vari\u00e9t\u00e9 de couleurs de fil<\/strong> : 30 bobines de fil de haute qualit\u00e9 dans une large gamme de couleurs pour correspondre \u00e0 tous vos projets de r\u00e9paration ou DIY en cuir.<\/p>\n<p data-start=\"894\" data-end=\"1069\"><strong data-start=\"894\" data-end=\"919\">Outils professionnels<\/strong> : Livr\u00e9 avec des outils premium tels que des ciseaux \u00e0 couture, des poin\u00e7ons \u00e0 dents et des \u00e9bavureurs d\u2019ar\u00eates pour des travaux d\u00e9taill\u00e9s et pr\u00e9cis.<\/p>\n<p data-start=\"1071\" data-end=\"1226\"><strong data-start=\"1071\" data-end=\"1110\">Parfait pour les passionn\u00e9s de cuir<\/strong> : Id\u00e9al pour les artisans du cuir, les cr\u00e9ateurs et les d\u00e9butants souhaitant r\u00e9parer ou cr\u00e9er des articles en cuir.<\/p>\n<p data-start=\"1228\" data-end=\"1360\"><strong data-start=\"1228\" data-end=\"1243\">Multi-usage<\/strong> : Id\u00e9al pour r\u00e9parer des meubles, si\u00e8ges de voiture, portefeuilles, ceintures, chaussures, sacs et bien plus encore.<\/p>\n<p data-start=\"1362\" data-end=\"1497\"><strong data-start=\"1362\" data-end=\"1392\">Durable et de longue dur\u00e9e<\/strong> : Con\u00e7u pour un usage intensif, offrant des r\u00e9sultats professionnels qui r\u00e9sistent \u00e0 l\u2019\u00e9preuve du temps.<\/p>\n<p data-start=\"1499\" data-end=\"1634\" data-is-last-node=\"\" data-is-only-node=\"\"><strong data-start=\"1499\" data-end=\"1530\">Manuel d\u2019instructions clair<\/strong> : Guide \u00e9tape par \u00e9tape inclus pour vous aider \u00e0 commencer avec les r\u00e9parations et l\u2019artisanat du cuir.<\/p>","protected":false},"excerpt":{"rendered":"<table class=\"a-normal a-spacing-micro\" role=\"list\">\n<tbody>\n<tr class=\"a-spacing-small po-container.type\" role=\"listitem\">\n<td class=\"a-span3\" role=\"presentation\"><span class=\"a-size-base a-text-bold\">Informations sur le colis<\/span><\/td>\n<td class=\"a-span9\" role=\"presentation\">Sac<\/td>\n<\/tr>\n<tr class=\"a-spacing-small po-included_components\" role=\"listitem\">\n<td class=\"a-span3\" role=\"presentation\">Composants inclus (comme montr\u00e9 sur l\u2019image)<\/td>\n<td class=\"a-span9\" role=\"presentation\">1 x Kit de r\u00e9paration de cuir, 30 x Bobines de fil (couleurs vari\u00e9es), 20 x Aiguilles pour cuir, 1 x Teinture pour cuir, 1 x Colle pour cuir, 1 x Cire, 1 x Ciseaux, 1 x Ruban de mesure, 1 x Protecteur pour cuir, 1 x R\u00e8gle, 1 x Poin\u00e7on, 1 x Set de ciseaux \u00e0 couture, 1 x Outil \u00e0 pince, 1 x Poin\u00e7on \u00e0 dents, 1 x Fer \u00e0 coudre, 1 x \u00c9bavureur d\u2019ar\u00eates, 1 x Stiletto en bois, 1 x Set de perceuses pour cuir, 1 x Tampon de cuir, 1 x Outil \u00e0 rainurer, 1 x Maillet, 1 x Tube pour enfilage, 1 x Patch en cuir, 1 x Manuel d\u2019instructions.<\/td>\n<\/tr>\n<\/tbody>\n<\/table>","protected":false},"featured_media":3868,"template":"","meta":{"_uag_custom_page_level_css":"","site-sidebar-layout":"default","site-content-layout":"","ast-site-content-layout":"default","site-content-style":"default","site-sidebar-style":"default","ast-global-header-display":"","ast-banner-title-visibility":"","ast-main-header-display":"","ast-hfb-above-header-display":"","ast-hfb-below-header-display":"","ast-hfb-mobile-header-display":"","site-post-title":"","ast-breadcrumbs-content":"","ast-featured-img":"","footer-sml-layout":"","ast-disable-related-posts":"","theme-transparent-header-meta":"default","adv-header-id-meta":"","stick-header-meta":"","header-above-stick-meta":"","header-main-stick-meta":"","header-below-stick-meta":"","astra-migrate-meta-layouts":"set","ast-page-background-enabled":"default","ast-page-background-meta":{"desktop":{"background-color":"","background-image":"","background-repeat":"repeat","background-position":"center center","background-size":"auto","background-attachment":"scroll","background-type":"","background-media":"","overlay-type":"","overlay-color":"","overlay-opacity":"","overlay-gradient":""},"tablet":{"background-color":"","background-image":"","background-repeat":"repeat","background-position":"center center","background-size":"auto","background-attachment":"scroll","background-type":"","background-media":"","overlay-type":"","overlay-color":"","overlay-opacity":"","overlay-gradient":""},"mobile":{"background-color":"","background-image":"","background-repeat":"repeat","background-position":"center center","background-size":"auto","background-attachment":"scroll","background-type":"","background-media":"","overlay-type":"","overlay-color":"","overlay-opacity":"","overlay-gradient":""}},"ast-content-background-meta":{"desktop":{"background-color":"var(--ast-global-color-5)","background-image":"","background-repeat":"repeat","background-position":"center center","background-size":"auto","background-attachment":"scroll","background-type":"","background-media":"","overlay-type":"","overlay-color":"","overlay-opacity":"","overlay-gradient":""},"tablet":{"background-color":"var(--ast-global-color-5)","background-image":"","background-repeat":"repeat","background-position":"center center","background-size":"auto","background-attachment":"scroll","background-type":"","background-media":"","overlay-type":"","overlay-color":"","overlay-opacity":"","overlay-gradient":""},"mobile":{"background-color":"var(--ast-global-color-5)","background-image":"","background-repeat":"repeat","background-position":"center center","background-size":"auto","background-attachment":"scroll","background-type":"","background-media":"","overlay-type":"","overlay-color":"","overlay-opacity":"","overlay-gradient":""}}},"product_brand":[],"product_cat":[15],"product_tag":[],"class_list":{"0":"post-3912","1":"product","2":"type-product","3":"status-publish","4":"has-post-thumbnail","6":"product_cat-uncategorized","7":"desktop-align-left","8":"tablet-align-left","9":"mobile-align-left","11":"first","12":"instock","13":"sale","14":"shipping-taxable","15":"purchasable","16":"product-type-simple"},"uagb_featured_image_src":{"full":["https:\/\/micterleather.com\/wp-content\/uploads\/2025\/08\/leather-working-equipment.webp",1600,1600,false],"thumbnail":["https:\/\/micterleather.com\/wp-content\/uploads\/2025\/08\/leather-working-equipment-150x150.webp",150,150,true],"medium":["https:\/\/micterleather.com\/wp-content\/uploads\/2025\/08\/leather-working-equipment-300x300.webp",300,300,true],"medium_large":["https:\/\/micterleather.com\/wp-content\/uploads\/2025\/08\/leather-working-equipment-768x768.webp",768,768,true],"large":["https:\/\/micterleather.com\/wp-content\/uploads\/2025\/08\/leather-working-equipment-1024x1024.webp",1024,1024,true],"1536x1536":["https:\/\/micterleather.com\/wp-content\/uploads\/2025\/08\/leather-working-equipment-1536x1536.webp",1536,1536,true],"2048x2048":["https:\/\/micterleather.com\/wp-content\/uploads\/2025\/08\/leather-working-equipment.webp",1600,1600,false],"trp-custom-language-flag":["https:\/\/micterleather.com\/wp-content\/uploads\/2025\/08\/leather-working-equipment.webp",12,12,false],"woocommerce_thumbnail":["https:\/\/micterleather.com\/wp-content\/uploads\/2025\/08\/leather-working-equipment-300x300.webp",300,300,true],"woocommerce_single":["https:\/\/micterleather.com\/wp-content\/uploads\/2025\/08\/leather-working-equipment-600x600.webp",600,600,true],"woocommerce_gallery_thumbnail":["https:\/\/micterleather.com\/wp-content\/uploads\/2025\/08\/leather-working-equipment-100x100.webp",100,100,true]},"uagb_author_info":{"display_name":"micter","author_link":"https:\/\/micterleather.com\/fr\/author\/"},"uagb_comment_info":0,"uagb_excerpt":"Informations sur le paquet Sac Composants inclus (comme montr\u00e9 sur l\u2019image) 1 x Kit de r\u00e9paration de cuir, 30 x Bobines de fil (couleurs vari\u00e9es), 20 x Aiguilles pour cuir, 1 x Teinture pour cuir, 1 x Colle pour cuir, 1 x Cire, 1 x Ciseaux, 1 x Ruban de mesure, 1 x Protecteur pour\u2026","_links":{"self":[{"href":"https:\/\/micterleather.com\/fr\/wp-json\/wp\/v2\/product\/3912","targetHints":{"allow":["GET"]}}],"collection":[{"href":"https:\/\/micterleather.com\/fr\/wp-json\/wp\/v2\/product"}],"about":[{"href":"https:\/\/micterleather.com\/fr\/wp-json\/wp\/v2\/types\/product"}],"wp:featuredmedia":[{"embeddable":true,"href":"https:\/\/micterleather.com\/fr\/wp-json\/wp\/v2\/media\/3868"}],"wp:attachment":[{"href":"https:\/\/micterleather.com\/fr\/wp-json\/wp\/v2\/media?parent=3912"}],"wp:term":[{"taxonomy":"product_brand","embeddable":true,"href":"https:\/\/micterleather.com\/fr\/wp-json\/wp\/v2\/product_brand?post=3912"},{"taxonomy":"product_cat","embeddable":true,"href":"https:\/\/micterleather.com\/fr\/wp-json\/wp\/v2\/product_cat?post=3912"},{"taxonomy":"product_tag","embeddable":true,"href":"https:\/\/micterleather.com\/fr\/wp-json\/wp\/v2\/product_tag?post=3912"}],"curies":[{"name":"wp","href":"https:\/\/api.w.org\/{rel}","templated":true}]}}